{"id":18357,"date":"2026-01-31T01:15:01","date_gmt":"2026-01-31T00:15:01","guid":{"rendered":"https:\/\/linkmarkt.eu\/product\/entdecken-sie-ihre-traumfigur-mit-moringa-actives\/"},"modified":"2026-01-31T01:15:01","modified_gmt":"2026-01-31T00:15:01","slug":"entdecken-sie-ihre-traumfigur-mit-moringa-actives","status":"publish","type":"product","link":"https:\/\/linkmarkt.eu\/en\/product\/entdecken-sie-ihre-traumfigur-mit-moringa-actives\/","title":{"rendered":"Entdecken Sie Ihre Traumfigur mit Moringa Actives!"},"content":{"rendered":"<p>Wollen Sie Ihre Wunschfigur erreichen, ohne dabei auf Lebensqualit\u00e4t zu verzichten? Moringa Actives ist die moderne L\u00f6sung f\u00fcr alle, die effektiv abnehmen und ihre Gesundheit unterst\u00fctzen m\u00f6chten!<\/p>\n<p>\ud83c\udf3f Die Vorteile von Moringa Actives auf einen Blick:<br \/>\n\u2714\ufe0f Unterst\u00fctzt die Gewichtsreduktion durch den nat\u00fcrlichen Extrakt aus Moringa-Bl\u00e4ttern<br \/>\n\u2714\ufe0f Reduziert das Hungergef\u00fchl und hilft, die Kalorienaufnahme zu kontrollieren<br \/>\n\u2714\ufe0f F\u00f6rdert den Stoffwechsel und die Fettverbrennung<br \/>\n\u2714\ufe0f Unterst\u00fctzt die Regulierung des Blutzuckerspiegels und senkt den Cholesterinspiegel<br \/>\n\u2714\ufe0f Enth\u00e4lt zus\u00e4tzliche Wirkstoffe wie schwarzen Pfeffer, Garcinia Cambogia und Chrom zur Unterst\u00fctzung Ihres Wohlbefindens<\/p>\n<p>Starten Sie noch heute Ihre Reise zu einem gesunden K\u00f6rper und Wohlbefinden!<\/p>\n<p>\ud83d\udca1 Jetzt bestellen und den Unterschied sp\u00fcren!<br \/>\nProfitieren Sie von der Kraft der Natur und erleben Sie, wie einfach es sein kann, Ihr Wohlf\u00fchlgewicht zu erreichen.<\/p>\n<p>\ud83d\udc49<a href=\"https:\/\/nplink.net\/b4mlaz3h\"> Klicken Sie hier und sichern Sie sich Ihr Moringa Actives!<\/a><\/p>\n","protected":false},"excerpt":{"rendered":"<p>Wollen Sie Ihre Wunschfigur erreichen, ohne dabei auf Lebensqualit\u00e4t zu verzichten? Moringa Actives ist die moderne L\u00f6sung f\u00fcr alle, die effektiv abnehmen und ihre Gesundheit unterst\u00fctzen m\u00f6chten! \ud83c\udf3f Die Vorteile von Moringa Actives auf einen Blick: \u2714\ufe0f Unterst\u00fctzt die Gewichtsreduktion durch den nat\u00fcrlichen Extrakt aus Moringa-Bl\u00e4ttern \u2714\ufe0f Reduziert das Hungergef\u00fchl und hilft, die Kalorienaufnahme zu [&hellip;]<\/p>\n","protected":false},"featured_media":0,"comment_status":"open","ping_status":"closed","template":"","meta":{"_seopress_robots_primary_cat":"","_seopress_titles_title":"","_seopress_titles_desc":"","_seopress_robots_index":"","googlesitekit_rrm_CAowz76iDA:productID":""},"product_brand":[],"product_cat":[21],"product_tag":[],"class_list":{"0":"post-18357","1":"product","2":"type-product","3":"status-publish","5":"product_cat-listeo-booking","7":"first","8":"instock","9":"downloadable","10":"virtual","11":"sold-individually","12":"taxable","13":"purchasable","14":"product-type-listing_booking"},"_links":{"self":[{"href":"https:\/\/linkmarkt.eu\/en\/wp-json\/wp\/v2\/product\/18357","targetHints":{"allow":["GET"]}}],"collection":[{"href":"https:\/\/linkmarkt.eu\/en\/wp-json\/wp\/v2\/product"}],"about":[{"href":"https:\/\/linkmarkt.eu\/en\/wp-json\/wp\/v2\/types\/product"}],"replies":[{"embeddable":true,"href":"https:\/\/linkmarkt.eu\/en\/wp-json\/wp\/v2\/comments?post=18357"}],"version-history":[{"count":0,"href":"https:\/\/linkmarkt.eu\/en\/wp-json\/wp\/v2\/product\/18357\/revisions"}],"wp:attachment":[{"href":"https:\/\/linkmarkt.eu\/en\/wp-json\/wp\/v2\/media?parent=18357"}],"wp:term":[{"taxonomy":"product_brand","embeddable":true,"href":"https:\/\/linkmarkt.eu\/en\/wp-json\/wp\/v2\/product_brand?post=18357"},{"taxonomy":"product_cat","embeddable":true,"href":"https:\/\/linkmarkt.eu\/en\/wp-json\/wp\/v2\/product_cat?post=18357"},{"taxonomy":"product_tag","embeddable":true,"href":"https:\/\/linkmarkt.eu\/en\/wp-json\/wp\/v2\/product_tag?post=18357"}],"curies":[{"name":"wp","href":"https:\/\/api.w.org\/{rel}","templated":true}]}}