{"id":18358,"date":"2026-01-31T01:20:02","date_gmt":"2026-01-31T00:20:02","guid":{"rendered":"https:\/\/linkmarkt.eu\/product\/flexomore-gelenkgesundheit\/"},"modified":"2026-01-31T01:20:02","modified_gmt":"2026-01-31T00:20:02","slug":"flexomore-gelenkgesundheit","status":"publish","type":"product","link":"https:\/\/linkmarkt.eu\/en\/product\/flexomore-gelenkgesundheit\/","title":{"rendered":"Flexomore Gelenkgesundheit"},"content":{"rendered":"<p><span style=\"vertical-align: inherit\"><span style=\"vertical-align: inherit\">Flexomore ist ein Mehrkomponenten-Nahrungserg\u00e4nzungsmittel zur Unterst\u00fctzung der Gesundheit von Gelenken und Knochen. Das Produkt ist haupts\u00e4chlich f\u00fcr Sportler und k\u00f6rperlich aktive Menschen gedacht. Die regelm\u00e4\u00dfige Verwendung von Flexomore tr\u00e4gt dazu bei, die Gelenke flexibel zu halten und ihre Gelenke angenehm zu halten.<\/span><\/span><\/p>\n<p><span style=\"vertical-align: inherit\"><span style=\"vertical-align: inherit\">Das Nahrungserg\u00e4nzungsmittel enth\u00e4lt Inhaltsstoffe, die durch den normalen Zustand von Knochen und Gelenken aufrechterh\u00e4lt und die Produktion von Kollagen stimuliert und die ordnungsgem\u00e4\u00dfe Funktion des Knorpels f\u00f6rdert. Dar\u00fcber hinaus hilft Flexomore, die Beweglichkeit der Gelenke aufrechtzuerhalten und ihre morgendliche Steifheit zu verhindern.<\/span><\/span><\/p>\n<p><span style=\"vertical-align: inherit\"><span style=\"vertical-align: inherit\">Das Produkt ist pulverf\u00f6rmig und hat einen k\u00f6stlichen Orangen-Pfirsich-Geschmack.<\/span><\/span><\/p>\n<p><span style=\"vertical-align: inherit\"><span style=\"vertical-align: inherit\">Nahrungserg\u00e4nzungsmittel f\u00fcr Gelenke sind eine wichtige Erg\u00e4nzung zur Ern\u00e4hrung aktiver Menschen und Sportler.<\/span><\/span><\/p>\n","protected":false},"excerpt":{"rendered":"<p>Flexomore ist ein Mehrkomponenten-Nahrungserg\u00e4nzungsmittel zur Unterst\u00fctzung der Gesundheit von Gelenken und Knochen. Das Produkt ist haupts\u00e4chlich f\u00fcr Sportler und k\u00f6rperlich aktive Menschen gedacht. Die regelm\u00e4\u00dfige Verwendung von Flexomore tr\u00e4gt dazu bei, die Gelenke flexibel zu halten und ihre Gelenke angenehm zu halten. Das Nahrungserg\u00e4nzungsmittel enth\u00e4lt Inhaltsstoffe, die durch den normalen Zustand von Knochen und Gelenken [&hellip;]<\/p>\n","protected":false},"featured_media":0,"comment_status":"open","ping_status":"closed","template":"","meta":{"_seopress_robots_primary_cat":"","_seopress_titles_title":"","_seopress_titles_desc":"","_seopress_robots_index":"","googlesitekit_rrm_CAowz76iDA:productID":""},"product_brand":[],"product_cat":[21],"product_tag":[],"class_list":{"0":"post-18358","1":"product","2":"type-product","3":"status-publish","5":"product_cat-listeo-booking","7":"first","8":"instock","9":"downloadable","10":"virtual","11":"sold-individually","12":"taxable","13":"purchasable","14":"product-type-listing_booking"},"_links":{"self":[{"href":"https:\/\/linkmarkt.eu\/en\/wp-json\/wp\/v2\/product\/18358","targetHints":{"allow":["GET"]}}],"collection":[{"href":"https:\/\/linkmarkt.eu\/en\/wp-json\/wp\/v2\/product"}],"about":[{"href":"https:\/\/linkmarkt.eu\/en\/wp-json\/wp\/v2\/types\/product"}],"replies":[{"embeddable":true,"href":"https:\/\/linkmarkt.eu\/en\/wp-json\/wp\/v2\/comments?post=18358"}],"version-history":[{"count":0,"href":"https:\/\/linkmarkt.eu\/en\/wp-json\/wp\/v2\/product\/18358\/revisions"}],"wp:attachment":[{"href":"https:\/\/linkmarkt.eu\/en\/wp-json\/wp\/v2\/media?parent=18358"}],"wp:term":[{"taxonomy":"product_brand","embeddable":true,"href":"https:\/\/linkmarkt.eu\/en\/wp-json\/wp\/v2\/product_brand?post=18358"},{"taxonomy":"product_cat","embeddable":true,"href":"https:\/\/linkmarkt.eu\/en\/wp-json\/wp\/v2\/product_cat?post=18358"},{"taxonomy":"product_tag","embeddable":true,"href":"https:\/\/linkmarkt.eu\/en\/wp-json\/wp\/v2\/product_tag?post=18358"}],"curies":[{"name":"wp","href":"https:\/\/api.w.org\/{rel}","templated":true}]}}