{"id":18359,"date":"2026-01-31T01:21:44","date_gmt":"2026-01-31T00:21:44","guid":{"rendered":"https:\/\/linkmarkt.eu\/product\/aktive-hilfe-beim-aufbau-der-muskelmasse\/"},"modified":"2026-01-31T01:21:44","modified_gmt":"2026-01-31T00:21:44","slug":"aktive-hilfe-beim-aufbau-der-muskelmasse","status":"publish","type":"product","link":"https:\/\/linkmarkt.eu\/en\/product\/aktive-hilfe-beim-aufbau-der-muskelmasse\/","title":{"rendered":"Aktive Hilfe beim Aufbau der Muskelmasse"},"content":{"rendered":"<p><span style=\"vertical-align: inherit\"><span style=\"vertical-align: inherit\">Maximale, schnelle ekstremale Zunahme der Muskelmasse \u2013 um bis zu 95 % Bauen Sie Ihre Muskeln auf und verwirklichen Sie die Ziele, die Sie mit Ihrem K\u00f6rperbau verfolgen.<\/span><\/span><\/p>\n<p><span style=\"vertical-align: inherit\"><span style=\"vertical-align: inherit\">Mehr Power Sie werden in jeder Trainingseinheit l\u00e4nger, h\u00e4rter und intensiver trainieren k\u00f6nnen!<\/span><\/span><\/p>\n<p><span style=\"vertical-align: inherit\"><span style=\"vertical-align: inherit\">Kraftschub Bulk Extreme bietet Ihnen einen leistungsstarken \u201eKick\u201c, damit Sie Ihren Trainingsplan problemlos einhalten k\u00f6nnen.<\/span><\/span><\/p>\n<p><span style=\"vertical-align: inherit\"><span style=\"vertical-align: inherit\">Bulk Extreme unterst\u00fctzt die Testosteronproduktion und beseitigt die Folgen des Testosteronmangels.<\/span><\/span><\/p>\n<p><span style=\"vertical-align: inherit\"><span style=\"vertical-align: inherit\">Bessere sexuelle Leistungsf\u00e4higkeit, gesteigerte Libido, starke Erektionen und erh\u00f6hter Appetit auf Sex sind die Effekte, von denen jeder Mann tr\u00e4umt.<\/span><\/span><\/p>\n","protected":false},"excerpt":{"rendered":"<p>Maximale, schnelle ekstremale Zunahme der Muskelmasse \u2013 um bis zu 95 % Bauen Sie Ihre Muskeln auf und verwirklichen Sie die Ziele, die Sie mit Ihrem K\u00f6rperbau verfolgen. Mehr Power Sie werden in jeder Trainingseinheit l\u00e4nger, h\u00e4rter und intensiver trainieren k\u00f6nnen! Kraftschub Bulk Extreme bietet Ihnen einen leistungsstarken \u201eKick\u201c, damit Sie Ihren Trainingsplan problemlos einhalten [&hellip;]<\/p>\n","protected":false},"featured_media":0,"comment_status":"open","ping_status":"closed","template":"","meta":{"_seopress_robots_primary_cat":"","_seopress_titles_title":"","_seopress_titles_desc":"","_seopress_robots_index":"","googlesitekit_rrm_CAowz76iDA:productID":""},"product_brand":[],"product_cat":[21],"product_tag":[],"class_list":{"0":"post-18359","1":"product","2":"type-product","3":"status-publish","5":"product_cat-listeo-booking","7":"first","8":"instock","9":"downloadable","10":"virtual","11":"sold-individually","12":"taxable","13":"purchasable","14":"product-type-listing_booking"},"_links":{"self":[{"href":"https:\/\/linkmarkt.eu\/en\/wp-json\/wp\/v2\/product\/18359","targetHints":{"allow":["GET"]}}],"collection":[{"href":"https:\/\/linkmarkt.eu\/en\/wp-json\/wp\/v2\/product"}],"about":[{"href":"https:\/\/linkmarkt.eu\/en\/wp-json\/wp\/v2\/types\/product"}],"replies":[{"embeddable":true,"href":"https:\/\/linkmarkt.eu\/en\/wp-json\/wp\/v2\/comments?post=18359"}],"version-history":[{"count":0,"href":"https:\/\/linkmarkt.eu\/en\/wp-json\/wp\/v2\/product\/18359\/revisions"}],"wp:attachment":[{"href":"https:\/\/linkmarkt.eu\/en\/wp-json\/wp\/v2\/media?parent=18359"}],"wp:term":[{"taxonomy":"product_brand","embeddable":true,"href":"https:\/\/linkmarkt.eu\/en\/wp-json\/wp\/v2\/product_brand?post=18359"},{"taxonomy":"product_cat","embeddable":true,"href":"https:\/\/linkmarkt.eu\/en\/wp-json\/wp\/v2\/product_cat?post=18359"},{"taxonomy":"product_tag","embeddable":true,"href":"https:\/\/linkmarkt.eu\/en\/wp-json\/wp\/v2\/product_tag?post=18359"}],"curies":[{"name":"wp","href":"https:\/\/api.w.org\/{rel}","templated":true}]}}