{"id":18360,"date":"2026-01-31T01:22:19","date_gmt":"2026-01-31T00:22:19","guid":{"rendered":"https:\/\/linkmarkt.eu\/product\/nur-1-stueck-matcha-extreme\/"},"modified":"2026-01-31T01:22:19","modified_gmt":"2026-01-31T00:22:19","slug":"nur-1-stueck-matcha-extreme","status":"publish","type":"product","link":"https:\/\/linkmarkt.eu\/en\/product\/nur-1-stueck-matcha-extreme\/","title":{"rendered":"Nur 1 St\u00fcck Matcha Extreme"},"content":{"rendered":"<p>M\u00f6chten Sie Gewicht verlieren und dabei Ihre Gesundheit f\u00f6rdern? Matcha Extreme ist die perfekte L\u00f6sung, die Ihnen hilft, \u00fcbersch\u00fcssige Pfunde abzubauen, Ihre Energie zu steigern und Ihren Blutzuckerspiegel stabil zu halten \u2013 alles auf nat\u00fcrliche und effektive Weise.<\/p>\n<p>Vorteile von Matcha Extreme:<br \/>\nGesunde Gewichtsabnahme: Matcha Extreme f\u00f6rdert die Fettverbrennung und hilft Ihnen, \u00fcbersch\u00fcssiges K\u00f6rperfett zu reduzieren.<br \/>\nVerbesserte Stoffwechselrate: Die Inhaltsstoffe unterst\u00fctzen die Verdauung und beschleunigen den Stoffwechsel.<br \/>\nErh\u00f6hte Energie: Verringern Sie das Gef\u00fchl von M\u00fcdigkeit und steigern Sie Ihre Motivation zu mehr Bewegung und Sport.<br \/>\nRegulierung des Blutzuckerspiegels: Die wertvollen Inhaltsstoffe tragen zur Stabilisierung des Blutzuckerspiegels bei, was Hei\u00dfhungerattacken verhindert.<br \/>\nEntgiftung: Matcha Extreme f\u00f6rdert die Ausscheidung von Giftstoffen und Schwermetallen aus dem K\u00f6rper.<br \/>\nNat\u00fcrliche Inhaltsstoffe f\u00fcr Ihre Gesundheit:<br \/>\nMatcha Extreme kombiniert hochwertige Inhaltsstoffe aus der Natur, die zusammen die besten Ergebnisse f\u00fcr Ihre Gesundheit und Figur liefern:<\/p>\n<p>Matcha Tee: Reich an Antioxidantien und f\u00f6rdert die Gewichtsabnahme sowie eine gesunde Blutzuckerregulation.<br \/>\nCacti-Nea\u2122: Ein Extrakt aus der Kaktusfeige, der die Wasserausscheidung f\u00f6rdert und den K\u00f6rper dabei unterst\u00fctzt, \u00fcbersch\u00fcssiges Wasser loszuwerden.<br \/>\nSpirulina: Ein Superfood, das den Stoffwechsel anregt und die Entgiftung des K\u00f6rpers unterst\u00fctzt.<br \/>\nAcerola-Fruchtextrakt: Eine ausgezeichnete Quelle f\u00fcr nat\u00fcrliches Vitamin C, das das Immunsystem st\u00e4rkt und die Regeneration nach dem Training f\u00f6rdert.<br \/>\nKlinische Studien und Wirksamkeit:<br \/>\nDie Inhaltsstoffe von Matcha Extreme wurden in klinischen Studien getestet und haben ihre Wirksamkeit bei der F\u00f6rderung von Gewichtsabnahme, verbessertem Stoffwechsel und erh\u00f6hter Energie unter Beweis gestellt. 90.000 Packungen von Matcha Extreme wurden bereits erfolgreich verkauft!<\/p>\n<p>Genie\u00dfen Sie Matcha Extreme und erreichen Sie Ihre Wunschfigur!<br \/>\nVerabschieden Sie sich von fadenscheinigen Di\u00e4ten und nutzen Sie die nat\u00fcrlichen Kr\u00e4fte von Matcha Extreme, um Ihre Ziele auf gesunde und genussvolle Weise zu erreichen. Bestellen Sie noch heute und profitieren Sie von einem exklusiven Angebot \u2013 3 Packungen GRATIS!<\/p>\n<p>Jetzt bestellen und die Vorteile von Matcha Extreme erleben!<\/p>\n","protected":false},"excerpt":{"rendered":"<p>M\u00f6chten Sie Gewicht verlieren und dabei Ihre Gesundheit f\u00f6rdern? Matcha Extreme ist die perfekte L\u00f6sung, die Ihnen hilft, \u00fcbersch\u00fcssige Pfunde abzubauen, Ihre Energie zu steigern und Ihren Blutzuckerspiegel stabil zu halten \u2013 alles auf nat\u00fcrliche und effektive Weise. Vorteile von Matcha Extreme: Gesunde Gewichtsabnahme: Matcha Extreme f\u00f6rdert die Fettverbrennung und hilft Ihnen, \u00fcbersch\u00fcssiges K\u00f6rperfett zu [&hellip;]<\/p>\n","protected":false},"featured_media":0,"comment_status":"open","ping_status":"closed","template":"","meta":{"_seopress_robots_primary_cat":"","_seopress_titles_title":"","_seopress_titles_desc":"","_seopress_robots_index":"","googlesitekit_rrm_CAowz76iDA:productID":""},"product_brand":[],"product_cat":[21],"product_tag":[],"class_list":{"0":"post-18360","1":"product","2":"type-product","3":"status-publish","5":"product_cat-listeo-booking","7":"first","8":"instock","9":"downloadable","10":"virtual","11":"sold-individually","12":"taxable","13":"purchasable","14":"product-type-listing_booking"},"_links":{"self":[{"href":"https:\/\/linkmarkt.eu\/en\/wp-json\/wp\/v2\/product\/18360","targetHints":{"allow":["GET"]}}],"collection":[{"href":"https:\/\/linkmarkt.eu\/en\/wp-json\/wp\/v2\/product"}],"about":[{"href":"https:\/\/linkmarkt.eu\/en\/wp-json\/wp\/v2\/types\/product"}],"replies":[{"embeddable":true,"href":"https:\/\/linkmarkt.eu\/en\/wp-json\/wp\/v2\/comments?post=18360"}],"version-history":[{"count":0,"href":"https:\/\/linkmarkt.eu\/en\/wp-json\/wp\/v2\/product\/18360\/revisions"}],"wp:attachment":[{"href":"https:\/\/linkmarkt.eu\/en\/wp-json\/wp\/v2\/media?parent=18360"}],"wp:term":[{"taxonomy":"product_brand","embeddable":true,"href":"https:\/\/linkmarkt.eu\/en\/wp-json\/wp\/v2\/product_brand?post=18360"},{"taxonomy":"product_cat","embeddable":true,"href":"https:\/\/linkmarkt.eu\/en\/wp-json\/wp\/v2\/product_cat?post=18360"},{"taxonomy":"product_tag","embeddable":true,"href":"https:\/\/linkmarkt.eu\/en\/wp-json\/wp\/v2\/product_tag?post=18360"}],"curies":[{"name":"wp","href":"https:\/\/api.w.org\/{rel}","templated":true}]}}