{"id":18362,"date":"2026-01-31T01:22:57","date_gmt":"2026-01-31T00:22:57","guid":{"rendered":"https:\/\/linkmarkt.eu\/product\/nur-1-stueck-einmonatslieferung\/"},"modified":"2026-01-31T01:22:57","modified_gmt":"2026-01-31T00:22:57","slug":"nur-1-stueck-einmonatslieferung","status":"publish","type":"product","link":"https:\/\/linkmarkt.eu\/en\/product\/nur-1-stueck-einmonatslieferung\/","title":{"rendered":"Nur 1 St\u00fcck Einmonatslieferung"},"content":{"rendered":"<p><span style=\"vertical-align: inherit\"><span style=\"vertical-align: inherit\">Wie wirkt Uticarin? <\/span><\/span><br \/>\n<span style=\"vertical-align: inherit\"><span style=\"vertical-align: inherit\">SCHRITT 1. <\/span><\/span><br \/>\n<span style=\"vertical-align: inherit\"><span style=\"vertical-align: inherit\">HILFT BEI DER BESEITIGUNG VON BAKTERIEN <\/span><\/span><br \/>\n<span style=\"vertical-align: inherit\"><span style=\"vertical-align: inherit\">D-Mannose und Cranberry-Extrakt verhindern das Anhaften von Bakterien an den W\u00e4nden der Harnwege und f\u00f6rdern so deren nat\u00fcrliche Ausscheidung aus dem K\u00f6rper.<\/span><\/span><\/p>\n<p><span style=\"vertical-align: inherit\"><span style=\"vertical-align: inherit\">SCHRITT 2. <\/span><\/span><br \/>\n<span style=\"vertical-align: inherit\"><span style=\"vertical-align: inherit\">UNTERST\u00dcTZT DIE FUNKTION DER NIEREN UND DER HARNWEGE <\/span><\/span><br \/>\n<span style=\"vertical-align: inherit\"><span style=\"vertical-align: inherit\">Aufgrund seiner harntreibenden Eigenschaften unterst\u00fctzt der Brennesselextrakt die Nierenfunktion, indem er \u00fcbersch\u00fcssige Fl\u00fcssigkeit und Giftstoffe ausscheidet.<\/span><\/span><\/p>\n<p><span style=\"vertical-align: inherit\"><span style=\"vertical-align: inherit\">SCHRITT 3. <\/span><\/span><br \/>\n<span style=\"vertical-align: inherit\"><span style=\"vertical-align: inherit\">ST\u00c4RKT DAS IMMUNSYSTEM <\/span><\/span><br \/>\n<span style=\"vertical-align: inherit\"><span style=\"vertical-align: inherit\">Die Vitamine C und D unterst\u00fctzen die nat\u00fcrlichen Abwehrkr\u00e4fte des K\u00f6rpers, helfen bei der Bek\u00e4mpfung von Infektionen und verbessern die allgemeine Immunit\u00e4t.<\/span><\/span><\/p>\n<p><span style=\"vertical-align: inherit\"><span style=\"vertical-align: inherit\">SCHRITT 4. <\/span><\/span><br \/>\n<span style=\"vertical-align: inherit\"><span style=\"vertical-align: inherit\">REDUZIERT ENTZ\u00dcNDUNGEN <\/span><\/span><br \/>\n<span style=\"vertical-align: inherit\"><span style=\"vertical-align: inherit\">Gr\u00fcner Tee und Brennesselextrakt wirken entz\u00fcndungshemmend und unterst\u00fctzen den K\u00f6rper und die Harnwege.<\/span><\/span><\/p>\n","protected":false},"excerpt":{"rendered":"<p>Wie wirkt Uticarin? SCHRITT 1. HILFT BEI DER BESEITIGUNG VON BAKTERIEN D-Mannose und Cranberry-Extrakt verhindern das Anhaften von Bakterien an den W\u00e4nden der Harnwege und f\u00f6rdern so deren nat\u00fcrliche Ausscheidung aus dem K\u00f6rper. SCHRITT 2. UNTERST\u00dcTZT DIE FUNKTION DER NIEREN UND DER HARNWEGE Aufgrund seiner harntreibenden Eigenschaften unterst\u00fctzt der Brennesselextrakt die Nierenfunktion, indem er \u00fcbersch\u00fcssige [&hellip;]<\/p>\n","protected":false},"featured_media":0,"comment_status":"open","ping_status":"closed","template":"","meta":{"_seopress_robots_primary_cat":"","_seopress_titles_title":"","_seopress_titles_desc":"","_seopress_robots_index":"","googlesitekit_rrm_CAowz76iDA:productID":""},"product_brand":[],"product_cat":[21],"product_tag":[],"class_list":{"0":"post-18362","1":"product","2":"type-product","3":"status-publish","5":"product_cat-listeo-booking","7":"first","8":"instock","9":"downloadable","10":"virtual","11":"sold-individually","12":"taxable","13":"purchasable","14":"product-type-listing_booking"},"_links":{"self":[{"href":"https:\/\/linkmarkt.eu\/en\/wp-json\/wp\/v2\/product\/18362","targetHints":{"allow":["GET"]}}],"collection":[{"href":"https:\/\/linkmarkt.eu\/en\/wp-json\/wp\/v2\/product"}],"about":[{"href":"https:\/\/linkmarkt.eu\/en\/wp-json\/wp\/v2\/types\/product"}],"replies":[{"embeddable":true,"href":"https:\/\/linkmarkt.eu\/en\/wp-json\/wp\/v2\/comments?post=18362"}],"version-history":[{"count":0,"href":"https:\/\/linkmarkt.eu\/en\/wp-json\/wp\/v2\/product\/18362\/revisions"}],"wp:attachment":[{"href":"https:\/\/linkmarkt.eu\/en\/wp-json\/wp\/v2\/media?parent=18362"}],"wp:term":[{"taxonomy":"product_brand","embeddable":true,"href":"https:\/\/linkmarkt.eu\/en\/wp-json\/wp\/v2\/product_brand?post=18362"},{"taxonomy":"product_cat","embeddable":true,"href":"https:\/\/linkmarkt.eu\/en\/wp-json\/wp\/v2\/product_cat?post=18362"},{"taxonomy":"product_tag","embeddable":true,"href":"https:\/\/linkmarkt.eu\/en\/wp-json\/wp\/v2\/product_tag?post=18362"}],"curies":[{"name":"wp","href":"https:\/\/api.w.org\/{rel}","templated":true}]}}