{"id":18364,"date":"2026-01-31T01:23:37","date_gmt":"2026-01-31T00:23:37","guid":{"rendered":"https:\/\/linkmarkt.eu\/product\/kostenlose-girkonto\/"},"modified":"2026-01-31T01:23:37","modified_gmt":"2026-01-31T00:23:37","slug":"kostenlose-girkonto","status":"publish","type":"product","link":"https:\/\/linkmarkt.eu\/en\/product\/kostenlose-girkonto\/","title":{"rendered":"Kostenlose Girkonto"},"content":{"rendered":"<p><span style=\"vertical-align: inherit\"><span class=\"\" style=\"vertical-align: inherit\"><span style=\"vertical-align: inherit\"><span style=\"vertical-align: inherit\">Kostenloses Konto, Debitkarte kostenlos, Echter Wechselkurs senden, Multikonten-Funktion, W\u00e4hrungsumrechnung, Keine versteckten Geb\u00fchren, Internationale \u00dcberweisungen, Geld ins Ausland, Geld in Fremdw\u00e4hrungen empfangen, Niedrige Geb\u00fchren, Online-Bankkonto, Reisebankkonto, Multi-W\u00e4hrungs-Konto, Schnelle Registrierung, Geb\u00fchrenfreies Zahlen, Euro-Konto, Weltweite Zahlungen, Sicher und zuverl\u00e4ssig, Globale Transaktionen, Internationale Zahlungen einfach, Flexibles Bankkonto, Wechselkurs g\u00fcnstig, <\/span><\/span><\/span><\/span><a href=\"https:\/\/wise.com\/invite\/dic\/tomaszstanislawf\"><span style=\"vertical-align: inherit\"><span class=\"\" style=\"vertical-align: inherit\"><span style=\"vertical-align: inherit\"><span style=\"vertical-align: inherit\">Wise App, Kostenlose Registrierung, Digitales Konto.<\/span><\/span><\/span><\/span><\/a><\/p>\n","protected":false},"excerpt":{"rendered":"<p>Kostenloses Konto, Debitkarte kostenlos, Echter Wechselkurs senden, Multikonten-Funktion, W\u00e4hrungsumrechnung, Keine versteckten Geb\u00fchren, Internationale \u00dcberweisungen, Geld ins Ausland, Geld in Fremdw\u00e4hrungen empfangen, Niedrige Geb\u00fchren, Online-Bankkonto, Reisebankkonto, Multi-W\u00e4hrungs-Konto, Schnelle Registrierung, Geb\u00fchrenfreies Zahlen, Euro-Konto, Weltweite Zahlungen, Sicher und zuverl\u00e4ssig, Globale Transaktionen, Internationale Zahlungen einfach, Flexibles Bankkonto, Wechselkurs g\u00fcnstig, Wise App, Kostenlose Registrierung, Digitales Konto.<\/p>\n","protected":false},"featured_media":0,"comment_status":"open","ping_status":"closed","template":"","meta":{"_seopress_robots_primary_cat":"","_seopress_titles_title":"","_seopress_titles_desc":"","_seopress_robots_index":"","googlesitekit_rrm_CAowz76iDA:productID":""},"product_brand":[],"product_cat":[21],"product_tag":[],"class_list":{"0":"post-18364","1":"product","2":"type-product","3":"status-publish","5":"product_cat-listeo-booking","7":"first","8":"instock","9":"downloadable","10":"virtual","11":"sold-individually","12":"taxable","13":"purchasable","14":"product-type-listing_booking"},"_links":{"self":[{"href":"https:\/\/linkmarkt.eu\/en\/wp-json\/wp\/v2\/product\/18364","targetHints":{"allow":["GET"]}}],"collection":[{"href":"https:\/\/linkmarkt.eu\/en\/wp-json\/wp\/v2\/product"}],"about":[{"href":"https:\/\/linkmarkt.eu\/en\/wp-json\/wp\/v2\/types\/product"}],"replies":[{"embeddable":true,"href":"https:\/\/linkmarkt.eu\/en\/wp-json\/wp\/v2\/comments?post=18364"}],"version-history":[{"count":0,"href":"https:\/\/linkmarkt.eu\/en\/wp-json\/wp\/v2\/product\/18364\/revisions"}],"wp:attachment":[{"href":"https:\/\/linkmarkt.eu\/en\/wp-json\/wp\/v2\/media?parent=18364"}],"wp:term":[{"taxonomy":"product_brand","embeddable":true,"href":"https:\/\/linkmarkt.eu\/en\/wp-json\/wp\/v2\/product_brand?post=18364"},{"taxonomy":"product_cat","embeddable":true,"href":"https:\/\/linkmarkt.eu\/en\/wp-json\/wp\/v2\/product_cat?post=18364"},{"taxonomy":"product_tag","embeddable":true,"href":"https:\/\/linkmarkt.eu\/en\/wp-json\/wp\/v2\/product_tag?post=18364"}],"curies":[{"name":"wp","href":"https:\/\/api.w.org\/{rel}","templated":true}]}}