{"id":19087,"date":"2026-02-27T11:19:20","date_gmt":"2026-02-27T10:19:20","guid":{"rendered":"https:\/\/linkmarkt.eu\/?post_type=product&#038;p=19087"},"modified":"2026-03-13T09:52:06","modified_gmt":"2026-03-13T08:52:06","slug":"meistverkaufte-obst-auto-tasse-edelstahl-isolierschale-tragbarer-handheld-sport-exklusiver-wasserbecher-mit-grosser-kapazitaetbest-selling-fruit-car-cup-stainless-steel-insulated-cup-large-capacity-po","status":"publish","type":"product","link":"https:\/\/linkmarkt.eu\/en\/product\/meistverkaufte-obst-auto-tasse-edelstahl-isolierschale-tragbarer-handheld-sport-exklusiver-wasserbecher-mit-grosser-kapazitaetbest-selling-fruit-car-cup-stainless-steel-insulated-cup-large-capacity-po\/","title":{"rendered":"Edelstahl Thermobecher mit Griff \u2013 Gro\u00dfe Kapazit\u00e4t Isolierbecher f\u00fcr Auto, Sport und Alltag."},"content":{"rendered":"<p data-start=\"327\" data-end=\"573\"><span class=\"BZ_Pyq_fadeIn\">Dieser <\/span><strong data-start=\"334\" data-end=\"389\"><span class=\"BZ_Pyq_fadeIn\">moderne <\/span><span class=\"BZ_Pyq_fadeIn\">Edelstahl-<\/span><span class=\"BZ_Pyq_fadeIn\">Thermobecher <\/span><span class=\"BZ_Pyq_fadeIn\">mit <\/span><span class=\"BZ_Pyq_fadeIn\">gro\u00dfer <\/span><span class=\"BZ_Pyq_fadeIn\">Kapazit\u00e4t<\/span><\/strong> <span class=\"BZ_Pyq_fadeIn\">ist <\/span><span class=\"BZ_Pyq_fadeIn\">der <\/span><span class=\"BZ_Pyq_fadeIn\">ideale <\/span><span class=\"BZ_Pyq_fadeIn\">Begleiter <\/span><span class=\"BZ_Pyq_fadeIn\">f\u00fcr <\/span><span class=\"BZ_Pyq_fadeIn\">unterwegs, <\/span><span class=\"BZ_Pyq_fadeIn\">im <\/span><span class=\"BZ_Pyq_fadeIn\">Auto, <\/span><span class=\"BZ_Pyq_fadeIn\">beim <\/span><span class=\"BZ_Pyq_fadeIn\">Sport <\/span><span class=\"BZ_Pyq_fadeIn\">oder <\/span><span class=\"BZ_Pyq_fadeIn\">im <\/span><span class=\"BZ_Pyq_fadeIn\">B\u00fcro. <\/span><span class=\"BZ_Pyq_fadeIn\">Dank <\/span><span class=\"BZ_Pyq_fadeIn\">der <\/span><span class=\"BZ_Pyq_fadeIn\">hochwertigen <\/span><span class=\"BZ_Pyq_fadeIn\">doppelwandigen <\/span><span class=\"BZ_Pyq_fadeIn\">Isolierung <\/span><span class=\"BZ_Pyq_fadeIn\">h\u00e4lt <\/span><span class=\"BZ_Pyq_fadeIn\">der <\/span><span class=\"BZ_Pyq_fadeIn\">Becher <\/span><span class=\"BZ_Pyq_fadeIn\">Getr\u00e4nke <\/span><strong data-start=\"537\" data-end=\"572\"><span class=\"BZ_Pyq_fadeIn\">6 <\/span><span class=\"BZ_Pyq_fadeIn\">bis <\/span><span class=\"BZ_Pyq_fadeIn\">12 <\/span><span class=\"BZ_Pyq_fadeIn\">Stunden <\/span><span class=\"BZ_Pyq_fadeIn\">warm <\/span><span class=\"BZ_Pyq_fadeIn\">oder <\/span><span class=\"BZ_Pyq_fadeIn\">kalt<\/span><\/strong><span class=\"BZ_Pyq_fadeIn\">.<\/span><\/p>\n<p data-start=\"575\" data-end=\"795\"><span class=\"BZ_Pyq_fadeIn\">Der <\/span><span class=\"BZ_Pyq_fadeIn\">Becher <\/span><span class=\"BZ_Pyq_fadeIn\">besteht <\/span><span class=\"BZ_Pyq_fadeIn\">aus <\/span><strong data-start=\"598\" data-end=\"634\"><span class=\"BZ_Pyq_fadeIn\">lebensmittelechtem <\/span><span class=\"BZ_Pyq_fadeIn\">304 <\/span><span class=\"BZ_Pyq_fadeIn\">Edelstahl<\/span><\/strong><span class=\"BZ_Pyq_fadeIn\">, <\/span><span class=\"BZ_Pyq_fadeIn\">der <\/span><span class=\"BZ_Pyq_fadeIn\">langlebig, <\/span><span class=\"BZ_Pyq_fadeIn\">geruchsneutral <\/span><span class=\"BZ_Pyq_fadeIn\">und <\/span><span class=\"BZ_Pyq_fadeIn\">frei <\/span><span class=\"BZ_Pyq_fadeIn\">von <\/span><span class=\"BZ_Pyq_fadeIn\">sch\u00e4dlichen <\/span><span class=\"BZ_Pyq_fadeIn\">Stoffen <\/span><span class=\"BZ_Pyq_fadeIn\">ist. <\/span><span class=\"BZ_Pyq_fadeIn\">Das <\/span><span class=\"BZ_Pyq_fadeIn\">praktische <\/span><span class=\"BZ_Pyq_fadeIn\">Design <\/span><span class=\"BZ_Pyq_fadeIn\">mit <\/span><span class=\"BZ_Pyq_fadeIn\">Griff <\/span><span class=\"BZ_Pyq_fadeIn\">macht <\/span><span class=\"BZ_Pyq_fadeIn\">ihn <\/span><span class=\"BZ_Pyq_fadeIn\">besonders <\/span><span class=\"BZ_Pyq_fadeIn\">komfortabel <\/span><span class=\"BZ_Pyq_fadeIn\">f\u00fcr <\/span><span class=\"BZ_Pyq_fadeIn\">den <\/span><span class=\"BZ_Pyq_fadeIn\">t\u00e4glichen <\/span><span class=\"BZ_Pyq_fadeIn\">Gebrauch.<\/span><\/p>\n<p data-start=\"797\" data-end=\"932\"><span class=\"BZ_Pyq_fadeIn\">Ob <\/span><span class=\"BZ_Pyq_fadeIn\">Kaffee, <\/span><span class=\"BZ_Pyq_fadeIn\">Tee, <\/span><span class=\"BZ_Pyq_fadeIn\">Wasser <\/span><span class=\"BZ_Pyq_fadeIn\">oder <\/span><span class=\"BZ_Pyq_fadeIn\">kalte <\/span><span class=\"BZ_Pyq_fadeIn\">Getr\u00e4nke \u2013 <\/span><span class=\"BZ_Pyq_fadeIn\">dieser <\/span><span class=\"BZ_Pyq_fadeIn\">Thermobecher <\/span><span class=\"BZ_Pyq_fadeIn\">sorgt <\/span><span class=\"BZ_Pyq_fadeIn\">daf\u00fcr, <\/span><span class=\"BZ_Pyq_fadeIn\">dass <\/span><span class=\"BZ_Pyq_fadeIn\">dein <\/span><span class=\"BZ_Pyq_fadeIn\">Getr\u00e4nk <\/span><span class=\"BZ_Pyq_fadeIn\">lange <\/span><span class=\"BZ_Pyq_fadeIn\">die <\/span><span class=\"BZ_Pyq_fadeIn\">gew\u00fcnschte <\/span><span class=\"BZ_Pyq_fadeIn\">Temperatur <\/span><span class=\"BZ_Pyq_fadeIn\">beh\u00e4lt.<\/span><\/p>\n<hr data-start=\"934\" data-end=\"937\" \/>\n<h2 data-section-id=\"nmyjho\" data-start=\"939\" data-end=\"968\"><span class=\"BZ_Pyq_fadeIn\">Vorteile <\/span><span class=\"BZ_Pyq_fadeIn\">des <\/span><span class=\"BZ_Pyq_fadeIn\">Thermobechers<\/span><\/h2>\n<p data-start=\"970\" data-end=\"1388\"><span class=\"BZ_Pyq_fadeIn\">\u2714 <\/span><strong data-start=\"972\" data-end=\"1000\"><span class=\"BZ_Pyq_fadeIn\">Doppelwandige <\/span><span class=\"BZ_Pyq_fadeIn\">Isolierung<\/span><\/strong><span class=\"BZ_Pyq_fadeIn\"> \u2013 <\/span><span class=\"BZ_Pyq_fadeIn\">h\u00e4lt <\/span><span class=\"BZ_Pyq_fadeIn\">Getr\u00e4nke <\/span><span class=\"BZ_Pyq_fadeIn\">6 <\/span><span class=\"BZ_Pyq_fadeIn\">bis <\/span><span class=\"BZ_Pyq_fadeIn\">12 <\/span><span class=\"BZ_Pyq_fadeIn\">Stunden <\/span><span class=\"BZ_Pyq_fadeIn\">warm <\/span><span class=\"BZ_Pyq_fadeIn\">oder <\/span><span class=\"BZ_Pyq_fadeIn\">kalt<\/span><br data-start=\"1048\" data-end=\"1051\" \/><span class=\"BZ_Pyq_fadeIn\">\u2714 <\/span><strong data-start=\"1053\" data-end=\"1072\"><span class=\"BZ_Pyq_fadeIn\">Gro\u00dfe <\/span><span class=\"BZ_Pyq_fadeIn\">Kapazit\u00e4t<\/span><\/strong><span class=\"BZ_Pyq_fadeIn\"> \u2013 <\/span><span class=\"BZ_Pyq_fadeIn\">ideal <\/span><span class=\"BZ_Pyq_fadeIn\">f\u00fcr <\/span><span class=\"BZ_Pyq_fadeIn\">unterwegs, <\/span><span class=\"BZ_Pyq_fadeIn\">Sport <\/span><span class=\"BZ_Pyq_fadeIn\">oder <\/span><span class=\"BZ_Pyq_fadeIn\">lange <\/span><span class=\"BZ_Pyq_fadeIn\">Arbeitstage<\/span><br data-start=\"1124\" data-end=\"1127\" \/><span class=\"BZ_Pyq_fadeIn\">\u2714 <\/span><strong data-start=\"1129\" data-end=\"1155\"><span class=\"BZ_Pyq_fadeIn\">Hochwertiger <\/span><span class=\"BZ_Pyq_fadeIn\">Edelstahl<\/span><\/strong><span class=\"BZ_Pyq_fadeIn\"> \u2013 <\/span><span class=\"BZ_Pyq_fadeIn\">langlebig, <\/span><span class=\"BZ_Pyq_fadeIn\">geruchsneutral <\/span><span class=\"BZ_Pyq_fadeIn\">und <\/span><span class=\"BZ_Pyq_fadeIn\">sicher<\/span><br data-start=\"1194\" data-end=\"1197\" \/><span class=\"BZ_Pyq_fadeIn\">\u2714 <\/span><strong data-start=\"1199\" data-end=\"1220\"><span class=\"BZ_Pyq_fadeIn\">Praktischer <\/span><span class=\"BZ_Pyq_fadeIn\">Griff<\/span><\/strong><span class=\"BZ_Pyq_fadeIn\"> \u2013 <\/span><span class=\"BZ_Pyq_fadeIn\">bequem <\/span><span class=\"BZ_Pyq_fadeIn\">zu <\/span><span class=\"BZ_Pyq_fadeIn\">tragen <\/span><span class=\"BZ_Pyq_fadeIn\">und <\/span><span class=\"BZ_Pyq_fadeIn\">zu <\/span><span class=\"BZ_Pyq_fadeIn\">benutzen<\/span><br data-start=\"1255\" data-end=\"1258\" \/><span class=\"BZ_Pyq_fadeIn\">\u2714 <\/span><strong data-start=\"1260\" data-end=\"1286\"><span class=\"BZ_Pyq_fadeIn\">Auslaufsicherer <\/span><span class=\"BZ_Pyq_fadeIn\">Deckel<\/span><\/strong><span class=\"BZ_Pyq_fadeIn\"> \u2013 <\/span><span class=\"BZ_Pyq_fadeIn\">verhindert <\/span><span class=\"BZ_Pyq_fadeIn\">Versch\u00fctten <\/span><span class=\"BZ_Pyq_fadeIn\">unterwegs<\/span><br data-start=\"1321\" data-end=\"1324\" \/><span class=\"BZ_Pyq_fadeIn\">\u2714 <\/span><strong data-start=\"1326\" data-end=\"1348\"><span class=\"BZ_Pyq_fadeIn\">Rutschfester <\/span><span class=\"BZ_Pyq_fadeIn\">Boden<\/span><\/strong><span class=\"BZ_Pyq_fadeIn\"> \u2013 <\/span><span class=\"BZ_Pyq_fadeIn\">stabiler <\/span><span class=\"BZ_Pyq_fadeIn\">Stand <\/span><span class=\"BZ_Pyq_fadeIn\">auf <\/span><span class=\"BZ_Pyq_fadeIn\">Tisch <\/span><span class=\"BZ_Pyq_fadeIn\">oder <\/span><span class=\"BZ_Pyq_fadeIn\">im <\/span><span class=\"BZ_Pyq_fadeIn\">Auto<\/span><\/p>\n<hr data-start=\"1390\" data-end=\"1393\" \/>\n<h2 data-section-id=\"v21ezi\" data-start=\"1395\" data-end=\"1416\"><span class=\"BZ_Pyq_fadeIn\">Ideal <\/span><span class=\"BZ_Pyq_fadeIn\">geeignet <\/span><span class=\"BZ_Pyq_fadeIn\">f\u00fcr<\/span><\/h2>\n<ul data-start=\"1418\" data-end=\"1532\">\n<li data-section-id=\"1js7wjb\" data-start=\"1418\" data-end=\"1446\">\n<p data-start=\"1420\" data-end=\"1446\"><span class=\"BZ_Pyq_fadeIn\">Kaffee <\/span><span class=\"BZ_Pyq_fadeIn\">und <\/span><span class=\"BZ_Pyq_fadeIn\">Tee <\/span><span class=\"BZ_Pyq_fadeIn\">unterwegs<\/span><\/p>\n<\/li>\n<li data-section-id=\"2cw9pc\" data-start=\"1447\" data-end=\"1468\">\n<p data-start=\"1449\" data-end=\"1468\"><span class=\"BZ_Pyq_fadeIn\">Wasser <\/span><span class=\"BZ_Pyq_fadeIn\">beim <\/span><span class=\"BZ_Pyq_fadeIn\">Sport<\/span><\/p>\n<\/li>\n<li data-section-id=\"ui3ois\" data-start=\"1469\" data-end=\"1490\">\n<p data-start=\"1471\" data-end=\"1490\"><span class=\"BZ_Pyq_fadeIn\">lange <\/span><span class=\"BZ_Pyq_fadeIn\">Autofahrten<\/span><\/p>\n<\/li>\n<li data-section-id=\"8llul9\" data-start=\"1491\" data-end=\"1510\">\n<p data-start=\"1493\" data-end=\"1510\"><span class=\"BZ_Pyq_fadeIn\">B\u00fcro <\/span><span class=\"BZ_Pyq_fadeIn\">und <\/span><span class=\"BZ_Pyq_fadeIn\">Arbeit<\/span><\/p>\n<\/li>\n<li data-section-id=\"18oaz4n\" data-start=\"1511\" data-end=\"1532\">\n<p data-start=\"1513\" data-end=\"1532\"><span class=\"BZ_Pyq_fadeIn\">Outdoor <\/span><span class=\"BZ_Pyq_fadeIn\">Aktivit\u00e4ten<\/span><\/p>\n<\/li>\n<\/ul>\n<hr data-start=\"1534\" data-end=\"1537\" \/>\n<h2 data-section-id=\"1evs5j8\" data-start=\"1539\" data-end=\"1556\"><span class=\"BZ_Pyq_fadeIn\">Produktdetails<\/span><\/h2>\n<p data-start=\"1558\" data-end=\"1768\"><span class=\"BZ_Pyq_fadeIn\">Produkt: <\/span><span class=\"BZ_Pyq_fadeIn\">Thermobecher \/ <\/span><span class=\"BZ_Pyq_fadeIn\">Isolierbecher<\/span><br data-start=\"1595\" data-end=\"1598\" \/><span class=\"BZ_Pyq_fadeIn\">Material <\/span><span class=\"BZ_Pyq_fadeIn\">innen: <\/span><span class=\"BZ_Pyq_fadeIn\">Edelstahl <\/span><span class=\"BZ_Pyq_fadeIn\">304<\/span><br data-start=\"1627\" data-end=\"1630\" \/><span class=\"BZ_Pyq_fadeIn\">Material <\/span><span class=\"BZ_Pyq_fadeIn\">au\u00dfen: <\/span><span class=\"BZ_Pyq_fadeIn\">Edelstahl <\/span><span class=\"BZ_Pyq_fadeIn\">201<\/span><br data-start=\"1659\" data-end=\"1662\" \/><span class=\"BZ_Pyq_fadeIn\">Isolierung: <\/span><span class=\"BZ_Pyq_fadeIn\">6 <\/span><span class=\"BZ_Pyq_fadeIn\">bis <\/span><span class=\"BZ_Pyq_fadeIn\">12 <\/span><span class=\"BZ_Pyq_fadeIn\">Stunden<\/span><br data-start=\"1690\" data-end=\"1693\" \/><span class=\"BZ_Pyq_fadeIn\">Kapazit\u00e4t:<\/span><br data-start=\"1703\" data-end=\"1706\" \/><span class=\"BZ_Pyq_fadeIn\">19 <\/span><span class=\"BZ_Pyq_fadeIn\">oz \u2013 <\/span><span class=\"BZ_Pyq_fadeIn\">ca. <\/span><span class=\"BZ_Pyq_fadeIn\">560 <\/span><span class=\"BZ_Pyq_fadeIn\">ml<\/span><br data-start=\"1724\" data-end=\"1727\" \/><span class=\"BZ_Pyq_fadeIn\">24 <\/span><span class=\"BZ_Pyq_fadeIn\">oz \u2013 <\/span><span class=\"BZ_Pyq_fadeIn\">ca. <\/span><span class=\"BZ_Pyq_fadeIn\">710 <\/span><span class=\"BZ_Pyq_fadeIn\">ml<\/span><br data-start=\"1745\" data-end=\"1748\" \/><span class=\"BZ_Pyq_fadeIn\">32 <\/span><span class=\"BZ_Pyq_fadeIn\">oz \u2013 <\/span><span class=\"BZ_Pyq_fadeIn\">ca. <\/span><span class=\"BZ_Pyq_fadeIn\">950 <\/span><span class=\"BZ_Pyq_fadeIn\">ml<\/span><\/p>\n<p data-start=\"1770\" data-end=\"1862\"><span class=\"BZ_Pyq_fadeIn\">Form: <\/span><span class=\"BZ_Pyq_fadeIn\">gerade <\/span><span class=\"BZ_Pyq_fadeIn\">Tasse<\/span><br data-start=\"1788\" data-end=\"1791\" \/><span class=\"BZ_Pyq_fadeIn\">Design: <\/span><span class=\"BZ_Pyq_fadeIn\">modern<\/span><br data-start=\"1805\" data-end=\"1808\" \/><span class=\"BZ_Pyq_fadeIn\">Eigenschaften: <\/span><span class=\"BZ_Pyq_fadeIn\">auslaufsicher, <\/span><span class=\"BZ_Pyq_fadeIn\">tragbar, <\/span><span class=\"BZ_Pyq_fadeIn\">gro\u00dfe <\/span><span class=\"BZ_Pyq_fadeIn\">Kapazit\u00e4t<\/span><\/p>\n<div class=\"detailmodule_html\">\n<div class=\"detail-desc-decorate-richtext\">\n<div><img decoding=\"async\" style=\"width: 100%; height: auto;\" src=\"https:\/\/ae01.alicdn.com\/kf\/S1909f7cbdcad47c9abb311ca18f5aa3f3.jpg\" width=\"100%\" height=\"auto\" \/> <img decoding=\"async\" style=\"width: 100%; height: auto;\" src=\"https:\/\/ae01.alicdn.com\/kf\/S8832337faf3c4b12bb30676a89cd13e6n.jpg\" width=\"100%\" height=\"auto\" \/> <img decoding=\"async\" style=\"width: 100%; height: auto;\" src=\"https:\/\/ae01.alicdn.com\/kf\/S12b5dab9be3a4d6a8402fba9121587bcs.jpg\" width=\"100%\" height=\"auto\" \/> <img decoding=\"async\" style=\"width: 100%; height: auto;\" src=\"https:\/\/ae01.alicdn.com\/kf\/S7adc03f8db5f406c967ae5ed1a0430abx.jpg\" width=\"100%\" height=\"auto\" \/> <img decoding=\"async\" style=\"width: 100%; height: auto;\" src=\"https:\/\/ae01.alicdn.com\/kf\/Se3813b9276d54700af27f0b4ff6d1bfcF.jpg\" width=\"100%\" height=\"auto\" \/> <img decoding=\"async\" style=\"width: 100%; height: auto;\" src=\"https:\/\/ae01.alicdn.com\/kf\/S06e415fea969442fa153be63bebac10bC.jpg\" width=\"100%\" height=\"auto\" \/> <img decoding=\"async\" style=\"width: 100%; height: auto;\" src=\"https:\/\/ae01.alicdn.com\/kf\/S15bc931a7c214e68960f64ac285afe68W.jpg\" width=\"100%\" height=\"auto\" \/> <img decoding=\"async\" style=\"width: 100%; height: auto;\" src=\"https:\/\/ae01.alicdn.com\/kf\/Sb7bb92734ad04bd59c31845331389e69g.jpg\" width=\"100%\" height=\"auto\" \/> <img decoding=\"async\" style=\"width: 100%; height: auto;\" src=\"https:\/\/ae01.alicdn.com\/kf\/S1328cdf800b4487bb15414da8bfb7818X.jpg\" width=\"100%\" height=\"auto\" \/> <img decoding=\"async\" style=\"width: 100%; height: auto;\" src=\"https:\/\/ae01.alicdn.com\/kf\/Sc492a8e14bae4f1f853ba5224e6938b49.jpg\" width=\"100%\" height=\"auto\" \/> <img decoding=\"async\" style=\"width: 100%; height: auto;\" src=\"https:\/\/ae01.alicdn.com\/kf\/S0c0da57ee5a74018b9f85b5c0f3649f8z.jpg\" width=\"100%\" height=\"auto\" \/><\/div>\n<\/div>\n<\/div>\n<p>&nbsp;<\/p>\n","protected":false},"excerpt":{"rendered":"<p>Dieser moderne Edelstahl-Thermobecher mit gro\u00dfer Kapazit\u00e4t ist der ideale Begleiter f\u00fcr unterwegs, im Auto, beim Sport oder im B\u00fcro. Dank der hochwertigen doppelwandigen Isolierung h\u00e4lt der Becher Getr\u00e4nke 6 bis 12 Stunden warm oder kalt. Der Becher besteht aus lebensmittelechtem 304 Edelstahl, der langlebig, geruchsneutral und frei von sch\u00e4dlichen Stoffen ist. Das praktische Design mit [&hellip;]<\/p>\n","protected":false},"featured_media":19074,"comment_status":"open","ping_status":"closed","template":"","meta":{"_seopress_robots_primary_cat":"none","_seopress_titles_title":"Edelstahl Thermobecher mit Griff \u2013 Isolierbecher 6\u201312h warm kalt gro\u00dfe Kapazit\u00e4t","_seopress_titles_desc":"Praktischer Edelstahl Thermobecher mit Griff und gro\u00dfer Kapazit\u00e4t. H\u00e4lt Getr\u00e4nke 6\u201312 Stunden warm oder kalt. Ideal f\u00fcr Auto, B\u00fcro, Sport und unterwegs. Robustes Design und auslaufsicher.","_seopress_robots_index":"","googlesitekit_rrm_CAowz76iDA:productID":""},"product_brand":[],"product_cat":[2297,4031],"product_tag":[4042,4037,3564,4033,4036,4041,3559,4035,3565,4032,4034,4040,3563,4038,4039],"class_list":{"0":"post-19087","1":"product","2":"type-product","3":"status-publish","4":"has-post-thumbnail","6":"product_cat-haushaltsgeraete","7":"product_cat-trinkbecher-thermobecher","8":"product_tag-edelstahl-wasserbecher","9":"product_tag-isolierbecher-6-12-stunden","10":"product_tag-isolierbecher-kaffeebecher","11":"product_tag-isolierbecher-mit-griff","12":"product_tag-kaffeebecher-to-go-edelstahl","13":"product_tag-kaffeebecher-unterwegs","14":"product_tag-thermobecher-auslaufsicher","15":"product_tag-thermobecher-auto","16":"product_tag-thermobecher-buero","17":"product_tag-thermobecher-edelstahl","18":"product_tag-thermobecher-gross","19":"product_tag-thermobecher-grosse-kapazitaet","20":"product_tag-thermobecher-mit-deckel","21":"product_tag-thermosbecher-edelstahl","22":"product_tag-trinkbecher-sport","24":"first","25":"instock","26":"sale","27":"taxable","28":"shipping-taxable","29":"purchasable","30":"product-type-variable"},"_links":{"self":[{"href":"https:\/\/linkmarkt.eu\/en\/wp-json\/wp\/v2\/product\/19087","targetHints":{"allow":["GET"]}}],"collection":[{"href":"https:\/\/linkmarkt.eu\/en\/wp-json\/wp\/v2\/product"}],"about":[{"href":"https:\/\/linkmarkt.eu\/en\/wp-json\/wp\/v2\/types\/product"}],"replies":[{"embeddable":true,"href":"https:\/\/linkmarkt.eu\/en\/wp-json\/wp\/v2\/comments?post=19087"}],"version-history":[{"count":1,"href":"https:\/\/linkmarkt.eu\/en\/wp-json\/wp\/v2\/product\/19087\/revisions"}],"predecessor-version":[{"id":19579,"href":"https:\/\/linkmarkt.eu\/en\/wp-json\/wp\/v2\/product\/19087\/revisions\/19579"}],"wp:featuredmedia":[{"embeddable":true,"href":"https:\/\/linkmarkt.eu\/en\/wp-json\/wp\/v2\/media\/19074"}],"wp:attachment":[{"href":"https:\/\/linkmarkt.eu\/en\/wp-json\/wp\/v2\/media?parent=19087"}],"wp:term":[{"taxonomy":"product_brand","embeddable":true,"href":"https:\/\/linkmarkt.eu\/en\/wp-json\/wp\/v2\/product_brand?post=19087"},{"taxonomy":"product_cat","embeddable":true,"href":"https:\/\/linkmarkt.eu\/en\/wp-json\/wp\/v2\/product_cat?post=19087"},{"taxonomy":"product_tag","embeddable":true,"href":"https:\/\/linkmarkt.eu\/en\/wp-json\/wp\/v2\/product_tag?post=19087"}],"curies":[{"name":"wp","href":"https:\/\/api.w.org\/{rel}","templated":true}]}}