{"id":19139,"date":"2026-02-27T11:25:20","date_gmt":"2026-02-27T10:25:20","guid":{"rendered":"https:\/\/linkmarkt.eu\/?post_type=product&#038;p=19139"},"modified":"2026-03-20T11:04:19","modified_gmt":"2026-03-20T10:04:19","slug":"vier-jahreszeiten-xxl-universal-motorradhuelle-wasserdicht-und-reissfest-aus-oxford-mit-verschlussloechern","status":"publish","type":"product","link":"https:\/\/linkmarkt.eu\/en\/product\/vier-jahreszeiten-xxl-universal-motorradhuelle-wasserdicht-und-reissfest-aus-oxford-mit-verschlussloechern\/","title":{"rendered":"Motorrad Abdeckplane XXL \u2013 Wasserdicht &#038; Rei\u00dffest mit Schloss\u00f6ffnungen aus Oxford MateriaBeschreibung: Diese robuste Motorrad Abdeckplane sch\u00fctzt dein Motorrad zuverl\u00e4ssig vor Regen, Sonne, Staub und Schnee. Das hochwertige Oxford-Material ist wasserdicht, rei\u00dffest und langlebig \u2013 ideal f\u00fcr den ganzj\u00e4hrigen Einsatz.  Dank integrierter Schloss\u00f6ffnungen kannst du dein Motorrad zus\u00e4tzlich sichern. Die Plane sitzt stabil und sch\u00fctzt dein Fahrzeug effektiv vor Witterungseinfl\u00fcssen und Verschmutzung.  Perfekt f\u00fcr drau\u00dfen oder Garage \u2013 passend f\u00fcr viele Motorradtypen in verschiedenen Gr\u00f6\u00dfen von M bis 4XL."},"content":{"rendered":"<div id=\"detail_decorate_root\" data-host=\"33757105\" data-magic-global=\"%7B%22bizId%22%3A2215427837427%2C%22pageId%22%3A21606473395%2C%22siteId%22%3A10100894029%7D\" data-id=\"detail_decorate_root\">\n<div class=\"J_module\">\n<div class=\"icbu-pc-images magic-8\">\n<div>\n<div class=\"flex-layout-v\">\n<div class=\"flex-layout-h magic-8\">\n<div class=\"magic-9\">\n<p data-start=\"151\" data-end=\"387\"><strong data-start=\"151\" data-end=\"168\">Beschreibung:<\/strong><br data-start=\"168\" data-end=\"171\" \/>Diese robuste Motorrad Abdeckplane sch\u00fctzt dein Motorrad zuverl\u00e4ssig vor Regen, Sonne, Staub und Schnee. Das hochwertige Oxford-Material ist wasserdicht, rei\u00dffest und langlebig \u2013 ideal f\u00fcr den ganzj\u00e4hrigen Einsatz.<\/p>\n<p data-start=\"389\" data-end=\"571\">Dank integrierter Schloss\u00f6ffnungen kannst du dein Motorrad zus\u00e4tzlich sichern. Die Plane sitzt stabil und sch\u00fctzt dein Fahrzeug effektiv vor Witterungseinfl\u00fcssen und Verschmutzung.<\/p>\n<p data-start=\"573\" data-end=\"679\">Perfekt f\u00fcr drau\u00dfen oder Garage \u2013 passend f\u00fcr viele Motorradtypen in verschiedenen Gr\u00f6\u00dfen von M bis 4XL.<\/p>\n<\/div>\n<\/div>\n<\/div>\n<\/div>\n<\/div>\n<\/div>\n<div class=\"J_module\">\n<div class=\"icbu-pc-detailManyImage magic-11\" data-module-name=\"icbu-pc-detailManyImage\">\n<div class=\"magic-12\"><img decoding=\"async\" class=\"magic-13\" src=\"\/\/sc04.alicdn.com\/kf\/H5ef334e51a624c2d8ad3be66e2f3610fZ\/268743625\/H5ef334e51a624c2d8ad3be66e2f3610fZ.jpg\" \/><\/div>\n<div class=\"magic-12\"><img decoding=\"async\" class=\"magic-13\" src=\"\/\/sc04.alicdn.com\/kf\/H5d304bc5d7a746b88afc725ae3b9b60aC\/268743625\/H5d304bc5d7a746b88afc725ae3b9b60aC.jpg\" \/><\/div>\n<div class=\"magic-12\"><img decoding=\"async\" class=\"magic-13\" src=\"\/\/sc04.alicdn.com\/kf\/H147bd3f38d834cf5bb1c906e10ab4d2em\/268743625\/H147bd3f38d834cf5bb1c906e10ab4d2em.jpg\" \/><\/div>\n<div class=\"magic-12\"><img decoding=\"async\" class=\"magic-13\" src=\"\/\/sc04.alicdn.com\/kf\/H2a97f011099d40439c0d61401d51d1fdp\/268743625\/H2a97f011099d40439c0d61401d51d1fdp.jpg\" \/><\/div>\n<div class=\"magic-12\"><img decoding=\"async\" class=\"magic-13\" src=\"\/\/sc04.alicdn.com\/kf\/He720845eb0994e6a8804dd3d07e36511Q\/268743625\/He720845eb0994e6a8804dd3d07e36511Q.jpg\" \/><\/div>\n<div class=\"magic-12\"><img decoding=\"async\" class=\"magic-13\" src=\"\/\/sc04.alicdn.com\/kf\/H4a20128814eb4fe582860c65bef231b1w\/268743625\/H4a20128814eb4fe582860c65bef231b1w.jpg\" \/><\/div>\n<div class=\"magic-12\"><img decoding=\"async\" class=\"magic-13\" src=\"\/\/sc04.alicdn.com\/kf\/Hc3838ddb155f4e7aa6a3a22d060d9e627\/268743625\/Hc3838ddb155f4e7aa6a3a22d060d9e627.jpg\" \/><\/div>\n<div class=\"magic-12\"><img decoding=\"async\" class=\"magic-13\" src=\"\/\/sc04.alicdn.com\/kf\/H7ea68d66be6147bcb8e1441accbac078w\/268743625\/H7ea68d66be6147bcb8e1441accbac078w.jpg\" \/><\/div>\n<div class=\"magic-12\"><img decoding=\"async\" class=\"magic-13\" src=\"\/\/sc04.alicdn.com\/kf\/H19a7e0dd3046421a9c266214eb608dd5x\/268743625\/H19a7e0dd3046421a9c266214eb608dd5x.jpg\" \/><\/div>\n<div class=\"magic-12\"><img decoding=\"async\" class=\"magic-13\" src=\"\/\/sc04.alicdn.com\/kf\/H41a3272026e449248af642c706ff8525d\/268743625\/H41a3272026e449248af642c706ff8525d.jpg\" \/><\/div>\n<\/div>\n<\/div>\n<div class=\"J_module\">\n<div class=\"icbu-pc-images magic-8\">\n<div>\n<div class=\"flex-layout-v\">\n<div class=\"flex-layout-h magic-8\">\n<div class=\"magic-14\"><img decoding=\"async\" class=\"magic-15\" src=\"\/\/sc04.alicdn.com\/kf\/Hbae2d0944ac446b8a371f2afa46305fdz\/268743625\/Hbae2d0944ac446b8a371f2afa46305fdz.jpg\" data-id=\"child-image-0\" \/><\/div>\n<\/div>\n<\/div>\n<\/div>\n<\/div>\n<\/div>\n<div class=\"J_module\">\n<div class=\"icbu-pc-images magic-8\">\n<div>\n<div class=\"flex-layout-v\">\n<div class=\"flex-layout-h magic-8\">\n<div class=\"magic-16\"><img decoding=\"async\" class=\"magic-17\" src=\"\/\/sc04.alicdn.com\/kf\/H75087c92f6084aba8c96a8784bef5e73Y\/268743625\/H75087c92f6084aba8c96a8784bef5e73Y.jpg\" data-id=\"child-image-0\" \/><\/div>\n<\/div>\n<\/div>\n<\/div>\n<\/div>\n<\/div>\n<div class=\"J_module\">\n<div class=\"icbu-pc-images magic-8\">\n<div>\n<div class=\"flex-layout-v\">\n<div class=\"flex-layout-h magic-8\">\n<div class=\"magic-18\"><img decoding=\"async\" class=\"magic-19\" src=\"\/\/sc04.alicdn.com\/kf\/Hdd394109903c4030ab5fa6e9172112feu\/268743625\/Hdd394109903c4030ab5fa6e9172112feu.jpg\" data-id=\"child-image-0\" \/><\/div>\n<\/div>\n<\/div>\n<\/div>\n<\/div>\n<\/div>\n<div class=\"J_module\">\n<div class=\"icbu-pc-detailSellerRecommend magic-20\" data-magic=\"{&quot;mds&quot;:{&quot;assetsVersion&quot;:&quot;0.0.14&quot;,&quot;assetsPackageName&quot;:&quot;icbumod&quot;,&quot;moduleNameAlias&quot;:&quot;icbu-pc-detailSellerRecommend&quot;,&quot;moduleData&quot;:{&quot;config&quot;:{&quot;columnCount&quot;:4,&quot;titleKey&quot;:6,&quot;products&quot;:[1600756925231,1600998402003,1600994434080,1600910828062,1601205714763,1601041099607,1601279530422,1601268089363,1601287409697,1601006775911,1600993086273,1600991950958]}}},&quot;version&quot;:1}\"><\/div>\n<\/div>\n<div class=\"J_module\">\n<div id=\"ali-anchor-AliMagic-vledhg\" class=\"magic-0\" data-section=\"AliMagic-vledhg\" data-section-title=\"Company Profile\">Company Profile<\/div>\n<\/div>\n<div class=\"J_module\">\n<div class=\"detail-decorate-json-renderer-container\">\n<div class=\"magic-21\">\n<div class=\"magic-22\">\n<div class=\"magic-23\">\n<div class=\"magic-24\">\n<p><span class=\"magic-25\"><b><\/b><span class=\"magic-25\"><span class=\"magic-26\"><b>Xuzhou Susen Outdoor Products Co., Ltd. <\/b><\/span><span class=\"magic-27\">specializes in the research, development and production of raincoats, ponchos, furniture dust covers and other products. The company is located in Xuzhou, Jiangsu, covering an area of 5,000 square meters, with a workshop area of nearly 2,000 square meters. The company&#8217;s annual output value in 2020 will exceed 15 million US dollars, and will grow at an average annual growth rate of 30%. The monthly production capacity of raincoats is 100000 pieces. As our scale<br \/>\ncontinues to expand, so does our production capacity. All our managers and workers are very stable. A group of high-level and professional marketing personnel ensure high-quality service. Products comply with ENISO 20471, ANSI \/ ISEA107-2010, EN 1150,EN13356, and are well received in Europe, America, Africa, Australia, the Middle East and many countries and regions. The productsare exported to more than 60 countries and the overseas sales exceeded 10 million U.S. dollars\u3002<\/span><\/span><\/span><\/p>\n<div><span class=\"magic-25\"><span class=\"magic-25\"><span class=\"magic-27\">\u00a0<\/span><\/span><\/span><\/div>\n<div><span class=\"magic-25\"><span class=\"magic-25\"><span class=\"magic-28\"><b>Welcome to send me an inquiry for more information.<\/b><\/span><span class=\"magic-27\"><br \/>\n<\/span><\/span><\/span><\/div>\n<\/div>\n<\/div>\n<\/div>\n<\/div>\n<\/div>\n<\/div>\n<div class=\"J_module\">\n<div class=\"icbu-pc-images magic-8\">\n<div>\n<div class=\"flex-layout-v\">\n<div class=\"flex-layout-h magic-8\">\n<div class=\"magic-29\"><img decoding=\"async\" class=\"magic-30\" src=\"\/\/sc04.alicdn.com\/kf\/H3acadeedb8c9461cadee089c0752440cf\/268743625\/H3acadeedb8c9461cadee089c0752440cf.jpg\" data-id=\"child-image-0\" \/><\/div>\n<\/div>\n<\/div>\n<\/div>\n<\/div>\n<\/div>\n<div class=\"J_module\">\n<div class=\"icbu-pc-images magic-8\">\n<div>\n<div class=\"flex-layout-v\">\n<div class=\"flex-layout-h magic-8\">\n<div class=\"magic-31\"><img decoding=\"async\" class=\"magic-32\" src=\"\/\/sc04.alicdn.com\/kf\/H6f83e71d2160463d8d6921dcdf4447c8Z\/268743625\/H6f83e71d2160463d8d6921dcdf4447c8Z.jpg\" data-id=\"child-image-0\" \/><\/div>\n<\/div>\n<\/div>\n<\/div>\n<\/div>\n<\/div>\n<div class=\"J_module\">\n<div class=\"icbu-pc-images magic-8\">\n<div>\n<div class=\"flex-layout-v\">\n<div class=\"flex-layout-h magic-8\">\n<div class=\"magic-33\"><img decoding=\"async\" class=\"magic-34\" src=\"\/\/sc04.alicdn.com\/kf\/Hf3eee273d767486389d9066de59e5bb83\/268743625\/Hf3eee273d767486389d9066de59e5bb83.png\" data-id=\"child-image-0\" \/><\/div>\n<\/div>\n<\/div>\n<\/div>\n<\/div>\n<\/div>\n<div class=\"J_module\">\n<div class=\"icbu-pc-images magic-8\">\n<div>\n<div class=\"flex-layout-v\">\n<div class=\"flex-layout-h magic-8\">\n<div class=\"magic-35\"><img decoding=\"async\" class=\"magic-36\" src=\"\/\/sc04.alicdn.com\/kf\/Ha8515332b95f45e2ae3c620279243ac6L\/268743625\/Ha8515332b95f45e2ae3c620279243ac6L.png\" data-id=\"child-image-0\" \/><\/div>\n<\/div>\n<\/div>\n<\/div>\n<\/div>\n<\/div>\n<div class=\"J_module\">\n<div class=\"icbu-pc-images magic-8\">\n<div>\n<div class=\"flex-layout-v\">\n<div class=\"flex-layout-h magic-8\">\n<div class=\"magic-37\"><img decoding=\"async\" class=\"magic-38\" src=\"\/\/sc04.alicdn.com\/kf\/He43fdc566d8d41f8928c6a0fbd36d377H\/268743625\/He43fdc566d8d41f8928c6a0fbd36d377H.png\" data-id=\"child-image-0\" \/><\/div>\n<\/div>\n<\/div>\n<\/div>\n<\/div>\n<\/div>\n<div class=\"J_module\">\n<div class=\"icbu-pc-images magic-8\">\n<div>\n<div class=\"flex-layout-v\">\n<div class=\"flex-layout-h magic-8\">\n<div class=\"magic-39\"><img decoding=\"async\" class=\"magic-40\" src=\"\/\/sc04.alicdn.com\/kf\/H379639d585ba48d4b6fcc27e682f7107U\/268743625\/H379639d585ba48d4b6fcc27e682f7107U.jpg\" data-id=\"child-image-0\" \/><\/div>\n<\/div>\n<\/div>\n<\/div>\n<\/div>\n<\/div>\n<div class=\"J_module\">\n<div class=\"icbu-pc-images magic-8\">\n<div>\n<div class=\"flex-layout-v\">\n<div class=\"flex-layout-h magic-8\">\n<div class=\"magic-41\"><img decoding=\"async\" class=\"magic-42\" src=\"\/\/sc04.alicdn.com\/kf\/Hd2be1238da244b859028fca388033a70x\/268743625\/Hd2be1238da244b859028fca388033a70x.jpg\" data-id=\"child-image-0\" \/><\/div>\n<\/div>\n<\/div>\n<\/div>\n<\/div>\n<\/div>\n<div class=\"J_module\">\n<div class=\"icbu-pc-images magic-8\">\n<div>\n<div class=\"flex-layout-v\">\n<div class=\"flex-layout-h magic-8\">\n<div class=\"magic-43\"><img decoding=\"async\" class=\"magic-44\" src=\"\/\/sc04.alicdn.com\/kf\/Hcdfd0ba02b6d4c59af1c688ef6b62134a\/268743625\/Hcdfd0ba02b6d4c59af1c688ef6b62134a.png\" data-id=\"child-image-0\" \/><\/div>\n<\/div>\n<\/div>\n<\/div>\n<\/div>\n<\/div>\n<div class=\"J_module\">\n<div class=\"icbu-pc-images magic-8\">\n<div>\n<div class=\"flex-layout-v\">\n<div class=\"flex-layout-h magic-8\">\n<div class=\"magic-45\"><img decoding=\"async\" class=\"magic-46\" src=\"\/\/sc04.alicdn.com\/kf\/Hea4469be9dcb41dca4e4ed7a20206c58a\/268743625\/Hea4469be9dcb41dca4e4ed7a20206c58a.jpg\" data-id=\"child-image-0\" \/><\/div>\n<\/div>\n<\/div>\n<\/div>\n<\/div>\n<\/div>\n<div class=\"J_module\">\n<div class=\"icbu-pc-images magic-8\">\n<div>\n<div class=\"flex-layout-v\">\n<div class=\"flex-layout-h magic-8\">\n<div class=\"magic-47\"><img decoding=\"async\" class=\"magic-48\" src=\"\/\/sc04.alicdn.com\/kf\/H28141835b478498f9a9daf93d7844c56r\/268743625\/H28141835b478498f9a9daf93d7844c56r.jpg\" data-id=\"child-image-0\" \/><\/div>\n<\/div>\n<\/div>\n<\/div>\n<\/div>\n<\/div>\n<div class=\"J_module\">\n<div class=\"icbu-pc-images magic-8\">\n<div>\n<div class=\"flex-layout-v\">\n<div class=\"flex-layout-h magic-8\">\n<div class=\"magic-49\"><img decoding=\"async\" class=\"magic-50\" src=\"\/\/sc04.alicdn.com\/kf\/Hba3085bf432b4015b57e4e6b56c0e5e73\/268743625\/Hba3085bf432b4015b57e4e6b56c0e5e73.png\" data-id=\"child-image-0\" \/><\/div>\n<\/div>\n<\/div>\n<\/div>\n<\/div>\n<\/div>\n<div class=\"J_module\">\n<div id=\"ali-anchor-AliMagic-ndazo7\" class=\"magic-0\" data-section=\"AliMagic-ndazo7\" data-section-title=\"FAQ\">FAQ<\/div>\n<\/div>\n<div class=\"J_module\">\n<div class=\"detail-decorate-json-renderer-container\">\n<div class=\"magic-21\">\n<div class=\"magic-22\">\n<div class=\"magic-23\">\n<div class=\"magic-24\">\n<p><span class=\"magic-28\">1.I wonder if you accept small orders?<\/span><\/p>\n<div><\/div>\n<div><span class=\"magic-27\"> Please feel free to contact us no matter how many products you want, we will try our best<br \/>\nto get the best price for you. <\/span><\/div>\n<div><\/div>\n<div><span class=\"magic-28\">2.Can you accept OEM\/ODM orders?<\/span><\/div>\n<div><\/div>\n<div><span class=\"magic-27\">We accept all OEM and ODM orders, just give us your design, we will make samples for you soon. <\/span><\/div>\n<div><\/div>\n<div><span class=\"magic-28\">3.When can I get the quotation?<\/span><\/div>\n<div><\/div>\n<div><span class=\"magic-27\">We usually quote you within 24 hours in getting your inquiry. If you are very urgent to get the quotation, please call us or tell us in your E-mail, so that we could focus your inquiry priority. <\/span><\/div>\n<div><span class=\"magic-28\">4. How long to delivery the products? <\/span><\/div>\n<div><\/div>\n<div><span class=\"magic-27\">If it&#8217;s the stocked item, we can delivery in 3 days, If it&#8217;s not, normally it will take 7 to 20 days depend on the quantity of the order. <\/span><\/div>\n<div><\/div>\n<div><span class=\"magic-28\">5. Can you do design for me? <\/span><\/div>\n<div><\/div>\n<div><span class=\"magic-27\">We have experienced designers, according to your requirement, we can add your company logo, website, phone number or any of your ideas on the products or on the box&#8230; Just tell me your ideas, and let me do it for you. <\/span><\/div>\n<div><\/div>\n<div><span class=\"magic-28\">6. Can we get samples? <\/span><\/div>\n<div><\/div>\n<div><span class=\"magic-27\">What is the lead time for samples? Yes, usually we have stock, and we will ship it immediately after receiving the payment. If you need to customize it, it will take 5 working days. <\/span><\/div>\n<div><\/div>\n<div><span class=\"magic-28\">7.Are you amanufacturer or a trading company? <\/span><\/div>\n<div><\/div>\n<div><span class=\"magic-27\">Of course, we are a professional manufacturer with many years of production experience. Our company has about 250-300 employees. <\/span><\/div>\n<div><\/div>\n<div><span class=\"magic-28\">8.How does your factory control quality?<\/span><\/div>\n<div><\/div>\n<div><span class=\"magic-27\"> Before production\uff1asales and technical will check carefully; <\/span><\/div>\n<div><span class=\"magic-27\">In production\uff1a we have strict online quality control checks;<\/span><\/div>\n<div><span class=\"magic-27\"> Before packaging of finished products: we will arrange full inspection of products, and only products that pass the inspection will be arranged for online packaging. <\/span><\/div>\n<div><span class=\"magic-27\">After production\uff1aconduct random inspections of the goods.<\/span><\/div>\n<\/div>\n<\/div>\n<\/div>\n<\/div>\n<\/div>\n<\/div>\n<\/div>\n","protected":false},"excerpt":{"rendered":"<p>Beschreibung:Diese robuste Motorrad Abdeckplane sch\u00fctzt dein Motorrad zuverl\u00e4ssig vor Regen, Sonne, Staub und Schnee. Das hochwertige Oxford-Material ist wasserdicht, rei\u00dffest und langlebig \u2013 ideal f\u00fcr den ganzj\u00e4hrigen Einsatz. Dank integrierter Schloss\u00f6ffnungen kannst du dein Motorrad zus\u00e4tzlich sichern. Die Plane sitzt stabil und sch\u00fctzt dein Fahrzeug effektiv vor Witterungseinfl\u00fcssen und Verschmutzung. Perfekt f\u00fcr drau\u00dfen oder Garage [&hellip;]<\/p>\n","protected":false},"featured_media":19133,"comment_status":"open","ping_status":"closed","template":"","meta":{"_seopress_robots_primary_cat":"none","_seopress_titles_title":"","_seopress_titles_desc":"","_seopress_robots_index":"","googlesitekit_rrm_CAowz76iDA:productID":""},"product_brand":[],"product_cat":[595,4128],"product_tag":[4124,4121,4125,4122,4123,4127,4126],"class_list":{"0":"post-19139","1":"product","2":"type-product","3":"status-publish","4":"has-post-thumbnail","6":"product_cat-motorcycles","7":"product_cat-motorradzubehoer","8":"product_tag-abdeckplane-motorrad-outdoor","9":"product_tag-motorrad-abdeckung","10":"product_tag-motorrad-garage-schutz","11":"product_tag-motorrad-plane-wasserdicht","12":"product_tag-motorrad-schutzplane","13":"product_tag-motorradzubehoer","14":"product_tag-wasserdichte-motorrad-plane","16":"first","17":"instock","18":"sale","19":"taxable","20":"shipping-taxable","21":"purchasable","22":"product-type-variable"},"_links":{"self":[{"href":"https:\/\/linkmarkt.eu\/en\/wp-json\/wp\/v2\/product\/19139","targetHints":{"allow":["GET"]}}],"collection":[{"href":"https:\/\/linkmarkt.eu\/en\/wp-json\/wp\/v2\/product"}],"about":[{"href":"https:\/\/linkmarkt.eu\/en\/wp-json\/wp\/v2\/types\/product"}],"replies":[{"embeddable":true,"href":"https:\/\/linkmarkt.eu\/en\/wp-json\/wp\/v2\/comments?post=19139"}],"version-history":[{"count":2,"href":"https:\/\/linkmarkt.eu\/en\/wp-json\/wp\/v2\/product\/19139\/revisions"}],"predecessor-version":[{"id":19667,"href":"https:\/\/linkmarkt.eu\/en\/wp-json\/wp\/v2\/product\/19139\/revisions\/19667"}],"wp:featuredmedia":[{"embeddable":true,"href":"https:\/\/linkmarkt.eu\/en\/wp-json\/wp\/v2\/media\/19133"}],"wp:attachment":[{"href":"https:\/\/linkmarkt.eu\/en\/wp-json\/wp\/v2\/media?parent=19139"}],"wp:term":[{"taxonomy":"product_brand","embeddable":true,"href":"https:\/\/linkmarkt.eu\/en\/wp-json\/wp\/v2\/product_brand?post=19139"},{"taxonomy":"product_cat","embeddable":true,"href":"https:\/\/linkmarkt.eu\/en\/wp-json\/wp\/v2\/product_cat?post=19139"},{"taxonomy":"product_tag","embeddable":true,"href":"https:\/\/linkmarkt.eu\/en\/wp-json\/wp\/v2\/product_tag?post=19139"}],"curies":[{"name":"wp","href":"https:\/\/api.w.org\/{rel}","templated":true}]}}