{"id":19178,"date":"2026-02-27T11:29:31","date_gmt":"2026-02-27T10:29:31","guid":{"rendered":"https:\/\/linkmarkt.eu\/?post_type=product&#038;p=19178"},"modified":"2026-03-20T10:51:53","modified_gmt":"2026-03-20T09:51:53","slug":"2025-movistar-team-langarm-radtrikots-ropa-ciclismo-maillot-fahrradbekleidung-atmungsaktive-mtb-bike-radbekleidung","status":"publish","type":"product","link":"https:\/\/linkmarkt.eu\/en\/product\/2025-movistar-team-langarm-radtrikots-ropa-ciclismo-maillot-fahrradbekleidung-atmungsaktive-mtb-bike-radbekleidung\/","title":{"rendered":"Atmungsaktives Cycling Set Langarm \u2013 Fahrradbekleidung Herren Damen mit 19D Gel Pad | MTB Rennrad Jersey Set"},"content":{"rendered":"<p data-start=\"166\" data-end=\"417\">Dieses hochwertige Movistar Cycling Set ist ideal f\u00fcr alle, die komfortabel und leistungsstark Rad fahren m\u00f6chten. Das atmungsaktive und schnelltrocknende Material sorgt daf\u00fcr, dass du auch bei intensiven Fahrten trocken bleibst.<\/p>\n<p data-start=\"419\" data-end=\"649\">Das integrierte 19D Gel Sitzpolster bietet hohen Komfort und reduziert Druck bei l\u00e4ngeren Strecken. Dank elastischem, enganliegendem Stoff passt sich das Set perfekt deinem K\u00f6rper an und unterst\u00fctzt deine Bewegungen beim Fahren.<\/p>\n<p data-start=\"651\" data-end=\"837\">Zus\u00e4tzliche Mesh-Eins\u00e4tze verbessern die Bel\u00fcftung, w\u00e4hrend Anti-Rutsch-B\u00e4nder verhindern, dass Trikot oder Hose verrutschen. Perfekt geeignet f\u00fcr MTB, Rennrad oder t\u00e4gliches Training.<\/p>\n<p data-start=\"839\" data-end=\"918\">Wichtig: Asiatische Gr\u00f6\u00dfen fallen kleiner aus. Bitte w\u00e4hle 1\u20132 Gr\u00f6\u00dfen gr\u00f6\u00dfer.<\/p>\n<div class=\"detailmodule_html\">\n<div class=\"detail-desc-decorate-richtext\">\n<div style=\"border: 0px;\">\n<p style=\"text-align: left; margin: 0px;\" align=\"left\"><img decoding=\"async\" src=\"http:\/\/ae01.alicdn.com\/kf\/H697088e24ebc4d23882fb739aff596dds.jpg?width=800&amp;height=800&amp;hash=1600\" \/><img decoding=\"async\" src=\"http:\/\/ae01.alicdn.com\/kf\/Hd50926f53e8a4d53a75d46c3e2b40054n.jpg?width=802&amp;height=802&amp;hash=1604\" \/><\/p>\n<div><\/div>\n<div>\n<div><img decoding=\"async\" src=\"http:\/\/ae01.alicdn.com\/kf\/H0645be98ee8b437491d89c429a5b97c4D.jpg?width=800&amp;height=200&amp;hash=1000\" \/><\/div>\n<p>&nbsp;<\/p>\n<h2><img decoding=\"async\" src=\"http:\/\/ae01.alicdn.com\/kf\/H5bbd6a26b8144a789481867811c4b334g.jpg?width=960&amp;height=371&amp;hash=1331\" \/><\/h2>\n<div>\n<div>\n<div>\n<div>\n<div>\n<div class=\"detailmodule_dynamic\"><\/div>\n<\/div>\n<\/div>\n<\/div>\n<\/div>\n<\/div>\n<div><\/div>\n<\/div>\n<\/div>\n<p>&nbsp;<\/p>\n<\/div>\n<\/div>\n","protected":false},"excerpt":{"rendered":"<p>Dieses hochwertige Movistar Cycling Set ist ideal f\u00fcr alle, die komfortabel und leistungsstark Rad fahren m\u00f6chten. Das atmungsaktive und schnelltrocknende Material sorgt daf\u00fcr, dass du auch bei intensiven Fahrten trocken bleibst. Das integrierte 19D Gel Sitzpolster bietet hohen Komfort und reduziert Druck bei l\u00e4ngeren Strecken. Dank elastischem, enganliegendem Stoff passt sich das Set perfekt deinem [&hellip;]<\/p>\n","protected":false},"featured_media":19153,"comment_status":"open","ping_status":"closed","template":"","meta":{"_seopress_robots_primary_cat":"none","_seopress_titles_title":"","_seopress_titles_desc":"","_seopress_robots_index":"","googlesitekit_rrm_CAowz76iDA:productID":""},"product_brand":[],"product_cat":[4112],"product_tag":[4120,4114,4117,4113,4118,4115,4116,4119],"class_list":{"0":"post-19178","1":"product","2":"type-product","3":"status-publish","4":"has-post-thumbnail","6":"product_cat-radsportbekleidung","7":"product_tag-atmungsaktiv-fahrrad","8":"product_tag-cycling-set-langarm","9":"product_tag-fahrradbekleidung-set","10":"product_tag-fahrradtrikot-herren","11":"product_tag-gel-polster-fahrrad-hose","12":"product_tag-mtb-bekleidung","13":"product_tag-radsport-kleidung","14":"product_tag-rennrad-outfit","16":"first","17":"instock","18":"sale","19":"taxable","20":"shipping-taxable","21":"purchasable","22":"product-type-variable"},"_links":{"self":[{"href":"https:\/\/linkmarkt.eu\/en\/wp-json\/wp\/v2\/product\/19178","targetHints":{"allow":["GET"]}}],"collection":[{"href":"https:\/\/linkmarkt.eu\/en\/wp-json\/wp\/v2\/product"}],"about":[{"href":"https:\/\/linkmarkt.eu\/en\/wp-json\/wp\/v2\/types\/product"}],"replies":[{"embeddable":true,"href":"https:\/\/linkmarkt.eu\/en\/wp-json\/wp\/v2\/comments?post=19178"}],"version-history":[{"count":2,"href":"https:\/\/linkmarkt.eu\/en\/wp-json\/wp\/v2\/product\/19178\/revisions"}],"predecessor-version":[{"id":19665,"href":"https:\/\/linkmarkt.eu\/en\/wp-json\/wp\/v2\/product\/19178\/revisions\/19665"}],"wp:featuredmedia":[{"embeddable":true,"href":"https:\/\/linkmarkt.eu\/en\/wp-json\/wp\/v2\/media\/19153"}],"wp:attachment":[{"href":"https:\/\/linkmarkt.eu\/en\/wp-json\/wp\/v2\/media?parent=19178"}],"wp:term":[{"taxonomy":"product_brand","embeddable":true,"href":"https:\/\/linkmarkt.eu\/en\/wp-json\/wp\/v2\/product_brand?post=19178"},{"taxonomy":"product_cat","embeddable":true,"href":"https:\/\/linkmarkt.eu\/en\/wp-json\/wp\/v2\/product_cat?post=19178"},{"taxonomy":"product_tag","embeddable":true,"href":"https:\/\/linkmarkt.eu\/en\/wp-json\/wp\/v2\/product_tag?post=19178"}],"curies":[{"name":"wp","href":"https:\/\/api.w.org\/{rel}","templated":true}]}}