{"id":2452,"date":"2025-01-04T12:51:52","date_gmt":"2025-01-04T11:51:52","guid":{"rendered":"https:\/\/linkmarkt.eu\/o-nas\/"},"modified":"2025-03-26T20:37:54","modified_gmt":"2025-03-26T19:37:54","slug":"o-nas","status":"publish","type":"page","link":"https:\/\/linkmarkt.eu\/pl\/o-nas\/","title":{"rendered":"O nas"},"content":{"rendered":"\t\t<div data-elementor-type=\"wp-page\" data-elementor-id=\"2452\" class=\"elementor elementor-2452 elementor-1213\">\n\t\t\t\t<div class=\"elementor-element elementor-element-4ef80e1 e-con-full e-flex e-con e-parent\" data-id=\"4ef80e1\" data-element_type=\"container\" data-e-type=\"container\" data-settings=\"{&quot;background_background&quot;:&quot;classic&quot;}\">\n\t\t\t\t<div class=\"elementor-element elementor-element-0c11ba6 elementor-widget elementor-widget-heading\" data-id=\"0c11ba6\" data-element_type=\"widget\" data-e-type=\"widget\" data-widget_type=\"heading.default\">\n\t\t\t\t<div class=\"elementor-widget-container\">\n\t\t\t\t\t<h2 class=\"elementor-heading-title elementor-size-default\">O nas<\/h2>\t\t\t\t<\/div>\n\t\t\t\t<\/div>\n\t\t\t\t<\/div>\n\t\t<div class=\"elementor-element elementor-element-9794b09 e-con-full e-flex e-con e-parent\" data-id=\"9794b09\" data-element_type=\"container\" data-e-type=\"container\">\n\t\t<div class=\"elementor-element elementor-element-3cb7270 e-con-full animated-slow e-flex elementor-invisible e-con e-child\" data-id=\"3cb7270\" data-element_type=\"container\" data-e-type=\"container\" data-settings=\"{&quot;background_background&quot;:&quot;classic&quot;,&quot;animation&quot;:&quot;fadeInLeft&quot;,&quot;animation_delay&quot;:0.01}\">\n\t\t\t\t<div class=\"elementor-element elementor-element-f56260b elementor-widget elementor-widget-image\" data-id=\"f56260b\" data-element_type=\"widget\" data-e-type=\"widget\" data-widget_type=\"image.default\">\n\t\t\t\t<div class=\"elementor-widget-container\">\n\t\t\t\t\t\t\t\t\t\t\t\t\t\t\t<img alt=\"\" fetchpriority=\"high\" decoding=\"async\" width=\"512\" height=\"512\" src=\"https:\/\/linkmarkt.eu\/wp-content\/uploads\/2024\/12\/cropped-DALL\u00b7E-2024-12-25-12.33.23-A-digital-advertisement-image-featuring-a-prominent-highlighted-ad-with-options-for-clicks-and-views.-The-ad-is-displayed-with-a-border-and-is-on-.webp\" class=\"attachment-full size-full wp-image-2180\" alt=\"\" srcset=\"https:\/\/linkmarkt.eu\/wp-content\/uploads\/2024\/12\/cropped-DALL\u00b7E-2024-12-25-12.33.23-A-digital-advertisement-image-featuring-a-prominent-highlighted-ad-with-options-for-clicks-and-views.-The-ad-is-displayed-with-a-border-and-is-on-.webp 512w, https:\/\/linkmarkt.eu\/wp-content\/uploads\/2024\/12\/cropped-DALL\u00b7E-2024-12-25-12.33.23-A-digital-advertisement-image-featuring-a-prominent-highlighted-ad-with-options-for-clicks-and-views.-The-ad-is-displayed-with-a-border-and-is-on--300x300.webp 300w, https:\/\/linkmarkt.eu\/wp-content\/uploads\/2024\/12\/cropped-DALL\u00b7E-2024-12-25-12.33.23-A-digital-advertisement-image-featuring-a-prominent-highlighted-ad-with-options-for-clicks-and-views.-The-ad-is-displayed-with-a-border-and-is-on--150x150.webp 150w, https:\/\/linkmarkt.eu\/wp-content\/uploads\/2024\/12\/cropped-DALL\u00b7E-2024-12-25-12.33.23-A-digital-advertisement-image-featuring-a-prominent-highlighted-ad-with-options-for-clicks-and-views.-The-ad-is-displayed-with-a-border-and-is-on--200x200.webp 200w, https:\/\/linkmarkt.eu\/wp-content\/uploads\/2024\/12\/cropped-DALL\u00b7E-2024-12-25-12.33.23-A-digital-advertisement-image-featuring-a-prominent-highlighted-ad-with-options-for-clicks-and-views.-The-ad-is-displayed-with-a-border-and-is-on--100x100.webp 100w, https:\/\/linkmarkt.eu\/wp-content\/uploads\/2024\/12\/cropped-DALL\u00b7E-2024-12-25-12.33.23-A-digital-advertisement-image-featuring-a-prominent-highlighted-ad-with-options-for-clicks-and-views.-The-ad-is-displayed-with-a-border-and-is-on--270x270.webp 270w, https:\/\/linkmarkt.eu\/wp-content\/uploads\/2024\/12\/cropped-DALL\u00b7E-2024-12-25-12.33.23-A-digital-advertisement-image-featuring-a-prominent-highlighted-ad-with-options-for-clicks-and-views.-The-ad-is-displayed-with-a-border-and-is-on--192x192.webp 192w, https:\/\/linkmarkt.eu\/wp-content\/uploads\/2024\/12\/cropped-DALL\u00b7E-2024-12-25-12.33.23-A-digital-advertisement-image-featuring-a-prominent-highlighted-ad-with-options-for-clicks-and-views.-The-ad-is-displayed-with-a-border-and-is-on--180x180.webp 180w, https:\/\/linkmarkt.eu\/wp-content\/uploads\/2024\/12\/cropped-DALL\u00b7E-2024-12-25-12.33.23-A-digital-advertisement-image-featuring-a-prominent-highlighted-ad-with-options-for-clicks-and-views.-The-ad-is-displayed-with-a-border-and-is-on--32x32.webp 32w\" sizes=\"(max-width: 512px) 100vw, 512px\" \/>\t\t\t\t\t\t\t\t\t\t\t\t\t\t\t<\/div>\n\t\t\t\t<\/div>\n\t\t\t\t<\/div>\n\t\t<div class=\"elementor-element elementor-element-3732913 e-con-full animated-slow e-flex elementor-invisible e-con e-child\" data-id=\"3732913\" data-element_type=\"container\" data-e-type=\"container\" data-settings=\"{&quot;animation&quot;:&quot;fadeInRight&quot;,&quot;animation_delay&quot;:0.01}\">\n\t\t\t\t<div class=\"elementor-element elementor-element-1a3b51c elementor-widget elementor-widget-text-editor\" data-id=\"1a3b51c\" data-element_type=\"widget\" data-e-type=\"widget\" data-widget_type=\"text-editor.default\">\n\t\t\t\t<div class=\"elementor-widget-container\">\n\t\t\t\t\t\t\t\t\t<p class=\"\" data-start=\"0\" data-end=\"9\"><strong data-start=\"0\" data-end=\"9\">O nas<\/strong><\/p>\n<p><\/p>\n<p class=\"\" data-start=\"11\" data-end=\"280\">Witamy na LinkMarket.eu \u2013 nowoczesnej platformie og\u0142oszeniowej, kt\u00f3ra \u0142\u0105czy ludzi i firmy w ca\u0142ej Europie! Nasz\u0105 misj\u0105 jest stworzenie miejsca, w kt\u00f3rym ka\u017cdy \u2013 od przedsi\u0119biorc\u00f3w po osoby prywatne \u2013 mo\u017ce z \u0142atwo\u015bci\u0105 promowa\u0107 swoje produkty, us\u0142ugi lub w\u0142asne projekty.<\/p>\n<p><\/p>\n<p class=\"\" data-start=\"282\" data-end=\"569\">W LinkMarkt.eu tworzymy zesp\u00f3\u0142 pe\u0142en pasji \u2013 przedsi\u0119biorcy i entuzja\u015bci e-commerce \u2013 kt\u00f3rzy po\u015bwi\u0119caj\u0105 si\u0119 budowie platformy \u0142\u0105cz\u0105cej kupuj\u0105cych i sprzedaj\u0105cych w sprawnym i godnym zaufania \u015brodowisku. Naszym celem jest wspieranie os\u00f3b i firm, by mog\u0142y odnie\u015b\u0107 sukces na rynku cyfrowym.<\/p>\n<p><\/p>\n<p class=\"\" data-start=\"571\" data-end=\"620\">Dzia\u0142amy z my\u015bl\u0105 o rynku europejskim i oferujemy:<\/p>\n<ul data-start=\"622\" data-end=\"901\">\n<li class=\"\" data-start=\"622\" data-end=\"724\">\n<p class=\"\" data-start=\"624\" data-end=\"724\"><strong data-start=\"624\" data-end=\"648\">Paneuropejski zasi\u0119g<\/strong> \u2013 nawi\u0105zuj kontakty z klientami i partnerami biznesowymi w ca\u0142ej Europie.<\/p>\n<\/li>\n<li class=\"\" data-start=\"725\" data-end=\"820\">\n<p class=\"\" data-start=\"727\" data-end=\"820\"><strong data-start=\"727\" data-end=\"765\">Profesjonalne narz\u0119dzia promocyjne<\/strong>, w tym specjalne sekcje na tre\u015bci biznesowe i linki.<\/p>\n<\/li>\n<li class=\"\" data-start=\"821\" data-end=\"901\">\n<p class=\"\" data-start=\"823\" data-end=\"901\"><strong data-start=\"823\" data-end=\"853\">Prostot\u0119 i \u0142atwo\u015b\u0107 obs\u0142ugi<\/strong> \u2013 dodawanie og\u0142osze\u0144 nigdy nie by\u0142o tak proste.<\/p>\n<\/li>\n<\/ul>\n<p><\/p>\n<p class=\"\" data-start=\"903\" data-end=\"1112\">LinkMarket.eu to platforma, na kt\u00f3rej lokalne i mi\u0119dzynarodowe firmy mog\u0105 si\u0119 rozwija\u0107, wsp\u00f3\u0142pracowa\u0107 i realizowa\u0107 swoje cele. Wierzymy, \u017ce nasz portal pomo\u017ce Ci szybko i skutecznie osi\u0105gn\u0105\u0107 Twoje zamierzenia.<\/p>\n\t\t\t\t\t\t\t\t<\/div>\n\t\t\t\t<\/div>\n\t\t\t\t<\/div>\n\t\t\t\t<\/div>\n\t\t<div class=\"elementor-element elementor-element-153e64c e-con-full animated-slow e-flex elementor-invisible e-con e-parent\" data-id=\"153e64c\" data-element_type=\"container\" data-e-type=\"container\" data-settings=\"{&quot;animation&quot;:&quot;fadeInUp&quot;,&quot;animation_delay&quot;:0.01}\">\n\t\t<div class=\"elementor-element elementor-element-529f15e e-con-full e-flex e-con e-child\" data-id=\"529f15e\" data-element_type=\"container\" data-e-type=\"container\">\n\t\t\t\t<div class=\"elementor-element elementor-element-66da350 elementor-widget elementor-widget-text-editor\" data-id=\"66da350\" data-element_type=\"widget\" data-e-type=\"widget\" data-widget_type=\"text-editor.default\">\n\t\t\t\t<div class=\"elementor-widget-container\">\n\t\t\t\t\t\t\t\t\t<h3 class=\"\" data-start=\"129\" data-end=\"142\"><strong data-start=\"133\" data-end=\"142\">O nas<\/strong><\/h3><br><p class=\"\" data-start=\"144\" data-end=\"414\">Witamy na LinkMarket.eu \u2013 nowoczesnej platformie og\u0142oszeniowej, kt\u00f3ra \u0142\u0105czy ludzi i firmy z ca\u0142ej Europy! Nasz\u0105 misj\u0105 jest stworzenie przestrzeni, w kt\u00f3rej ka\u017cdy \u2013 od przedsi\u0119biorc\u00f3w po osoby prywatne \u2013 mo\u017ce z \u0142atwo\u015bci\u0105 zaprezentowa\u0107 swoje produkty, us\u0142ugi lub projekty.<\/p><br><p class=\"\" data-start=\"416\" data-end=\"660\">Jeste\u015bmy zespo\u0142em pasjonat\u00f3w przedsi\u0119biorczo\u015bci i e-commerce, kt\u00f3rzy stworzyli platform\u0119 \u0142\u0105cz\u0105c\u0105 kupuj\u0105cych i sprzedaj\u0105cych w prostym i godnym zaufania \u015brodowisku. Naszym celem jest wspieranie os\u00f3b i firm w osi\u0105ganiu sukces\u00f3w na cyfrowym rynku.<\/p><br><p class=\"\" data-start=\"662\" data-end=\"711\">Dzia\u0142amy z my\u015bl\u0105 o rynku europejskim i oferujemy:<\/p><br><br><ul data-start=\"713\" data-end=\"1005\">\r\n \t<li class=\"\" data-start=\"713\" data-end=\"829\">\r\n<p class=\"\" data-start=\"715\" data-end=\"829\"><strong data-start=\"715\" data-end=\"741\">Zasi\u0119g w ca\u0142ej Europie<\/strong> \u2013 nawi\u0105zuj kontakty z klientami i partnerami biznesowymi na terenie ca\u0142ego kontynentu<\/p>\r\n<\/li>\r\n \t<li class=\"\" data-start=\"830\" data-end=\"915\">\r\n<p class=\"\" data-start=\"832\" data-end=\"915\"><strong data-start=\"832\" data-end=\"870\">Profesjonalne narz\u0119dzia promocyjne<\/strong>, w tym specjalne sekcje na linki biznesowe<\/p>\r\n<\/li>\r\n \t<li class=\"\" data-start=\"916\" data-end=\"1005\">\r\n<p class=\"\" data-start=\"918\" data-end=\"1005\"><strong data-start=\"918\" data-end=\"951\">Prostot\u0119 i intuicyjn\u0105 obs\u0142ug\u0119<\/strong> \u2013 dodawanie og\u0142osze\u0144 jeszcze nigdy nie by\u0142o tak \u0142atwe<\/p>\r\n<\/li>\r\n<\/ul><br><p class=\"\" data-start=\"1007\" data-end=\"1216\">LinkMarket.eu to przestrze\u0144, w kt\u00f3rej lokalne i mi\u0119dzynarodowe firmy mog\u0105 si\u0119 rozwija\u0107, wsp\u00f3\u0142pracowa\u0107 i realizowa\u0107 swoje cele. Wierzymy, \u017ce nasz portal pomo\u017ce Ci osi\u0105gn\u0105\u0107 Twoje zamierzenia szybko i skutecznie.<\/p><br><br><br><hr class=\"\" data-start=\"1218\" data-end=\"1221\" \/><br><br><h3 class=\"\" data-start=\"1223\" data-end=\"1245\"><strong data-start=\"1227\" data-end=\"1245\">Nasza historia<\/strong><\/h3><br><p class=\"\" data-start=\"1247\" data-end=\"1606\">LinkMarkt.eu zosta\u0142 za\u0142o\u017cony przez grup\u0119 przyjaci\u00f3\u0142, kt\u00f3rych \u0142\u0105czy\u0142a wsp\u00f3lna wizja stworzenia platformy, kt\u00f3ra zrewolucjonizuje spos\u00f3b kupowania i sprzedawania online. Dzi\u0119ki po\u0142\u0105czonemu do\u015bwiadczeniu w e-commerce, marketingu i technologii stworzyli\u015bmy miejsce, kt\u00f3re zapewnia kupuj\u0105cym wyj\u0105tkowe do\u015bwiadczenie zakupowe, a sprzedaj\u0105cym przewag\u0119 konkurencyjn\u0105.<\/p><br><br><br><hr class=\"\" data-start=\"1608\" data-end=\"1611\" \/><br><br><h3 class=\"\" data-start=\"1613\" data-end=\"1635\"><strong data-start=\"1617\" data-end=\"1635\">Nasze warto\u015bci<\/strong><\/h3><br><p class=\"\" data-start=\"1637\" data-end=\"1689\">W LinkMarkt.eu kierujemy si\u0119 nast\u0119puj\u0105cymi zasadami:<\/p><br><br><ul data-start=\"1691\" data-end=\"2254\">\r\n \t<li class=\"\" data-start=\"1691\" data-end=\"1805\">\r\n<p class=\"\" data-start=\"1693\" data-end=\"1805\"><strong data-start=\"1693\" data-end=\"1705\">Zaufanie<\/strong> \u2013 to podstawa ka\u017cdej udanej relacji biznesowej. Stawiamy na przejrzysto\u015b\u0107, uczciwo\u015b\u0107 i rzetelno\u015b\u0107<\/p>\r\n<\/li>\r\n \t<li class=\"\" data-start=\"1806\" data-end=\"1921\">\r\n<p class=\"\" data-start=\"1808\" data-end=\"1921\"><strong data-start=\"1808\" data-end=\"1821\">Innowacja<\/strong> \u2013 stale szukamy nowych rozwi\u0105za\u0144 i udoskonale\u0144, kt\u00f3re poprawi\u0105 do\u015bwiadczenie naszych u\u017cytkownik\u00f3w<\/p>\r\n<\/li>\r\n \t<li class=\"\" data-start=\"1922\" data-end=\"2061\">\r\n<p class=\"\" data-start=\"1924\" data-end=\"2061\"><strong data-start=\"1924\" data-end=\"1949\">Skupienie na kliencie<\/strong> \u2013 nasi u\u017cytkownicy s\u0105 dla nas najwa\u017cniejsi. S\u0142uchamy opinii i nieustannie d\u0105\u017cymy do podnoszenia jako\u015bci us\u0142ug<\/p>\r\n<\/li>\r\n \t<li class=\"\" data-start=\"2062\" data-end=\"2135\">\r\n<p class=\"\" data-start=\"2064\" data-end=\"2135\"><strong data-start=\"2064\" data-end=\"2074\">Jako\u015b\u0107<\/strong> \u2013 dbamy o najwy\u017cszy standard us\u0142ug i oferowanych produkt\u00f3w<\/p>\r\n<\/li>\r\n \t<li class=\"\" data-start=\"2136\" data-end=\"2254\">\r\n<p class=\"\" data-start=\"2138\" data-end=\"2254\"><strong data-start=\"2138\" data-end=\"2153\">Spo\u0142eczno\u015b\u0107<\/strong> \u2013 nasza spo\u0142eczno\u015b\u0107 to serce ca\u0142ej platformy. Chcemy, aby by\u0142a wspieraj\u0105ca, otwarta i pe\u0142na szacunku<\/p>\r\n<\/li>\r\n<\/ul><br><br><hr class=\"\" data-start=\"2256\" data-end=\"2259\" \/><br><br><h3 class=\"\" data-start=\"2261\" data-end=\"2280\"><strong data-start=\"2265\" data-end=\"2280\">Nasz zesp\u00f3\u0142<\/strong><\/h3><br><p class=\"\" data-start=\"2282\" data-end=\"2483\">Tworzymy zesp\u00f3\u0142 do\u015bwiadczonych specjalist\u00f3w z r\u00f3\u017cnych dziedzin \u2013 e-commerce, marketingu, technologii i obs\u0142ugi klienta. \u0141\u0105czy nas pasja do innowacji i zaanga\u017cowanie w tworzenie warto\u015bciowych rozwi\u0105za\u0144.<\/p><br><br><ul data-start=\"2485\" data-end=\"2963\">\r\n \t<li class=\"\" data-start=\"2485\" data-end=\"2621\">\r\n<p class=\"\" data-start=\"2487\" data-end=\"2621\"><strong data-start=\"2487\" data-end=\"2511\">John Doe, za\u0142o\u017cyciel<\/strong> \u2013 CEO LinkMarkt.eu. Ma ponad 10 lat do\u015bwiadczenia w e-commerce i wiele sukces\u00f3w w tworzeniu biznes\u00f3w online<\/p>\r\n<\/li>\r\n \t<li class=\"\" data-start=\"2622\" data-end=\"2794\">\r\n<p class=\"\" data-start=\"2624\" data-end=\"2794\"><strong data-start=\"2624\" data-end=\"2659\">Jane Smith, mened\u017cer marketingu<\/strong> \u2013 odpowiedzialna za nasz\u0105 strategi\u0119 marketingow\u0105. Posiada ponad 5 lat do\u015bwiadczenia w marketingu cyfrowym i wykszta\u0142cenie kierunkowe<\/p>\r\n<\/li>\r\n \t<li class=\"\" data-start=\"2795\" data-end=\"2963\">\r\n<p class=\"\" data-start=\"2797\" data-end=\"2963\"><strong data-start=\"2797\" data-end=\"2846\">Bob Johnson, kierownik dzia\u0142u obs\u0142ugi klienta<\/strong> \u2013 dba o najwy\u017cszy standard kontaktu z klientami. Ma ponad 10 lat do\u015bwiadczenia i wykszta\u0142cenie z zakresu zarz\u0105dzania<\/p>\r\n<\/li>\r\n<\/ul><br><br><hr class=\"\" data-start=\"2965\" data-end=\"2968\" \/><br><br><h3 class=\"\" data-start=\"2970\" data-end=\"2989\"><strong data-start=\"2974\" data-end=\"2989\">Nasza misja<\/strong><\/h3><br><p class=\"\" data-start=\"2991\" data-end=\"3259\">Chcemy stworzy\u0107 platform\u0119, kt\u00f3ra umo\u017cliwi kupuj\u0105cym i sprzedaj\u0105cym nawi\u0105zywanie kontaktu w przejrzystym, bezpiecznym i przyjaznym \u015brodowisku. Stawiamy na wyj\u0105tkow\u0105 obs\u0142ug\u0119 klienta, wysok\u0105 jako\u015b\u0107 oraz innowacyjne rozwi\u0105zania dopasowane do realnych potrzeb u\u017cytkownik\u00f3w.<\/p><br><br><br><hr class=\"\" data-start=\"3261\" data-end=\"3264\" \/><br><br><h3 class=\"\" data-start=\"3266\" data-end=\"3281\"><strong data-start=\"3270\" data-end=\"3281\">Kontakt<\/strong><\/h3><br><p class=\"\" data-start=\"3283\" data-end=\"3367\">Masz pytania lub chcesz dowiedzie\u0107 si\u0119 wi\u0119cej o LinkMarkt.eu? Skontaktuj si\u0119 z nami:<\/p><br><p class=\"\" data-start=\"3369\" data-end=\"3471\">\ud83d\udce7 E-mail: <a class=\"cursor-pointer\" rel=\"noopener\" data-start=\"3380\" data-end=\"3400\">support@linkmarkt.eu<\/a><br data-start=\"3400\" data-end=\"3403\" \/>\ud83d\udcde Telefon: 015218208611<br data-start=\"3427\" data-end=\"3430\" \/>\ud83d\udccd Adres: Maxh\u00fctte-Haidhof, Bawaria 93142<\/p><br><p class=\"\" data-start=\"3473\" data-end=\"3610\">Do\u0142\u0105cz do nas ju\u017c dzi\u015b i korzystaj z mo\u017cliwo\u015bci, jakie daje LinkMarkt.eu. Tw\u00f3rz, nawi\u0105zuj kontakty i rozwijaj swoje pomys\u0142y razem z nami!<\/p>\t\t\t\t\t\t\t\t<\/div>\n\t\t\t\t<\/div>\n\t\t\t\t<\/div>\n\t\t\t\t<\/div>\n\t\t\t\t<\/div>\n\t\t","protected":false},"excerpt":{"rendered":"<p>O nas O nas Witamy na LinkMarket.eu \u2013 nowoczesnej platformie og\u0142oszeniowej, kt\u00f3ra \u0142\u0105czy ludzi i firmy w ca\u0142ej Europie! Nasz\u0105 misj\u0105 jest stworzenie miejsca, w kt\u00f3rym ka\u017cdy \u2013 od przedsi\u0119biorc\u00f3w po osoby prywatne \u2013 mo\u017ce z \u0142atwo\u015bci\u0105 promowa\u0107 swoje produkty, us\u0142ugi lub w\u0142asne projekty. W LinkMarkt.eu tworzymy zesp\u00f3\u0142 pe\u0142en pasji \u2013 przedsi\u0119biorcy i entuzja\u015bci e-commerce [&hellip;]<\/p>\n","protected":false},"author":1,"featured_media":0,"parent":0,"menu_order":0,"comment_status":"closed","ping_status":"closed","template":"elementor_header_footer","meta":{"_seopress_robots_primary_cat":"","_seopress_titles_title":"","_seopress_titles_desc":"","_seopress_robots_index":"","googlesitekit_rrm_CAowz76iDA:productID":"","footnotes":""},"class_list":["post-2452","page","type-page","status-publish","hentry"],"_links":{"self":[{"href":"https:\/\/linkmarkt.eu\/pl\/wp-json\/wp\/v2\/pages\/2452","targetHints":{"allow":["GET"]}}],"collection":[{"href":"https:\/\/linkmarkt.eu\/pl\/wp-json\/wp\/v2\/pages"}],"about":[{"href":"https:\/\/linkmarkt.eu\/pl\/wp-json\/wp\/v2\/types\/page"}],"author":[{"embeddable":true,"href":"https:\/\/linkmarkt.eu\/pl\/wp-json\/wp\/v2\/users\/1"}],"replies":[{"embeddable":true,"href":"https:\/\/linkmarkt.eu\/pl\/wp-json\/wp\/v2\/comments?post=2452"}],"version-history":[{"count":3,"href":"https:\/\/linkmarkt.eu\/pl\/wp-json\/wp\/v2\/pages\/2452\/revisions"}],"predecessor-version":[{"id":2455,"href":"https:\/\/linkmarkt.eu\/pl\/wp-json\/wp\/v2\/pages\/2452\/revisions\/2455"}],"wp:attachment":[{"href":"https:\/\/linkmarkt.eu\/pl\/wp-json\/wp\/v2\/media?parent=2452"}],"curies":[{"name":"wp","href":"https:\/\/api.w.org\/{rel}","templated":true}]}}