{"id":2479,"date":"2024-12-31T18:40:35","date_gmt":"2024-12-31T17:40:35","guid":{"rendered":"https:\/\/linkmarkt.eu\/wszystkie-ogloszenia\/"},"modified":"2025-05-12T17:49:26","modified_gmt":"2025-05-12T15:49:26","slug":"wszystkie-ogloszenia","status":"publish","type":"page","link":"https:\/\/linkmarkt.eu\/pl\/wszystkie-ogloszenia\/","title":{"rendered":"Wszystkie oferty"},"content":{"rendered":"\r\n\t\t\t<div class=\"row margin-bottom-25\">\r\n\r\n\t\t\t\t\n\t<div class=\"col-md-3 col-xs-6\">\n\t\t<!-- Layout Switcher -->\n\t\t<div class=\"layout-switcher\">\n\t\t\t\t\t\t\t<a href=\"#\" data-layout=\"grid\" class=\"grid\"><i class=\"fa fa-th\"><\/i><\/a>\n\t\t\t\t<a href=\"#\" data-layout=\"list\" class=\"list\"><i class=\"fa fa-align-justify\"><\/i><\/a>\n\t\t\t\t\t<\/div>\n\t<\/div>\n\n\n<!-- Sorting \/ Layout Switcher -->\n\t<div class=\"col-md-9\">\n\t\t\t<div class=\"fullwidth-filters  ajax-search \">\n\n\t\t\t\t\t\t\t<!-- Panel Dropdown -->\n\t\t\t\t<div class=\"panel-dropdown wide float-right\" id=\"tax-listing_feature-panel\">\n\t\t\t\t\t<a href=\"#\">More Filters<\/a>\n\t\t\t\t\t<div class=\"panel-dropdown-content checkboxes\">\n\t\t\t\t\t\t\t\t\t\t\t\t<div class=\"row\">\n\n\t\t\t\t\t\t\t\t\t\t\t\t\t\t\t<div class=\"notification warning\">\n\t\t\t\t\t\t\t\t\t<p>Please choose category to display filters<\/p>\n\t\t\t\t\t\t\t\t<\/div>\n\n\t\t\t\t\t\t\t\n\t\t\t\t\t\t<\/div>\n\n\t\t\t\t\t\t<!-- Buttons -->\n\t\t\t\t\t\t<div class=\"panel-buttons\">\n\t\t\t\t\t\t\t<span class=\"panel-cancel\">Cancel<\/span>\n\t\t\t\t\t\t\t<button class=\"panel-apply\">Apply<\/button>\n\t\t\t\t\t\t<\/div>\n\n\t\t\t\t\t<\/div>\n\t\t\t\t<\/div>\n\t\t\t\t<!-- Panel Dropdown \/ End -->\n\t\t\t\n\t\t\t\t\t\t\t\t\t<!-- Panel Dropdown-->\n\t\t\t\t<div class=\"panel-dropdown float-right\">\n\t\t\t\t\t<a href=\"#\">Distance Radius<\/a>\n\t\t\t\t\t<div class=\"panel-dropdown-content radius-dropdown\">\n\t\t\t\t\t\t\t\t\t\t\t\t<input form=\"listeo_core-search-form\" name=\"search_radius\" class=\"distance-radius\" type=\"range\" min=\"1\" max=\"100\" step=\"1\" value=\"\" data-title=\"Radius around selected destination\">\n\t\t\t\t\t\t<div class=\"panel-buttons\">\n\t\t\t\t\t\t\t<span class=\"panel-disable\" data-disable=\"Disable\" data-enable=\"Enable\">Wy\u0142\u0105cz<\/span>\n\t\t\t\t\t\t\t<button class=\"panel-apply\">Apply<\/button>\n\t\t\t\t\t\t<\/div>\n\t\t\t\t\t<\/div>\n\t\t\t\t<\/div>\n\t\t\t\t<!-- Panel Dropdown \/ End -->\n\t\t\t\n\t\t\t\t\t\t\t<!-- Sort by -->\n\t\t\t\t<div class=\"sort-by\">\n\t\t\t\t\t<div class=\"sort-by-select\">\n\t\t\t\t\t\t\t\t\t\t\t\t\t\t\t\t\t\t<select form=\"listeo_core-search-form\" name=\"listeo_core_order\" data-placeholder=\"Default order\" class=\"select2-sortby orderby\">\n\t\t\t\t\t\t\t<option  value=\"default\">Default Order<\/option>\n\t\t\t\t\t\t\t\t\t\t\t\t\t\t\t<option  selected='selected' value=\"best-match\">\n\t\t\t\t\t\t\t\t\tBest Match\t\t\t\t\t\t\t\t<\/option>\n\t\t\t\t\t\t\t\t\t\t\t\t\t\t\t\t\t\t\t\t\t\t<option  value=\"distance\" class=\"distance-sort\">\n\t\t\t\t\t\t\t\t\tNearest First\t\t\t\t\t\t\t\t<\/option>\n\t\t\t\t\t\t\t\t\t\t\t\t\t\t\t\t\t\t\t\t\t\t\t\t\t\t\t\t\t\t\t\t\t\t\t\t\t\t\t\t\t\t\t\t\t\t\t\t\t\t\t\t\t\t\t\t\t\t\t\t\t\t\t\t\t\t\t\t\t\t\t\t\t\t\t\t\t\t\t\t\t\t\t\t\t\t\t\t\t\t\t\t\t\t\t\t\t\t\t\t\t\t\t\t\t\t\t\t\t\t\t\t<\/select>\n\t\t\t\t\t<\/div>\n\t\t\t\t<\/div>\n\t\t\t\t<!-- Sort by \/ End -->\n\t\t\t\n\t\t\t\n\t\t<\/div>\n\t\t<\/div>\t\t\t<\/div>\r\n\t\t<!-- Listings -->\r\n\r\n<div id=\"listeo-listings-container\" \r\ndata-counter=\"261\" \r\ndata-style=\"grid\"  \r\ndata-custom_class=\"new-grid-layout-nl \" \r\ndata-per_page=\"5\" \r\ndata-grid_columns=\"2\" \r\n data-region=\"\"  data-category=\"\"  data-feature=\"\"  data-service_category=\"\"  data-rental_category=\"\"  data-event_category=\"\"  data-classifieds_category=\"\" class=\" list-layout new-grid-layout-nl ajax-search\">\r\n\t<div class=\"loader-ajax-container\" > <div class=\"loader-ajax\"><\/div> <\/div><div  class=\"listing-card-container-nl listing-geo-data\" >\r\n    <div class=\"listing-card-nl\">\r\n        <!-- ===== LEFT: IMAGE SLIDER ===== -->\r\n        <div class=\"listing-image-container-nl\">\r\n            <a href=\"https:\/\/linkmarkt.eu\/pl\/listing\/festliches-pflege-geschenkset-natuerlich-regenerierend-und-perfekt-zum-verschenken\/\">\r\n                <div class=\"slider-wrapper-nl\">\r\n                    \t\t\t\t<img decoding=\"async\" src=\"https:\/\/linkmarkt.eu\/wp-content\/uploads\/2026\/04\/kosmetik1-520x397.jpg\" alt=\"\" class=\"slider-image-nl\">\r\n\t\t                <\/div>\r\n            <\/a>\r\n            \r\n            <div class=\"slider-arrow-nl left-nl\" id=\"prevBtn\"><i class=\"fa-solid fa-chevron-left\"><\/i><\/div>\r\n            <div class=\"slider-arrow-nl right-nl\" id=\"nextBtn\"><i class=\"fa-solid fa-chevron-right\"><\/i><\/div>\r\n            <div class=\"image-overlay-top-nl\">\r\n                <span class=\"listing-category-tag-nl\">Sch\u00f6nheit &amp; Gesundheit<\/span>                            <\/div>\r\n        <\/div>\r\n\r\n        <!-- ===== RIGHT: LISTING DETAILS (NOW 2-COLUMN) ===== -->\r\n        <a href=\"https:\/\/linkmarkt.eu\/pl\/listing\/festliches-pflege-geschenkset-natuerlich-regenerierend-und-perfekt-zum-verschenken\/\" class=\"listing-details-nl\">\r\n\r\n            <!-- Main Content Column (Left) -->\r\n            <div class=\"details-main-col-nl\">\r\n                                <h2 class=\"listing-title-nl\">Festliches Pflege Geschenkset \u2013 Nat\u00fcrlich, regenerierend und perfekt zum Verschenken                    <div class=\"listing-title-badges-nl\">\r\n                                                                    <\/div>\r\n                <\/h2>\r\n                \t            <\/div>\r\n\r\n            <!-- Sidebar Column (Right) -->\r\n            <div class=\"details-sidebar-col-nl\">\r\n                <div class=\"details-sidebar-upper-nl\">\r\n                                    <\/div>\r\n                            <\/div>\r\n\r\n        <\/a>\r\n\r\n    <\/div>\r\n<\/div><div  class=\"listing-card-container-nl listing-geo-data\" >\r\n    <div class=\"listing-card-nl\">\r\n        <!-- ===== LEFT: IMAGE SLIDER ===== -->\r\n        <div class=\"listing-image-container-nl\">\r\n            <a href=\"https:\/\/linkmarkt.eu\/pl\/listing\/matcha-extreme-natuerlich-abnehmen-und-deinen-koerper-unterstuetzen-2\/\">\r\n                <div class=\"slider-wrapper-nl\">\r\n                    \t\t\t\t<img decoding=\"async\" src=\"https:\/\/linkmarkt.eu\/wp-content\/uploads\/2026\/04\/image_17073852961-520x397.png\" alt=\"\" class=\"slider-image-nl\">\r\n\t\t                <\/div>\r\n            <\/a>\r\n            \r\n            <div class=\"slider-arrow-nl left-nl\" id=\"prevBtn\"><i class=\"fa-solid fa-chevron-left\"><\/i><\/div>\r\n            <div class=\"slider-arrow-nl right-nl\" id=\"nextBtn\"><i class=\"fa-solid fa-chevron-right\"><\/i><\/div>\r\n            <div class=\"image-overlay-top-nl\">\r\n                <span class=\"listing-category-tag-nl\">Sch\u00f6nheit &amp; Gesundheit<\/span>                            <\/div>\r\n        <\/div>\r\n\r\n        <!-- ===== RIGHT: LISTING DETAILS (NOW 2-COLUMN) ===== -->\r\n        <a href=\"https:\/\/linkmarkt.eu\/pl\/listing\/matcha-extreme-natuerlich-abnehmen-und-deinen-koerper-unterstuetzen-2\/\" class=\"listing-details-nl\">\r\n\r\n            <!-- Main Content Column (Left) -->\r\n            <div class=\"details-main-col-nl\">\r\n                                <h2 class=\"listing-title-nl\">Matcha Extreme \u2013 Nat\u00fcrlich abnehmen und deinen K\u00f6rper unterst\u00fctzen                    <div class=\"listing-title-badges-nl\">\r\n                                                                    <\/div>\r\n                <\/h2>\r\n                \t            <\/div>\r\n\r\n            <!-- Sidebar Column (Right) -->\r\n            <div class=\"details-sidebar-col-nl\">\r\n                <div class=\"details-sidebar-upper-nl\">\r\n                                    <\/div>\r\n                            <\/div>\r\n\r\n        <\/a>\r\n\r\n    <\/div>\r\n<\/div><div  class=\"listing-card-container-nl listing-geo-data\" >\r\n    <div class=\"listing-card-nl\">\r\n        <!-- ===== LEFT: IMAGE SLIDER ===== -->\r\n        <div class=\"listing-image-container-nl\">\r\n            <a href=\"https:\/\/linkmarkt.eu\/pl\/listing\/starkes-immunsystem-auf-natuerliche-weise-nuvialab-immune-entdecken\/\">\r\n                <div class=\"slider-wrapper-nl\">\r\n                    \t\t\t\t<img decoding=\"async\" src=\"https:\/\/linkmarkt.eu\/wp-content\/uploads\/2026\/04\/image_16565185791-520x397.png\" alt=\"\" class=\"slider-image-nl\">\r\n\t\t                <\/div>\r\n            <\/a>\r\n            \r\n            <div class=\"slider-arrow-nl left-nl\" id=\"prevBtn\"><i class=\"fa-solid fa-chevron-left\"><\/i><\/div>\r\n            <div class=\"slider-arrow-nl right-nl\" id=\"nextBtn\"><i class=\"fa-solid fa-chevron-right\"><\/i><\/div>\r\n            <div class=\"image-overlay-top-nl\">\r\n                <span class=\"listing-category-tag-nl\">Sch\u00f6nheit &amp; Gesundheit<\/span>                            <\/div>\r\n        <\/div>\r\n\r\n        <!-- ===== RIGHT: LISTING DETAILS (NOW 2-COLUMN) ===== -->\r\n        <a href=\"https:\/\/linkmarkt.eu\/pl\/listing\/starkes-immunsystem-auf-natuerliche-weise-nuvialab-immune-entdecken\/\" class=\"listing-details-nl\">\r\n\r\n            <!-- Main Content Column (Left) -->\r\n            <div class=\"details-main-col-nl\">\r\n                                <h2 class=\"listing-title-nl\">Starkes Immunsystem auf nat\u00fcrliche Weise \u2013 NuviaLab Immune entdecken                    <div class=\"listing-title-badges-nl\">\r\n                                                                    <\/div>\r\n                <\/h2>\r\n                \t            <\/div>\r\n\r\n            <!-- Sidebar Column (Right) -->\r\n            <div class=\"details-sidebar-col-nl\">\r\n                <div class=\"details-sidebar-upper-nl\">\r\n                                    <\/div>\r\n                            <\/div>\r\n\r\n        <\/a>\r\n\r\n    <\/div>\r\n<\/div><div  class=\"listing-card-container-nl listing-geo-data\" >\r\n    <div class=\"listing-card-nl\">\r\n        <!-- ===== LEFT: IMAGE SLIDER ===== -->\r\n        <div class=\"listing-image-container-nl\">\r\n            <a href=\"https:\/\/linkmarkt.eu\/pl\/listing\/alpecin-premier-tech-2026-fahrradbekleidung-set-herren-radtrikot-bib-shorts-fuer-sommer-2\/\">\r\n                <div class=\"slider-wrapper-nl\">\r\n                    \t\t\t\t<img decoding=\"async\" src=\"https:\/\/linkmarkt.eu\/wp-content\/uploads\/2026\/04\/S7887da156e7b43ff8f70360e288faa14Z1-520x397.webp\" alt=\"\" class=\"slider-image-nl\">\r\n\t\t                <\/div>\r\n            <\/a>\r\n            \r\n            <div class=\"slider-arrow-nl left-nl\" id=\"prevBtn\"><i class=\"fa-solid fa-chevron-left\"><\/i><\/div>\r\n            <div class=\"slider-arrow-nl right-nl\" id=\"nextBtn\"><i class=\"fa-solid fa-chevron-right\"><\/i><\/div>\r\n            <div class=\"image-overlay-top-nl\">\r\n                <span class=\"listing-category-tag-nl\">Fahrr\u00e4der, Teile &amp; Zubeh\u00f6r<\/span>                            <\/div>\r\n        <\/div>\r\n\r\n        <!-- ===== RIGHT: LISTING DETAILS (NOW 2-COLUMN) ===== -->\r\n        <a href=\"https:\/\/linkmarkt.eu\/pl\/listing\/alpecin-premier-tech-2026-fahrradbekleidung-set-herren-radtrikot-bib-shorts-fuer-sommer-2\/\" class=\"listing-details-nl\">\r\n\r\n            <!-- Main Content Column (Left) -->\r\n            <div class=\"details-main-col-nl\">\r\n                                <h2 class=\"listing-title-nl\">Alpecin Premier Tech 2026 Fahrradbekleidung Set \u2013 Herren Radtrikot &#038; Bib Shorts f\u00fcr Sommer                    <div class=\"listing-title-badges-nl\">\r\n                                                                    <\/div>\r\n                <\/h2>\r\n                \t            <\/div>\r\n\r\n            <!-- Sidebar Column (Right) -->\r\n            <div class=\"details-sidebar-col-nl\">\r\n                <div class=\"details-sidebar-upper-nl\">\r\n                                    <\/div>\r\n                            <\/div>\r\n\r\n        <\/a>\r\n\r\n    <\/div>\r\n<\/div><div  class=\"listing-card-container-nl listing-geo-data\" >\r\n    <div class=\"listing-card-nl\">\r\n        <!-- ===== LEFT: IMAGE SLIDER ===== -->\r\n        <div class=\"listing-image-container-nl\">\r\n            <a href=\"https:\/\/linkmarkt.eu\/pl\/listing\/mehr-sichtbarkeit-mehr-kontrolle-direkt-am-handgelenk\/\">\r\n                <div class=\"slider-wrapper-nl\">\r\n                    \t\t\t\t<img decoding=\"async\" src=\"https:\/\/linkmarkt.eu\/wp-content\/uploads\/2026\/04\/H12bccea0b3cd4265be108a021747420an1-520x397.webp\" alt=\"\" class=\"slider-image-nl\">\r\n\t\t                <\/div>\r\n            <\/a>\r\n            \r\n            <div class=\"slider-arrow-nl left-nl\" id=\"prevBtn\"><i class=\"fa-solid fa-chevron-left\"><\/i><\/div>\r\n            <div class=\"slider-arrow-nl right-nl\" id=\"nextBtn\"><i class=\"fa-solid fa-chevron-right\"><\/i><\/div>\r\n            <div class=\"image-overlay-top-nl\">\r\n                <span class=\"listing-category-tag-nl\">Uhren &amp; Schmuck<\/span>                            <\/div>\r\n        <\/div>\r\n\r\n        <!-- ===== RIGHT: LISTING DETAILS (NOW 2-COLUMN) ===== -->\r\n        <a href=\"https:\/\/linkmarkt.eu\/pl\/listing\/mehr-sichtbarkeit-mehr-kontrolle-direkt-am-handgelenk\/\" class=\"listing-details-nl\">\r\n\r\n            <!-- Main Content Column (Left) -->\r\n            <div class=\"details-main-col-nl\">\r\n                                <h2 class=\"listing-title-nl\">Mehr Sichtbarkeit, mehr Kontrolle \u2013 direkt am Handgelenk                    <div class=\"listing-title-badges-nl\">\r\n                                                                    <\/div>\r\n                <\/h2>\r\n                \t            <\/div>\r\n\r\n            <!-- Sidebar Column (Right) -->\r\n            <div class=\"details-sidebar-col-nl\">\r\n                <div class=\"details-sidebar-upper-nl\">\r\n                                    <\/div>\r\n                            <\/div>\r\n\r\n        <\/a>\r\n\r\n    <\/div>\r\n<\/div>\t\t\t<\/div>\r\n\t\t\t\t\t\t\t<div class=\"pagination-container margin-top-20 margin-bottom-20 ajax-search\">\r\n\t\t\t\t\t<nav class=\"pagination margin-top-30\"><ul class=\"pagination\"><li class=\"current\" data-paged=\"1\"><a href=\"#\">1 <\/a><\/li><li data-paged=\"2\"><a href=\"#\">2<\/a><\/li><li data-paged=\"3\"><a href=\"#\">3<\/a><\/li><li data-paged=\"next\"><a  href=\"#\"><i class=\"sl sl-icon-arrow-right\"><\/i><\/a><\/li><\/ul><\/nav>\t\t\t\t<\/div>\r\n\t\t\t\t\t\t\n","protected":false},"excerpt":{"rendered":"","protected":false},"author":1,"featured_media":0,"parent":0,"menu_order":0,"comment_status":"closed","ping_status":"closed","template":"template-split-map.php","meta":{"_seopress_robots_primary_cat":"","_seopress_titles_title":"","_seopress_titles_desc":"","_seopress_robots_index":"","googlesitekit_rrm_CAowz76iDA:productID":"","footnotes":""},"class_list":["post-2479","page","type-page","status-publish","hentry"],"_links":{"self":[{"href":"https:\/\/linkmarkt.eu\/pl\/wp-json\/wp\/v2\/pages\/2479","targetHints":{"allow":["GET"]}}],"collection":[{"href":"https:\/\/linkmarkt.eu\/pl\/wp-json\/wp\/v2\/pages"}],"about":[{"href":"https:\/\/linkmarkt.eu\/pl\/wp-json\/wp\/v2\/types\/page"}],"author":[{"embeddable":true,"href":"https:\/\/linkmarkt.eu\/pl\/wp-json\/wp\/v2\/users\/1"}],"replies":[{"embeddable":true,"href":"https:\/\/linkmarkt.eu\/pl\/wp-json\/wp\/v2\/comments?post=2479"}],"version-history":[{"count":2,"href":"https:\/\/linkmarkt.eu\/pl\/wp-json\/wp\/v2\/pages\/2479\/revisions"}],"predecessor-version":[{"id":11203,"href":"https:\/\/linkmarkt.eu\/pl\/wp-json\/wp\/v2\/pages\/2479\/revisions\/11203"}],"wp:attachment":[{"href":"https:\/\/linkmarkt.eu\/pl\/wp-json\/wp\/v2\/media?parent=2479"}],"curies":[{"name":"wp","href":"https:\/\/api.w.org\/{rel}","templated":true}]}}