{"id":2732,"date":"2025-01-08T17:17:23","date_gmt":"2025-01-08T16:17:23","guid":{"rendered":"https:\/\/linkmarkt.eu\/strona-glowna-2\/"},"modified":"2026-01-30T18:14:04","modified_gmt":"2026-01-30T17:14:04","slug":"strona-glowna-2","status":"publish","type":"page","link":"https:\/\/linkmarkt.eu\/pl\/","title":{"rendered":"Strona g\u0142owna"},"content":{"rendered":"\t\t<div data-elementor-type=\"wp-page\" data-elementor-id=\"2732\" class=\"elementor elementor-2732 elementor-1446\">\n\t\t\t\t<div class=\"elementor-element elementor-element-129cfc9 e-con-full e-flex e-con e-parent\" data-id=\"129cfc9\" data-element_type=\"container\" data-e-type=\"container\" data-settings=\"{&quot;background_background&quot;:&quot;slideshow&quot;,&quot;background_slideshow_gallery&quot;:[{&quot;id&quot;:13352,&quot;url&quot;:&quot;https:\\\/\\\/linkmarkt.eu\\\/wp-content\\\/uploads\\\/2025\\\/06\\\/8c188f25-ecef-41d3-8ede-7bf6dde276f2.webp&quot;}],&quot;background_slideshow_ken_burns&quot;:&quot;yes&quot;,&quot;background_slideshow_loop&quot;:&quot;yes&quot;,&quot;background_slideshow_slide_duration&quot;:5000,&quot;background_slideshow_slide_transition&quot;:&quot;fade&quot;,&quot;background_slideshow_transition_duration&quot;:500,&quot;background_slideshow_ken_burns_zoom_direction&quot;:&quot;in&quot;}\">\n\t\t\t\t<div class=\"elementor-element elementor-element-484c64b elementor-widget elementor-widget-heading\" data-id=\"484c64b\" data-element_type=\"widget\" data-e-type=\"widget\" data-widget_type=\"heading.default\">\n\t\t\t\t<div class=\"elementor-widget-container\">\n\t\t\t\t\t<h1 class=\"elementor-heading-title elementor-size-default\"><a href=\"https:\/\/linkmarkt.eu\/my-account\/\">Czy masz co\u015b do zaoferowania lub sprzeda\u017cy?<\/a><\/h1>\t\t\t\t<\/div>\n\t\t\t\t<\/div>\n\t\t\t\t<div class=\"elementor-element elementor-element-78e324b elementor-button-success elementor-align-justify elementor-widget elementor-widget-button\" data-id=\"78e324b\" data-element_type=\"widget\" data-e-type=\"widget\" data-widget_type=\"button.default\">\n\t\t\t\t<div class=\"elementor-widget-container\">\n\t\t\t\t\t\t\t\t\t<div class=\"elementor-button-wrapper\">\n\t\t\t\t\t<a class=\"elementor-button elementor-button-link elementor-size-sm\" href=\"https:\/\/linkmarkt.eu\/pl\/moj-profil\/\" id=\"fsfd\">\n\t\t\t\t\t\t<span class=\"elementor-button-content-wrapper\">\n\t\t\t\t\t\t<span class=\"elementor-button-icon\">\n\t\t\t\t<i aria-hidden=\"true\" class=\"fas fa-hand-point-right\"><\/i>\t\t\t<\/span>\n\t\t\t\t\t\t\t\t\t<span class=\"elementor-button-text\">Uzyskaj dost\u0119p do panelu og\u0142osze\u0144 i sklep\u00f3w ju\u017c teraz<\/span>\n\t\t\t\t\t<\/span>\n\t\t\t\t\t<\/a>\n\t\t\t\t<\/div>\n\t\t\t\t\t\t\t\t<\/div>\n\t\t\t\t<\/div>\n\t\t\t\t<\/div>\n\t\t<div class=\"elementor-element elementor-element-39f55a1 e-flex e-con-boxed e-con e-parent\" data-id=\"39f55a1\" data-element_type=\"container\" data-e-type=\"container\">\n\t\t\t\t\t<div class=\"e-con-inner\">\n\t\t\t\t<div class=\"elementor-element elementor-element-5b59b81 elementor-widget elementor-widget-listeo-posts-grid\" data-id=\"5b59b81\" data-element_type=\"widget\" data-e-type=\"widget\" data-widget_type=\"listeo-posts-grid.default\">\n\t\t\t\t<div class=\"elementor-widget-container\">\n\t\t\t\t\t\t\t\n\t\t<div class=\"listeo-post-grid-wrapper\">\n\t\t\t<div class=\"row\">\n\n\t\t\t\n\n\t\t\t\t\t\t\t<div class=\"col-md-4\">\n                <a href=\"https:\/\/linkmarkt.eu\/pl\/hallo-welt\/\" class=\"blog-compact-item-container\">\n                    <div class=\"blog-compact-item\">\n                        <img fetchpriority=\"high\" decoding=\"async\" width=\"577\" height=\"577\" src=\"https:\/\/linkmarkt.eu\/wp-content\/uploads\/2024\/11\/DALL\u00b7E-2024-11-18-20.09.30-A-sleek-and-modern-promotional-banner-for-a-new-online-platform-called-LinkMarket.eu_.-The-banner-features-a-dynamic-marketplace-theme-with-icons-rep-577x577.webp\" class=\"attachment-listeo-blog-related-post size-listeo-blog-related-post wp-post-image\" alt=\"Kleinanzeigen Deutschland\" srcset=\"https:\/\/linkmarkt.eu\/wp-content\/uploads\/2024\/11\/DALL\u00b7E-2024-11-18-20.09.30-A-sleek-and-modern-promotional-banner-for-a-new-online-platform-called-LinkMarket.eu_.-The-banner-features-a-dynamic-marketplace-theme-with-icons-rep-577x577.webp 577w, https:\/\/linkmarkt.eu\/wp-content\/uploads\/2024\/11\/DALL\u00b7E-2024-11-18-20.09.30-A-sleek-and-modern-promotional-banner-for-a-new-online-platform-called-LinkMarket.eu_.-The-banner-features-a-dynamic-marketplace-theme-with-icons-rep-300x300.webp 300w, https:\/\/linkmarkt.eu\/wp-content\/uploads\/2024\/11\/DALL\u00b7E-2024-11-18-20.09.30-A-sleek-and-modern-promotional-banner-for-a-new-online-platform-called-LinkMarket.eu_.-The-banner-features-a-dynamic-marketplace-theme-with-icons-rep-150x150.webp 150w, https:\/\/linkmarkt.eu\/wp-content\/uploads\/2024\/11\/DALL\u00b7E-2024-11-18-20.09.30-A-sleek-and-modern-promotional-banner-for-a-new-online-platform-called-LinkMarket.eu_.-The-banner-features-a-dynamic-marketplace-theme-with-icons-rep-768x768.webp 768w, https:\/\/linkmarkt.eu\/wp-content\/uploads\/2024\/11\/DALL\u00b7E-2024-11-18-20.09.30-A-sleek-and-modern-promotional-banner-for-a-new-online-platform-called-LinkMarket.eu_.-The-banner-features-a-dynamic-marketplace-theme-with-icons-rep-590x590.webp 590w, https:\/\/linkmarkt.eu\/wp-content\/uploads\/2024\/11\/DALL\u00b7E-2024-11-18-20.09.30-A-sleek-and-modern-promotional-banner-for-a-new-online-platform-called-LinkMarket.eu_.-The-banner-features-a-dynamic-marketplace-theme-with-icons-rep-670x670.webp 670w, https:\/\/linkmarkt.eu\/wp-content\/uploads\/2024\/11\/DALL\u00b7E-2024-11-18-20.09.30-A-sleek-and-modern-promotional-banner-for-a-new-online-platform-called-LinkMarket.eu_.-The-banner-features-a-dynamic-marketplace-theme-with-icons-rep-200x200.webp 200w, https:\/\/linkmarkt.eu\/wp-content\/uploads\/2024\/11\/DALL\u00b7E-2024-11-18-20.09.30-A-sleek-and-modern-promotional-banner-for-a-new-online-platform-called-LinkMarket.eu_.-The-banner-features-a-dynamic-marketplace-theme-with-icons-rep.webp 1024w\" sizes=\"(max-width: 577px) 100vw, 577px\" \/>                        \n                        <div class=\"blog-compact-item-content\">\n                                                        <h3>New Portal LinkMarket.eu \u2013 Your Marketplace for Ads and More\u2026<\/h3>\n                                                    <\/div>\n                    <\/div>\n                <\/a>\n            <\/div>\n\t\t\t<div class=\"col-md-4\">\n                <a href=\"https:\/\/linkmarkt.eu\/pl\/die-besten-tipps-fur-erfolgreiche-kleinanzeigen-so-erreichen-sie-mehr-kunden\/\" class=\"blog-compact-item-container\">\n                    <div class=\"blog-compact-item\">\n                        <img decoding=\"async\" width=\"577\" height=\"434\" src=\"https:\/\/linkmarkt.eu\/wp-content\/uploads\/2024\/12\/12e878fb-d1da-45eb-9f50-c6c595a98de0-577x434.webp\" class=\"attachment-listeo-blog-related-post size-listeo-blog-related-post wp-post-image\" alt=\"\" srcset=\"https:\/\/linkmarkt.eu\/wp-content\/uploads\/2024\/12\/12e878fb-d1da-45eb-9f50-c6c595a98de0-577x434.webp 577w, https:\/\/linkmarkt.eu\/wp-content\/uploads\/2024\/12\/12e878fb-d1da-45eb-9f50-c6c595a98de0-300x226.webp 300w, https:\/\/linkmarkt.eu\/wp-content\/uploads\/2024\/12\/12e878fb-d1da-45eb-9f50-c6c595a98de0-1024x770.webp 1024w, https:\/\/linkmarkt.eu\/wp-content\/uploads\/2024\/12\/12e878fb-d1da-45eb-9f50-c6c595a98de0-768x577.webp 768w, https:\/\/linkmarkt.eu\/wp-content\/uploads\/2024\/12\/12e878fb-d1da-45eb-9f50-c6c595a98de0-590x444.webp 590w, https:\/\/linkmarkt.eu\/wp-content\/uploads\/2024\/12\/12e878fb-d1da-45eb-9f50-c6c595a98de0-891x670.webp 891w, https:\/\/linkmarkt.eu\/wp-content\/uploads\/2024\/12\/12e878fb-d1da-45eb-9f50-c6c595a98de0-600x451.webp 600w, https:\/\/linkmarkt.eu\/wp-content\/uploads\/2024\/12\/12e878fb-d1da-45eb-9f50-c6c595a98de0.webp 1152w\" sizes=\"(max-width: 577px) 100vw, 577px\" \/>                        \n                        <div class=\"blog-compact-item-content\">\n                                                        <h3>The best tips for successful classified ads: How to reach more customers?<\/h3>\n                                                    <\/div>\n                    <\/div>\n                <\/a>\n            <\/div>\n\t\t\t<div class=\"col-md-4\">\n                <a href=\"https:\/\/linkmarkt.eu\/pl\/linkmarkt-erklart-wie-sie-mit-wenigen-klicks-ihr-erstes-inserat-veroffentlichen\/\" class=\"blog-compact-item-container\">\n                    <div class=\"blog-compact-item\">\n                        <img decoding=\"async\" width=\"577\" height=\"434\" src=\"https:\/\/linkmarkt.eu\/wp-content\/uploads\/2024\/12\/e3847e0b-31cc-4fa4-a867-adf6d04c6a62-577x434.webp\" class=\"attachment-listeo-blog-related-post size-listeo-blog-related-post wp-post-image\" alt=\"\" srcset=\"https:\/\/linkmarkt.eu\/wp-content\/uploads\/2024\/12\/e3847e0b-31cc-4fa4-a867-adf6d04c6a62-577x434.webp 577w, https:\/\/linkmarkt.eu\/wp-content\/uploads\/2024\/12\/e3847e0b-31cc-4fa4-a867-adf6d04c6a62-300x226.webp 300w, https:\/\/linkmarkt.eu\/wp-content\/uploads\/2024\/12\/e3847e0b-31cc-4fa4-a867-adf6d04c6a62-1024x770.webp 1024w, https:\/\/linkmarkt.eu\/wp-content\/uploads\/2024\/12\/e3847e0b-31cc-4fa4-a867-adf6d04c6a62-768x577.webp 768w, https:\/\/linkmarkt.eu\/wp-content\/uploads\/2024\/12\/e3847e0b-31cc-4fa4-a867-adf6d04c6a62-590x444.webp 590w, https:\/\/linkmarkt.eu\/wp-content\/uploads\/2024\/12\/e3847e0b-31cc-4fa4-a867-adf6d04c6a62-891x670.webp 891w, https:\/\/linkmarkt.eu\/wp-content\/uploads\/2024\/12\/e3847e0b-31cc-4fa4-a867-adf6d04c6a62-600x451.webp 600w, https:\/\/linkmarkt.eu\/wp-content\/uploads\/2024\/12\/e3847e0b-31cc-4fa4-a867-adf6d04c6a62.webp 1152w\" sizes=\"(max-width: 577px) 100vw, 577px\" \/>                        \n                        <div class=\"blog-compact-item-content\">\n                                                        <h3>LinkMarkt explained: How to post your first ad with just a few clicks?<\/h3>\n                                                    <\/div>\n                    <\/div>\n                <\/a>\n            <\/div>\n  <\/div>\n        <\/div>\n        \t\t\t\t<\/div>\n\t\t\t\t<\/div>\n\t\t\t\t\t<\/div>\n\t\t\t\t<\/div>\n\t\t<div class=\"elementor-element elementor-element-444cbc4 e-flex e-con-boxed e-con e-parent\" data-id=\"444cbc4\" data-element_type=\"container\" data-e-type=\"container\">\n\t\t\t\t\t<div class=\"e-con-inner\">\n\t\t\t\t<div class=\"elementor-element elementor-element-af782d1 elementor-widget elementor-widget-listeo-dokan-vendords-grid\" data-id=\"af782d1\" data-element_type=\"widget\" data-e-type=\"widget\" data-widget_type=\"listeo-dokan-vendords-grid.default\">\n\t\t\t\t<div class=\"elementor-widget-container\">\n\t\t\t\t\t\t<div id=\"dokan-seller-listing-wrap\" class=\"grid-view\">\n    <div class=\"seller-listing-content\">\n        \n            <ul class=\"dokan-seller-wrap\">\n\n\n\t\t\t\t\t\n\n\n\t\t\t\t\t\t<li class=\" dokan-single-seller no-banner-img\">\n\t\t\t\t\t\t\t<a href=\"https:\/\/linkmarkt.eu\/pl\/store\/outdoorger\/\">\n\t\t\t\t\t\t\t\t<div class=\"store-wrapper\">\n\t\t\t\t\t\t\t\t\t<div class=\"store-header\">\n\t\t\t\t\t\t\t\t\t\t<div class=\"store-banner\">\n\n\t\t\t\t\t\t\t\t\t\t\t<img decoding=\"async\" src=\"https:\/\/linkmarkt.eu\/wp-content\/plugins\/dokan-lite\/assets\/images\/default-store-banner.png\">\n\n\t\t\t\t\t\t\t\t\t\t<\/div>\n\t\t\t\t\t\t\t\t\t<\/div>\n\n\t\t\t\t\t\t\t\t\t<div class=\"store-content default-store-banner\">\n\t\t\t\t\t\t\t\t\t\t<div class=\"store-data-container\">\n\t\t\t\t\t\t\t\t\t\t\t<div class=\"featured-favourite\">\n\t\t\t\t\t\t\t\t\t\t\t\t\n\t\t\t\t\t\t\t\t\t\t\t\t\t\t\t\t\t\t\t\t\t\t\t<\/div>\n\n\t\t\t\t\t\t\t\t\t\t\t\n\t\t\t\t\t\t\t\t\t\t\t<div class=\"store-data \">\n\t\t\t\t\t\t\t\t\t\t\t\t<h2>OutdoorGER.<\/h2>\n\n\n\t\t\t\t\t\t\t\t\t\t\t\t\t\t\t\t\t\t\t\t\t\t\t\t<div class=\"dokan-store-rating no-reviews-rating\">\n\t\t\t\t\t\t\t\t\t\t\t\t\t<i class=\"fa fa-star\"><\/i>\n\t\t\t\t\t\t\t\t\t\t\t\t\tNo ratings found yet!\t\t\t\t\t\t\t\t\t\t\t\t<\/div>\n\n\n\t\t\t\t\t\t\t\t\t\t\t\t\n\t\t\t\t\t\t\t\t\t\t\t\t\n\t\t\t\t\t\t\t\t\t\t\t\t\t\t\t\t\t\t\t\t\t\t\t<\/div>\n\t\t\t\t\t\t\t\t\t\t<\/div>\n\t\t\t\t\t\t\t\t\t<\/div>\n\n\t\t\t\t\t\t\t\t\t<div class=\"store-footer\">\n\n\t\t\t\t\t\t\t\t\t\t\t\t\t\t\t\t\t\t\t\t<div class=\"dokan-store-rating no-reviews-rating\">\n\t\t\t\t\t\t\t\t\t\t\t<i class=\"fa fa-star\"><\/i>\n\t\t\t\t\t\t\t\t\t\t\tNo ratings found yet!\t\t\t\t\t\t\t\t\t\t<\/div>\n\n\t\t\t\t\t\t\t\t\t\t<div class=\"seller-avatar\">\n\n\t\t\t\t\t\t\t\t\t\t\t<img decoding=\"async\" src=\"https:\/\/linkmarkt.eu\/wp-content\/plugins\/dokan-lite\/assets\/images\/mystery-person.jpg\" alt=\"OutdoorGER.\" size=\"150\">\n\n\t\t\t\t\t\t\t\t\t\t<\/div>\n\n\t\t\t\t\t\t\t\t\t\t<span class=\"dashicons dashicons-arrow-right-alt2 dokan-btn-theme dokan-btn-round\"><\/span>\n\n\t\t\t\t\t\t\t\t\t\t\t\t\t\t\t\t\t\t\t<\/div>\n\t\t\t\t\t\t\t\t<\/div>\n\t\t\t\t\t\t\t<\/a>\n\t\t\t\t\t\t<\/li>\n\t\t\t\t\n\n\t\t\n\n\n\t\t\t\t\t\t<li class=\" dokan-single-seller \">\n\t\t\t\t\t\t\t<a href=\"https:\/\/linkmarkt.eu\/pl\/store\/admin\/\">\n\t\t\t\t\t\t\t\t<div class=\"store-wrapper\">\n\t\t\t\t\t\t\t\t\t<div class=\"store-header\">\n\t\t\t\t\t\t\t\t\t\t<div class=\"store-banner\">\n\n\t\t\t\t\t\t\t\t\t\t\t<img decoding=\"async\" src=\"https:\/\/linkmarkt.eu\/wp-content\/uploads\/2025\/05\/cropped-53d3a17a-57cc-49aa-8165-6f0736c752f9.webp\">\n\n\t\t\t\t\t\t\t\t\t\t<\/div>\n\t\t\t\t\t\t\t\t\t<\/div>\n\n\t\t\t\t\t\t\t\t\t<div class=\"store-content \">\n\t\t\t\t\t\t\t\t\t\t<div class=\"store-data-container\">\n\t\t\t\t\t\t\t\t\t\t\t<div class=\"featured-favourite\">\n\t\t\t\t\t\t\t\t\t\t\t\t\n\t\t\t\t\t\t\t\t\t\t\t\t\t\t\t\t\t\t\t\t\t\t\t<\/div>\n\n\t\t\t\t\t\t\t\t\t\t\t\n\t\t\t\t\t\t\t\t\t\t\t<div class=\"store-data \">\n\t\t\t\t\t\t\t\t\t\t\t\t<h2>LinkMarkt.eu<\/h2>\n\n\n\t\t\t\t\t\t\t\t\t\t\t\t\t\t\t\t\t\t\t\t\t\t\t\t<div class=\"dokan-store-rating no-reviews-rating\">\n\t\t\t\t\t\t\t\t\t\t\t\t\t<i class=\"fa fa-star\"><\/i>\n\t\t\t\t\t\t\t\t\t\t\t\t\tNo ratings found yet!\t\t\t\t\t\t\t\t\t\t\t\t<\/div>\n\n\n\t\t\t\t\t\t\t\t\t\t\t\t\n\t\t\t\t\t\t\t\t\t\t\t\t\n\t\t\t\t\t\t\t\t\t\t\t\t\t\t\t\t\t\t\t\t\t\t\t<\/div>\n\t\t\t\t\t\t\t\t\t\t<\/div>\n\t\t\t\t\t\t\t\t\t<\/div>\n\n\t\t\t\t\t\t\t\t\t<div class=\"store-footer\">\n\n\t\t\t\t\t\t\t\t\t\t\t\t\t\t\t\t\t\t\t\t<div class=\"dokan-store-rating no-reviews-rating\">\n\t\t\t\t\t\t\t\t\t\t\t<i class=\"fa fa-star\"><\/i>\n\t\t\t\t\t\t\t\t\t\t\tNo ratings found yet!\t\t\t\t\t\t\t\t\t\t<\/div>\n\n\t\t\t\t\t\t\t\t\t\t<div class=\"seller-avatar\">\n\n\t\t\t\t\t\t\t\t\t\t\t<img decoding=\"async\" src=\"https:\/\/linkmarkt.eu\/wp-content\/uploads\/2025\/01\/cropped-moje_zdjecie_converted.jpg\" alt=\"LinkMarkt.eu\" size=\"150\">\n\n\t\t\t\t\t\t\t\t\t\t<\/div>\n\n\t\t\t\t\t\t\t\t\t\t<span class=\"dashicons dashicons-arrow-right-alt2 dokan-btn-theme dokan-btn-round\"><\/span>\n\n\t\t\t\t\t\t\t\t\t\t\t\t\t\t\t\t\t\t\t<\/div>\n\t\t\t\t\t\t\t\t<\/div>\n\t\t\t\t\t\t\t<\/a>\n\t\t\t\t\t\t<\/li>\n\t\t\t\t\n\n\t\t\t\t\t\t<\/ul>\n\n\t\t<\/div>\n\t\t<\/div>\n\t\t\t\t<\/div>\n\t\t\t\t<\/div>\n\t\t\t\t\t<\/div>\n\t\t\t\t<\/div>\n\t\t<div class=\"elementor-element elementor-element-0812e84 e-flex e-con-boxed e-con e-parent\" data-id=\"0812e84\" data-element_type=\"container\" data-e-type=\"container\">\n\t\t\t\t\t<div class=\"e-con-inner\">\n\t\t\t\t<div class=\"elementor-element elementor-element-b44fc6d elementor-align-justify elementor-button-success elementor-widget elementor-widget-button\" data-id=\"b44fc6d\" data-element_type=\"widget\" data-e-type=\"widget\" data-widget_type=\"button.default\">\n\t\t\t\t<div class=\"elementor-widget-container\">\n\t\t\t\t\t\t\t\t\t<div class=\"elementor-button-wrapper\">\n\t\t\t\t\t<a class=\"elementor-button elementor-button-link elementor-size-sm\" href=\"https:\/\/linkmarkt.eu\/pl\/moj-profil\/\" id=\"kopko\">\n\t\t\t\t\t\t<span class=\"elementor-button-content-wrapper\">\n\t\t\t\t\t\t<span class=\"elementor-button-icon\">\n\t\t\t\t<i aria-hidden=\"true\" class=\"fas fa-hand-holding-heart\"><\/i>\t\t\t<\/span>\n\t\t\t\t\t\t\t\t\t<span class=\"elementor-button-text\">Tutaj r\u00f3wnie\u017c mo\u017ce by\u0107 Twoja oferta lub sklep!<\/span>\n\t\t\t\t\t<\/span>\n\t\t\t\t\t<\/a>\n\t\t\t\t<\/div>\n\t\t\t\t\t\t\t\t<\/div>\n\t\t\t\t<\/div>\n\t\t\t\t\t<\/div>\n\t\t\t\t<\/div>\n\t\t<div class=\"elementor-element elementor-element-c47cc95 e-flex e-con-boxed e-con e-parent\" data-id=\"c47cc95\" data-element_type=\"container\" data-e-type=\"container\">\n\t\t\t\t\t<div class=\"e-con-inner\">\n\t\t\t\t\t<\/div>\n\t\t\t\t<\/div>\n\t\t\t\t<\/div>\n\t\t","protected":false},"excerpt":{"rendered":"<p>Czy masz co\u015b do zaoferowania lub sprzeda\u017cy? Uzyskaj dost\u0119p do panelu og\u0142osze\u0144 i sklep\u00f3w ju\u017c teraz Jak zoptymalizowa\u0107 reklam\u0119 na LinkMarkt.eu, aby dotrze\u0107 do wi\u0119kszej liczby kupuj\u0105cych? \u2705 SEO dla og\u0142osze\u0144: Jak sprawi\u0107, by Twoje produkty by\u0142y lepiej widoczne? Sprzeda\u017c online w Niemczech 2025: Najwa\u017cniejsze trendy i porady \u2705 OutdoorGER. No ratings found yet! No [&hellip;]<\/p>\n","protected":false},"author":1,"featured_media":0,"parent":0,"menu_order":0,"comment_status":"closed","ping_status":"closed","template":"elementor_header_footer","meta":{"_seopress_robots_primary_cat":"","_seopress_titles_title":"","_seopress_titles_desc":"","_seopress_robots_index":"","googlesitekit_rrm_CAowz76iDA:productID":"","footnotes":""},"class_list":["post-2732","page","type-page","status-publish","hentry"],"_links":{"self":[{"href":"https:\/\/linkmarkt.eu\/pl\/wp-json\/wp\/v2\/pages\/2732","targetHints":{"allow":["GET"]}}],"collection":[{"href":"https:\/\/linkmarkt.eu\/pl\/wp-json\/wp\/v2\/pages"}],"about":[{"href":"https:\/\/linkmarkt.eu\/pl\/wp-json\/wp\/v2\/types\/page"}],"author":[{"embeddable":true,"href":"https:\/\/linkmarkt.eu\/pl\/wp-json\/wp\/v2\/users\/1"}],"replies":[{"embeddable":true,"href":"https:\/\/linkmarkt.eu\/pl\/wp-json\/wp\/v2\/comments?post=2732"}],"version-history":[{"count":94,"href":"https:\/\/linkmarkt.eu\/pl\/wp-json\/wp\/v2\/pages\/2732\/revisions"}],"predecessor-version":[{"id":18336,"href":"https:\/\/linkmarkt.eu\/pl\/wp-json\/wp\/v2\/pages\/2732\/revisions\/18336"}],"wp:attachment":[{"href":"https:\/\/linkmarkt.eu\/pl\/wp-json\/wp\/v2\/media?parent=2732"}],"curies":[{"name":"wp","href":"https:\/\/api.w.org\/{rel}","templated":true}]}}