{"id":2779,"date":"2020-12-11T09:40:43","date_gmt":"2020-12-11T08:40:43","guid":{"rendered":"https:\/\/linkmarkt.eu\/polityka-prywatnosci-2\/"},"modified":"2025-04-06T18:33:28","modified_gmt":"2025-04-06T16:33:28","slug":"polityka-prywatnosci-2","status":"publish","type":"page","link":"https:\/\/linkmarkt.eu\/pl\/polityka-prywatnosci-2\/","title":{"rendered":"Polityka Prywatno\u015bci"},"content":{"rendered":"\t\t<div data-elementor-type=\"wp-page\" data-elementor-id=\"2779\" class=\"elementor elementor-2779 elementor-646\">\n\t\t\t\t<div class=\"elementor-element elementor-element-aba05e5 e-con-full e-flex e-con e-parent\" data-id=\"aba05e5\" data-element_type=\"container\" data-e-type=\"container\" data-settings=\"{&quot;background_background&quot;:&quot;classic&quot;}\">\n\t\t\t\t<div class=\"elementor-element elementor-element-96bbb61 elementor-widget elementor-widget-heading\" data-id=\"96bbb61\" data-element_type=\"widget\" data-e-type=\"widget\" data-widget_type=\"heading.default\">\n\t\t\t\t<div class=\"elementor-widget-container\">\n\t\t\t\t\t<h2 class=\"elementor-heading-title elementor-size-default\">Polityka Prywatno\u015bci<\/h2>\t\t\t\t<\/div>\n\t\t\t\t<\/div>\n\t\t\t\t<\/div>\n\t\t<div class=\"elementor-element elementor-element-53261541 e-flex e-con-boxed e-con e-parent\" data-id=\"53261541\" data-element_type=\"container\" data-e-type=\"container\">\n\t\t\t\t\t<div class=\"e-con-inner\">\n\t\t\t\t<div class=\"elementor-element elementor-element-2a09f41 elementor-widget elementor-widget-text-editor\" data-id=\"2a09f41\" data-element_type=\"widget\" data-e-type=\"widget\" data-widget_type=\"text-editor.default\">\n\t\t\t\t<div class=\"elementor-widget-container\">\n\t\t\t\t\t\t\t\t\t<h2 class=\"\" data-start=\"116\" data-end=\"160\"><strong data-start=\"119\" data-end=\"160\">Polityka prywatno\u015bci dla LinkMarkt.eu<\/strong><\/h2><br><p class=\"\" data-start=\"162\" data-end=\"201\"><strong data-start=\"162\" data-end=\"201\">Ostatnia aktualizacja: [01-01-2025]<\/strong><\/p><br><p class=\"\" data-start=\"203\" data-end=\"544\">Na stronie LinkMarkt.eu, dost\u0119pnej pod adresem <a class=\"\" href=\"https:\/\/linkmarkt.eu\/pl\/\" target=\"_new\" rel=\"noopener\" data-start=\"250\" data-end=\"271\">https:\/\/linkmarkt.eu\/<\/a>, Twoja prywatno\u015b\u0107 jest dla nas bardzo wa\u017cna. Niniejsza Polityka Prywatno\u015bci opisuje, jakie dane osobowe zbieramy, w jaki spos\u00f3b je wykorzystujemy oraz jakie masz prawa dotycz\u0105ce swoich danych. Korzystaj\u0105c z naszej strony, wyra\u017casz zgod\u0119 na praktyki opisane w tej polityce.<\/p><br><br><br><hr class=\"\" data-start=\"546\" data-end=\"549\" \/><br><br><h3 class=\"\" data-start=\"551\" data-end=\"577\">1. Jakie dane zbieramy<\/h3><br><p class=\"\" data-start=\"579\" data-end=\"636\">Mo\u017cemy zbiera\u0107 dane osobowe, kt\u00f3re nam przekazujesz, gdy:<\/p><br><br><ul data-start=\"638\" data-end=\"789\">\r\n \t<li class=\"\" data-start=\"638\" data-end=\"654\">\r\n<p class=\"\" data-start=\"640\" data-end=\"654\">Tworzysz konto<\/p>\r\n<\/li>\r\n \t<li class=\"\" data-start=\"655\" data-end=\"676\">\r\n<p class=\"\" data-start=\"657\" data-end=\"676\">Sk\u0142adasz zam\u00f3wienie<\/p>\r\n<\/li>\r\n \t<li class=\"\" data-start=\"677\" data-end=\"744\">\r\n<p class=\"\" data-start=\"679\" data-end=\"744\">Kontaktujesz si\u0119 z nami (np. przez e-mail, formularze kontaktowe)<\/p>\r\n<\/li>\r\n \t<li class=\"\" data-start=\"745\" data-end=\"789\">\r\n<p class=\"\" data-start=\"747\" data-end=\"789\">Bierzesz udzia\u0142 w ankietach lub promocjach<\/p>\r\n<\/li>\r\n<\/ul><br><p class=\"\" data-start=\"791\" data-end=\"848\">Zbierane dane mog\u0105 obejmowa\u0107 (ale nie s\u0105 ograniczone do):<\/p><br><br><ul data-start=\"850\" data-end=\"955\">\r\n \t<li class=\"\" data-start=\"850\" data-end=\"869\">\r\n<p class=\"\" data-start=\"852\" data-end=\"869\">Imi\u0119 i nazwisko<\/p>\r\n<\/li>\r\n \t<li class=\"\" data-start=\"870\" data-end=\"886\">\r\n<p class=\"\" data-start=\"872\" data-end=\"886\">Adres e-mail<\/p>\r\n<\/li>\r\n \t<li class=\"\" data-start=\"887\" data-end=\"905\">\r\n<p class=\"\" data-start=\"889\" data-end=\"905\">Numer telefonu<\/p>\r\n<\/li>\r\n \t<li class=\"\" data-start=\"906\" data-end=\"936\">\r\n<p class=\"\" data-start=\"908\" data-end=\"936\">Adres do faktury i dostawy<\/p>\r\n<\/li>\r\n \t<li class=\"\" data-start=\"937\" data-end=\"955\">\r\n<p class=\"\" data-start=\"939\" data-end=\"955\">Dane p\u0142atnicze<\/p>\r\n<\/li>\r\n<\/ul><br><br><hr class=\"\" data-start=\"957\" data-end=\"960\" \/><br><br><h3 class=\"\" data-start=\"962\" data-end=\"1008\">2. W jaki spos\u00f3b wykorzystujemy Twoje dane<\/h3><br><p class=\"\" data-start=\"1010\" data-end=\"1061\">Dane osobowe wykorzystujemy w nast\u0119puj\u0105cych celach:<\/p><br><br><ul data-start=\"1063\" data-end=\"1362\">\r\n \t<li class=\"\" data-start=\"1063\" data-end=\"1102\">\r\n<p class=\"\" data-start=\"1065\" data-end=\"1102\">Przetwarzanie i realizacja zam\u00f3wie\u0144<\/p>\r\n<\/li>\r\n \t<li class=\"\" data-start=\"1103\" data-end=\"1152\">\r\n<p class=\"\" data-start=\"1105\" data-end=\"1152\">Komunikacja dotycz\u0105ca konta, zam\u00f3wie\u0144 i us\u0142ug<\/p>\r\n<\/li>\r\n \t<li class=\"\" data-start=\"1153\" data-end=\"1192\">\r\n<p class=\"\" data-start=\"1155\" data-end=\"1192\">Udoskonalanie naszej strony i us\u0142ug<\/p>\r\n<\/li>\r\n \t<li class=\"\" data-start=\"1193\" data-end=\"1271\">\r\n<p class=\"\" data-start=\"1195\" data-end=\"1271\">Wysy\u0142anie e-maili promocyjnych i ofert (mo\u017cna w ka\u017cdej chwili zrezygnowa\u0107)<\/p>\r\n<\/li>\r\n \t<li class=\"\" data-start=\"1272\" data-end=\"1327\">\r\n<p class=\"\" data-start=\"1274\" data-end=\"1327\">Analiza trend\u00f3w i poprawa do\u015bwiadczenia u\u017cytkownika<\/p>\r\n<\/li>\r\n \t<li class=\"\" data-start=\"1328\" data-end=\"1362\">\r\n<p class=\"\" data-start=\"1330\" data-end=\"1362\">Spe\u0142nianie obowi\u0105zk\u00f3w prawnych<\/p>\r\n<\/li>\r\n<\/ul><br><br><hr class=\"\" data-start=\"1364\" data-end=\"1367\" \/><br><br><h3 class=\"\" data-start=\"1369\" data-end=\"1396\">3. Udost\u0119pnianie danych<\/h3><br><p class=\"\" data-start=\"1398\" data-end=\"1545\">Nie sprzedajemy, nie wymieniamy ani nie przekazujemy Twoich danych osobowych osobom trzecim bez Twojej zgody, z wyj\u0105tkiem nast\u0119puj\u0105cych przypadk\u00f3w:<\/p><br><br><ul data-start=\"1547\" data-end=\"1908\">\r\n \t<li class=\"\" data-start=\"1547\" data-end=\"1793\">\r\n<p class=\"\" data-start=\"1549\" data-end=\"1793\">Zaufanym dostawcom us\u0142ug zewn\u0119trznych, kt\u00f3rzy pomagaj\u0105 nam prowadzi\u0107 stron\u0119, obs\u0142ugiwa\u0107 dzia\u0142alno\u015b\u0107 lub \u015bwiadczy\u0107 us\u0142ugi (np. operatorzy p\u0142atno\u015bci, firmy kurierskie). Te podmioty s\u0105 zobowi\u0105zane do zachowania poufno\u015bci i bezpiecze\u0144stwa danych.<\/p>\r\n<\/li>\r\n \t<li class=\"\" data-start=\"1794\" data-end=\"1908\">\r\n<p class=\"\" data-start=\"1796\" data-end=\"1908\">W celu przestrzegania prawa, ochrony naszych praw lub zapewnienia bezpiecze\u0144stwa u\u017cytkownik\u00f3w i os\u00f3b trzecich.<\/p>\r\n<\/li>\r\n<\/ul><br><br><hr class=\"\" data-start=\"1910\" data-end=\"1913\" \/><br><br><h3 class=\"\" data-start=\"1915\" data-end=\"1958\">4. Pliki cookies i technologie \u015bledz\u0105ce<\/h3><br><p class=\"\" data-start=\"1960\" data-end=\"2224\">LinkMarkt.eu wykorzystuje pliki cookies oraz podobne technologie \u015bledz\u0105ce w celu poprawy komfortu korzystania ze strony i analizy ruchu. Cookie to ma\u0142y plik zapisywany na Twoim urz\u0105dzeniu, kt\u00f3ry pomaga nam rozpozna\u0107 Ci\u0119 i zrozumie\u0107, jak korzystasz z naszej strony.<\/p><br><p class=\"\" data-start=\"2226\" data-end=\"2377\">Mo\u017cesz zaakceptowa\u0107 lub odrzuci\u0107 pliki cookies poprzez ustawienia przegl\u0105darki. Odrzucenie plik\u00f3w cookies mo\u017ce jednak ograniczy\u0107 funkcjonalno\u015b\u0107 strony.<\/p><br><br><br><hr class=\"\" data-start=\"2379\" data-end=\"2382\" \/><br><br><h3 class=\"\" data-start=\"2384\" data-end=\"2412\">5. Bezpiecze\u0144stwo danych<\/h3><br><p class=\"\" data-start=\"2414\" data-end=\"2620\">Traktujemy bezpiecze\u0144stwo Twoich danych bardzo powa\u017cnie. Wdra\u017camy odpowiednie \u015brodki techniczne i organizacyjne, aby chroni\u0107 Twoje dane przed nieautoryzowanym dost\u0119pem, ujawnieniem, zmian\u0105 lub zniszczeniem.<\/p><br><br><br><hr class=\"\" data-start=\"2622\" data-end=\"2625\" \/><br><br><h3 class=\"\" data-start=\"2627\" data-end=\"2645\">6. Twoje prawa<\/h3><br><p class=\"\" data-start=\"2647\" data-end=\"2759\">W zale\u017cno\u015bci od kraju, w kt\u00f3rym si\u0119 znajdujesz, mo\u017cesz mie\u0107 nast\u0119puj\u0105ce prawa dotycz\u0105ce swoich danych osobowych:<\/p><br><br><ul data-start=\"2761\" data-end=\"2947\">\r\n \t<li class=\"\" data-start=\"2761\" data-end=\"2788\">\r\n<p class=\"\" data-start=\"2763\" data-end=\"2788\">Prawo dost\u0119pu do danych<\/p>\r\n<\/li>\r\n \t<li class=\"\" data-start=\"2789\" data-end=\"2855\">\r\n<p class=\"\" data-start=\"2791\" data-end=\"2855\">Prawo do poprawienia nieprawid\u0142owych lub niekompletnych danych<\/p>\r\n<\/li>\r\n \t<li class=\"\" data-start=\"2856\" data-end=\"2893\">\r\n<p class=\"\" data-start=\"2858\" data-end=\"2893\">Prawo do \u017c\u0105dania usuni\u0119cia danych<\/p>\r\n<\/li>\r\n \t<li class=\"\" data-start=\"2894\" data-end=\"2947\">\r\n<p class=\"\" data-start=\"2896\" data-end=\"2947\">Prawo do sprzeciwu lub ograniczenia przetwarzania<\/p>\r\n<\/li>\r\n<\/ul><br><p class=\"\" data-start=\"2949\" data-end=\"3045\">Aby skorzysta\u0107 z tych praw, skontaktuj si\u0119 z nami, korzystaj\u0105c z poni\u017cszych danych kontaktowych.<\/p><br><br><br><hr class=\"\" data-start=\"3047\" data-end=\"3050\" \/><br><br><h3 class=\"\" data-start=\"3052\" data-end=\"3082\">7. Linki do stron trzecich<\/h3><br><p class=\"\" data-start=\"3084\" data-end=\"3318\">Nasza strona mo\u017ce zawiera\u0107 linki do stron internetowych, kt\u00f3re nie s\u0105 przez nas zarz\u0105dzane. Nie mamy kontroli nad tre\u015bciami ani praktykami tych stron. Zach\u0119camy do zapoznania si\u0119 z politykami prywatno\u015bci tych witryn przed ich u\u017cyciem.<\/p><br><br><br><hr class=\"\" data-start=\"3320\" data-end=\"3323\" \/><br><br><h3 class=\"\" data-start=\"3325\" data-end=\"3361\">8. Zmiany w Polityce Prywatno\u015bci<\/h3><br><p class=\"\" data-start=\"3363\" data-end=\"3604\">Mo\u017cemy okresowo aktualizowa\u0107 t\u0119 Polityk\u0119 Prywatno\u015bci. O wszelkich zmianach poinformujemy poprzez zamieszczenie nowej wersji na tej stronie oraz zaktualizowanie daty \u201eOstatnia aktualizacja\u201d. Zach\u0119camy do regularnego przegl\u0105dania tej polityki.<\/p><br><br><br><hr class=\"\" data-start=\"3606\" data-end=\"3609\" \/><br><br><h3 class=\"\" data-start=\"3611\" data-end=\"3625\">9. Kontakt<\/h3><br><p class=\"\" data-start=\"3627\" data-end=\"3758\">Je\u015bli masz pytania lub w\u0105tpliwo\u015bci dotycz\u0105ce tej Polityki Prywatno\u015bci lub naszych praktyk w zakresie danych, skontaktuj si\u0119 z nami:<\/p><br><p class=\"\" data-start=\"3760\" data-end=\"3836\"><strong data-start=\"3760\" data-end=\"3771\">E-mail:<\/strong> <a class=\"cursor-pointer\" rel=\"noopener\" data-start=\"3772\" data-end=\"3792\">support@linkmarkt.eu<\/a><br data-start=\"3792\" data-end=\"3795\" \/><strong data-start=\"3795\" data-end=\"3805\">Adres:<\/strong> 93142 Maxh\u00fctte-Haidhof, Niemcy<\/p>\t\t\t\t\t\t\t\t<\/div>\n\t\t\t\t<\/div>\n\t\t\t\t\t<\/div>\n\t\t\t\t<\/div>\n\t\t\t\t<\/div>\n\t\t","protected":false},"excerpt":{"rendered":"<p>Polityka Prywatno\u015bci Polityka prywatno\u015bci dla LinkMarkt.eu Ostatnia aktualizacja: [01-01-2025] Na stronie LinkMarkt.eu, dost\u0119pnej pod adresem https:\/\/linkmarkt.eu\/, Twoja prywatno\u015b\u0107 jest dla nas bardzo wa\u017cna. Niniejsza Polityka Prywatno\u015bci opisuje, jakie dane osobowe zbieramy, w jaki spos\u00f3b je wykorzystujemy oraz jakie masz prawa dotycz\u0105ce swoich danych. Korzystaj\u0105c z naszej strony, wyra\u017casz zgod\u0119 na praktyki opisane w tej polityce. [&hellip;]<\/p>\n","protected":false},"author":1,"featured_media":0,"parent":0,"menu_order":0,"comment_status":"closed","ping_status":"closed","template":"elementor_header_footer","meta":{"_seopress_robots_primary_cat":"","_seopress_titles_title":"","_seopress_titles_desc":"","_seopress_robots_index":"","googlesitekit_rrm_CAowz76iDA:productID":"","footnotes":""},"class_list":["post-2779","page","type-page","status-publish","hentry"],"_links":{"self":[{"href":"https:\/\/linkmarkt.eu\/pl\/wp-json\/wp\/v2\/pages\/2779","targetHints":{"allow":["GET"]}}],"collection":[{"href":"https:\/\/linkmarkt.eu\/pl\/wp-json\/wp\/v2\/pages"}],"about":[{"href":"https:\/\/linkmarkt.eu\/pl\/wp-json\/wp\/v2\/types\/page"}],"author":[{"embeddable":true,"href":"https:\/\/linkmarkt.eu\/pl\/wp-json\/wp\/v2\/users\/1"}],"replies":[{"embeddable":true,"href":"https:\/\/linkmarkt.eu\/pl\/wp-json\/wp\/v2\/comments?post=2779"}],"version-history":[{"count":7,"href":"https:\/\/linkmarkt.eu\/pl\/wp-json\/wp\/v2\/pages\/2779\/revisions"}],"predecessor-version":[{"id":2786,"href":"https:\/\/linkmarkt.eu\/pl\/wp-json\/wp\/v2\/pages\/2779\/revisions\/2786"}],"wp:attachment":[{"href":"https:\/\/linkmarkt.eu\/pl\/wp-json\/wp\/v2\/media?parent=2779"}],"curies":[{"name":"wp","href":"https:\/\/api.w.org\/{rel}","templated":true}]}}