{"id":10186,"date":"2025-05-03T17:25:50","date_gmt":"2025-05-03T15:25:50","guid":{"rendered":"https:\/\/linkmarkt.eu\/product\/nowosc-okulary-rowerowe-z-polaryzacja-uv400-okulary-sportowe-dla-mezczyzn-i-kobiet-outdoor-i-rower-szosowy\/"},"modified":"2025-05-03T17:25:50","modified_gmt":"2025-05-03T15:25:50","slug":"nowosc-okulary-rowerowe-z-polaryzacja-uv400-okulary-sportowe-dla-mezczyzn-i-kobiet-outdoor-i-rower-szosowy","status":"publish","type":"product","link":"https:\/\/linkmarkt.eu\/pl\/product\/nowosc-okulary-rowerowe-z-polaryzacja-uv400-okulary-sportowe-dla-mezczyzn-i-kobiet-outdoor-i-rower-szosowy\/","title":{"rendered":"NOWO\u015a\u0106! Okulary rowerowe z polaryzacj\u0105 UV400 &#8211; okulary sportowe dla m\u0119\u017cczyzn i kobiet | outdoor i rower szosowy"},"content":{"rendered":"<p class=\"\" data-start=\"340\" data-end=\"627\">Odkryj idealne po\u0142\u0105czenie stylu, ochrony i wydajno\u015bci dzi\u0119ki naszym <strong data-start=\"416\" data-end=\"470\">nowym polaryzacyjnym okularom rowerowym z ochron\u0105 UV400<\/strong>.<br data-start=\"471\" data-end=\"474\">Te wysokiej jako\u015bci okulary sportowe zosta\u0142y opracowane specjalnie dla <strong data-start=\"523\" data-end=\"565\">rowerzyst\u00f3w i entuzjast\u00f3w outdooru<\/strong> &#8211; zar\u00f3wno do jazdy na rowerze szosowym, g\u00f3rskim, jak i codziennych wycieczek.<\/p>\n<p class=\"\" data-start=\"629\" data-end=\"1061\">\u2714\ufe0f <strong data-start=\"632\" data-end=\"648\">Ochrona UV400<\/strong> niezawodnie chroni oczy przed szkodliwym promieniowaniem UV<br data-start=\"709\" data-end=\"712\">\u2714\ufe0f <strong data-start=\"715\" data-end=\"738\">Soczewki polaryzacyjne<\/strong> redukuj\u0105 odblaski &#8211; idealne na s\u0142o\u0144ce i odblaskowe powierzchnie<br data-start=\"812\" data-end=\"815\">\u2714\ufe0f <strong data-start=\"818\" data-end=\"835\">Konstrukcja unisex<\/strong> &#8211; dopasowuje si\u0119 do ka\u017cdej twarzy, odpowiednia dla m\u0119\u017cczyzn i kobiet<br data-start=\"896\" data-end=\"899\">\u2714\ufe0f <strong data-start=\"902\" data-end=\"921\">Lekki i wytrzyma\u0142y<\/strong> &#8211; dla maksymalnego komfortu nawet podczas d\u0142ugich podr\u00f3\u017cy<br data-start=\"969\" data-end=\"972\">\u2714\ufe0f <strong data-start=\"975\" data-end=\"1000\">Wszechstronny<\/strong> &#8211; do jazdy na rowerze, biegania, w\u0119dr\u00f3wek, jazdy na nartach lub jazdy samochodem<\/p>\n<p class=\"\" data-start=\"1063\" data-end=\"1177\">Niezale\u017cnie od tego, czy jeste\u015b na szlaku, czy na drodze, dzi\u0119ki tym goglom zawsze b\u0119dziesz mie\u0107 dobr\u0105 widoczno\u015b\u0107.<\/p>\n<p>&nbsp;<\/p>\n<p><img decoding=\"async\" src=\"https:\/\/ae01.alicdn.com\/kf\/S401fa7fd9c794873a488e3b05a95c339F.jpg\"><img decoding=\"async\" src=\"https:\/\/ae01.alicdn.com\/kf\/S8660cdc893ad479d9888efc74422f6ebO.jpg\"><img decoding=\"async\" src=\"https:\/\/ae01.alicdn.com\/kf\/S3c2ebc9efd0243379865684b902354acO.jpg\"><img decoding=\"async\" src=\"https:\/\/ae01.alicdn.com\/kf\/S1aa2e3b2232b462396826ee4c5ce0716p.jpg\"><\/p>\n","protected":false},"excerpt":{"rendered":"<p>Odkryj idealne po\u0142\u0105czenie stylu, ochrony i wydajno\u015bci dzi\u0119ki naszym nowym polaryzacyjnym okularom rowerowym z ochron\u0105 UV400.Te wysokiej jako\u015bci okulary sportowe zosta\u0142y opracowane specjalnie dla rowerzyst\u00f3w i entuzjast\u00f3w outdooru &#8211; zar\u00f3wno do jazdy na rowerze szosowym, g\u00f3rskim, jak i codziennych wycieczek. \u2714\ufe0f Ochrona UV400 niezawodnie chroni oczy przed szkodliwym promieniowaniem UV\u2714\ufe0f Soczewki polaryzacyjne redukuj\u0105 odblaski &#8211; [&hellip;]<\/p>\n","protected":false},"featured_media":10145,"comment_status":"open","ping_status":"closed","template":"","meta":{"_seopress_robots_primary_cat":"none","_seopress_titles_title":"Idealne okulary rowerowe: styl, ochrona i wydajno\u015b\u0107!","_seopress_titles_desc":"Odkryj stylow\u0105 ochron\u0119 dzi\u0119ki naszym polaryzacyjnym okularom rowerowym. Ochrona UV400 i design unisex dla przyg\u00f3d na \u015bwie\u017cym powietrzu i niezawodna ochrona przeciws\u0142oneczna. ","_seopress_robots_index":"","googlesitekit_rrm_CAowz76iDA:productID":""},"product_brand":[],"product_cat":[905],"product_tag":[1920,1919,1918,1916,1927,1922,1921,1917,1911,1915,1925,1913,1928,1924,1929,1923,1930,1914,1912,1926],"class_list":{"0":"post-10186","1":"product","2":"type-product","3":"status-publish","4":"has-post-thumbnail","6":"product_cat-bez-kategorii","7":"product_tag-akcesoria-rowerowe","8":"product_tag-gogle-do-rowerow-gorskich","9":"product_tag-gogle-do-rowerow-szosowych","10":"product_tag-gogle-zewnetrzne","11":"product_tag-lekkie-okulary-sportowe","12":"product_tag-okulary-dla-kobiet","13":"product_tag-okulary-dla-mezczyzn","14":"product_tag-okulary-dla-rowerzystow","15":"product_tag-okulary-kolarskie","16":"product_tag-okulary-kolarskie-pl","17":"product_tag-okulary-ochronne-uv","18":"product_tag-okulary-polaryzacyjne","19":"product_tag-okulary-przeciwodblaskowe","20":"product_tag-okulary-przeciwsloneczne","21":"product_tag-okulary-rowerowe-z-polaryzacja","22":"product_tag-okulary-sportowe-unisex","23":"product_tag-okulary-sportowe-z-ochrona-uv","24":"product_tag-okulary-uv400","25":"product_tag-sportowe-okulary-przeciwsloneczne","26":"product_tag-stylowe-okulary-rowerowe","28":"first","29":"instock","30":"sale","31":"taxable","32":"shipping-taxable","33":"purchasable","34":"product-type-variable"},"_links":{"self":[{"href":"https:\/\/linkmarkt.eu\/pl\/wp-json\/wp\/v2\/product\/10186","targetHints":{"allow":["GET"]}}],"collection":[{"href":"https:\/\/linkmarkt.eu\/pl\/wp-json\/wp\/v2\/product"}],"about":[{"href":"https:\/\/linkmarkt.eu\/pl\/wp-json\/wp\/v2\/types\/product"}],"replies":[{"embeddable":true,"href":"https:\/\/linkmarkt.eu\/pl\/wp-json\/wp\/v2\/comments?post=10186"}],"version-history":[{"count":0,"href":"https:\/\/linkmarkt.eu\/pl\/wp-json\/wp\/v2\/product\/10186\/revisions"}],"wp:featuredmedia":[{"embeddable":true,"href":"https:\/\/linkmarkt.eu\/pl\/wp-json\/wp\/v2\/media\/10145"}],"wp:attachment":[{"href":"https:\/\/linkmarkt.eu\/pl\/wp-json\/wp\/v2\/media?parent=10186"}],"wp:term":[{"taxonomy":"product_brand","embeddable":true,"href":"https:\/\/linkmarkt.eu\/pl\/wp-json\/wp\/v2\/product_brand?post=10186"},{"taxonomy":"product_cat","embeddable":true,"href":"https:\/\/linkmarkt.eu\/pl\/wp-json\/wp\/v2\/product_cat?post=10186"},{"taxonomy":"product_tag","embeddable":true,"href":"https:\/\/linkmarkt.eu\/pl\/wp-json\/wp\/v2\/product_tag?post=10186"}],"curies":[{"name":"wp","href":"https:\/\/api.w.org\/{rel}","templated":true}]}}