{"id":10199,"date":"2025-05-03T17:15:49","date_gmt":"2025-05-03T15:15:49","guid":{"rendered":"https:\/\/linkmarkt.eu\/product\/skladany-aluminiowy-stol-kempingowy-przenosny-stol-zewnetrzny-z-torba-do-przechowywania-piknik-wedkarstwo-grill-podroze\/"},"modified":"2025-05-03T17:15:49","modified_gmt":"2025-05-03T15:15:49","slug":"skladany-aluminiowy-stol-kempingowy-przenosny-stol-zewnetrzny-z-torba-do-przechowywania-piknik-wedkarstwo-grill-podroze","status":"publish","type":"product","link":"https:\/\/linkmarkt.eu\/pl\/product\/skladany-aluminiowy-stol-kempingowy-przenosny-stol-zewnetrzny-z-torba-do-przechowywania-piknik-wedkarstwo-grill-podroze\/","title":{"rendered":"Sk\u0142adany aluminiowy st\u00f3\u0142 kempingowy &#8211; przeno\u015bny st\u00f3\u0142 zewn\u0119trzny z torb\u0105 do przechowywania | piknik, w\u0119dkarstwo, grill, podr\u00f3\u017ce."},"content":{"rendered":"<p class=\"\" data-start=\"370\" data-end=\"623\">Do\u015bwiadcz idealnego po\u0142\u0105czenia funkcjonalno\u015bci, lekko\u015bci i nowoczesnego designu dzi\u0119ki naszemu <strong data-start=\"467\" data-end=\"515\">sk\u0142adanemu aluminiowemu stolikowi kempingowemu<\/strong>. Ten praktyczny st\u00f3\u0142 jest idealnym towarzyszem podczas biwakowania, piknik\u00f3w, w\u0119dkowania lub grillowania na \u015bwie\u017cym powietrzu. <\/p>\n<p class=\"\" data-start=\"625\" data-end=\"1361\">\ud83d\udee0\ufe0f <strong data-start=\"629\" data-end=\"666\">Szybkie sk\u0142adanie i rozk\u0142adanie<\/strong> &#8211; dzi\u0119ki sprytnemu mechanizmowi sk\u0142adania stolik mo\u017cna b\u0142yskawicznie schowa\u0107 i przetransportowa\u0107. Idealny na spontaniczne wypady lub zaplanowane wycieczki.<br data-start=\"820\" data-end=\"823\">\ud83d\udd29 <strong data-start=\"826\" data-end=\"849\">Wytrzyma\u0142y i odporny na warunki atmosfer<\/strong> yczne &#8211; Wykonany z odpornego na rdz\u0119 metalu z solidnymi stalowymi nogami. Z \u0142atwo\u015bci\u0105 wytrzymuje wiatr, deszcz i s\u0142o\u0144ce.<br data-start=\"958\" data-end=\"961\">\ud83c\udf92 <strong data-start=\"964\" data-end=\"1008\">Z kieszeni\u0105 z siatki dla dodatkowej przestrzeni do przechowywania<\/strong> &#8211; idealna do przechowywania sztu\u0107c\u00f3w, serwetek lub narz\u0119dzi &#8211; wszystko w zasi\u0119gu r\u0119ki i uporz\u0105dkowane.<br data-start=\"1106\" data-end=\"1109\">\ud83c\udfd5\ufe0f <strong data-start=\"1113\" data-end=\"1147\">Odpowiedni dla maksymalnie 6 os\u00f3b<\/strong> &#8211; wystarczaj\u0105co du\u017co miejsca na posi\u0142ki, napoje i akcesoria podczas biwakowania lub na balkonie.<br data-start=\"1232\" data-end=\"1235\">\ud83c\udfaf <strong data-start=\"1238\" data-end=\"1263\">Wszechstronny<\/strong> &#8211; na kempingu, w ogrodzie lub na pla\u017cy &#8211; ten st\u00f3\u0142 dostosowuje si\u0119 do ka\u017cdej sytuacji.  <\/p>\n<div class=\"detailmodule_html\">\n<div class=\"detail-desc-decorate-richtext\">\n<p><img fetchpriority=\"high\" decoding=\"async\" style=\"width: 100%; height: auto; vertical-align: middle;\" src=\"https:\/\/ae01.alicdn.com\/kf\/S75e216ca161645518775ac148ad863f1b.jpg\" width=\"972\" height=\"960\"><img decoding=\"async\" style=\"width: 100%; height: auto; vertical-align: middle;\" src=\"https:\/\/ae01.alicdn.com\/kf\/S242c8bdbde9c48b2b022e9c354197bf2D.jpg\" width=\"960\" height=\"960\"><img decoding=\"async\" style=\"width: 100%; height: auto; vertical-align: middle;\" src=\"https:\/\/ae01.alicdn.com\/kf\/S7c0597550250446891429ce36348dc9f3.jpg\" width=\"1097\" height=\"960\"><img loading=\"lazy\" decoding=\"async\" style=\"width: 100%; height: auto; vertical-align: middle;\" src=\"https:\/\/ae01.alicdn.com\/kf\/S652933d8fa9d4d0a947f856cbf27b9031.jpg\" width=\"960\" height=\"960\"><img loading=\"lazy\" decoding=\"async\" style=\"width: 100%; height: auto; vertical-align: middle;\" src=\"https:\/\/ae01.alicdn.com\/kf\/S55d78d3eca3b438fba2b98d41508d912u.jpg\" width=\"960\" height=\"960\"><img loading=\"lazy\" decoding=\"async\" style=\"width: 100%; height: auto; vertical-align: middle;\" src=\"https:\/\/ae01.alicdn.com\/kf\/Sa1d7b22acc5048b5b8dd726d59d8503b3.jpg\" width=\"960\" height=\"960\"><\/p>\n<\/div>\n<\/div>\n","protected":false},"excerpt":{"rendered":"<p>Do\u015bwiadcz idealnego po\u0142\u0105czenia funkcjonalno\u015bci, lekko\u015bci i nowoczesnego designu dzi\u0119ki naszemu sk\u0142adanemu aluminiowemu stolikowi kempingowemu. Ten praktyczny st\u00f3\u0142 jest idealnym towarzyszem podczas biwakowania, piknik\u00f3w, w\u0119dkowania lub grillowania na \u015bwie\u017cym powietrzu. \ud83d\udee0\ufe0f Szybkie sk\u0142adanie i rozk\u0142adanie &#8211; dzi\u0119ki sprytnemu mechanizmowi sk\u0142adania stolik mo\u017cna b\u0142yskawicznie schowa\u0107 i przetransportowa\u0107. Idealny na spontaniczne wypady lub zaplanowane wycieczki.\ud83d\udd29 Wytrzyma\u0142y i odporny [&hellip;]<\/p>\n","protected":false},"featured_media":10084,"comment_status":"open","ping_status":"closed","template":"","meta":{"_seopress_robots_primary_cat":"none","_seopress_titles_title":"Sk\u0142adany stolik kempingowy: lekki, wytrzyma\u0142y i nowoczesny","_seopress_titles_desc":"Odkryj nasz lekki, odporny na warunki atmosferyczne st\u00f3\u0142 kempingowy dla maksymalnie 6 os\u00f3b. Idealny na kemping, pikniki i nie tylko. Ciesz si\u0119 spontaniczn\u0105 i elastyczn\u0105 zabaw\u0105 ju\u017c teraz!  ","_seopress_robots_index":"","googlesitekit_rrm_CAowz76iDA:productID":""},"product_brand":[],"product_cat":[905],"product_tag":[1998,1989,1982,1999,1986,2000,1981,1994,1984,1993,1991,1980,1988,1987,1996,1978,1990,1983,1997,1995,1992,1979,1985],"class_list":{"0":"post-10199","1":"product","2":"type-product","3":"status-publish","4":"has-post-thumbnail","6":"product_cat-bez-kategorii","7":"product_tag-akcesoria-kempingowe","8":"product_tag-aluminiowy-stol","9":"product_tag-aluminiowy-stol-kempingowy","10":"product_tag-kompaktowy-stol-kempingowy","11":"product_tag-meble-zewnetrzne","12":"product_tag-minimalistyczny-stol-kempingowy","13":"product_tag-przenosny-stol","14":"product_tag-przenosny-stol-zewnetrzny","15":"product_tag-skladany-stol-kempingowy","16":"product_tag-skladany-stol-ogrodowy","17":"product_tag-skladany-stol-zewnetrzny","18":"product_tag-skladany-stolik-kempingowy","19":"product_tag-skladany-stolik-podrozny","20":"product_tag-stol-do-grillowania","21":"product_tag-stol-do-ogrodu","22":"product_tag-stol-kempingowy","23":"product_tag-stol-kempingowy-pl","24":"product_tag-stol-piknikowy","25":"product_tag-stol-piknikowy-pl","26":"product_tag-stol-wedkarski","27":"product_tag-stol-ze-schowkiem","28":"product_tag-stol-zewnetrzny","29":"product_tag-stolik-podrozny","31":"first","32":"instock","33":"sale","34":"taxable","35":"shipping-taxable","36":"purchasable","37":"product-type-variable"},"_links":{"self":[{"href":"https:\/\/linkmarkt.eu\/pl\/wp-json\/wp\/v2\/product\/10199","targetHints":{"allow":["GET"]}}],"collection":[{"href":"https:\/\/linkmarkt.eu\/pl\/wp-json\/wp\/v2\/product"}],"about":[{"href":"https:\/\/linkmarkt.eu\/pl\/wp-json\/wp\/v2\/types\/product"}],"replies":[{"embeddable":true,"href":"https:\/\/linkmarkt.eu\/pl\/wp-json\/wp\/v2\/comments?post=10199"}],"version-history":[{"count":0,"href":"https:\/\/linkmarkt.eu\/pl\/wp-json\/wp\/v2\/product\/10199\/revisions"}],"wp:featuredmedia":[{"embeddable":true,"href":"https:\/\/linkmarkt.eu\/pl\/wp-json\/wp\/v2\/media\/10084"}],"wp:attachment":[{"href":"https:\/\/linkmarkt.eu\/pl\/wp-json\/wp\/v2\/media?parent=10199"}],"wp:term":[{"taxonomy":"product_brand","embeddable":true,"href":"https:\/\/linkmarkt.eu\/pl\/wp-json\/wp\/v2\/product_brand?post=10199"},{"taxonomy":"product_cat","embeddable":true,"href":"https:\/\/linkmarkt.eu\/pl\/wp-json\/wp\/v2\/product_cat?post=10199"},{"taxonomy":"product_tag","embeddable":true,"href":"https:\/\/linkmarkt.eu\/pl\/wp-json\/wp\/v2\/product_tag?post=10199"}],"curies":[{"name":"wp","href":"https:\/\/api.w.org\/{rel}","templated":true}]}}