{"id":10209,"date":"2025-05-03T17:14:07","date_gmt":"2025-05-03T15:14:07","guid":{"rendered":"https:\/\/linkmarkt.eu\/product\/lezak-na-kolkach-odporny-na-warunki-atmosferyczne-i-skladany-regulowany-w-5-pozycjach-195x72-cm-do-120-kg-idealny-do-ogrodu-na-balkon-i-plaze\/"},"modified":"2025-05-04T18:22:37","modified_gmt":"2025-05-04T16:22:37","slug":"lezak-na-kolkach-odporny-na-warunki-atmosferyczne-i-skladany-regulowany-w-5-pozycjach-195x72-cm-do-120-kg-idealny-do-ogrodu-na-balkon-i-plaze","status":"publish","type":"product","link":"https:\/\/linkmarkt.eu\/pl\/product\/lezak-na-kolkach-odporny-na-warunki-atmosferyczne-i-skladany-regulowany-w-5-pozycjach-195x72-cm-do-120-kg-idealny-do-ogrodu-na-balkon-i-plaze\/","title":{"rendered":"Le\u017cak na k\u00f3\u0142kach &#8211; odporny na warunki atmosferyczne i sk\u0142adany, regulowany w 5 pozycjach, 195&#215;72 cm, do 120 kg, idealny do ogrodu, na balkon i pla\u017c\u0119"},"content":{"rendered":"<p class=\"\" data-start=\"383\" data-end=\"510\">Zrelaksuj si\u0119 w dobrym stylu dzi\u0119ki naszemu <strong data-start=\"419\" data-end=\"458\">odpornemu na warunki pogodowe le\u017cakowi na k\u00f3\u0142kach<\/strong> &#8211; idealnemu do ogrodu, na balkon, taras lub pla\u017c\u0119!<\/p>\n<p class=\"\" data-start=\"512\" data-end=\"660\">Ten nowoczesny le\u017cak ogrodowy oferuje wszystko, czego potrzebujesz do relaksu na \u015bwie\u017cym powietrzu:<br data-start=\"614\" data-end=\"617\">Komfort, stabilno\u015b\u0107 i mobilno\u015b\u0107 w jednym.<\/p>\n<hr class=\"\" data-start=\"662\" data-end=\"665\">\n<h3 class=\"\" data-start=\"667\" data-end=\"703\">\ud83c\udf1f <strong data-start=\"674\" data-end=\"703\">Zalety w skr\u00f3cie:<\/strong><\/h3>\n<p class=\"\" data-start=\"705\" data-end=\"1250\">\u2705 <strong data-start=\"707\" data-end=\"742\">Regulowane oparcie w 5 pozycjach<\/strong> &#8211; zawsze znajdziesz idealn\u0105 pozycj\u0119 do opalania, czytania lub drzemki<br data-start=\"810\" data-end=\"813\">\u2705 <strong data-start=\"815\" data-end=\"838\">Z k\u00f3\u0142kami transportowymi<\/strong> &#8211; \u0142atwe do przenoszenia, czy to na trawie, p\u0142ytkach czy piasku<br data-start=\"899\" data-end=\"902\">\u2705 <strong data-start=\"904\" data-end=\"928\">No\u015bno\u015b\u0107 do 120 kg<\/strong> &#8211; solidna konstrukcja wykonana z odpornego na warunki atmosferyczne tworzywa sztucznego i metalowej ramy<br data-start=\"996\" data-end=\"999\">\u2705 <strong data-start=\"1001\" data-end=\"1041\">Du\u017ca powierzchnia le\u017cenia (195 x 72 cm)<\/strong> &#8211; <strong data-start=\"1095\" data-end=\"1124\">dla maksymalnego komfortu, nawet d<\/strong> la wysokich os\u00f3b<br data-start=\"1090\" data-end=\"1093\">\u2705 Odporny na warunki atmosferyczne i promieniowanie UV &#8211; idealny do d\u0142ugotrwa\u0142ego u\u017cytkowania na zewn\u0105trz  Oszcz\u0119dno\u015b\u0107 miejsca po z\u0142o\u017ceniu &#8211; \u0142atwe do schowania po lecie lub podczas deszczu <strong data-start=\"1095\" data-end=\"1124\">Odporny na promieniowanie UV<\/strong> &#8211; idealny do d\u0142ugotrwa\u0142ego u\u017cytku na zewn\u0105trz<br data-start=\"1166\" data-end=\"1169\">\u2705 <strong data-start=\"1171\" data-end=\"1196\">Oszcz\u0119dno\u015b\u0107 miejsca<\/strong> dzi\u0119ki mo\u017cliwo\u015bci z\u0142o\u017cenia &#8211; \u0142atwy do schowania po lecie lub deszczu<\/p>\n<hr class=\"\" data-start=\"1252\" data-end=\"1255\">\n<p class=\"\" data-start=\"1257\" data-end=\"1391\">W ogrodzie, na balkonie lub na kempingu &#8211; ten le\u017cak jest idealnym towarzyszem na ciep\u0142e dni i relaksuj\u0105ce godziny.<\/p>\n<p class=\"\" data-start=\"1393\" data-end=\"1440\">\u2600\ufe0f <strong data-start=\"1396\" data-end=\"1440\">Ciesz si\u0119 teraz &#8211; latem, s\u0142o\u0144cem, komfortem!<\/strong><\/p>\n","protected":false},"excerpt":{"rendered":"<p>Zrelaksuj si\u0119 w dobrym stylu dzi\u0119ki naszemu odpornemu na warunki pogodowe le\u017cakowi na k\u00f3\u0142kach &#8211; idealnemu do ogrodu, na balkon, taras lub pla\u017c\u0119! Ten nowoczesny le\u017cak ogrodowy oferuje wszystko, czego potrzebujesz do relaksu na \u015bwie\u017cym powietrzu:Komfort, stabilno\u015b\u0107 i mobilno\u015b\u0107 w jednym. \ud83c\udf1f Zalety w skr\u00f3cie: \u2705 Regulowane oparcie w 5 pozycjach &#8211; zawsze znajdziesz idealn\u0105 [&hellip;]<\/p>\n","protected":false},"featured_media":10061,"comment_status":"open","ping_status":"closed","template":"","meta":{"_seopress_robots_primary_cat":"none","_seopress_titles_title":"Le\u017cak ogrodowy Casaria\u00ae: ciesz si\u0119 komfortem i mobilno\u015bci\u0105","_seopress_titles_desc":"Odkryj relaksuj\u0105cy tryb \u017cycia na \u015bwie\u017cym powietrzu z le\u017cakiem Casaria\u00ae wykonanym z odpornego na warunki atmosferyczne tworzywa sztucznego, idealnym do ogrodu, na pla\u017c\u0119 lub na kemping.","_seopress_robots_index":"","googlesitekit_rrm_CAowz76iDA:productID":""},"product_brand":[],"product_cat":[292],"product_tag":[2063,2064,2046,2048,2061,2053,2058,2051,2062,2067,2050,2047,2057,2054,2065,2056,2055,2052,2060,2066,2049,2059],"class_list":{"0":"post-10209","1":"product","2":"type-product","3":"status-publish","4":"has-post-thumbnail","6":"product_cat-store-packages","7":"product_tag-ergonomiczny-lezak-ogrodowy","8":"product_tag-letni-lezak","9":"product_tag-lezak","10":"product_tag-lezak-pl","11":"product_tag-lezak-195x72-cm","12":"product_tag-lezak-balkonowy","13":"product_tag-lezak-kempingowy","14":"product_tag-lezak-na-kolkach","15":"product_tag-lezak-na-kolkach-pl","16":"product_tag-lezak-odporny-na-warunki-atmosferyczne-pl","17":"product_tag-lezak-odporny-na-warunki-atmosferyczne","18":"product_tag-lezak-ogrodowy","19":"product_tag-lezak-ogrodowy-pl","20":"product_tag-lezak-plazowy","21":"product_tag-lezak-relaksacyjny","22":"product_tag-lezak-z-tworzywa-sztucznego","23":"product_tag-lezak-zewnetrzny","24":"product_tag-lezanka-regulowana-w-5-kierunkach","25":"product_tag-regulowane-oparcie","26":"product_tag-skladany-lezak-pl","27":"product_tag-skladany-lezak","28":"product_tag-solidny-lezak","30":"first","31":"instock","32":"sale","33":"taxable","34":"shipping-taxable","35":"purchasable","36":"product-type-variable"},"_links":{"self":[{"href":"https:\/\/linkmarkt.eu\/pl\/wp-json\/wp\/v2\/product\/10209","targetHints":{"allow":["GET"]}}],"collection":[{"href":"https:\/\/linkmarkt.eu\/pl\/wp-json\/wp\/v2\/product"}],"about":[{"href":"https:\/\/linkmarkt.eu\/pl\/wp-json\/wp\/v2\/types\/product"}],"replies":[{"embeddable":true,"href":"https:\/\/linkmarkt.eu\/pl\/wp-json\/wp\/v2\/comments?post=10209"}],"version-history":[{"count":1,"href":"https:\/\/linkmarkt.eu\/pl\/wp-json\/wp\/v2\/product\/10209\/revisions"}],"predecessor-version":[{"id":10237,"href":"https:\/\/linkmarkt.eu\/pl\/wp-json\/wp\/v2\/product\/10209\/revisions\/10237"}],"wp:featuredmedia":[{"embeddable":true,"href":"https:\/\/linkmarkt.eu\/pl\/wp-json\/wp\/v2\/media\/10061"}],"wp:attachment":[{"href":"https:\/\/linkmarkt.eu\/pl\/wp-json\/wp\/v2\/media?parent=10209"}],"wp:term":[{"taxonomy":"product_brand","embeddable":true,"href":"https:\/\/linkmarkt.eu\/pl\/wp-json\/wp\/v2\/product_brand?post=10209"},{"taxonomy":"product_cat","embeddable":true,"href":"https:\/\/linkmarkt.eu\/pl\/wp-json\/wp\/v2\/product_cat?post=10209"},{"taxonomy":"product_tag","embeddable":true,"href":"https:\/\/linkmarkt.eu\/pl\/wp-json\/wp\/v2\/product_tag?post=10209"}],"curies":[{"name":"wp","href":"https:\/\/api.w.org\/{rel}","templated":true}]}}