{"id":10224,"date":"2025-05-03T17:12:39","date_gmt":"2025-05-03T15:12:39","guid":{"rendered":"https:\/\/linkmarkt.eu\/product\/kompaktowy-stolik-kempingowy-bbq-skladany-3-wysokosci-58x40-cm-idealny-na-zewnatrz-i-pikniki\/"},"modified":"2025-05-03T17:12:39","modified_gmt":"2025-05-03T15:12:39","slug":"kompaktowy-stolik-kempingowy-bbq-skladany-3-wysokosci-58x40-cm-idealny-na-zewnatrz-i-pikniki","status":"publish","type":"product","link":"https:\/\/linkmarkt.eu\/pl\/product\/kompaktowy-stolik-kempingowy-bbq-skladany-3-wysokosci-58x40-cm-idealny-na-zewnatrz-i-pikniki\/","title":{"rendered":"Kompaktowy stolik kempingowy BBQ, sk\u0142adany &#8211; 3 wysoko\u015bci, 58&#215;40 cm, idealny na zewn\u0105trz i pikniki"},"content":{"rendered":"<p class=\"\" data-start=\"563\" data-end=\"635\"><strong data-start=\"563\" data-end=\"635\">Przeno\u015bny st\u00f3\u0142 kempingowy FUNYKICH &#8211; elastyczny, stabilny i zawsze z Tob\u0105<\/strong><\/p>\n<p class=\"\" data-start=\"637\" data-end=\"962\">Ciesz si\u0119 chwilami sp\u0119dzonymi na \u015bwie\u017cym powietrzu ze sto\u0142em do grillowania FUNYKICH &#8211; kompaktowym, wszechstronnym i \u0142atwym w transporcie sto\u0142em na ka\u017cd\u0105 okazj\u0119. Dzi\u0119ki wymiarom 58 x 40 cm i regulowanej wysoko\u015bci n\u00f3g, st\u00f3\u0142 ten dostosowuje si\u0119 do ka\u017cdej sytuacji &#8211; niezale\u017cnie od tego, czy jest to przytulny piknik, wiecz\u00f3r przy grillu czy wycieczka na kemping. <\/p>\n<p class=\"\" data-start=\"964\" data-end=\"989\"><strong data-start=\"964\" data-end=\"989\">\ud83d\udd27 Wa\u017cne cechy:<\/strong><\/p>\n<ul data-start=\"991\" data-end=\"1640\">\n<li class=\"\" data-start=\"991\" data-end=\"1127\">\n<p class=\"\" data-start=\"993\" data-end=\"1127\"><strong data-start=\"993\" data-end=\"1035\">Regulowana wysoko\u015b\u0107 w 3 pozycjach (26\/48\/70 cm):<\/strong> Idealny do jedzenia, gotowania lub relaksu &#8211; wystarczy dostosowa\u0107 wysoko\u015b\u0107 do swoich potrzeb.<\/p>\n<\/li>\n<li class=\"\" data-start=\"1128\" data-end=\"1264\">\n<p class=\"\" data-start=\"1130\" data-end=\"1264\"><strong data-start=\"1130\" data-end=\"1158\">Wytrzyma\u0142a powierzchnia z siatki:<\/strong> przepuszczaj\u0105cy powietrze blat umo\u017cliwia bezpieczne grillowanie, \u0142atwe czyszczenie i nowoczesny wygl\u0105d.<\/p>\n<\/li>\n<li class=\"\" data-start=\"1265\" data-end=\"1383\">\n<p class=\"\" data-start=\"1267\" data-end=\"1383\">Rozstawienie <strong data-start=\"1267\" data-end=\"1296\">w kilka sekund:<\/strong> nie s\u0105 wymagane \u017cadne narz\u0119dzia &#8211; st\u00f3\u0142 mo\u017cna rozstawi\u0107 lub z\u0142o\u017cy\u0107 w mgnieniu oka.<\/p>\n<\/li>\n<li class=\"\" data-start=\"1384\" data-end=\"1499\">\n<p class=\"\" data-start=\"1386\" data-end=\"1499\"><strong data-start=\"1386\" data-end=\"1413\">Oszcz\u0119dno\u015b\u0107 miejsca i przeno\u015bno\u015b\u0107:<\/strong> Szczeg\u00f3lnie kompaktowy po z\u0142o\u017ceniu &#8211; idealny do plecak\u00f3w, baga\u017cnik\u00f3w samochodowych lub kamper\u00f3w.<\/p>\n<\/li>\n<li class=\"\" data-start=\"1500\" data-end=\"1640\">\n<p class=\"\" data-start=\"1502\" data-end=\"1640\"><strong data-start=\"1502\" data-end=\"1533\">Wielofunkcyjne zastosowanie:<\/strong> Niezale\u017cnie od tego, czy grillujesz, jeste\u015b na pla\u017cy, \u0142owisz ryby, czy na festiwalach &#8211; ten st\u00f3\u0142 jest niezawodnym towarzyszem.<\/p>\n<\/li>\n<\/ul>\n<p class=\"\" data-start=\"1642\" data-end=\"1666\"><strong data-start=\"1642\" data-end=\"1666\">\ud83e\uddfe Dane techniczne:<\/strong><\/p>\n<ul data-start=\"1668\" data-end=\"1812\">\n<li class=\"\" data-start=\"1668\" data-end=\"1688\">\n<p class=\"\" data-start=\"1670\" data-end=\"1688\">Wymiary: 58 x 40 cm<\/p>\n<\/li>\n<li class=\"\" data-start=\"1689\" data-end=\"1721\">\n<p class=\"\" data-start=\"1691\" data-end=\"1721\">Wysoko\u015bci: 26 cm \/ 48 cm \/ 70 cm<\/p>\n<\/li>\n<li class=\"\" data-start=\"1722\" data-end=\"1778\">\n<p class=\"\" data-start=\"1724\" data-end=\"1778\">Materia\u0142: wytrzyma\u0142a metalowa rama z siatkowym blatem<\/p>\n<\/li>\n<li class=\"\" data-start=\"1779\" data-end=\"1812\">\n<p class=\"\" data-start=\"1781\" data-end=\"1812\">Mo\u017cliwo\u015b\u0107 u\u017cytkowania przez maksymalnie 6 os\u00f3b<\/p>\n<\/li>\n<\/ul>\n<hr class=\"\" data-start=\"1814\" data-end=\"1817\">\n<p class=\"\" data-start=\"1819\" data-end=\"1984\">St\u00f3\u0142 do grillowania FUNYKICH sprawi, \u017ce sp\u0119dzanie czasu na \u015bwie\u017cym powietrzu b\u0119dzie jeszcze bardziej komfortowe.  <strong data-start=\"1903\" data-end=\"1984\">Niezb\u0119dny dla ka\u017cdego, kto ceni sobie funkcjonalno\u015b\u0107, mobilno\u015b\u0107 i styl na \u015bwie\u017cym powietrzu.<\/strong><\/p>\n","protected":false},"excerpt":{"rendered":"<p>Przeno\u015bny st\u00f3\u0142 kempingowy FUNYKICH &#8211; elastyczny, stabilny i zawsze z Tob\u0105 Ciesz si\u0119 chwilami sp\u0119dzonymi na \u015bwie\u017cym powietrzu ze sto\u0142em do grillowania FUNYKICH &#8211; kompaktowym, wszechstronnym i \u0142atwym w transporcie sto\u0142em na ka\u017cd\u0105 okazj\u0119. Dzi\u0119ki wymiarom 58 x 40 cm i regulowanej wysoko\u015bci n\u00f3g, st\u00f3\u0142 ten dostosowuje si\u0119 do ka\u017cdej sytuacji &#8211; niezale\u017cnie od tego, [&hellip;]<\/p>\n","protected":false},"featured_media":10038,"comment_status":"open","ping_status":"closed","template":"","meta":{"_seopress_robots_primary_cat":"none","_seopress_titles_title":"St\u00f3\u0142 do grillowania FUNYKICH: elastyczny mebel do u\u017cytku na zewn\u0105trz","_seopress_titles_desc":"Solidny, sk\u0142adany stolik kempingowy z 3 wysoko\u015bciami (26\/48\/70 cm), wytrzyma\u0142\u0105 powierzchni\u0105 z siatki i \u0142atwym monta\u017cem - idealny na grilla, kemping, festiwale i do ogrodu.","_seopress_robots_index":"","googlesitekit_rrm_CAowz76iDA:productID":""},"product_brand":[],"product_cat":[292],"product_tag":[2105,2098,2104,2103,1981,2095,2100,2097,1987,2106,2101,1978,1990,2096,1983,2102,2099,2107,1979,1985],"class_list":{"0":"post-10224","1":"product","2":"type-product","3":"status-publish","4":"has-post-thumbnail","6":"product_cat-store-packages","7":"product_tag-akcesoria-outdoorowe","8":"product_tag-meble-kempingowe","9":"product_tag-meble-ogrodowe","10":"product_tag-oswietlenie-stolu-kempingowego","11":"product_tag-przenosny-stol","12":"product_tag-skladany-stol","13":"product_tag-skladany-stol-pl","14":"product_tag-stol-do-grillowania-pl","15":"product_tag-stol-do-grillowania","16":"product_tag-stol-do-grillowania-pl-2","17":"product_tag-stol-festiwalowy","18":"product_tag-stol-kempingowy","19":"product_tag-stol-kempingowy-pl","20":"product_tag-stol-ogrodowy","21":"product_tag-stol-piknikowy","22":"product_tag-stol-siatkowy","23":"product_tag-stol-z-regulacja-wysokosci","24":"product_tag-stol-zewnetrzny-pl","25":"product_tag-stol-zewnetrzny","26":"product_tag-stolik-podrozny","28":"first","29":"instock","30":"sale","31":"taxable","32":"shipping-taxable","33":"purchasable","34":"product-type-variable"},"_links":{"self":[{"href":"https:\/\/linkmarkt.eu\/pl\/wp-json\/wp\/v2\/product\/10224","targetHints":{"allow":["GET"]}}],"collection":[{"href":"https:\/\/linkmarkt.eu\/pl\/wp-json\/wp\/v2\/product"}],"about":[{"href":"https:\/\/linkmarkt.eu\/pl\/wp-json\/wp\/v2\/types\/product"}],"replies":[{"embeddable":true,"href":"https:\/\/linkmarkt.eu\/pl\/wp-json\/wp\/v2\/comments?post=10224"}],"version-history":[{"count":0,"href":"https:\/\/linkmarkt.eu\/pl\/wp-json\/wp\/v2\/product\/10224\/revisions"}],"wp:featuredmedia":[{"embeddable":true,"href":"https:\/\/linkmarkt.eu\/pl\/wp-json\/wp\/v2\/media\/10038"}],"wp:attachment":[{"href":"https:\/\/linkmarkt.eu\/pl\/wp-json\/wp\/v2\/media?parent=10224"}],"wp:term":[{"taxonomy":"product_brand","embeddable":true,"href":"https:\/\/linkmarkt.eu\/pl\/wp-json\/wp\/v2\/product_brand?post=10224"},{"taxonomy":"product_cat","embeddable":true,"href":"https:\/\/linkmarkt.eu\/pl\/wp-json\/wp\/v2\/product_cat?post=10224"},{"taxonomy":"product_tag","embeddable":true,"href":"https:\/\/linkmarkt.eu\/pl\/wp-json\/wp\/v2\/product_tag?post=10224"}],"curies":[{"name":"wp","href":"https:\/\/api.w.org\/{rel}","templated":true}]}}