{"id":10241,"date":"2025-05-03T17:11:34","date_gmt":"2025-05-03T15:11:34","guid":{"rendered":"https:\/\/linkmarkt.eu\/product\/5-czesciowy-zestaw-mebli-ogrodowych-z-poduszkami-czarny-polyrattan\/"},"modified":"2025-05-03T17:11:34","modified_gmt":"2025-05-03T15:11:34","slug":"5-czesciowy-zestaw-mebli-ogrodowych-z-poduszkami-czarny-polyrattan","status":"publish","type":"product","link":"https:\/\/linkmarkt.eu\/pl\/product\/5-czesciowy-zestaw-mebli-ogrodowych-z-poduszkami-czarny-polyrattan\/","title":{"rendered":"5-cz\u0119\u015bciowy zestaw mebli ogrodowych z poduszkami &#8211; Czarny &#8211; Polyrattan"},"content":{"rendered":"<h4 class=\"\" data-start=\"270\" data-end=\"340\"><strong data-start=\"275\" data-end=\"340\">Nowoczesny, oszcz\u0119dzaj\u0105cy miejsce design dla stylowych chwil na \u015bwie\u017cym powietrzu<\/strong><\/h4>\n<p class=\"\" data-start=\"342\" data-end=\"615\">Przekszta\u0142\u0107 sw\u00f3j ogr\u00f3d, patio lub balkon w eleganck\u0105 oaz\u0119 dobrego samopoczucia dzi\u0119ki temu 5-cz\u0119\u015bciowemu zestawowi mebli ogrodowych wykonanemu z wytrzyma\u0142ego polirattanu. Zestaw \u0142\u0105czy w sobie ponadczasowy design z wysok\u0105 funkcjonalno\u015bci\u0105 i komfortem &#8211; idealny do relaksu na \u015bwie\u017cym powietrzu. <\/p>\n<hr class=\"\" data-start=\"617\" data-end=\"620\">\n<h3 class=\"\" data-start=\"622\" data-end=\"647\">\u2705 <strong data-start=\"628\" data-end=\"647\">Cechy produktu<\/strong><\/h3>\n<ul data-start=\"649\" data-end=\"1543\">\n<li class=\"\" data-start=\"649\" data-end=\"881\">\n<p class=\"\" data-start=\"651\" data-end=\"881\"><strong data-start=\"651\" data-end=\"676\">Wysokiej jako\u015bci materia\u0142<\/strong>: odporny na warunki atmosferyczne polirattan (rattan PE) w po\u0142\u0105czeniu z malowan\u0105 proszkowo stal\u0105 gwarantuje stabilno\u015b\u0107 i trwa\u0142o\u015b\u0107. Jest \u0142atwy w czyszczeniu, odporny na promieniowanie UV i idealny do ca\u0142orocznego u\u017cytku na zewn\u0105trz. <\/p>\n<\/li>\n<li class=\"\" data-start=\"882\" data-end=\"1076\">\n<p class=\"\" data-start=\"884\" data-end=\"1076\"><strong data-start=\"884\" data-end=\"908\">Oszcz\u0119dno\u015b\u0107 miejsca<\/strong>: dzi\u0119ki sk\u0142adanym oparciom krzes\u0142a mo\u017cna ca\u0142kowicie schowa\u0107 pod sto\u0142em &#8211; zestaw tworzy kompaktowy sze\u015bcian, idealny do mniejszych przestrzeni zewn\u0119trznych.<\/p>\n<\/li>\n<li class=\"\" data-start=\"1077\" data-end=\"1248\">\n<p class=\"\" data-start=\"1079\" data-end=\"1248\"><strong data-start=\"1079\" data-end=\"1102\">Wygodne siedzenie<\/strong>: Krzes\u0142a s\u0105 wyposa\u017cone w wyj\u0105tkowo grube, mi\u0119kkie poduszki siedziska &#8211; na wiele godzin relaksuj\u0105cego siedzenia podczas delektowania si\u0119 kaw\u0105, grillem lub zachodem s\u0142o\u0144ca.<\/p>\n<\/li>\n<li class=\"\" data-start=\"1249\" data-end=\"1379\">\n<p class=\"\" data-start=\"1251\" data-end=\"1379\"><strong data-start=\"1251\" data-end=\"1275\">\u0141atwe w piel\u0119gnacji poduszki<\/strong>: Poszewki poduszek wykonane s\u0105 w 100% z poliestru, s\u0105 zdejmowane i mo\u017cna je pra\u0107 &#8211; praktyczne i higieniczne.<\/p>\n<\/li>\n<li class=\"\" data-start=\"1380\" data-end=\"1543\">\n<p class=\"\" data-start=\"1382\" data-end=\"1543\"><strong data-start=\"1382\" data-end=\"1405\">Elegancki szklany blat<\/strong>: Blat z hartowanego szk\u0142a jest nie tylko stylowy, ale tak\u017ce \u0142atwy do czyszczenia &#8211; wystarczy przetrze\u0107 go wilgotn\u0105 szmatk\u0105.<\/p>\n<\/li>\n<\/ul>\n<hr class=\"\" data-start=\"1545\" data-end=\"1548\">\n<h3 class=\"\" data-start=\"1550\" data-end=\"1577\">\ud83d\udcd0 <strong data-start=\"1557\" data-end=\"1577\">Dane techniczne<\/strong><\/h3>\n<p class=\"\" data-start=\"1579\" data-end=\"1589\"><strong data-start=\"1579\" data-end=\"1589\">Tabela:<\/strong><\/p>\n<ul data-start=\"1590\" data-end=\"1720\">\n<li class=\"\" data-start=\"1590\" data-end=\"1608\">\n<p class=\"\" data-start=\"1592\" data-end=\"1608\">Kolor: czarny<\/p>\n<\/li>\n<li class=\"\" data-start=\"1609\" data-end=\"1682\">\n<p class=\"\" data-start=\"1611\" data-end=\"1682\">Materia\u0142: polirattan (PE), stal malowana proszkowo, szk\u0142o hartowane<\/p>\n<\/li>\n<li class=\"\" data-start=\"1683\" data-end=\"1720\">\n<p class=\"\" data-start=\"1685\" data-end=\"1720\">Wymiary: 110 x 106 x 73 cm (d\u0142. x szer. x wys.)<\/p>\n<\/li>\n<\/ul>\n<p class=\"\" data-start=\"1722\" data-end=\"1743\"><strong data-start=\"1722\" data-end=\"1743\">Krzes\u0142a (ka\u017cde):<\/strong><\/p>\n<ul data-start=\"1744\" data-end=\"1968\">\n<li class=\"\" data-start=\"1744\" data-end=\"1762\">\n<p class=\"\" data-start=\"1746\" data-end=\"1762\">Kolor: czarny<\/p>\n<\/li>\n<li class=\"\" data-start=\"1763\" data-end=\"1819\">\n<p class=\"\" data-start=\"1765\" data-end=\"1819\">Materia\u0142: polirattan (PE), stal malowana proszkowo<\/p>\n<\/li>\n<li class=\"\" data-start=\"1820\" data-end=\"1859\">\n<p class=\"\" data-start=\"1822\" data-end=\"1859\">Wymiary: 50,5 x 54 x 79 cm (szer. x g\u0142. x wys.)<\/p>\n<\/li>\n<li class=\"\" data-start=\"1860\" data-end=\"1888\">\n<p class=\"\" data-start=\"1862\" data-end=\"1888\">Siedzisko: 45,5 x 38 cm<\/p>\n<\/li>\n<li class=\"\" data-start=\"1889\" data-end=\"1908\">\n<p class=\"\" data-start=\"1891\" data-end=\"1908\">Wysoko\u015b\u0107 siedziska: 43 cm<\/p>\n<\/li>\n<li class=\"\" data-start=\"1909\" data-end=\"1935\">\n<p class=\"\" data-start=\"1911\" data-end=\"1935\">Wysoko\u015b\u0107 pod\u0142okietnika: 63,5 cm<\/p>\n<\/li>\n<li class=\"\" data-start=\"1936\" data-end=\"1968\">\n<p class=\"\" data-start=\"1938\" data-end=\"1968\">Maksymalny ud\u017awig: 110 kg<\/p>\n<\/li>\n<\/ul>\n<p class=\"\" data-start=\"1970\" data-end=\"1981\"><strong data-start=\"1970\" data-end=\"1981\">Poduszka:<\/strong><\/p>\n<ul data-start=\"1982\" data-end=\"2089\">\n<li class=\"\" data-start=\"1982\" data-end=\"2000\">\n<p class=\"\" data-start=\"1984\" data-end=\"2000\">Kolor: czarny<\/p>\n<\/li>\n<li class=\"\" data-start=\"2001\" data-end=\"2036\">\n<p class=\"\" data-start=\"2003\" data-end=\"2036\">Materia\u0142 pokrywy: 100% poliester<\/p>\n<\/li>\n<li class=\"\" data-start=\"2037\" data-end=\"2061\">\n<p class=\"\" data-start=\"2039\" data-end=\"2061\">Wype\u0142nienie: pianka<\/p>\n<\/li>\n<li class=\"\" data-start=\"2062\" data-end=\"2089\">\n<p class=\"\" data-start=\"2064\" data-end=\"2089\">Wymiary poduszki: 76 x 46 x 2 cm<\/p>\n<\/li>\n<\/ul>\n<hr class=\"\" data-start=\"2091\" data-end=\"2094\">\n<h3 class=\"\" data-start=\"2096\" data-end=\"2119\">\ud83d\udce6 <strong data-start=\"2103\" data-end=\"2119\">Zakres dostawy<\/strong><\/h3>\n<ul data-start=\"2121\" data-end=\"2252\">\n<li class=\"\" data-start=\"2121\" data-end=\"2155\">\n<p class=\"\" data-start=\"2123\" data-end=\"2155\">1 \u00d7 st\u00f3\u0142 ogrodowy ze szklanym blatem<\/p>\n<\/li>\n<li class=\"\" data-start=\"2156\" data-end=\"2197\">\n<p class=\"\" data-start=\"2158\" data-end=\"2197\">4 \u00d7 krzes\u0142a ogrodowe ze sk\u0142adanym oparciem<\/p>\n<\/li>\n<li class=\"\" data-start=\"2198\" data-end=\"2252\">\n<p class=\"\" data-start=\"2200\" data-end=\"2252\">4 \u00d7 poduszki na siedzenia ze zdejmowanymi, nadaj\u0105cymi si\u0119 do prania pokrowcami<\/p>\n<\/li>\n<\/ul>\n<hr class=\"\" data-start=\"2254\" data-end=\"2257\">\n<h3 class=\"\" data-start=\"2259\" data-end=\"2283\">\u2139\ufe0f <strong data-start=\"2266\" data-end=\"2283\">Instrukcje dotycz\u0105ce piel\u0119gnacji<\/strong><\/h3>\n<p class=\"\" data-start=\"2285\" data-end=\"2444\">Aby przed\u0142u\u017cy\u0107 \u017cywotno\u015b\u0107 mebli ogrodowych, zalecamy stosowanie wodoodpornego pokrowca, gdy nie s\u0105 one u\u017cywane lub w miesi\u0105cach zimowych.<\/p>\n<div class=\"detailmodule_html\">\n<div class=\"detail-desc-decorate-richtext\">\n<p><img decoding=\"async\" src=\"https:\/\/www.vidaxl.de\/dw\/image\/v2\/BFNS_PRD\/on\/demandware.static\/-\/Sites-vidaxl-catalog-master-sku\/default\/dw75cf6292\/hi-res\/436\/4299\/6367\/3210535\/image_2_3210535.jpg\"><br \/>\n@<img decoding=\"async\" src=\"https:\/\/vdxl.im\/8721012289932_g_en_hd_3.jpg\"><br \/>\n@<img decoding=\"async\" src=\"https:\/\/vdxl.im\/8721012289932_g_en_hd_4.jpg\"><br \/>\n@<img decoding=\"async\" src=\"https:\/\/vdxl.im\/8721012289932_g_en_hd_1.jpg\"><br \/>\n@<img decoding=\"async\" src=\"https:\/\/vdxl.im\/8721012289932_g_en_hd_2.jpg\"><br \/>\n@<\/p>\n<\/div>\n<\/div>\n","protected":false},"excerpt":{"rendered":"<p>Nowoczesny, oszcz\u0119dzaj\u0105cy miejsce design dla stylowych chwil na \u015bwie\u017cym powietrzu Przekszta\u0142\u0107 sw\u00f3j ogr\u00f3d, patio lub balkon w eleganck\u0105 oaz\u0119 dobrego samopoczucia dzi\u0119ki temu 5-cz\u0119\u015bciowemu zestawowi mebli ogrodowych wykonanemu z wytrzyma\u0142ego polirattanu. Zestaw \u0142\u0105czy w sobie ponadczasowy design z wysok\u0105 funkcjonalno\u015bci\u0105 i komfortem &#8211; idealny do relaksu na \u015bwie\u017cym powietrzu. \u2705 Cechy produktu Wysokiej jako\u015bci materia\u0142: [&hellip;]<\/p>\n","protected":false},"featured_media":10015,"comment_status":"open","ping_status":"closed","template":"","meta":{"_seopress_robots_primary_cat":"none","_seopress_titles_title":"5-cz\u0119\u015bciowy zestaw mebli ogrodowych z poduszkami - czarny polirattan - oszcz\u0119dno\u015b\u0107 miejsca i odporno\u015b\u0107 na warunki atmosferyczne","_seopress_titles_desc":"Odkryj nowoczesny zestaw mebli ogrodowych wykonany z czarnego polirattanu - 4 krzes\u0142a z poduszkami i st\u00f3\u0142 ze szklanym blatem. Idealny na balkon, taras i do ogrodu. Odporno\u015b\u0107 na warunki atmosferyczne i oszcz\u0119dno\u015b\u0107 miejsca!  ","_seopress_robots_index":"","googlesitekit_rrm_CAowz76iDA:productID":""},"product_brand":[],"product_cat":[292],"product_tag":[2175,2182,2176,2179,2177,2174,2180,2178,2181,2173,2183],"class_list":{"0":"post-10241","1":"product","2":"type-product","3":"status-publish","4":"has-post-thumbnail","6":"product_cat-store-packages","7":"product_tag-5-czesciowy-zestaw-ogrodowy","8":"product_tag-krzeslo-ogrodowe-z-poduszka","9":"product_tag-meble-balkonowe-czarne","10":"product_tag-meble-na-taras","11":"product_tag-meble-ogrodowe-odporne-na-warunki-atmosferyczne","12":"product_tag-meble-ogrodowe-z-polirattanu","13":"product_tag-oszczedzajace-miejsce-meble-ogrodowe","14":"product_tag-stol-ogrodowy-z-krzeslami","15":"product_tag-zestaw-do-jadalni-na-swiezym-powietrzu","16":"product_tag-zestaw-mebli-ogrodowych","17":"product_tag-zestaw-ogrodowy-czarny","19":"first","20":"instock","21":"sale","22":"taxable","23":"shipping-taxable","24":"purchasable","25":"product-type-variable"},"_links":{"self":[{"href":"https:\/\/linkmarkt.eu\/pl\/wp-json\/wp\/v2\/product\/10241","targetHints":{"allow":["GET"]}}],"collection":[{"href":"https:\/\/linkmarkt.eu\/pl\/wp-json\/wp\/v2\/product"}],"about":[{"href":"https:\/\/linkmarkt.eu\/pl\/wp-json\/wp\/v2\/types\/product"}],"replies":[{"embeddable":true,"href":"https:\/\/linkmarkt.eu\/pl\/wp-json\/wp\/v2\/comments?post=10241"}],"version-history":[{"count":0,"href":"https:\/\/linkmarkt.eu\/pl\/wp-json\/wp\/v2\/product\/10241\/revisions"}],"wp:featuredmedia":[{"embeddable":true,"href":"https:\/\/linkmarkt.eu\/pl\/wp-json\/wp\/v2\/media\/10015"}],"wp:attachment":[{"href":"https:\/\/linkmarkt.eu\/pl\/wp-json\/wp\/v2\/media?parent=10241"}],"wp:term":[{"taxonomy":"product_brand","embeddable":true,"href":"https:\/\/linkmarkt.eu\/pl\/wp-json\/wp\/v2\/product_brand?post=10241"},{"taxonomy":"product_cat","embeddable":true,"href":"https:\/\/linkmarkt.eu\/pl\/wp-json\/wp\/v2\/product_cat?post=10241"},{"taxonomy":"product_tag","embeddable":true,"href":"https:\/\/linkmarkt.eu\/pl\/wp-json\/wp\/v2\/product_tag?post=10241"}],"curies":[{"name":"wp","href":"https:\/\/api.w.org\/{rel}","templated":true}]}}