{"id":10244,"date":"2025-05-03T17:10:30","date_gmt":"2025-05-03T15:10:30","guid":{"rendered":"https:\/\/linkmarkt.eu\/product\/5-czesciowy-zestaw-mebli-ogrodowych-bezowy-polirattan-ze-stolkami-i-poduszkami-stylowy-i-wygodny-zestaw-ogrodowy-na-relaksujace-godziny-na-swiezym-powietrzu-spedz-przytulne-chwile-w-ogrodzie-na-p\/"},"modified":"2025-05-03T17:10:30","modified_gmt":"2025-05-03T15:10:30","slug":"5-czesciowy-zestaw-mebli-ogrodowych-bezowy-polirattan-ze-stolkami-i-poduszkami-stylowy-i-wygodny-zestaw-ogrodowy-na-relaksujace-godziny-na-swiezym-powietrzu-spedz-przytulne-chwile-w-ogrodzie-na-p","status":"publish","type":"product","link":"https:\/\/linkmarkt.eu\/pl\/product\/5-czesciowy-zestaw-mebli-ogrodowych-bezowy-polirattan-ze-stolkami-i-poduszkami-stylowy-i-wygodny-zestaw-ogrodowy-na-relaksujace-godziny-na-swiezym-powietrzu-spedz-przytulne-chwile-w-ogrodzie-na-p\/","title":{"rendered":"5-cz\u0119\u015bciowy zestaw mebli ogrodowych &#8211; be\u017cowy &#8211; polirattan ze sto\u0142kami i poduszkami Stylowy i wygodny zestaw ogrodowy na relaksuj\u0105ce godziny na \u015bwie\u017cym powietrzu Sp\u0119d\u017a przytulne chwile w ogrodzie, na patio lub balkonie dzi\u0119ki temu eleganckiemu zestawowi mebli ogrodowych w naturalnym be\u017cowym kolorze. Nowoczesny design \u0142\u0105czy si\u0119 z wyrafinowan\u0105 funkcjonalno\u015bci\u0105 &#8211; idealny na przytulne wieczory i s\u0142oneczne dni na \u015bwie\u017cym powietrzu. \u2705 Cechy produktu Odporny na warunki atmosferyczne polirattan: Zestaw wykonany jest z odpornego na promieniowanie UV splotu polirattanowego na malowanej proszkowo stalowej ramie &#8211; solidnej, \u0142atwej do czyszczenia i trwa\u0142ej. Wygodne siedzenia: Dwa krzes\u0142a maj\u0105 ergonomicznie ukszta\u0142towane oparcia i pod\u0142okietniki. Dostarczone poduszki o grubo\u015bci 4 cm w kolorze kremowej bieli zapewniaj\u0105 dodatkowy komfort. Wszechstronny ze sto\u0142kami: Dwa praktyczne podn\u00f3\u017cki mog\u0105 s\u0142u\u017cy\u0107 jako dodatkowe siedzisko lub wygodny podn\u00f3\u017cek. Stylowy szklany blat: St\u00f3\u0142 jest wyposa\u017cony w \u0142atwy w piel\u0119gnacji blat z hartowanego szk\u0142a &#8211; idealny do posi\u0142k\u00f3w lub dekoracji. Lekki i mobilny: Dzi\u0119ki niewielkiej wadze wszystkie elementy mo\u017cna bez wysi\u0142ku przenosi\u0107 &#8211; do elastycznego u\u017cytku w dowolnym miejscu na zewn\u0105trz. Zdejmowane pokrowce na poduszki: Wszystkie poszewki maj\u0105 zamek b\u0142yskawiczny i mo\u017cna je \u0142atwo zdj\u0105\u0107 i wypra\u0107. \ud83d\udcd0 Dane techniczne Kolor: Be\u017cowy Kolor poduszki: Kremowy bia\u0142y Materia\u0142y: Polirattan, stal malowana proszkowo, szk\u0142o hartowane, poliester (100%) Wymagany monta\u017c: Tak Wymiary: St\u00f3\u0142: 80 x 80 x 75 cm (szer. x g\u0142. x wys.) Krzes\u0142a: 53 x 58 x 84 cm (szer. x g\u0142. x wys.) Taborety: 41,5 x 41,5 x 42,5 cm (szer. x g\u0142. x wys.) Wysoko\u015b\u0107 siedziska: 42 cm Powierzchnia siedziska: 39 \/ 44,5 x 46 cm Wysoko\u015b\u0107 pod\u0142okietnika: 62 \/ 65 cm Grubo\u015b\u0107 poduszki: 4 cm \ud83d\udce6 Zakres dostawy 1 \u00d7 st\u00f3\u0142 ze szklanym blatem 2 \u00d7 krzes\u0142a ogrodowe z pod\u0142okietnikami 2 \u00d7 podn\u00f3\u017cki \/ otomany 4 \u00d7 poduszki na siedziska ze zdejmowanym pokrowcem \u2139\ufe0f Wskaz\u00f3wki dotycz\u0105ce piel\u0119gnacji Aby zachowa\u0107 pi\u0119kno i trwa\u0142o\u015b\u0107 mebli, zalecamy pokrowiec odporny na warunki atmosferyczne, gdy nie s\u0105 u\u017cywane lub w zimnych porach roku.Stylowy i wygodny zestaw ogrodowy na relaksuj\u0105ce godziny na \u015bwie\u017cym powietrzu Sp\u0119d\u017a przytulne chwile w ogrodzie, na patio lub na balkonie dzi\u0119ki temu eleganckiemu zestawowi mebli ogrodowych w naturalnym be\u017cowym kolorze. Nowoczesny design \u0142\u0105czy si\u0119 z wyrafinowan\u0105 funkcjonalno\u015bci\u0105 &#8211; idealny na przytulne wieczory i s\u0142oneczne dni na \u015bwie\u017cym powietrzu. \u2705 Cechy produktu Odporny na warunki atmosferyczne polirattan: Zestaw jest wykonany z odpornego na promieniowanie UV splotu polirattanowego na malowanej proszkowo stalowej ramie &#8211; solidnej, \u0142atwej do czyszczenia i trwa\u0142ej. Wygodne siedzenia: Dwa krzes\u0142a maj\u0105 ergonomicznie ukszta\u0142towane oparcia i pod\u0142okietniki. Dostarczone poduszki o grubo\u015bci 4 cm w kolorze kremowej bieli zapewniaj\u0105 dodatkowy komfort. Wszechstronny ze sto\u0142kami: Dwa praktyczne podn\u00f3\u017cki mog\u0105 s\u0142u\u017cy\u0107 jako dodatkowe siedzisko lub wygodny podn\u00f3\u017cek. Stylowy szklany blat: St\u00f3\u0142 jest wyposa\u017cony w \u0142atwy w piel\u0119gnacji blat z hartowanego szk\u0142a &#8211; idealny do posi\u0142k\u00f3w lub dekoracji. Lekki i mobilny: Dzi\u0119ki niewielkiej wadze wszystkie elementy mo\u017cna bez wysi\u0142ku przenosi\u0107 &#8211; do elastycznego u\u017cytku w dowolnym miejscu na zewn\u0105trz. Zdejmowane pokrowce na poduszki: Wszystkie pokrowce maj\u0105 zamek b\u0142yskawiczny i mo\u017cna je \u0142atwo zdj\u0105\u0107 i wypra\u0107.                  \ud83d\udcd0 Dane techniczne Kolor: be\u017cowy Kolor poduszki: kremowa biel Materia\u0142y: polirattan, stal malowana proszkowo, szk\u0142o hartowane, poliester (100%) Wymagany monta\u017c: tak Wymiary: St\u00f3\u0142: 80 x 80 x 75 cm (szer. x g\u0142. x wys.) Krzes\u0142a: 53 x 58 x 84 cm (szer. x g\u0142. x wys.) Taborety: 41,5 x 41,5 x 42,5 cm (szer. x g\u0142. x wys.) Wysoko\u015b\u0107 siedziska: 42 cm Powierzchnia siedziska: 39 \/ 44,5 x 46 cm Wysoko\u015b\u0107 pod\u0142okietnika: 62 \/ 65 cm Grubo\u015b\u0107 poduszki: 4 cm \ud83d\udce6 Zakres dostawy 1 \u00d7 st\u00f3\u0142 ze szklanym blatem 2 \u00d7 krzes\u0142a ogrodowe z pod\u0142okietnikami 2 \u00d7 podn\u00f3\u017cki \/ taborety 4 \u00d7 poduszki na siedziska ze zdejmowanym pokrowcem \u2139\ufe0f Instrukcje dotycz\u0105ce piel\u0119gnacji Aby zachowa\u0107 pi\u0119kno i trwa\u0142o\u015b\u0107 mebli, zalecamy stosowanie pokrowca odpornego na warunki atmosferyczne, gdy nie s\u0105 u\u017cywane lub w zimnych porach roku."},"content":{"rendered":"<h4 class=\"\" data-start=\"292\" data-end=\"371\"><strong data-start=\"297\" data-end=\"371\">Stylowy i wygodny zestaw ogrodowy do relaksu na \u015bwie\u017cym powietrzu<\/strong><\/h4>\n<p class=\"\" data-start=\"373\" data-end=\"626\">Sp\u0119d\u017a przytulne chwile w ogrodzie, na patio lub na balkonie z tym eleganckim zestawem mebli ogrodowych w naturalnym be\u017cowym kolorze. Nowoczesny design \u0142\u0105czy si\u0119 z wyrafinowan\u0105 funkcjonalno\u015bci\u0105 &#8211; idealn\u0105 na przytulne wieczory i s\u0142oneczne dni na \u015bwie\u017cym powietrzu. <\/p>\n<hr class=\"\" data-start=\"628\" data-end=\"631\">\n<h3 class=\"\" data-start=\"633\" data-end=\"658\">\u2705 <strong data-start=\"639\" data-end=\"658\">Cechy produktu<\/strong><\/h3>\n<ul data-start=\"660\" data-end=\"1546\">\n<li class=\"\" data-start=\"660\" data-end=\"825\">\n<p class=\"\" data-start=\"662\" data-end=\"825\"><strong data-start=\"662\" data-end=\"689\">Odporny na warunki atmosferyczne polirattan<\/strong>: Zestaw wykonany jest z odpornej na promieniowanie UV wikliny polirattanowej na malowanej proszkowo stalowej ramie &#8211; solidnej, \u0142atwej do czyszczenia i trwa\u0142ej.<\/p>\n<\/li>\n<li class=\"\" data-start=\"826\" data-end=\"1014\">\n<p class=\"\" data-start=\"828\" data-end=\"1014\"><strong data-start=\"828\" data-end=\"851\">Wygodne siedzenie<\/strong>: Dwa krzes\u0142a maj\u0105 ergonomicznie ukszta\u0142towane oparcia i pod\u0142okietniki. Poduszki o grubo\u015bci 4 cm w kolorze kremowej bieli zapewniaj\u0105 dodatkowy komfort. <\/p>\n<\/li>\n<li class=\"\" data-start=\"1015\" data-end=\"1143\">\n<p class=\"\" data-start=\"1017\" data-end=\"1143\"><strong data-start=\"1017\" data-end=\"1043\">Wszechstronno\u015b\u0107 dzi\u0119ki sto\u0142kom<\/strong>: dwa praktyczne podn\u00f3\u017cki mog\u0105 s\u0142u\u017cy\u0107 jako dodatkowe siedzisko lub wygodny podn\u00f3\u017cek.<\/p>\n<\/li>\n<li class=\"\" data-start=\"1144\" data-end=\"1286\">\n<p class=\"\" data-start=\"1146\" data-end=\"1286\"><strong data-start=\"1146\" data-end=\"1170\">Stylowy szklany blat<\/strong>: St\u00f3\u0142 jest wyposa\u017cony w \u0142atwy w piel\u0119gnacji blat z hartowanego szk\u0142a &#8211; idealny do posi\u0142k\u00f3w lub dekoracji.<\/p>\n<\/li>\n<li class=\"\" data-start=\"1287\" data-end=\"1424\">\n<p class=\"\" data-start=\"1289\" data-end=\"1424\"><strong data-start=\"1289\" data-end=\"1307\">Lekko\u015b\u0107 i mobilno\u015b\u0107<\/strong>: dzi\u0119ki niewielkiej wadze wszystkie elementy mo\u017cna bez wysi\u0142ku przenosi\u0107 &#8211; elastyczne zastosowanie w ka\u017cdym obszarze zewn\u0119trznym.<\/p>\n<\/li>\n<li class=\"\" data-start=\"1425\" data-end=\"1546\">\n<p class=\"\" data-start=\"1427\" data-end=\"1546\"><strong data-start=\"1427\" data-end=\"1454\">Zdejmowane pokrowce na poduszki<\/strong>: Wszystkie poszewki maj\u0105 zamek b\u0142yskawiczny i mo\u017cna je \u0142atwo zdj\u0105\u0107 i wypra\u0107.<\/p>\n<\/li>\n<\/ul>\n<hr class=\"\" data-start=\"1548\" data-end=\"1551\">\n<h3 class=\"\" data-start=\"1553\" data-end=\"1580\">\ud83d\udcd0 <strong data-start=\"1560\" data-end=\"1580\">Dane techniczne<\/strong><\/h3>\n<p class=\"\" data-start=\"1582\" data-end=\"1751\"><strong data-start=\"1582\" data-end=\"1592\">Kolor:<\/strong> be\u017cowy<br data-start=\"1598\" data-end=\"1601\"><strong data-start=\"1601\" data-end=\"1617\">Kolor poduszki:<\/strong> kremowo-bia\u0142y<br data-start=\"1627\" data-end=\"1630\"><strong data-start=\"1630\" data-end=\"1646\">Materia\u0142y:<\/strong> polirattan, stal malowana proszkowo, szk\u0142o hartowane, poliester (100%)<br data-start=\"1720\" data-end=\"1723\"><strong data-start=\"1723\" data-end=\"1748\">Wymagany monta\u017c:<\/strong> tak<\/p>\n<p class=\"\" data-start=\"1753\" data-end=\"1762\"><strong data-start=\"1753\" data-end=\"1762\">Wymiary:<\/strong><\/p>\n<ul data-start=\"1764\" data-end=\"2022\">\n<li class=\"\" data-start=\"1764\" data-end=\"1806\">\n<p class=\"\" data-start=\"1766\" data-end=\"1806\"><strong data-start=\"1766\" data-end=\"1776\">St\u00f3\u0142:<\/strong> 80 x 80 x 75 cm (szer. x g\u0142. x wys.)<\/p>\n<\/li>\n<li class=\"\" data-start=\"1807\" data-end=\"1850\">\n<p class=\"\" data-start=\"1809\" data-end=\"1850\"><strong data-start=\"1809\" data-end=\"1820\">Krzes\u0142a:<\/strong> 53 x 58 x 84 cm (szer. x g\u0142. x wys.)<\/p>\n<\/li>\n<li class=\"\" data-start=\"1851\" data-end=\"1900\">\n<p class=\"\" data-start=\"1853\" data-end=\"1900\"><strong data-start=\"1853\" data-end=\"1864\">Sto\u0142ek:<\/strong> 41,5 x 41,5 x 42,5 cm (szer. x g\u0142. x wys.)<\/p>\n<\/li>\n<li class=\"\" data-start=\"1901\" data-end=\"1924\">\n<p class=\"\" data-start=\"1903\" data-end=\"1924\"><strong data-start=\"1903\" data-end=\"1916\">Wysoko\u015b\u0107 siedziska:<\/strong> 42 cm<\/p>\n<\/li>\n<li class=\"\" data-start=\"1925\" data-end=\"1962\">\n<p class=\"\" data-start=\"1927\" data-end=\"1962\"><strong data-start=\"1927\" data-end=\"1942\">Powierzchnia siedziska:<\/strong> 39 \/ 44,5 x 46 cm<\/p>\n<\/li>\n<li class=\"\" data-start=\"1963\" data-end=\"1996\">\n<p class=\"\" data-start=\"1965\" data-end=\"1996\"><strong data-start=\"1965\" data-end=\"1983\">Wysoko\u015b\u0107 pod\u0142okietnika:<\/strong> 62 \/ 65 cm<\/p>\n<\/li>\n<li class=\"\" data-start=\"1997\" data-end=\"2022\">\n<p class=\"\" data-start=\"1999\" data-end=\"2022\"><strong data-start=\"1999\" data-end=\"2015\">Grubo\u015b\u0107 poduszki:<\/strong> 4 cm<\/p>\n<\/li>\n<\/ul>\n<hr class=\"\" data-start=\"2024\" data-end=\"2027\">\n<h3 class=\"\" data-start=\"2029\" data-end=\"2052\">\ud83d\udce6 <strong data-start=\"2036\" data-end=\"2052\">Zakres dostawy<\/strong><\/h3>\n<ul data-start=\"2054\" data-end=\"2187\">\n<li class=\"\" data-start=\"2054\" data-end=\"2082\">\n<p class=\"\" data-start=\"2056\" data-end=\"2082\">1 \u00d7 stolik ze szklanym blatem<\/p>\n<\/li>\n<li class=\"\" data-start=\"2083\" data-end=\"2117\">\n<p class=\"\" data-start=\"2085\" data-end=\"2117\">2 \u00d7 krzes\u0142a ogrodowe z pod\u0142okietnikami<\/p>\n<\/li>\n<li class=\"\" data-start=\"2118\" data-end=\"2148\">\n<p class=\"\" data-start=\"2120\" data-end=\"2148\">2 \u00d7 podn\u00f3\u017cek \/ sto\u0142ek<\/p>\n<\/li>\n<li class=\"\" data-start=\"2149\" data-end=\"2187\">\n<p class=\"\" data-start=\"2151\" data-end=\"2187\">4 \u00d7 poduszka siedziska ze zdejmowanym pokrowcem<\/p>\n<\/li>\n<\/ul>\n<hr class=\"\" data-start=\"2189\" data-end=\"2192\">\n<h3 class=\"\" data-start=\"2194\" data-end=\"2218\">\u2139\ufe0f <strong data-start=\"2201\" data-end=\"2218\">Instrukcje dotycz\u0105ce piel\u0119gnacji<\/strong><\/h3>\n<p class=\"\" data-start=\"2220\" data-end=\"2367\">Aby zachowa\u0107 pi\u0119kno i \u017cywotno\u015b\u0107 mebli, zalecamy stosowanie pokrowca odpornego na warunki atmosferyczne, gdy nie s\u0105 one u\u017cywane lub w zimnych porach roku.<\/p>\n<div class=\"detailmodule_html\">\n<div class=\"detail-desc-decorate-richtext\">\n<div>\n<p>&nbsp;<\/p>\n<\/div>\n<p><img decoding=\"async\" src=\"https:\/\/www.vidaxl.de\/dw\/image\/v2\/BFNS_PRD\/on\/demandware.static\/-\/Sites-vidaxl-catalog-master-sku\/default\/dw1e4f701a\/hi-res\/436\/4299\/6367\/3058330\/image_2_3058330.jpg\"><br \/>\n<img decoding=\"async\" src=\"https:\/\/vdxl.im\/8720286201770_g_en_hd_8.jpg\"><br \/>\n<img decoding=\"async\" src=\"https:\/\/vdxl.im\/8720286201770_g_en_hd_3.jpg\"><br \/>\n<img decoding=\"async\" src=\"https:\/\/vdxl.im\/8720286201770_g_en_hd_4.jpg\"><br \/>\n<img decoding=\"async\" src=\"https:\/\/vdxl.im\/8720286201770_g_en_hd_1.jpg\"><\/p>\n<\/div>\n<\/div>\n","protected":false},"excerpt":{"rendered":"<p>Stylowy i wygodny zestaw ogrodowy do relaksu na \u015bwie\u017cym powietrzu Sp\u0119d\u017a przytulne chwile w ogrodzie, na patio lub na balkonie z tym eleganckim zestawem mebli ogrodowych w naturalnym be\u017cowym kolorze. Nowoczesny design \u0142\u0105czy si\u0119 z wyrafinowan\u0105 funkcjonalno\u015bci\u0105 &#8211; idealn\u0105 na przytulne wieczory i s\u0142oneczne dni na \u015bwie\u017cym powietrzu. \u2705 Cechy produktu Odporny na warunki atmosferyczne [&hellip;]<\/p>\n","protected":false},"featured_media":9992,"comment_status":"open","ping_status":"closed","template":"","meta":{"_seopress_robots_primary_cat":"none","_seopress_titles_title":"5-cz\u0119\u015bciowy zestaw mebli ogrodowych be\u017cowy - polirattan ze sto\u0142kami i poduszkami - odporny na warunki atmosferyczne","_seopress_titles_desc":"Elegancki 5-cz\u0119\u015bciowy zestaw mebli ogrodowych w kolorze be\u017cowym z dwoma krzes\u0142ami, sto\u0142kami i sto\u0142em ze szklanym blatem. Zawiera wygodne poduszki na siedziska. Odporny na promieniowanie UV i idealny na balkon lub do ogrodu!  ","_seopress_robots_index":"","googlesitekit_rrm_CAowz76iDA:productID":""},"product_brand":[],"product_cat":[292],"product_tag":[2195,2203,2202,2199,2200,2198,2174,2196,2201,2194,2197],"class_list":{"0":"post-10244","1":"product","2":"type-product","3":"status-publish","4":"has-post-thumbnail","6":"product_cat-store-packages","7":"product_tag-5-czesciowy-zestaw-ogrodowy-pl","8":"product_tag-grupa-siedzen-z-polirattanu","9":"product_tag-krzesla-ogrodowe-z-poduszkami","10":"product_tag-meble-balkonowe-odporne-na-warunki-atmosferyczne","11":"product_tag-meble-ogrodowe-bezowe","12":"product_tag-meble-ogrodowe-z-poduszkami","13":"product_tag-meble-ogrodowe-z-polirattanu","14":"product_tag-meble-ogrodowe-z-taboretem","15":"product_tag-stol-ze-szklanym-blatem","16":"product_tag-zestaw-mebli-ogrodowych-bezowy","17":"product_tag-zewnetrzna-czesc-wypoczynkowa","19":"first","20":"instock","21":"sale","22":"taxable","23":"shipping-taxable","24":"purchasable","25":"product-type-variable"},"_links":{"self":[{"href":"https:\/\/linkmarkt.eu\/pl\/wp-json\/wp\/v2\/product\/10244","targetHints":{"allow":["GET"]}}],"collection":[{"href":"https:\/\/linkmarkt.eu\/pl\/wp-json\/wp\/v2\/product"}],"about":[{"href":"https:\/\/linkmarkt.eu\/pl\/wp-json\/wp\/v2\/types\/product"}],"replies":[{"embeddable":true,"href":"https:\/\/linkmarkt.eu\/pl\/wp-json\/wp\/v2\/comments?post=10244"}],"version-history":[{"count":0,"href":"https:\/\/linkmarkt.eu\/pl\/wp-json\/wp\/v2\/product\/10244\/revisions"}],"wp:featuredmedia":[{"embeddable":true,"href":"https:\/\/linkmarkt.eu\/pl\/wp-json\/wp\/v2\/media\/9992"}],"wp:attachment":[{"href":"https:\/\/linkmarkt.eu\/pl\/wp-json\/wp\/v2\/media?parent=10244"}],"wp:term":[{"taxonomy":"product_brand","embeddable":true,"href":"https:\/\/linkmarkt.eu\/pl\/wp-json\/wp\/v2\/product_brand?post=10244"},{"taxonomy":"product_cat","embeddable":true,"href":"https:\/\/linkmarkt.eu\/pl\/wp-json\/wp\/v2\/product_cat?post=10244"},{"taxonomy":"product_tag","embeddable":true,"href":"https:\/\/linkmarkt.eu\/pl\/wp-json\/wp\/v2\/product_tag?post=10244"}],"curies":[{"name":"wp","href":"https:\/\/api.w.org\/{rel}","templated":true}]}}