{"id":10255,"date":"2025-05-03T17:08:28","date_gmt":"2025-05-03T15:08:28","guid":{"rendered":"https:\/\/linkmarkt.eu\/product\/3-czesciowy-zestaw-mebli-balkonowych-z-rattanu-brazowy-i-kremowy-z-poduszkami\/"},"modified":"2025-05-03T17:08:28","modified_gmt":"2025-05-03T15:08:28","slug":"3-czesciowy-zestaw-mebli-balkonowych-z-rattanu-brazowy-i-kremowy-z-poduszkami","status":"publish","type":"product","link":"https:\/\/linkmarkt.eu\/pl\/product\/3-czesciowy-zestaw-mebli-balkonowych-z-rattanu-brazowy-i-kremowy-z-poduszkami\/","title":{"rendered":"3-cz\u0119\u015bciowy zestaw mebli balkonowych z rattanu &#8211; br\u0105zowy i kremowy &#8211; z poduszkami."},"content":{"rendered":"<h4 class=\"\" data-start=\"282\" data-end=\"352\"><strong data-start=\"287\" data-end=\"352\">Elegancki i wygodny zestaw na balkon, taras lub do ogrodu<\/strong><\/h4>\n<p class=\"\" data-start=\"354\" data-end=\"635\">Ciesz si\u0119 godzinami relaksu na \u015bwie\u017cym powietrzu dzi\u0119ki temu stylowemu 3-cz\u0119\u015bciowemu zestawowi mebli rattanowych. Po\u0142\u0105czenie br\u0105zowego polirattanu i kremowych poduszek na siedziska tworzy naturaln\u0105, nowoczesn\u0105 atmosfer\u0119 &#8211; idealn\u0105 na ma\u0142e balkony, przytulne tarasy lub ciche zak\u0105tki ogrodu. <\/p>\n<hr class=\"\" data-start=\"637\" data-end=\"640\">\n<h3 class=\"\" data-start=\"642\" data-end=\"667\">\u2705 <strong data-start=\"648\" data-end=\"667\">Cechy produktu<\/strong><\/h3>\n<ul data-start=\"669\" data-end=\"1531\">\n<li class=\"\" data-start=\"669\" data-end=\"865\">\n<p class=\"\" data-start=\"671\" data-end=\"865\"><strong data-start=\"671\" data-end=\"690\">Nowoczesny design<\/strong>: Br\u0105zowy splot rattanowy nadaje zestawowi elegancki wygl\u0105d, kt\u00f3ry harmonijnie komponuje si\u0119 z ka\u017cdym otoczeniem zewn\u0119trznym. Mi\u0119kkie poduszki w kolorze kremowym stanowi\u0105 stylowe akcenty. <\/p>\n<\/li>\n<li class=\"\" data-start=\"866\" data-end=\"1035\">\n<p class=\"\" data-start=\"868\" data-end=\"1035\"><strong data-start=\"868\" data-end=\"891\">Odporny na warunki atmosferyczne i wytrzyma\u0142y<\/strong>: Wykonany z wysokiej jako\u015bci, odpornego na promieniowanie UV i warunki atmosferyczne polirattanu z solidn\u0105 stalow\u0105 ram\u0105 &#8211; idealny do d\u0142ugotrwa\u0142ego u\u017cytkowania na zewn\u0105trz.<\/p>\n<\/li>\n<li class=\"\" data-start=\"1036\" data-end=\"1205\">\n<p class=\"\" data-start=\"1038\" data-end=\"1205\"><strong data-start=\"1038\" data-end=\"1062\">Maksymalny komfort siedzenia<\/strong>: Wygodne poduszki o grubo\u015bci 8 cm zapewniaj\u0105 optymalny komfort podczas wielogodzinnego relaksu na \u015bwie\u017cym powietrzu. Pokrowce s\u0105 zdejmowane i \u0142atwe do czyszczenia. <\/p>\n<\/li>\n<li class=\"\" data-start=\"1206\" data-end=\"1379\">\n<p class=\"\" data-start=\"1208\" data-end=\"1379\"><strong data-start=\"1208\" data-end=\"1233\">Wszechstronne zastosowanie<\/strong>: czy to na balkonie, w ogrodzie czy na tarasie &#8211; ten kompaktowy zestaw jest idealny do ma\u0142ych obszar\u00f3w zewn\u0119trznych i tworzy zach\u0119caj\u0105c\u0105 atmosfer\u0119 w salonie.<\/p>\n<\/li>\n<li class=\"\" data-start=\"1380\" data-end=\"1531\">\n<p class=\"\" data-start=\"1382\" data-end=\"1531\"><strong data-start=\"1382\" data-end=\"1402\">Prosty monta\u017c<\/strong>: Zestaw jest szybki i \u0142atwy w monta\u017cu &#8211; z jasnymi instrukcjami, aby szybko rozpocz\u0105\u0107 zabaw\u0119 na \u015bwie\u017cym powietrzu.<\/p>\n<\/li>\n<\/ul>\n<hr class=\"\" data-start=\"1533\" data-end=\"1536\">\n<h3 class=\"\" data-start=\"1538\" data-end=\"1565\">\ud83d\udcd0 <strong data-start=\"1545\" data-end=\"1565\">Dane techniczne<\/strong><\/h3>\n<ul data-start=\"1567\" data-end=\"1851\">\n<li class=\"\" data-start=\"1567\" data-end=\"1615\">\n<p class=\"\" data-start=\"1569\" data-end=\"1615\"><strong data-start=\"1569\" data-end=\"1585\">Stolik kawowy:<\/strong> 60 \u00d7 60 \u00d7 30 cm (d\u0142. \u00d7 szer. \u00d7 wys.)<\/p>\n<\/li>\n<li class=\"\" data-start=\"1616\" data-end=\"1669\">\n<p class=\"\" data-start=\"1618\" data-end=\"1669\"><strong data-start=\"1618\" data-end=\"1639\">Fotel (ka\u017cdy):<\/strong> 60 \u00d7 60 \u00d7 70 cm (d\u0142. \u00d7 szer. \u00d7 wys.)<\/p>\n<\/li>\n<li class=\"\" data-start=\"1670\" data-end=\"1695\">\n<p class=\"\" data-start=\"1672\" data-end=\"1695\"><strong data-start=\"1672\" data-end=\"1688\">Grubo\u015b\u0107 poduszki:<\/strong> 8 cm<\/p>\n<\/li>\n<li class=\"\" data-start=\"1696\" data-end=\"1766\">\n<p class=\"\" data-start=\"1698\" data-end=\"1766\"><strong data-start=\"1698\" data-end=\"1711\">Materia\u0142:<\/strong> polirattan (PE), stalowa rama, poliestrowe poszewki na poduszki<\/p>\n<\/li>\n<li class=\"\" data-start=\"1767\" data-end=\"1809\">\n<p class=\"\" data-start=\"1769\" data-end=\"1809\"><strong data-start=\"1769\" data-end=\"1780\">Kolory:<\/strong> br\u0105zowy rattan, kremowe poduszki<\/p>\n<\/li>\n<li class=\"\" data-start=\"1810\" data-end=\"1851\">\n<p class=\"\" data-start=\"1812\" data-end=\"1851\"><strong data-start=\"1812\" data-end=\"1824\">Monta\u017c:<\/strong> Wymagany samodzielny monta\u017c<\/p>\n<\/li>\n<\/ul>\n<hr class=\"\" data-start=\"1853\" data-end=\"1856\">\n<h3 class=\"\" data-start=\"1858\" data-end=\"1881\">\ud83d\udce6 <strong data-start=\"1865\" data-end=\"1881\">Zakres dostawy<\/strong><\/h3>\n<ul data-start=\"1883\" data-end=\"1966\">\n<li class=\"\" data-start=\"1883\" data-end=\"1912\">\n<p class=\"\" data-start=\"1885\" data-end=\"1912\">2 \u00d7 fotel z poduszk\u0105 na siedzisko<\/p>\n<\/li>\n<li class=\"\" data-start=\"1913\" data-end=\"1931\">\n<p class=\"\" data-start=\"1915\" data-end=\"1931\">1 \u00d7 stolik kawowy<\/p>\n<\/li>\n<li class=\"\" data-start=\"1932\" data-end=\"1966\">\n<p class=\"\" data-start=\"1934\" data-end=\"1966\">2 \u00d7 poduszka ze zdejmowan\u0105 poszewk\u0105<\/p>\n<\/li>\n<\/ul>\n<hr class=\"\" data-start=\"1968\" data-end=\"1971\">\n<h3 class=\"\" data-start=\"1973\" data-end=\"1998\">\ud83e\uddfc <strong data-start=\"1980\" data-end=\"1998\">Instrukcje dotycz\u0105ce piel\u0119gnacji<\/strong><\/h3>\n<p class=\"\" data-start=\"2000\" data-end=\"2141\">Czy\u015b\u0107 rattan wilgotn\u0105 szmatk\u0105 i \u0142agodnym myd\u0142em. Przechowuj poduszki w suchym miejscu, aby chroni\u0107 je przed warunkami atmosferycznymi. <\/p>\n","protected":false},"excerpt":{"rendered":"<p>Elegancki i wygodny zestaw na balkon, taras lub do ogrodu Ciesz si\u0119 godzinami relaksu na \u015bwie\u017cym powietrzu dzi\u0119ki temu stylowemu 3-cz\u0119\u015bciowemu zestawowi mebli rattanowych. Po\u0142\u0105czenie br\u0105zowego polirattanu i kremowych poduszek na siedziska tworzy naturaln\u0105, nowoczesn\u0105 atmosfer\u0119 &#8211; idealn\u0105 na ma\u0142e balkony, przytulne tarasy lub ciche zak\u0105tki ogrodu. \u2705 Cechy produktu Nowoczesny design: Br\u0105zowy splot rattanowy [&hellip;]<\/p>\n","protected":false},"featured_media":9946,"comment_status":"open","ping_status":"closed","template":"","meta":{"_seopress_robots_primary_cat":"none","_seopress_titles_title":"3-cz\u0119\u015bciowy rattanowy zestaw mebli balkonowych br\u0105zowo-kremowy - z poduszkami - odporny na warunki atmosferyczne i stylowy","_seopress_titles_desc":"Elegancki 3-cz\u0119\u015bciowy zestaw mebli rattanowych na balkon i do ogrodu w kolorze br\u0105zowym z wygodnymi kremowymi poduszkami. Odporny na warunki atmosferyczne, zajmuj\u0105cy niewiele miejsca i idealny do ma\u0142ych przestrzeni zewn\u0119trznych. ","_seopress_robots_index":"","googlesitekit_rrm_CAowz76iDA:productID":""},"product_brand":[],"product_cat":[292],"product_tag":[2257,2199,2253,2256,2254,2251,2259,2258,2252,2255],"class_list":{"0":"post-10255","1":"product","2":"type-product","3":"status-publish","4":"has-post-thumbnail","6":"product_cat-store-packages","7":"product_tag-mala-grupa-do-siedzenia-na-zewnatrz","8":"product_tag-meble-balkonowe-odporne-na-warunki-atmosferyczne","9":"product_tag-meble-ogrodowe-brazowo-kremowe","10":"product_tag-meble-ogrodowe-z-poduszkami-pl","11":"product_tag-meble-rattanowe-na-balkon","12":"product_tag-rattanowe-meble-balkonowe","13":"product_tag-rattanowy-zestaw-balkonowy","14":"product_tag-zestaw-balkonowy-do-salonu","15":"product_tag-zestaw-mebli-balkonowych-3-czesciowy","16":"product_tag-zestaw-polirattanowy-na-balkon","18":"first","19":"instock","20":"sale","21":"taxable","22":"shipping-taxable","23":"purchasable","24":"product-type-variable"},"_links":{"self":[{"href":"https:\/\/linkmarkt.eu\/pl\/wp-json\/wp\/v2\/product\/10255","targetHints":{"allow":["GET"]}}],"collection":[{"href":"https:\/\/linkmarkt.eu\/pl\/wp-json\/wp\/v2\/product"}],"about":[{"href":"https:\/\/linkmarkt.eu\/pl\/wp-json\/wp\/v2\/types\/product"}],"replies":[{"embeddable":true,"href":"https:\/\/linkmarkt.eu\/pl\/wp-json\/wp\/v2\/comments?post=10255"}],"version-history":[{"count":0,"href":"https:\/\/linkmarkt.eu\/pl\/wp-json\/wp\/v2\/product\/10255\/revisions"}],"wp:featuredmedia":[{"embeddable":true,"href":"https:\/\/linkmarkt.eu\/pl\/wp-json\/wp\/v2\/media\/9946"}],"wp:attachment":[{"href":"https:\/\/linkmarkt.eu\/pl\/wp-json\/wp\/v2\/media?parent=10255"}],"wp:term":[{"taxonomy":"product_brand","embeddable":true,"href":"https:\/\/linkmarkt.eu\/pl\/wp-json\/wp\/v2\/product_brand?post=10255"},{"taxonomy":"product_cat","embeddable":true,"href":"https:\/\/linkmarkt.eu\/pl\/wp-json\/wp\/v2\/product_cat?post=10255"},{"taxonomy":"product_tag","embeddable":true,"href":"https:\/\/linkmarkt.eu\/pl\/wp-json\/wp\/v2\/product_tag?post=10255"}],"curies":[{"name":"wp","href":"https:\/\/api.w.org\/{rel}","templated":true}]}}