{"id":10273,"date":"2025-05-04T19:45:45","date_gmt":"2025-05-04T17:45:45","guid":{"rendered":"https:\/\/linkmarkt.eu\/product\/kompaktowy-stolik-kempingowy-bbq-skladany-3-wysokosci-58x40-cm-idealny-na-pikniki-i-imprezy-plenerowe\/"},"modified":"2025-05-05T17:29:17","modified_gmt":"2025-05-05T15:29:17","slug":"kompaktowy-stolik-kempingowy-bbq-skladany-3-wysokosci-58x40-cm-idealny-na-pikniki-i-imprezy-plenerowe","status":"publish","type":"product","link":"https:\/\/linkmarkt.eu\/pl\/product\/kompaktowy-stolik-kempingowy-bbq-skladany-3-wysokosci-58x40-cm-idealny-na-pikniki-i-imprezy-plenerowe\/","title":{"rendered":"Kompaktowy stolik kempingowy BBQ &#8211; sk\u0142adany, 3 wysoko\u015bci, 58\u00d740 cm &#8211; idealny na pikniki i imprezy plenerowe"},"content":{"rendered":"<p>Odkryj idealnego towarzysza swoich przyg\u00f3d na \u015bwie\u017cym powietrzu: nasz kompaktowy st\u00f3\u0142 kempingowy BBQ jest sk\u0142adany i regulowany na trzech wysoko\u015bciach (58\u00d740 cm). Idealny na kemping, pikniki, grille lub festiwale. \u0141atwy w transporcie i szybki w monta\u017cu &#8211; ten st\u00f3\u0142 oferuje stabilno\u015b\u0107 i elastyczno\u015b\u0107 w jednym.  <\/p>\n<p>\u2705 3-stopniowa regulacja wysoko\u015bci<br \/>\n\u2705 Kompaktowy i lekki<br \/>\n\u2705 Szybki monta\u017c i demonta\u017c<br \/>\n\u2705 Idealny do aktywno\u015bci na \u015bwie\u017cym powietrzu<\/p>\n<p>\u27a1\ufe0f <a href=\"https:\/\/linkmarkt.eu\/pl\/product\/kompaktowy-stolik-kempingowy-bbq-skladany-3-wysokosci-58x40-cm-idealny-na-zewnatrz-i-pikniki\/\">Dowiedz si\u0119 wi\u0119cej i zam\u00f3w: Kliknij tutaj<\/a><\/p>\n","protected":false},"excerpt":{"rendered":"<p>Odkryj idealnego towarzysza swoich przyg\u00f3d na \u015bwie\u017cym powietrzu: nasz kompaktowy st\u00f3\u0142 kempingowy BBQ jest sk\u0142adany i regulowany na trzech wysoko\u015bciach (58\u00d740 cm). Idealny na kemping, pikniki, grille lub festiwale. \u0141atwy w transporcie i szybki w monta\u017cu &#8211; ten st\u00f3\u0142 oferuje stabilno\u015b\u0107 i elastyczno\u015b\u0107 w jednym. \u2705 3-stopniowa regulacja wysoko\u015bci \u2705 Kompaktowy i lekki \u2705 Szybki [&hellip;]<\/p>\n","protected":false},"featured_media":10261,"comment_status":"open","ping_status":"closed","template":"","meta":{"_seopress_robots_primary_cat":"none","_seopress_titles_title":"Idealny st\u00f3\u0142 kempingowy do grillowania na \u015bwie\u017cym powietrzu","_seopress_titles_desc":"","_seopress_robots_index":"","googlesitekit_rrm_CAowz76iDA:productID":""},"product_brand":[],"product_cat":[1076],"product_tag":[],"class_list":{"0":"post-10273","1":"product","2":"type-product","3":"status-publish","4":"has-post-thumbnail","6":"product_cat-listeo-booking-pl","8":"first","9":"instock","10":"virtual","11":"sold-individually","12":"taxable","13":"purchasable","14":"product-type-listing_booking"},"_links":{"self":[{"href":"https:\/\/linkmarkt.eu\/pl\/wp-json\/wp\/v2\/product\/10273","targetHints":{"allow":["GET"]}}],"collection":[{"href":"https:\/\/linkmarkt.eu\/pl\/wp-json\/wp\/v2\/product"}],"about":[{"href":"https:\/\/linkmarkt.eu\/pl\/wp-json\/wp\/v2\/types\/product"}],"replies":[{"embeddable":true,"href":"https:\/\/linkmarkt.eu\/pl\/wp-json\/wp\/v2\/comments?post=10273"}],"version-history":[{"count":1,"href":"https:\/\/linkmarkt.eu\/pl\/wp-json\/wp\/v2\/product\/10273\/revisions"}],"predecessor-version":[{"id":10275,"href":"https:\/\/linkmarkt.eu\/pl\/wp-json\/wp\/v2\/product\/10273\/revisions\/10275"}],"wp:featuredmedia":[{"embeddable":true,"href":"https:\/\/linkmarkt.eu\/pl\/wp-json\/wp\/v2\/media\/10261"}],"wp:attachment":[{"href":"https:\/\/linkmarkt.eu\/pl\/wp-json\/wp\/v2\/media?parent=10273"}],"wp:term":[{"taxonomy":"product_brand","embeddable":true,"href":"https:\/\/linkmarkt.eu\/pl\/wp-json\/wp\/v2\/product_brand?post=10273"},{"taxonomy":"product_cat","embeddable":true,"href":"https:\/\/linkmarkt.eu\/pl\/wp-json\/wp\/v2\/product_cat?post=10273"},{"taxonomy":"product_tag","embeddable":true,"href":"https:\/\/linkmarkt.eu\/pl\/wp-json\/wp\/v2\/product_tag?post=10273"}],"curies":[{"name":"wp","href":"https:\/\/api.w.org\/{rel}","templated":true}]}}