{"id":10283,"date":"2025-05-05T17:11:48","date_gmt":"2025-05-05T15:11:48","guid":{"rendered":"https:\/\/linkmarkt.eu\/product\/3-czesciowy-rattanowy-zestaw-mebli-balkonowych-brazowo-kremowy-z-poduszkami\/"},"modified":"2025-05-05T17:11:48","modified_gmt":"2025-05-05T15:11:48","slug":"3-czesciowy-rattanowy-zestaw-mebli-balkonowych-brazowo-kremowy-z-poduszkami","status":"publish","type":"product","link":"https:\/\/linkmarkt.eu\/pl\/product\/3-czesciowy-rattanowy-zestaw-mebli-balkonowych-brazowo-kremowy-z-poduszkami\/","title":{"rendered":"3-cz\u0119\u015bciowy rattanowy zestaw mebli balkonowych &#8211; br\u0105zowo-kremowy z poduszkami"},"content":{"rendered":"<p>Zaprojektuj sw\u00f3j taras lub balkon w dobrym stylu dzi\u0119ki naszemu eleganckiemu 3-cz\u0119\u015bciowemu zestawowi rattanowych mebli balkonowych w kolorze br\u0105zowym i kremowym! Zestaw sk\u0142ada si\u0119 z dw\u00f3ch wygodnych foteli z mi\u0119kkimi poduszkami i pasuj\u0105cego stolika &#8211; idealnego do relaksu na \u015bwie\u017cym powietrzu. <\/p>\n<p>Odporna na warunki pogodowe rattanowa konstrukcja \u0142\u0105czy nowoczesny wygl\u0105d z wysok\u0105 trwa\u0142o\u015bci\u0105. Kremowe poduszki zapewniaj\u0105 dodatkowy komfort i s\u0105 \u0142atwe w czyszczeniu. <\/p>\n<p>\u2705 Idealny do ma\u0142ych taras\u00f3w, balkon\u00f3w i ogrod\u00f3w<br \/>\n\u2705 Zawiera mi\u0119kkie, nadaj\u0105ce si\u0119 do prania poduszki<br \/>\n\u2705 Wytrzyma\u0142y, odporny na promieniowanie UV rattan<br \/>\n\u2705 \u0141atwy w monta\u017cu<\/p>\n<p>Zobacz i zam\u00f3w teraz na:<br \/>\n\ud83d\udc49 LinkMarkt.eu &#8211; Odkryj zestaw mebli balkonowych<\/p>\n","protected":false},"excerpt":{"rendered":"<p>Zaprojektuj sw\u00f3j taras lub balkon w dobrym stylu dzi\u0119ki naszemu eleganckiemu 3-cz\u0119\u015bciowemu zestawowi rattanowych mebli balkonowych w kolorze br\u0105zowym i kremowym! Zestaw sk\u0142ada si\u0119 z dw\u00f3ch wygodnych foteli z mi\u0119kkimi poduszkami i pasuj\u0105cego stolika &#8211; idealnego do relaksu na \u015bwie\u017cym powietrzu. Odporna na warunki pogodowe rattanowa konstrukcja \u0142\u0105czy nowoczesny wygl\u0105d z wysok\u0105 trwa\u0142o\u015bci\u0105. Kremowe poduszki [&hellip;]<\/p>\n","protected":false},"featured_media":9992,"comment_status":"open","ping_status":"closed","template":"","meta":{"_seopress_robots_primary_cat":"","_seopress_titles_title":"","_seopress_titles_desc":"","_seopress_robots_index":"","googlesitekit_rrm_CAowz76iDA:productID":""},"product_brand":[],"product_cat":[1076],"product_tag":[],"class_list":{"0":"post-10283","1":"product","2":"type-product","3":"status-publish","4":"has-post-thumbnail","6":"product_cat-listeo-booking-pl","8":"first","9":"instock","10":"virtual","11":"sold-individually","12":"taxable","13":"purchasable","14":"product-type-listing_booking"},"_links":{"self":[{"href":"https:\/\/linkmarkt.eu\/pl\/wp-json\/wp\/v2\/product\/10283","targetHints":{"allow":["GET"]}}],"collection":[{"href":"https:\/\/linkmarkt.eu\/pl\/wp-json\/wp\/v2\/product"}],"about":[{"href":"https:\/\/linkmarkt.eu\/pl\/wp-json\/wp\/v2\/types\/product"}],"replies":[{"embeddable":true,"href":"https:\/\/linkmarkt.eu\/pl\/wp-json\/wp\/v2\/comments?post=10283"}],"version-history":[{"count":0,"href":"https:\/\/linkmarkt.eu\/pl\/wp-json\/wp\/v2\/product\/10283\/revisions"}],"wp:featuredmedia":[{"embeddable":true,"href":"https:\/\/linkmarkt.eu\/pl\/wp-json\/wp\/v2\/media\/9992"}],"wp:attachment":[{"href":"https:\/\/linkmarkt.eu\/pl\/wp-json\/wp\/v2\/media?parent=10283"}],"wp:term":[{"taxonomy":"product_brand","embeddable":true,"href":"https:\/\/linkmarkt.eu\/pl\/wp-json\/wp\/v2\/product_brand?post=10283"},{"taxonomy":"product_cat","embeddable":true,"href":"https:\/\/linkmarkt.eu\/pl\/wp-json\/wp\/v2\/product_cat?post=10283"},{"taxonomy":"product_tag","embeddable":true,"href":"https:\/\/linkmarkt.eu\/pl\/wp-json\/wp\/v2\/product_tag?post=10283"}],"curies":[{"name":"wp","href":"https:\/\/api.w.org\/{rel}","templated":true}]}}