{"id":10289,"date":"2025-05-03T17:07:27","date_gmt":"2025-05-03T15:07:27","guid":{"rendered":"https:\/\/linkmarkt.eu\/product\/4-czesciowy-zestaw-mebli-ogrodowych-z-polirattanu-z-poduszkami\/"},"modified":"2025-05-03T17:07:27","modified_gmt":"2025-05-03T15:07:27","slug":"4-czesciowy-zestaw-mebli-ogrodowych-z-polirattanu-z-poduszkami","status":"publish","type":"product","link":"https:\/\/linkmarkt.eu\/pl\/product\/4-czesciowy-zestaw-mebli-ogrodowych-z-polirattanu-z-poduszkami\/","title":{"rendered":"4-cz\u0119\u015bciowy zestaw mebli ogrodowych z polirattanu z poduszkami."},"content":{"rendered":"<p class=\"\" data-start=\"329\" data-end=\"587\">Ciesz si\u0119 godzinami relaksu na \u015bwie\u017cym powietrzu dzi\u0119ki temu eleganckiemu <strong data-start=\"387\" data-end=\"432\">4-cz\u0119\u015bciowemu zestawowi mebli ogrodowych z polirattanu<\/strong> w stylowym szarym kolorze. Zestaw sk\u0142ada si\u0119 z dw\u00f3ch sof naro\u017cnych i dw\u00f3ch sof \u015brodkowych, kt\u00f3re mo\u017cna elastycznie \u0142\u0105czy\u0107 &#8211; idealne na patio, balkon lub do ogrodu. <\/p>\n<p class=\"\" data-start=\"589\" data-end=\"882\">Odporny na warunki atmosferyczne rattan PE jest \u0142atwy w czyszczeniu i zapewnia nowoczesny wygl\u0105d. Malowane proszkowo stalowe ramy zapewniaj\u0105 stabilno\u015b\u0107 i trwa\u0142o\u015b\u0107 w codziennym u\u017cytkowaniu na zewn\u0105trz. Dzi\u0119ki wygodnym oparciom i mi\u0119kkim poduszkom zestaw zapewnia maksymalny komfort siedzenia.  <\/p>\n<p class=\"\" data-start=\"884\" data-end=\"903\"><strong data-start=\"884\" data-end=\"903\">Szczeg\u00f3\u0142y produktu:<\/strong><\/p>\n<ul data-start=\"905\" data-end=\"1169\">\n<li class=\"\" data-start=\"905\" data-end=\"943\">\n<p class=\"\" data-start=\"907\" data-end=\"943\">Kolor: szary \/ poduszka w kolorze ciemnoszarym<\/p>\n<\/li>\n<li class=\"\" data-start=\"944\" data-end=\"1005\">\n<p class=\"\" data-start=\"946\" data-end=\"1005\">Materia\u0142: rattan PE, stal malowana proszkowo, poliester<\/p>\n<\/li>\n<li class=\"\" data-start=\"1006\" data-end=\"1043\">\n<p class=\"\" data-start=\"1008\" data-end=\"1043\">Ud\u017awig na siedzenie: do 110 kg<\/p>\n<\/li>\n<li class=\"\" data-start=\"1044\" data-end=\"1087\">\n<p class=\"\" data-start=\"1046\" data-end=\"1087\">Zawiera: 4 poduszki na siedziska, 6 poduszek na oparcia<\/p>\n<\/li>\n<li class=\"\" data-start=\"1088\" data-end=\"1128\">\n<p class=\"\" data-start=\"1090\" data-end=\"1128\">Wymiary patrz opis produktu poni\u017cej<\/p>\n<\/li>\n<li class=\"\" data-start=\"1129\" data-end=\"1169\">\n<p class=\"\" data-start=\"1131\" data-end=\"1169\">Prosty monta\u017c (instrukcje w zestawie)<\/p>\n<\/li>\n<\/ul>\n<p class=\"\" data-start=\"1171\" data-end=\"1281\">\ud83d\udca1 <strong data-start=\"1174\" data-end=\"1183\">Wskaz\u00f3wka:<\/strong> Aby zapewni\u0107 d\u0142ug\u0105 \u017cywotno\u015b\u0107, zalecamy zabezpieczenie mebli pokrowcem odpornym na warunki atmosferyczne.<\/p>\n<p class=\"\" data-start=\"1283\" data-end=\"1377\">Zobacz i zam\u00f3w ju\u017c teraz na LinkMarkt.eu &#8211; dla stylowych chwil na \u015bwie\u017cym powietrzu!<\/p>\n<div class=\"detailmodule_html\">\n<div class=\"detail-desc-decorate-richtext\">\n<p><img decoding=\"async\" src=\"https:\/\/www.vidaxl.de\/dw\/image\/v2\/BFNS_PRD\/on\/demandware.static\/-\/Sites-vidaxl-catalog-master-sku\/default\/dwf035e444\/hi-res\/436\/4299\/6367\/319665\/image_2_319665.jpg\"><br \/>\n<img decoding=\"async\" src=\"https:\/\/vdxl.im\/8720845777845_g_en_hd_4.jpg\"><br \/>\n<img decoding=\"async\" src=\"https:\/\/vdxl.im\/8720845777845_g_en_hd_1.jpg\"><br \/>\n<img decoding=\"async\" src=\"https:\/\/vdxl.im\/8720845777845_g_en_hd_2.jpg\"><br \/>\n<img decoding=\"async\" src=\"https:\/\/vdxl.im\/8720845777845_g_en_hd_5.jpg\"><\/p>\n<\/div>\n<\/div>\n","protected":false},"excerpt":{"rendered":"<p>Ciesz si\u0119 godzinami relaksu na \u015bwie\u017cym powietrzu dzi\u0119ki temu eleganckiemu 4-cz\u0119\u015bciowemu zestawowi mebli ogrodowych z polirattanu w stylowym szarym kolorze. Zestaw sk\u0142ada si\u0119 z dw\u00f3ch sof naro\u017cnych i dw\u00f3ch sof \u015brodkowych, kt\u00f3re mo\u017cna elastycznie \u0142\u0105czy\u0107 &#8211; idealne na patio, balkon lub do ogrodu. Odporny na warunki atmosferyczne rattan PE jest \u0142atwy w czyszczeniu i zapewnia [&hellip;]<\/p>\n","protected":false},"featured_media":9923,"comment_status":"open","ping_status":"closed","template":"","meta":{"_seopress_robots_primary_cat":"none","_seopress_titles_title":"Elegancki zestaw wypoczynkowy do ogrodu i na balkon - 4-cz\u0119\u015bciowy z poduszkami","_seopress_titles_desc":"Nowoczesny zestaw mebli ogrodowych z polirattanu w kolorze szarym z poduszkami. Odporny na warunki atmosferyczne, wygodny i idealny na patio, balkon lub do ogrodu. Odkryj go teraz w LinkMarkt!  ","_seopress_robots_index":"","googlesitekit_rrm_CAowz76iDA:productID":""},"product_brand":[],"product_cat":[2269],"product_tag":[2290,2286,2177,2198,2288,2285,2291,2289,2173,2287,2197],"class_list":{"0":"post-10289","1":"product","2":"type-product","3":"status-publish","4":"has-post-thumbnail","6":"product_cat-ogrod-i-na-zewnatrz","7":"product_tag-4-czesciowy-zestaw-mebli-ogrodowych","8":"product_tag-meble-balkonowe-szare","9":"product_tag-meble-ogrodowe-odporne-na-warunki-atmosferyczne","10":"product_tag-meble-ogrodowe-z-poduszkami","11":"product_tag-meble-tarasowe","12":"product_tag-meble-z-polirattanu","13":"product_tag-rattanowa-sofa-ogrodowa","14":"product_tag-rattanowy-zestaw-wypoczynkowy","15":"product_tag-zestaw-mebli-ogrodowych","16":"product_tag-zestaw-wypoczynkowy-do-ogrodu","17":"product_tag-zewnetrzna-czesc-wypoczynkowa","19":"first","20":"instock","21":"sale","22":"taxable","23":"shipping-taxable","24":"purchasable","25":"product-type-variable"},"_links":{"self":[{"href":"https:\/\/linkmarkt.eu\/pl\/wp-json\/wp\/v2\/product\/10289","targetHints":{"allow":["GET"]}}],"collection":[{"href":"https:\/\/linkmarkt.eu\/pl\/wp-json\/wp\/v2\/product"}],"about":[{"href":"https:\/\/linkmarkt.eu\/pl\/wp-json\/wp\/v2\/types\/product"}],"replies":[{"embeddable":true,"href":"https:\/\/linkmarkt.eu\/pl\/wp-json\/wp\/v2\/comments?post=10289"}],"version-history":[{"count":0,"href":"https:\/\/linkmarkt.eu\/pl\/wp-json\/wp\/v2\/product\/10289\/revisions"}],"wp:featuredmedia":[{"embeddable":true,"href":"https:\/\/linkmarkt.eu\/pl\/wp-json\/wp\/v2\/media\/9923"}],"wp:attachment":[{"href":"https:\/\/linkmarkt.eu\/pl\/wp-json\/wp\/v2\/media?parent=10289"}],"wp:term":[{"taxonomy":"product_brand","embeddable":true,"href":"https:\/\/linkmarkt.eu\/pl\/wp-json\/wp\/v2\/product_brand?post=10289"},{"taxonomy":"product_cat","embeddable":true,"href":"https:\/\/linkmarkt.eu\/pl\/wp-json\/wp\/v2\/product_cat?post=10289"},{"taxonomy":"product_tag","embeddable":true,"href":"https:\/\/linkmarkt.eu\/pl\/wp-json\/wp\/v2\/product_tag?post=10289"}],"curies":[{"name":"wp","href":"https:\/\/api.w.org\/{rel}","templated":true}]}}