{"id":11090,"date":"2025-05-06T20:24:32","date_gmt":"2025-05-06T18:24:32","guid":{"rendered":"https:\/\/linkmarkt.eu\/product\/odkurzacz-inse-r3s-2-w-1-odkurzacz-reczny-z-moca-ssania-16000-pa-kabel-6-m-filtr-hepaopis-produktu-doswiadcz-wydajnego-czyszczenia-dzieki-odkurzaczowi-inse-r3s-2-w-1-ktory-moze-byc-uzywany-zarow\/"},"modified":"2025-05-06T20:24:32","modified_gmt":"2025-05-06T18:24:32","slug":"odkurzacz-inse-r3s-2-w-1-odkurzacz-reczny-z-moca-ssania-16000-pa-kabel-6-m-filtr-hepaopis-produktu-doswiadcz-wydajnego-czyszczenia-dzieki-odkurzaczowi-inse-r3s-2-w-1-ktory-moze-byc-uzywany-zarow","status":"publish","type":"product","link":"https:\/\/linkmarkt.eu\/pl\/product\/odkurzacz-inse-r3s-2-w-1-odkurzacz-reczny-z-moca-ssania-16000-pa-kabel-6-m-filtr-hepaopis-produktu-doswiadcz-wydajnego-czyszczenia-dzieki-odkurzaczowi-inse-r3s-2-w-1-ktory-moze-byc-uzywany-zarow\/","title":{"rendered":"Odkurzacz INSE R3S 2 w 1 &#8211; odkurzacz r\u0119czny z moc\u0105 ssania 16000 Pa, kabel 6 m, filtr HEPAOpis produktu: Do\u015bwiadcz wydajnego czyszczenia dzi\u0119ki odkurzaczowi INSE R3S 2 w 1, kt\u00f3ry mo\u017ce by\u0107 u\u017cywany zar\u00f3wno jako odkurzacz r\u0119czny, jak i odkurzacz na kiju. Dzi\u0119ki mocnemu silnikowi 400 W i imponuj\u0105cej mocy ssania 16 kPa, INSE R3S zapewnia dok\u0142adne i wydajne czyszczenie, kt\u00f3re zbiera wszelkie zabrudzenia &#8211; od twardych pod\u0142\u00f3g po dywany. Odkurzacz jest wyposa\u017cony w d\u0142ugi 6-metrowy kabel, kt\u00f3ry zapewnia wi\u0119ksz\u0105 swobod\u0119 podczas odkurzania bez konieczno\u015bci ci\u0105g\u0142ego martwienia si\u0119 o gniazdka elektryczne. Kluczowe cechy: Odkurzacz 2 w 1: INSE R3S mo\u017ce by\u0107 u\u017cywany jako odkurzacz r\u0119czny i odkurzacz z kijem. Przy wadze zaledwie 1,7 kg jest ultralekki i mo\u017cna go wygodnie obs\u0142ugiwa\u0107 jedn\u0105 r\u0119k\u0105. Pot\u0119\u017cna moc ssania: Silnik o mocy 400 W zapewnia sta\u0142\u0105 si\u0142\u0119 ssania 16 kPa dla stabilnego i wydajnego czyszczenia. Idealny do wszystkich rodzaj\u00f3w pod\u0142\u00f3g, od twardych pod\u0142\u00f3g po dywany. Filtr HEPA: Odkurzacz jest wyposa\u017cony w zmywalny filtr HEPA, kt\u00f3ry zatrzymuje kurz i alergeny oraz zapewnia czyste powietrze podczas odkurzania. Podw\u00f3jny system filtr\u00f3w cyklonowych: Zaawansowany system filtr\u00f3w skutecznie oddziela kurz i brud, zapewniaj\u0105c niezmiennie du\u017c\u0105 moc ssania i d\u0142u\u017csz\u0105 \u017cywotno\u015b\u0107 silnika. Praktyczne akcesoria: Odkurzacz jest wyposa\u017cony w r\u00f3\u017cne nasadki, w tym dysz\u0119 pod\u0142ogow\u0105, szczotk\u0119 do \u0142\u00f3\u017cka 2 w 1 i d\u0142ug\u0105 dysz\u0119 szczelinow\u0105, kt\u00f3ra idealnie nadaje si\u0119 do czyszczenia mebli tapicerowanych i samochod\u00f3w. \u0141atwe przechowywanie: Dzi\u0119ki hakowi do owijania przewodu i kompaktowej konstrukcji odkurzacz mo\u017cna szybko przechowywa\u0107 i oszcz\u0119dza\u0107 miejsce. Dane techniczne: Moc silnika: 400W Si\u0142a ssania: 16 kPa Pojemno\u015b\u0107 zbiornika na kurz: 0,8L Przew\u00f3d: 6 metr\u00f3w Typ filtra: HEPA Liczba dysz: 9 Wymiary (d\u0142. x szer. x wys.): 465 x 109 x 107 mm Waga: 1,7 kg Zasilanie: 220V Zakres dostawy: 1 x G\u0142owica silnika odkurzacza z kablem 1 x Pojemnik na kurz 1 x Dysza pod\u0142ogowa 1 x Szczotka do \u0142\u00f3\u017cka 2 w 1 1 x D\u0142uga dysza szczelinowa 2 x Filtr HEPA (zmywalny) 1 x Instrukcja obs\u0142ugi Obs\u0142uga klienta: Odkurzacz INSE R3S jest obj\u0119ty 24-miesi\u0119czn\u0105 obs\u0142ug\u0105 klienta. W razie jakichkolwiek pyta\u0144 lub problem\u00f3w mo\u017cna w ka\u017cdej chwili skontaktowa\u0107 si\u0119 z naszym dzia\u0142em obs\u0142ugi klienta. S\u0142owa kluczowe SEO: Odkurzacz 2 w 1 Odkurzacz r\u0119czny Odkurzacz z filtrem HEPA Odkurzacz o mocy ssania 16 kPa Odkurzacz do samochodu i dywan\u00f3w Odkurzacz INSE Lekki odkurzacz do domu Odkurzacz z kijem i przewodem"},"content":{"rendered":"<p class=\"\" data-start=\"188\" data-end=\"212\"><strong data-start=\"188\" data-end=\"212\">Opis produktu:<\/strong><\/p>\n<p class=\"\" data-start=\"214\" data-end=\"750\">Odkurzacz INSE R3S 2 w 1, kt\u00f3ry mo\u017ce by\u0107 u\u017cywany zar\u00f3wno jako odkurzacz r\u0119czny, jak i odkurzacz na kiju, zapewnia wydajne czyszczenie. Dzi\u0119ki pot\u0119\u017cnemu silnikowi o mocy 400 W i imponuj\u0105cej mocy ssania 16 kPa, INSE R3S zapewnia dok\u0142adne i wydajne czyszczenie, kt\u00f3re zbiera wszelkie zabrudzenia &#8211; od twardych pod\u0142\u00f3g po dywany. Odkurzacz jest wyposa\u017cony w d\u0142ugi 6-metrowy kabel, kt\u00f3ry zapewnia wi\u0119ksz\u0105 swobod\u0119 podczas odkurzania bez konieczno\u015bci ci\u0105g\u0142ego martwienia si\u0119 o gniazdka elektryczne.  <\/p>\n<p class=\"\" data-start=\"752\" data-end=\"770\"><strong data-start=\"752\" data-end=\"770\">G\u0142\u00f3wne cechy:<\/strong><\/p>\n<ul data-start=\"771\" data-end=\"1884\">\n<li class=\"\" data-start=\"771\" data-end=\"949\">\n<p class=\"\" data-start=\"773\" data-end=\"949\"><strong data-start=\"773\" data-end=\"795\">Odkurzacz 2 w 1<\/strong>: INSE R3S mo\u017ce by\u0107 u\u017cywany jako odkurzacz r\u0119czny i odkurzacz z kijem. Przy wadze zaledwie 1,7 kg jest ultralekki i mo\u017cna go wygodnie obs\u0142ugiwa\u0107 jedn\u0105 r\u0119k\u0105. <\/p>\n<\/li>\n<li class=\"\" data-start=\"950\" data-end=\"1140\">\n<p class=\"\" data-start=\"952\" data-end=\"1140\"><strong data-start=\"952\" data-end=\"976\">Pot\u0119\u017cna moc ssania<\/strong>: Silnik o mocy 400 W zapewnia sta\u0142\u0105 moc ssania 16 kPa dla stabilnego i wydajnego czyszczenia. Idealny do wszystkich rodzaj\u00f3w pod\u0142\u00f3g, od twardych po dywany. <\/p>\n<\/li>\n<li class=\"\" data-start=\"1141\" data-end=\"1313\">\n<p class=\"\" data-start=\"1143\" data-end=\"1313\"><strong data-start=\"1143\" data-end=\"1158\">Filtr HEPA<\/strong>: Odkurzacz jest wyposa\u017cony w zmywalny filtr HEPA, kt\u00f3ry zatrzymuje kurz i alergeny oraz zapewnia czyste powietrze podczas odkurzania.<\/p>\n<\/li>\n<li class=\"\" data-start=\"1314\" data-end=\"1506\">\n<p class=\"\" data-start=\"1316\" data-end=\"1506\"><strong data-start=\"1316\" data-end=\"1345\">Podw\u00f3jny system filtr\u00f3w cyklonowych<\/strong>: Zaawansowany system filtr\u00f3w skutecznie oddziela kurz i brud, zapewniaj\u0105c sta\u0142\u0105 moc ssania i d\u0142u\u017csz\u0105 \u017cywotno\u015b\u0107 silnika.<\/p>\n<\/li>\n<li class=\"\" data-start=\"1507\" data-end=\"1738\">\n<p class=\"\" data-start=\"1509\" data-end=\"1738\"><strong data-start=\"1509\" data-end=\"1532\">Praktyczne akcesoria<\/strong>: Odkurzacz jest wyposa\u017cony w r\u00f3\u017cne nasadki, w tym dysz\u0119 pod\u0142ogow\u0105, szczotk\u0119 do \u0142\u00f3\u017cka 2 w 1 i d\u0142ug\u0105 dysz\u0119 szczelinow\u0105, kt\u00f3ra jest idealna do czyszczenia mebli tapicerowanych i samochod\u00f3w.<\/p>\n<\/li>\n<li class=\"\" data-start=\"1739\" data-end=\"1884\">\n<p class=\"\" data-start=\"1741\" data-end=\"1884\"><strong data-start=\"1741\" data-end=\"1766\">\u0141atwe przechowywanie<\/strong>: Dzi\u0119ki hakowi do owijania kabla i kompaktowej konstrukcji odkurzacz mo\u017cna szybko schowa\u0107 i zaoszcz\u0119dzi\u0107 miejsce.<\/p>\n<\/li>\n<\/ul>\n<p class=\"\" data-start=\"1886\" data-end=\"1917\"><strong data-start=\"1886\" data-end=\"1917\">Dane techniczne:<\/strong><\/p>\n<ul data-start=\"1918\" data-end=\"2164\">\n<li class=\"\" data-start=\"1918\" data-end=\"1943\">\n<p class=\"\" data-start=\"1920\" data-end=\"1943\"><strong data-start=\"1920\" data-end=\"1937\">Moc silnika<\/strong>: 400 W<\/p>\n<\/li>\n<li class=\"\" data-start=\"1944\" data-end=\"1967\">\n<p class=\"\" data-start=\"1946\" data-end=\"1967\"><strong data-start=\"1946\" data-end=\"1959\">Si\u0142a ss\u0105ca<\/strong>: 16 kPa<\/p>\n<\/li>\n<li class=\"\" data-start=\"1968\" data-end=\"2002\">\n<p class=\"\" data-start=\"1970\" data-end=\"2002\"><strong data-start=\"1970\" data-end=\"1996\">Pojemno\u015b\u0107 pojemnika na kurz<\/strong>: 0,8 litra<\/p>\n<\/li>\n<li class=\"\" data-start=\"2003\" data-end=\"2023\">\n<p class=\"\" data-start=\"2005\" data-end=\"2023\"><strong data-start=\"2005\" data-end=\"2014\">Kabel<\/strong>: 6 metr\u00f3w<\/p>\n<\/li>\n<li class=\"\" data-start=\"2024\" data-end=\"2045\">\n<p class=\"\" data-start=\"2026\" data-end=\"2045\"><strong data-start=\"2026\" data-end=\"2039\">Typ filtra<\/strong>: HEPA<\/p>\n<\/li>\n<li class=\"\" data-start=\"2046\" data-end=\"2071\">\n<p class=\"\" data-start=\"2048\" data-end=\"2071\"><strong data-start=\"2048\" data-end=\"2068\">Liczba dysz<\/strong>: 9<\/p>\n<\/li>\n<li class=\"\" data-start=\"2072\" data-end=\"2114\">\n<p class=\"\" data-start=\"2074\" data-end=\"2114\"><strong data-start=\"2074\" data-end=\"2094\">Wymiary (d\u0142. x szer. x wys.)<\/strong>: 465 x 109 x 107 mm<\/p>\n<\/li>\n<li class=\"\" data-start=\"2115\" data-end=\"2136\">\n<p class=\"\" data-start=\"2117\" data-end=\"2136\"><strong data-start=\"2117\" data-end=\"2128\">Waga<\/strong>: 1,7 kg<\/p>\n<\/li>\n<li class=\"\" data-start=\"2137\" data-end=\"2164\">\n<p class=\"\" data-start=\"2139\" data-end=\"2164\"><strong data-start=\"2139\" data-end=\"2158\">Zasilanie<\/strong>: 220 V<\/p>\n<\/li>\n<\/ul>\n<p class=\"\" data-start=\"2166\" data-end=\"2183\"><strong data-start=\"2166\" data-end=\"2183\">Zakres dostawy:<\/strong><\/p>\n<ul data-start=\"2184\" data-end=\"2355\">\n<li class=\"\" data-start=\"2184\" data-end=\"2221\">\n<p class=\"\" data-start=\"2186\" data-end=\"2221\">1 x g\u0142owica silnika odkurzacza z kablem<\/p>\n<\/li>\n<li class=\"\" data-start=\"2222\" data-end=\"2241\">\n<p class=\"\" data-start=\"2224\" data-end=\"2241\">1 x pojemnik na kurz<\/p>\n<\/li>\n<li class=\"\" data-start=\"2242\" data-end=\"2257\">\n<p class=\"\" data-start=\"2244\" data-end=\"2257\">1 x dysza pod\u0142ogowa<\/p>\n<\/li>\n<li class=\"\" data-start=\"2258\" data-end=\"2281\">\n<p class=\"\" data-start=\"2260\" data-end=\"2281\">1 x szczotka do \u0142\u00f3\u017cka 2 w 1<\/p>\n<\/li>\n<li class=\"\" data-start=\"2282\" data-end=\"2303\">\n<p class=\"\" data-start=\"2284\" data-end=\"2303\">1 x D\u0142uga dysza szczelinowa<\/p>\n<\/li>\n<li class=\"\" data-start=\"2304\" data-end=\"2332\">\n<p class=\"\" data-start=\"2306\" data-end=\"2332\">2 x filtr HEPA (zmywalny)<\/p>\n<\/li>\n<li class=\"\" data-start=\"2333\" data-end=\"2355\">\n<p class=\"\" data-start=\"2335\" data-end=\"2355\">1 x instrukcja obs\u0142ugi<\/p>\n<\/li>\n<\/ul>\n<p class=\"\" data-start=\"2357\" data-end=\"2536\"><strong data-start=\"2357\" data-end=\"2374\">Obs\u0142uga klienta:<\/strong> Odkurzacz INSE R3S jest obj\u0119ty 24-miesi\u0119czn\u0105 obs\u0142ug\u0105 klienta. W razie jakichkolwiek pyta\u0144 lub problem\u00f3w mo\u017cna w dowolnym momencie skontaktowa\u0107 si\u0119 z naszym zespo\u0142em obs\u0142ugi klienta. <\/p>\n<hr class=\"\" data-start=\"2538\" data-end=\"2541\">\n<p class=\"\" data-start=\"2543\" data-end=\"2567\"><strong data-start=\"2543\" data-end=\"2567\">S\u0142owa kluczowe SEO:<\/strong><\/p>\n<ul data-start=\"2568\" data-end=\"2786\">\n<li class=\"\" data-start=\"2568\" data-end=\"2588\">\n<p class=\"\" data-start=\"2570\" data-end=\"2588\">Hoover 2 w 1<\/p>\n<\/li>\n<li class=\"\" data-start=\"2589\" data-end=\"2606\">\n<p class=\"\" data-start=\"2591\" data-end=\"2606\">Hoover<\/p>\n<\/li>\n<li class=\"\" data-start=\"2607\" data-end=\"2636\">\n<p class=\"\" data-start=\"2609\" data-end=\"2636\">Odkurzacz z filtrem HEPA<\/p>\n<\/li>\n<li class=\"\" data-start=\"2637\" data-end=\"2667\">\n<p class=\"\" data-start=\"2639\" data-end=\"2667\">Moc ssania Hoover 16 kPa<\/p>\n<\/li>\n<li class=\"\" data-start=\"2668\" data-end=\"2703\">\n<p class=\"\" data-start=\"2670\" data-end=\"2703\">Odkurzacz do samochod\u00f3w i dywan\u00f3w<\/p>\n<\/li>\n<li class=\"\" data-start=\"2704\" data-end=\"2722\">\n<p class=\"\" data-start=\"2706\" data-end=\"2722\">Odkurzacz INSE<\/p>\n<\/li>\n<li class=\"\" data-start=\"2723\" data-end=\"2757\">\n<p class=\"\" data-start=\"2725\" data-end=\"2757\">Lekki odkurzacz dla domu<\/p>\n<\/li>\n<li class=\"\" data-start=\"2758\" data-end=\"2786\">\n<p class=\"\" data-start=\"2760\" data-end=\"2786\">Odkurzacz sztyftowy z kablem<\/p>\n<\/li>\n<\/ul>\n<p><img decoding=\"async\" src=\"https:\/\/ae01.alicdn.com\/kf\/S6557a8bac3d9462c885eafc2aa07fe62T.jpg\"><\/p>\n<p><img decoding=\"async\" src=\"https:\/\/ae01.alicdn.com\/kf\/S9cd8801a051e45b18c637151d92683ce5.jpg\"><img decoding=\"async\" src=\"https:\/\/ae01.alicdn.com\/kf\/S764a9d56009f4c73a0ead324c1fee2a9D.jpg\"><img decoding=\"async\" src=\"https:\/\/ae01.alicdn.com\/kf\/Sc67fae1470af44e6bcab44edc099c939N.jpg\"><img decoding=\"async\" src=\"https:\/\/ae01.alicdn.com\/kf\/Sdd8972f6d8164823a74e9106404a86d8p.jpg\"><img decoding=\"async\" style=\", roboto, arial, helvetica, sans-serif, simsun;font-size: 14px; font-weight: 400; letter-spacing: normal; text-align: center; border: 0px; margin: 0px; padding: 0px; max-width: 100%; width: 1000px;\" src=\"https:\/\/ae01.alicdn.com\/kf\/H5fcd0477ead745bfb3d8577de9e19f09G.jpg?width=800&amp;height=800&amp;hash=1600\" width=\"1000px\"><img decoding=\"async\" style=\", roboto, arial, helvetica, sans-serif, simsun;font-size: 14px; font-weight: 400; letter-spacing: normal; text-align: center; border: 0px; margin: 0px; padding: 0px; max-width: 100%; width: 1000px;\" src=\"https:\/\/ae01.alicdn.com\/kf\/Hb0e78ddb59604e69a41769468ebf846a6.jpg?width=1200&amp;height=1200&amp;hash=2400\" width=\"1000px\"><img decoding=\"async\" style=\", roboto, arial, helvetica, sans-serif, simsun;font-size: 14px; font-weight: 400; letter-spacing: normal; text-align: center; border: 0px; margin: 0px; padding: 0px; max-width: 100%; width: 1000px;\" src=\"https:\/\/ae01.alicdn.com\/kf\/Ha57dd0833d3c4d849cf5898fdceb105cP.jpg?width=800&amp;height=800&amp;hash=1600\" width=\"1000px\"><img decoding=\"async\" style=\", roboto, arial, helvetica, sans-serif, simsun;font-size: 14px; font-weight: 400; letter-spacing: normal; text-align: center; border: 0px; margin: 0px; padding: 0px; max-width: 100%; width: 1000px;\" src=\"https:\/\/ae01.alicdn.com\/kf\/H8d383a3b37dd4fe6bc377ec75147c471l.jpg?width=800&amp;height=800&amp;hash=1600\" width=\"1000px\"><img decoding=\"async\" style=\", roboto, arial, helvetica, sans-serif, simsun;font-size: 14px; font-weight: 400; letter-spacing: normal; text-align: center; border: 0px; margin: 0px; padding: 0px; max-width: 100%; width: 1000px;\" src=\"https:\/\/ae01.alicdn.com\/kf\/H25b5240096b848609b8582956427ee87g.jpg?width=800&amp;height=800&amp;hash=1600\" width=\"1000px\"><img decoding=\"async\" style=\", roboto, arial, helvetica, sans-serif, simsun;font-size: 14px; font-weight: 400; letter-spacing: normal; text-align: center; border: 0px; margin: 0px; padding: 0px; max-width: 100%; width: 1000px;\" src=\"https:\/\/ae01.alicdn.com\/kf\/H14e2100f1521486199a7c2975343e721C.jpg?width=800&amp;height=800&amp;hash=1600\" width=\"1000px\"><img decoding=\"async\" style=\", roboto, arial, helvetica, sans-serif, simsun;font-size: 14px; font-weight: 400; letter-spacing: normal; text-align: center; border: 0px; margin: 0px; padding: 0px; max-width: 100%; width: 1000px;\" src=\"https:\/\/ae01.alicdn.com\/kf\/H5fe77274774644cc9b1946fb5a54ed68E.jpg?width=800&amp;height=800&amp;hash=1600\" width=\"1000px\"><img decoding=\"async\" style=\", roboto, arial, helvetica, sans-serif, simsun;font-size: 14px; font-weight: 400; letter-spacing: normal; text-align: center; border: 0px; margin: 0px; padding: 0px; max-width: 100%; width: 1000px;\" src=\"https:\/\/ae01.alicdn.com\/kf\/H3ec7a63b3f1f4258a6ea2d0d034c0267O.jpg?width=800&amp;height=800&amp;hash=1600\" width=\"1000px\"><img decoding=\"async\" style=\", roboto, arial, helvetica, sans-serif, simsun;font-size: 14px; font-weight: 400; letter-spacing: normal; text-align: center; border: 0px; margin: 0px; padding: 0px; max-width: 100%; width: 1000px;\" src=\"https:\/\/ae01.alicdn.com\/kf\/Hd5c303786a854cd487b1a800353bc95ao.jpg?width=800&amp;height=800&amp;hash=1600\" width=\"1000px\"><img decoding=\"async\" style=\", roboto, arial, helvetica, sans-serif, simsun;font-size: 14px; font-weight: 400; letter-spacing: normal; text-align: center; border: 0px; margin: 0px; padding: 0px; max-width: 100%; width: 1000px;\" src=\"https:\/\/ae01.alicdn.com\/kf\/H08655b704da64b5ca21fee97ad8a41d07.jpg?width=800&amp;height=800&amp;hash=1600\" width=\"1000px\"><\/p>\n","protected":false},"excerpt":{"rendered":"<p>Opis produktu: Odkurzacz INSE R3S 2 w 1, kt\u00f3ry mo\u017ce by\u0107 u\u017cywany zar\u00f3wno jako odkurzacz r\u0119czny, jak i odkurzacz na kiju, zapewnia wydajne czyszczenie. Dzi\u0119ki pot\u0119\u017cnemu silnikowi o mocy 400 W i imponuj\u0105cej mocy ssania 16 kPa, INSE R3S zapewnia dok\u0142adne i wydajne czyszczenie, kt\u00f3re zbiera wszelkie zabrudzenia &#8211; od twardych pod\u0142\u00f3g po dywany. Odkurzacz [&hellip;]<\/p>\n","protected":false},"featured_media":10924,"comment_status":"open","ping_status":"closed","template":"","meta":{"_seopress_robots_primary_cat":"none","_seopress_titles_title":"Odkurzacz INSE R3S 2 w 1 - moc ssania 16000 Pa, filtr HEPA, odkurzacz r\u0119czny i na kiju, kabel 6 m Meta Opis:","_seopress_titles_desc":"Wydajny odkurzacz 2 w 1 z moc\u0105 ssania 16000 Pa, silnikiem 400 W i filtrem HEPA. Lekki, elastyczny i idealny do twardych pod\u0142\u00f3g, dywan\u00f3w i samochod\u00f3w. Zawiera 9 nasadek. Odkryj teraz!   ","_seopress_robots_index":"","googlesitekit_rrm_CAowz76iDA:productID":""},"product_brand":[],"product_cat":[2299],"product_tag":[],"class_list":{"0":"post-11090","1":"product","2":"type-product","3":"status-publish","4":"has-post-thumbnail","6":"product_cat-urzadzenia-gospodarstwa-domowego","8":"first","9":"instock","10":"sale","11":"taxable","12":"shipping-taxable","13":"purchasable","14":"product-type-variable"},"_links":{"self":[{"href":"https:\/\/linkmarkt.eu\/pl\/wp-json\/wp\/v2\/product\/11090","targetHints":{"allow":["GET"]}}],"collection":[{"href":"https:\/\/linkmarkt.eu\/pl\/wp-json\/wp\/v2\/product"}],"about":[{"href":"https:\/\/linkmarkt.eu\/pl\/wp-json\/wp\/v2\/types\/product"}],"replies":[{"embeddable":true,"href":"https:\/\/linkmarkt.eu\/pl\/wp-json\/wp\/v2\/comments?post=11090"}],"version-history":[{"count":0,"href":"https:\/\/linkmarkt.eu\/pl\/wp-json\/wp\/v2\/product\/11090\/revisions"}],"wp:featuredmedia":[{"embeddable":true,"href":"https:\/\/linkmarkt.eu\/pl\/wp-json\/wp\/v2\/media\/10924"}],"wp:attachment":[{"href":"https:\/\/linkmarkt.eu\/pl\/wp-json\/wp\/v2\/media?parent=11090"}],"wp:term":[{"taxonomy":"product_brand","embeddable":true,"href":"https:\/\/linkmarkt.eu\/pl\/wp-json\/wp\/v2\/product_brand?post=11090"},{"taxonomy":"product_cat","embeddable":true,"href":"https:\/\/linkmarkt.eu\/pl\/wp-json\/wp\/v2\/product_cat?post=11090"},{"taxonomy":"product_tag","embeddable":true,"href":"https:\/\/linkmarkt.eu\/pl\/wp-json\/wp\/v2\/product_tag?post=11090"}],"curies":[{"name":"wp","href":"https:\/\/api.w.org\/{rel}","templated":true}]}}