{"id":11142,"date":"2025-05-06T20:26:11","date_gmt":"2025-05-06T18:26:11","guid":{"rendered":"https:\/\/linkmarkt.eu\/product\/bezprzewodowy-odkurzacz-przenosny-wydajny-lekki-i-wszechstronny\/"},"modified":"2025-05-11T09:11:00","modified_gmt":"2025-05-11T07:11:00","slug":"bezprzewodowy-odkurzacz-przenosny-wydajny-lekki-i-wszechstronny","status":"publish","type":"product","link":"https:\/\/linkmarkt.eu\/pl\/product\/bezprzewodowy-odkurzacz-przenosny-wydajny-lekki-i-wszechstronny\/","title":{"rendered":"Bezprzewodowy odkurzacz przeno\u015bny &#8211; wydajny, lekki i wszechstronny."},"content":{"rendered":"<p data-pm-slice=\"1 1 []\">Ten bezprzewodowy odkurzacz r\u0119czny jest idealnym rozwi\u0105zaniem dla ka\u017cdego, kto szuka wydajnego i mocnego rozwi\u0105zania do czyszczenia samochod\u00f3w, domu lub biura. Dzi\u0119ki imponuj\u0105cej mocy ssania do 95000 Pa i bezszczotkowemu niemieckiemu silnikowi, ten kompaktowy odkurzacz oferuje maksymaln\u0105 moc przy minimalnej wadze. <\/p>\n<h3><strong>G\u0142\u00f3wne cechy:<\/strong><\/h3>\n<ul data-spread=\"false\">\n<li><strong>Wyj\u0105tkowo du\u017ca moc ssania:<\/strong> 95000 Pa sprawia, \u017ce odkurzacz idealnie nadaje si\u0119 do g\u0142\u0119bokiego czyszczenia dywan\u00f3w, foteli samochodowych, klawiatur i trudno dost\u0119pnych zakamark\u00f3w.<\/li>\n<li><strong>Bezprzewodowa konstrukcja:<\/strong> maksymalna elastyczno\u015b\u0107 bez irytuj\u0105cych kabli &#8211; idealna do szybkiego czyszczenia w dowolnym miejscu.<\/li>\n<li><strong>Wysokiej jako\u015bci niemiecki silnik:<\/strong> trwa\u0142y i energooszcz\u0119dny, zapewniaj\u0105cy niezawodne dzia\u0142anie.<\/li>\n<li><strong>Lekki i przeno\u015bny:<\/strong> Wa\u017cy tylko 535 g, idealny w podr\u00f3\u017cy lub do u\u017cytku w samochodzie.<\/li>\n<li><strong>Wielostopniowa filtracja:<\/strong> dost\u0119pna w r\u00f3\u017cnych wersjach z maksymalnie 6 filtrami HEPA dla jeszcze dok\u0142adniejszego czyszczenia.<\/li>\n<li><strong>Niski poziom ha\u0142asu:<\/strong> Szczeg\u00f3lnie cicha praca przy zaledwie \u2264 52 dB.<\/li>\n<li><strong>Wszechstronne zastosowanie:<\/strong> Idealny do odkurzania, wydmuchiwania kurzu, nadmuchiwania materacy powietrznych i nie tylko.<\/li>\n<\/ul>\n<h3><strong>Konfiguracja produktu:<\/strong><\/h3>\n<p><strong>Wersja podstawowa:<\/strong><\/p>\n<ul data-spread=\"false\">\n<li>Odkurzacz 13000 Pa<\/li>\n<li>D\u0142uga rura ss\u0105ca<\/li>\n<li>P\u0142aska rura ss\u0105ca<\/li>\n<li>Zgrubna rura ss\u0105ca<\/li>\n<li>Ma\u0142a rura ss\u0105ca<\/li>\n<li>Kabel USB do \u0142adowania<\/li>\n<li>Element filtruj\u0105cy<\/li>\n<\/ul>\n<p><strong>Podstawowy 2HEPA:<\/strong><\/p>\n<ul data-spread=\"false\">\n<li>Odkurzacz 13000 Pa<\/li>\n<li>D\u0142uga rura ss\u0105ca<\/li>\n<li>P\u0142aska rura ss\u0105ca<\/li>\n<li>Zgrubna rura ss\u0105ca<\/li>\n<li>Ma\u0142a rura ss\u0105ca<\/li>\n<li>Kabel USB do \u0142adowania<\/li>\n<li>3 elementy filtruj\u0105ce<\/li>\n<\/ul>\n<p><strong>Podstawowa skrzynka 5HEPA:<\/strong><\/p>\n<ul data-spread=\"false\">\n<li>Odkurzacz 13000 Pa<\/li>\n<li>D\u0142uga rura ss\u0105ca<\/li>\n<li>P\u0142aska rura ss\u0105ca<\/li>\n<li>Zgrubna rura ss\u0105ca<\/li>\n<li>Ma\u0142a rura ss\u0105ca<\/li>\n<li>Kabel USB do \u0142adowania<\/li>\n<li>6 element\u00f3w filtruj\u0105cych<\/li>\n<li>Pude\u0142ko EVA do bezpiecznego przechowywania<\/li>\n<\/ul>\n<p><strong>Zaktualizowany PRO (niemiecki silnik bezszczotkowy):<\/strong><\/p>\n<ul data-spread=\"false\">\n<li>Odkurzacz 95000Pa<\/li>\n<li>D\u0142uga rura ss\u0105ca<\/li>\n<li>P\u0142aska rura ss\u0105ca<\/li>\n<li>Zgrubna rura ss\u0105ca<\/li>\n<li>Ma\u0142a rura ss\u0105ca<\/li>\n<li>Kabel USB do \u0142adowania<\/li>\n<li>Element filtruj\u0105cy<\/li>\n<\/ul>\n<p><strong>Zaktualizowany PRO 2HEPA (niemiecki silnik bezszczotkowy):<\/strong><\/p>\n<ul data-spread=\"false\">\n<li>Odkurzacz 95000Pa<\/li>\n<li>D\u0142uga rura ss\u0105ca<\/li>\n<li>P\u0142aska rura ss\u0105ca<\/li>\n<li>Zgrubna rura ss\u0105ca<\/li>\n<li>Ma\u0142a rura ss\u0105ca<\/li>\n<li>Kabel USB do \u0142adowania<\/li>\n<li>3 elementy filtruj\u0105ce<\/li>\n<\/ul>\n<p><strong>Zaktualizowany PRO 5HEPA Box (niemiecki silnik bezszczotkowy):<\/strong><\/p>\n<ul data-spread=\"false\">\n<li>Odkurzacz 95000Pa<\/li>\n<li>D\u0142uga rura ss\u0105ca<\/li>\n<li>P\u0142aska rura ss\u0105ca<\/li>\n<li>Zgrubna rura ss\u0105ca<\/li>\n<li>Ma\u0142a rura ss\u0105ca<\/li>\n<li>Kabel USB do \u0142adowania<\/li>\n<li>6 element\u00f3w filtruj\u0105cych<\/li>\n<li>Pude\u0142ko EVA do bezpiecznego przechowywania<\/li>\n<\/ul>\n<h3><strong>Dane techniczne:<\/strong><\/h3>\n<ul data-spread=\"false\">\n<li>Kolor: czarny\/szary lub srebrny\/szary<\/li>\n<li>Materia\u0142: ABS<\/li>\n<li>Rozmiar: 21 x 16 x 6,5 cm<\/li>\n<li>Napi\u0119cie: 7,4 V DC \/ 11,1 V DC<\/li>\n<li>Moc: 120 W<\/li>\n<li>Poziom ha\u0142asu: \u2264 52 dB<\/li>\n<li>Czas pracy: do 30 minut<\/li>\n<li>\u015arodowisko pracy: -20 \u2103 do +50 \u2103<\/li>\n<\/ul>\n<h3><strong>Wnioski:<\/strong><\/h3>\n<p>Ten bezprzewodowy odkurzacz r\u0119czny jest idealnym wyborem dla ka\u017cdego, kto szuka maksymalnej mocy w kompaktowej konstrukcji. Niezale\u017cnie od tego, czy chodzi o piel\u0119gnacj\u0119 samochodu, sprz\u0105tanie w domu czy w biurze &#8211; ten odkurzacz zapewnia imponuj\u0105ce rezultaty. Zam\u00f3w teraz i skorzystaj z pot\u0119\u017cnej technologii czyszczenia!  <\/p>\n<p>&nbsp;<\/p>\n<div class=\"detailmodule_html\">\n<div class=\"detail-desc-decorate-richtext\">\n<p style=\"text-align: left; margin: 0px;\" align=\"left\"><img decoding=\"async\" src=\"https:\/\/ae03.alicdn.com\/kf\/S32dc0c602c54486aa8944b6fa0699aa7n.jpg\"><br \/>\n<img decoding=\"async\" src=\"https:\/\/ae01.alicdn.com\/kf\/S47ea5c686e104664b31f4418280317787.jpg?width=950&amp;height=950&amp;hash=1900\"><img decoding=\"async\" src=\"https:\/\/ae01.alicdn.com\/kf\/S248036f112e5467088f170b8566afb49s.jpg?width=950&amp;height=950&amp;hash=1900\"><\/p>\n<p><img decoding=\"async\" src=\"https:\/\/ae01.alicdn.com\/kf\/S5ae1d38cb97440aaabbcd3bafea0c73ad.jpg?width=950&amp;height=2057&amp;hash=3007\"><img decoding=\"async\" src=\"https:\/\/ae01.alicdn.com\/kf\/S04e0edee14f9464ca9734f1237e0cbb0S.jpg?width=950&amp;height=1910&amp;hash=2860\"><img decoding=\"async\" src=\"https:\/\/ae01.alicdn.com\/kf\/Sd2868b57843941ce9501685ce416bd74o.jpg?width=950&amp;height=1911&amp;hash=2861\"><img decoding=\"async\" src=\"https:\/\/ae01.alicdn.com\/kf\/S799c3a4cc4d74945a079eeda807fa636B.jpg?width=950&amp;height=950&amp;hash=1900\"><img decoding=\"async\" src=\"https:\/\/ae01.alicdn.com\/kf\/S6b02cfd6747743db9256c148389839710.jpg?width=950&amp;height=1910&amp;hash=2860\"><img decoding=\"async\" src=\"https:\/\/ae01.alicdn.com\/kf\/S5e69d18301b04f0aac7dc4082985d0fbj.jpg?width=950&amp;height=950&amp;hash=1900\"><img decoding=\"async\" src=\"https:\/\/ae01.alicdn.com\/kf\/Sb38fe1e1e40745619b483ec7488b1b6eL.jpg?width=950&amp;height=950&amp;hash=1900\"><img decoding=\"async\" src=\"https:\/\/ae01.alicdn.com\/kf\/Sd55729ca5f48420c8cb7cbe6a69c3170v.jpg?width=950&amp;height=1537&amp;hash=2487\"><\/p>\n<p><img decoding=\"async\" src=\"https:\/\/ae01.alicdn.com\/kf\/S386ee11b7a2c4e4f9c93392a337b40a5m.jpg?width=950&amp;height=950&amp;hash=1900\"><\/p>\n<\/div>\n<\/div>\n","protected":false},"excerpt":{"rendered":"<p>Ten bezprzewodowy odkurzacz r\u0119czny jest idealnym rozwi\u0105zaniem dla ka\u017cdego, kto szuka wydajnego i mocnego rozwi\u0105zania do czyszczenia samochod\u00f3w, domu lub biura. Dzi\u0119ki imponuj\u0105cej mocy ssania do 95000 Pa i bezszczotkowemu niemieckiemu silnikowi, ten kompaktowy odkurzacz oferuje maksymaln\u0105 moc przy minimalnej wadze. G\u0142\u00f3wne cechy: Wyj\u0105tkowo du\u017ca moc ssania: 95000 Pa sprawia, \u017ce odkurzacz idealnie nadaje si\u0119 [&hellip;]<\/p>\n","protected":false},"featured_media":10948,"comment_status":"open","ping_status":"closed","template":"","meta":{"_seopress_robots_primary_cat":"none","_seopress_titles_title":"Bezprzewodowy odkurzacz przeno\u015bny 95000 Pa - wydajny odkurzacz r\u0119czny do samochodu i domu","_seopress_titles_desc":"Odkurzacz akumulatorowy 95000 Pa - wydajny, lekki i wszechstronny | Zam\u00f3w teraz na LinkMarkt.eu","_seopress_robots_index":"","googlesitekit_rrm_CAowz76iDA:productID":""},"product_brand":[],"product_cat":[1122,2303],"product_tag":[],"class_list":{"0":"post-11142","1":"product","2":"type-product","3":"status-publish","4":"has-post-thumbnail","6":"product_cat-elektronika","7":"product_cat-hoover","9":"first","10":"instock","11":"sale","12":"taxable","13":"shipping-taxable","14":"purchasable","15":"product-type-variable"},"_links":{"self":[{"href":"https:\/\/linkmarkt.eu\/pl\/wp-json\/wp\/v2\/product\/11142","targetHints":{"allow":["GET"]}}],"collection":[{"href":"https:\/\/linkmarkt.eu\/pl\/wp-json\/wp\/v2\/product"}],"about":[{"href":"https:\/\/linkmarkt.eu\/pl\/wp-json\/wp\/v2\/types\/product"}],"replies":[{"embeddable":true,"href":"https:\/\/linkmarkt.eu\/pl\/wp-json\/wp\/v2\/comments?post=11142"}],"version-history":[{"count":1,"href":"https:\/\/linkmarkt.eu\/pl\/wp-json\/wp\/v2\/product\/11142\/revisions"}],"predecessor-version":[{"id":11151,"href":"https:\/\/linkmarkt.eu\/pl\/wp-json\/wp\/v2\/product\/11142\/revisions\/11151"}],"wp:featuredmedia":[{"embeddable":true,"href":"https:\/\/linkmarkt.eu\/pl\/wp-json\/wp\/v2\/media\/10948"}],"wp:attachment":[{"href":"https:\/\/linkmarkt.eu\/pl\/wp-json\/wp\/v2\/media?parent=11142"}],"wp:term":[{"taxonomy":"product_brand","embeddable":true,"href":"https:\/\/linkmarkt.eu\/pl\/wp-json\/wp\/v2\/product_brand?post=11142"},{"taxonomy":"product_cat","embeddable":true,"href":"https:\/\/linkmarkt.eu\/pl\/wp-json\/wp\/v2\/product_cat?post=11142"},{"taxonomy":"product_tag","embeddable":true,"href":"https:\/\/linkmarkt.eu\/pl\/wp-json\/wp\/v2\/product_tag?post=11142"}],"curies":[{"name":"wp","href":"https:\/\/api.w.org\/{rel}","templated":true}]}}