{"id":11158,"date":"2025-05-06T20:23:03","date_gmt":"2025-05-06T18:23:03","guid":{"rendered":"https:\/\/linkmarkt.eu\/product\/bezprzewodowy-odkurzacz-reczny-xiaomi-95000pa-wydajny-i-wszechstronny-do-domu-i-samochodu\/"},"modified":"2025-05-06T20:23:03","modified_gmt":"2025-05-06T18:23:03","slug":"bezprzewodowy-odkurzacz-reczny-xiaomi-95000pa-wydajny-i-wszechstronny-do-domu-i-samochodu","status":"publish","type":"product","link":"https:\/\/linkmarkt.eu\/pl\/product\/bezprzewodowy-odkurzacz-reczny-xiaomi-95000pa-wydajny-i-wszechstronny-do-domu-i-samochodu\/","title":{"rendered":"Bezprzewodowy odkurzacz r\u0119czny Xiaomi 95000Pa &#8211; wydajny i wszechstronny do domu i samochodu."},"content":{"rendered":"<p data-pm-slice=\"1 1 []\">Ten bezprzewodowy odkurzacz r\u0119czny z ekologii Xiaomi oferuje imponuj\u0105c\u0105 moc ssania i wszechstronne opcje czyszczenia wszystkich rodzaj\u00f3w powierzchni. Czy to w domu, w samochodzie czy w biurze, ten odkurzacz jest idealnym wyborem do dok\u0142adnego czyszczenia bez spl\u0105tanych kabli. <\/p>\n<h3><strong>G\u0142\u00f3wne cechy:<\/strong><\/h3>\n<ul data-spread=\"false\">\n<li><strong>Bardzo du\u017ca moc ssania:<\/strong> do 95000 Pa mocy ssania dla dok\u0142adnego czyszczenia dywan\u00f3w, foteli samochodowych, sof i innych.<\/li>\n<li><strong>Bezprzewodowa konstrukcja:<\/strong> zapewnia maksymaln\u0105 swobod\u0119 ruch\u00f3w &#8211; idealna do szybkiego i elastycznego czyszczenia.<\/li>\n<li><strong>Wydajny akumulator:<\/strong> Akumulator litowo-jonowy o d\u0142ugiej \u017cywotno\u015bci i czasie pracy do 1 godziny.<\/li>\n<li><strong>Wszechstronne zastosowanie:<\/strong> Odkurzanie na mokro i sucho, wydmuchiwanie kurzu, zbieranie wody i inne.<\/li>\n<li><strong>Lekki i przeno\u015bny:<\/strong> Kompaktowa konstrukcja wa\u017c\u0105ca zaledwie 1-2 kg &#8211; idealna do u\u017cytku mobilnego.<\/li>\n<li><strong>Niski poziom ha\u0142asu:<\/strong> Cicha praca na poziomie poni\u017cej 84 dB &#8211; idealna do u\u017cytku w pomieszczeniach mieszkalnych.<\/li>\n<li><strong>\u0141atwy w u\u017cyciu:<\/strong> r\u00f3\u017cne dysze i nasadki do r\u00f3\u017cnych zada\u0144 czyszczenia.<\/li>\n<\/ul>\n<h3><strong>Konfiguracja produktu:<\/strong><\/h3>\n<p><strong>LT-116C &#8211; wersja podstawowa:<\/strong><\/p>\n<ul data-spread=\"false\">\n<li>Odkurzacz akumulatorowy 7,4 V<\/li>\n<li>2 Konstrukcja sekcji<\/li>\n<li>Kabel USB do \u0142adowania<\/li>\n<li>Dysza szczotki<\/li>\n<li>Szczotka do dywan\u00f3w<\/li>\n<li>Podr\u0119cznik u\u017cytkownika<\/li>\n<li>Waga: oko\u0142o 0,89 kg<\/li>\n<\/ul>\n<p><strong>LT-116EG &#8211; Ulepszona wersja:<\/strong><\/p>\n<ul data-spread=\"false\">\n<li>Odkurzacz akumulatorowy 11,1 V<\/li>\n<li>3 Konstrukcja sekcji<\/li>\n<li>Kabel USB do \u0142adowania<\/li>\n<li>Dysza szczotki<\/li>\n<li>Szczotka do dywan\u00f3w<\/li>\n<li>Podr\u0119cznik u\u017cytkownika<\/li>\n<li>Waga: oko\u0142o 1,45 kg<\/li>\n<\/ul>\n<h3><strong>Dane techniczne:<\/strong><\/h3>\n<ul data-spread=\"false\">\n<li>Materia\u0142: ABS<\/li>\n<li>Napi\u0119cie znamionowe: 7,4 V DC \/ 11,1 V DC<\/li>\n<li>Si\u0142a ss\u0105ca: oko\u0142o 9000Pa \/ 12000Pa \/ 19000Pa<\/li>\n<li>Bateria: 2 * 2000 mAh \/ 3 * 2000 mAh bateria litowa<\/li>\n<li>Moc: 120W \/ 150W<\/li>\n<li>Poziom ha\u0142asu: \u2264 84 dB<\/li>\n<li>\u015arodowisko pracy: -20 \u2103 do +50 \u2103<\/li>\n<li>Czas \u0142adowania: 3-4 godziny<\/li>\n<li>Czas pracy: ok. 20 minut (po pe\u0142nym na\u0142adowaniu)<\/li>\n<li>Waga: &lt;3 kg<\/li>\n<\/ul>\n<h3><strong>Wnioski:<\/strong><\/h3>\n<p>Ten bezprzewodowy odkurzacz r\u0119czny jest idealnym wyborem dla gospodarstw domowych, kt\u00f3re ceni\u0105 sobie elastyczno\u015b\u0107 i wydajno\u015b\u0107. Dzi\u0119ki du\u017cej mocy ssania, d\u0142ugiemu czasowi pracy akumulatora i kompaktowej konstrukcji idealnie nadaje si\u0119 do u\u017cytku w samochodach, domach i biurach. Zam\u00f3w teraz i przenie\u015b sprz\u0105tanie na wy\u017cszy poziom!  <\/p>\n<p>&nbsp;<\/p>\n<div class=\"detailmodule_html\">\n<div class=\"detail-desc-decorate-richtext\">\n<div>\n<div><img decoding=\"async\" class=\"detail-desc-decorate-image\" src=\"https:\/\/ae01.alicdn.com\/kf\/Sfb9cd4fee6af483c9e5b90aef51ab17cG.jpg\" data-id=\"ckeditor_img9\"><\/div>\n<\/div>\n<div>\n<p style=\"text-align: center; width: 100%;\" align=\"center\">Prze\u0142om w wydajno\u015bci eksplozji technologii<\/p>\n<p style=\"text-align: center; width: 100%;\" align=\"center\">Por\u00f3wnywalne do 15 000 Pa ssania<br \/>\n45000r\/min<br \/>\nPr\u0119dko\u015b\u0107 silnika<br \/>\n&#8212;&#8212;&#8212;&#8211;<br \/>\n120W<br \/>\nMoc silnika<\/p>\n<div><img decoding=\"async\" class=\"detail-desc-decorate-image\" src=\"https:\/\/ae01.alicdn.com\/kf\/Sb06ea429ccd7467e97f5bdb51c9f6717v.jpg\" data-id=\"ckeditor_img10\"><\/div>\n<\/div>\n<div>\n<p style=\"text-align: center; width: 100%;\" align=\"center\">Usprawniona konstrukcja boby Ciesz si\u0119 komfortem w domu<\/p>\n<div><img decoding=\"async\" class=\"detail-desc-decorate-image\" src=\"https:\/\/ae01.alicdn.com\/kf\/Sd7b991cd477f425c85c7a75ed8ffb62dd.jpg\" data-id=\"ckeditor_img11\"> <img decoding=\"async\" class=\"detail-desc-decorate-image\" src=\"https:\/\/ae01.alicdn.com\/kf\/S7f530c3af1784e078b3ecfacb18664c0E.jpg\" data-id=\"ckeditor_img12\"><\/div>\n<\/div>\n<div>\n<p style=\"text-align: center; width: 100%;\" align=\"center\">R\u00f3\u017cnorodne sposoby na utrzymanie wysokiego i niskiego poziomu czysto\u015bci bez zmartwie\u0144<\/p>\n<p style=\"text-align: center; width: 100%;\" align=\"center\">Ergonomiczna konstrukcja, pchanie, ci\u0105gni\u0119cie i podnoszenie bez wysi\u0142ku,<br \/>\nwysokie czyszczenie nie jest s\u0142owem,<br \/>\nw dowolnym momencie do leniwego czyszczenia dzia\u0142u<\/p>\n<div><img decoding=\"async\" class=\"detail-desc-decorate-image\" src=\"https:\/\/ae01.alicdn.com\/kf\/S533af4b894f047738a2c89ba196578e2l.jpg\" data-id=\"ckeditor_img13\"><\/div>\n<\/div>\n<div>\n<p>2-warstwowe czyszczenie na poziomie Hepa Tylko dla zapewnienia czysto\u015bci<\/p>\n<p>Filtracja z gumy polimerowej<br \/>\nFiltr drobnego py\u0142u<br \/>\nFiltr HEPA<\/p>\n<div><img decoding=\"async\" class=\"detail-desc-decorate-image\" src=\"https:\/\/ae01.alicdn.com\/kf\/S2458374462524573bbeb30f569911ecf8.jpg\" data-id=\"ckeditor_img14\"><\/div>\n<\/div>\n<div>\n<p style=\"text-align: center; width: 100%;\" align=\"center\">Blokowanie py\u0142u o wielko\u015bci nawet 0,3 mikrona<\/p>\n<div><img decoding=\"async\" class=\"detail-desc-decorate-image\" src=\"https:\/\/ae01.alicdn.com\/kf\/S5a19d9237c82429b84659d5d3775e1c2o.jpg\" data-id=\"ckeditor_img15\"><\/div>\n<\/div>\n<div>\n<p style=\"text-align: center; width: 100%;\" align=\"center\">R\u00f3\u017cne scenariusze r\u00f3\u017cni\u0105 si\u0119 Wiele akcesori\u00f3w poch\u0142ania ca\u0142y dom<\/p>\n<p class=\"detail-desc-decorate-content\" style=\"font-family: OpenSans; font-size: 14px; font-weight: 300; line-height: 20px; margin-bottom: 12px;\">\u0141atwe czyszczenie<br \/>\nObrotowy przegub<br \/>\nPod\u0142oga \u0142\u00f3\u017cka, pod\u0142oga sofy \u0142atwa do czyszczenia<br \/>\nCZYSZCZENIE MA\u0141YCH POWIERZCHNI<br \/>\nCzyszczenie zanurzeniowe<br \/>\nSzeroka p\u0142aska ssawka<br \/>\nCzyszczenie szuflady z brudu i kurzu<br \/>\nCZYSZCZENIE SPECJALNE<br \/>\n15,000Pa Silna moc ssania<br \/>\nPo prostu odkurz wszystko<\/p>\n<div><\/div>\n<\/div>\n<div>\n<p style=\"text-align: center; width: 100%;\" align=\"center\">Bezprzewodowy odkurzacz Przywr\u00f3\u0107 czyste \u017cycie samochodu<\/p>\n<div><img decoding=\"async\" class=\"detail-desc-decorate-image\" src=\"https:\/\/ae01.alicdn.com\/kf\/S6bdc31ad4a4d41d6932c4d7c263d000fN.jpg\" data-id=\"ckeditor_img17\"><\/div>\n<\/div>\n<p>&nbsp;<\/p>\n<\/div>\n<\/div>\n","protected":false},"excerpt":{"rendered":"<p>Ten bezprzewodowy odkurzacz r\u0119czny z ekologii Xiaomi oferuje imponuj\u0105c\u0105 moc ssania i wszechstronne opcje czyszczenia wszystkich rodzaj\u00f3w powierzchni. Czy to w domu, w samochodzie czy w biurze, ten odkurzacz jest idealnym wyborem do dok\u0142adnego czyszczenia bez spl\u0105tanych kabli. G\u0142\u00f3wne cechy: Bardzo du\u017ca moc ssania: do 95000 Pa mocy ssania dla dok\u0142adnego czyszczenia dywan\u00f3w, foteli samochodowych, [&hellip;]<\/p>\n","protected":false},"featured_media":10870,"comment_status":"open","ping_status":"closed","template":"","meta":{"_seopress_robots_primary_cat":"none","_seopress_titles_title":"Bezprzewodowy odkurzacz r\u0119czny Xiaomi 95000Pa - wydajny, lekki i wszechstronny | Zam\u00f3w teraz","_seopress_titles_desc":"Odkryj bezprzewodowy odkurzacz r\u0119czny Xiaomi 95000Pa - silna moc ssania, d\u0142uga \u017cywotno\u015b\u0107 baterii i wszechstronne zastosowanie w domu i samochodzie. Zam\u00f3w teraz i sprz\u0105taj elastycznie! ","_seopress_robots_index":"","googlesitekit_rrm_CAowz76iDA:productID":""},"product_brand":[],"product_cat":[2305,2303,2299],"product_tag":[],"class_list":{"0":"post-11158","1":"product","2":"type-product","3":"status-publish","4":"has-post-thumbnail","6":"product_cat-elektronika-pl","7":"product_cat-hoover","8":"product_cat-urzadzenia-gospodarstwa-domowego","10":"first","11":"instock","12":"sale","13":"taxable","14":"shipping-taxable","15":"purchasable","16":"product-type-variable"},"_links":{"self":[{"href":"https:\/\/linkmarkt.eu\/pl\/wp-json\/wp\/v2\/product\/11158","targetHints":{"allow":["GET"]}}],"collection":[{"href":"https:\/\/linkmarkt.eu\/pl\/wp-json\/wp\/v2\/product"}],"about":[{"href":"https:\/\/linkmarkt.eu\/pl\/wp-json\/wp\/v2\/types\/product"}],"replies":[{"embeddable":true,"href":"https:\/\/linkmarkt.eu\/pl\/wp-json\/wp\/v2\/comments?post=11158"}],"version-history":[{"count":0,"href":"https:\/\/linkmarkt.eu\/pl\/wp-json\/wp\/v2\/product\/11158\/revisions"}],"wp:featuredmedia":[{"embeddable":true,"href":"https:\/\/linkmarkt.eu\/pl\/wp-json\/wp\/v2\/media\/10870"}],"wp:attachment":[{"href":"https:\/\/linkmarkt.eu\/pl\/wp-json\/wp\/v2\/media?parent=11158"}],"wp:term":[{"taxonomy":"product_brand","embeddable":true,"href":"https:\/\/linkmarkt.eu\/pl\/wp-json\/wp\/v2\/product_brand?post=11158"},{"taxonomy":"product_cat","embeddable":true,"href":"https:\/\/linkmarkt.eu\/pl\/wp-json\/wp\/v2\/product_cat?post=11158"},{"taxonomy":"product_tag","embeddable":true,"href":"https:\/\/linkmarkt.eu\/pl\/wp-json\/wp\/v2\/product_tag?post=11158"}],"curies":[{"name":"wp","href":"https:\/\/api.w.org\/{rel}","templated":true}]}}