{"id":11233,"date":"2025-05-06T20:20:35","date_gmt":"2025-05-06T18:20:35","guid":{"rendered":"https:\/\/linkmarkt.eu\/product\/wysokowydajny-bezprzewodowy-odkurzacz-samochodowy-mini-odkurzacz-reczny-z-mocnym-ssaniem-silnikiem-bezszczotkowym-dmuchawa-powietrza-do-samochodu-i-gospodarstwa-domowego\/"},"modified":"2025-05-13T15:50:30","modified_gmt":"2025-05-13T13:50:30","slug":"wysokowydajny-bezprzewodowy-odkurzacz-samochodowy-mini-odkurzacz-reczny-z-mocnym-ssaniem-silnikiem-bezszczotkowym-dmuchawa-powietrza-do-samochodu-i-gospodarstwa-domowego","status":"publish","type":"product","link":"https:\/\/linkmarkt.eu\/pl\/product\/wysokowydajny-bezprzewodowy-odkurzacz-samochodowy-mini-odkurzacz-reczny-z-mocnym-ssaniem-silnikiem-bezszczotkowym-dmuchawa-powietrza-do-samochodu-i-gospodarstwa-domowego\/","title":{"rendered":"Wysokowydajny bezprzewodowy odkurzacz samochodowy &#8211; Mini odkurzacz r\u0119czny z mocnym ssaniem, silnikiem bezszczotkowym, dmuchaw\u0105 powietrza do samochodu i gospodarstwa domowego."},"content":{"rendered":"<p class=\"\" data-start=\"236\" data-end=\"660\">\ud83d\ude97 <strong data-start=\"239\" data-end=\"289\">Kompaktowy i wydajny odkurzacz samochodowy<\/strong><br data-start=\"289\" data-end=\"292\">Ten bezprzewodowy mini odkurzacz r\u0119czny jest idealnym rozwi\u0105zaniem do szybkiego i dok\u0142adnego czyszczenia samochod\u00f3w i gospodarstw domowych. Wyposa\u017cony w bezszczotkowy silnik i pot\u0119\u017cn\u0105 moc ssania 290 000 PA, niezawodnie usuwa kurz, okruchy, sier\u015b\u0107 zwierz\u0105t domowych i inne zabrudzenia &#8211; idealny do stosowania w ciasnych naro\u017cnikach i trudno dost\u0119pnych miejscach. <\/p>\n<p class=\"\" data-start=\"662\" data-end=\"1150\">\u2728 <strong data-start=\"664\" data-end=\"691\">Wszechstronne funkcje:<\/strong><br data-start=\"691\" data-end=\"694\">\u2705 <strong data-start=\"696\" data-end=\"717\">Czyszczenie 4 w 1:<\/strong> odkurzanie, wydmuchiwanie kurzu, czyszczenie komputera i wn\u0119trza samochodu.<br data-start=\"784\" data-end=\"787\">\u2705 <strong data-start=\"789\" data-end=\"822\">Inteligentna blokada przed dzie\u0107mi:<\/strong> Prze\u0142\u0105cznik steruj\u0105cy zapobiega przypadkowemu w\u0142\u0105czeniu.<br data-start=\"885\" data-end=\"888\">\u2705 <strong data-start=\"890\" data-end=\"916\">Cicha praca:<\/strong> Mniej ni\u017c 52 dB dla cichego sprz\u0105tania.<br data-start=\"960\" data-end=\"963\">\u2705 <strong data-start=\"965\" data-end=\"988\" data-is-only-node=\"\">D\u0142uga \u017cywotno\u015b\u0107 baterii:<\/strong> Wbudowana bateria litowa 3 x 2000 mAh z szybkim \u0142adowaniem typu C.<br data-start=\"1058\" data-end=\"1061\">\u2705 <strong data-start=\"1063\" data-end=\"1086\">Lekki i przeno\u015bny:<\/strong> Wa\u017cy tylko 480 g &#8211; \u0142atwy w transporcie i przechowywaniu.<\/p>\n<p class=\"\" data-start=\"1152\" data-end=\"1178\">\u2699\ufe0f <strong data-start=\"1155\" data-end=\"1176\">Dane techniczne:<\/strong><\/p>\n<ul data-start=\"1179\" data-end=\"1411\">\n<li class=\"\" data-start=\"1179\" data-end=\"1196\">\n<p class=\"\" data-start=\"1181\" data-end=\"1196\">Materia\u0142: ABS<\/p>\n<\/li>\n<li class=\"\" data-start=\"1197\" data-end=\"1235\">\n<p class=\"\" data-start=\"1199\" data-end=\"1235\">Typ silnika: Nowy silnik bezszczotkowy<\/p>\n<\/li>\n<li class=\"\" data-start=\"1236\" data-end=\"1266\">\n<p class=\"\" data-start=\"1238\" data-end=\"1266\">Wydajno\u015b\u0107 podci\u015bnienia: 290 000 PA<\/p>\n<\/li>\n<li class=\"\" data-start=\"1267\" data-end=\"1293\">\n<p class=\"\" data-start=\"1269\" data-end=\"1293\">Pr\u0119dko\u015b\u0107: 25 500 obr.<\/p>\n<\/li>\n<li class=\"\" data-start=\"1294\" data-end=\"1333\">\n<p class=\"\" data-start=\"1296\" data-end=\"1333\">Temperatura pracy: -20 \u2103 do +50 \u2103<\/p>\n<\/li>\n<li class=\"\" data-start=\"1334\" data-end=\"1360\">\n<p class=\"\" data-start=\"1336\" data-end=\"1360\">Poziom ha\u0142asu: \u2264 52 dB<\/p>\n<\/li>\n<li class=\"\" data-start=\"1361\" data-end=\"1392\">\n<p class=\"\" data-start=\"1363\" data-end=\"1392\">Wymiary: 21 x 20 x 6 cm<\/p>\n<\/li>\n<li class=\"\" data-start=\"1393\" data-end=\"1411\">\n<p class=\"\" data-start=\"1395\" data-end=\"1411\">Waga: 480 g<\/p>\n<\/li>\n<\/ul>\n<p class=\"\" data-start=\"1413\" data-end=\"1435\">\ud83d\udce6 <strong data-start=\"1416\" data-end=\"1433\">Zakres dostawy:<\/strong><\/p>\n<ul data-start=\"1436\" data-end=\"1526\">\n<li class=\"\" data-start=\"1436\" data-end=\"1458\">\n<p class=\"\" data-start=\"1438\" data-end=\"1458\">Hoover x1<\/p>\n<\/li>\n<li class=\"\" data-start=\"1459\" data-end=\"1473\">\n<p class=\"\" data-start=\"1461\" data-end=\"1473\">Akcesoria x8<\/p>\n<\/li>\n<li class=\"\" data-start=\"1474\" data-end=\"1499\">\n<p class=\"\" data-start=\"1476\" data-end=\"1499\">Kabel do \u0142adowania (typ C) x1<\/p>\n<\/li>\n<li class=\"\" data-start=\"1500\" data-end=\"1526\">\n<p class=\"\" data-start=\"1502\" data-end=\"1526\">Instrukcja obs\u0142ugi x1<\/p>\n<\/li>\n<\/ul>\n<p class=\"\" data-start=\"1528\" data-end=\"1601\">\ud83d\uded2 <strong data-start=\"1531\" data-end=\"1599\">Zam\u00f3w teraz i odkryj proste, bezprzewodowe czyszczenie!<\/strong><\/p>\n<div class=\"detailmodule_html\">\n<div class=\"detail-desc-decorate-richtext\">\n<p><img decoding=\"async\" src=\"https:\/\/ae01.alicdn.com\/kf\/S139cd243dfef4d0caccc428a6d694d64C.jpg?width=790&amp;height=1700&amp;hash=2490\"><br \/>\n<img decoding=\"async\" src=\"https:\/\/ae01.alicdn.com\/kf\/Sa12788daffdb4399b74b7480b51b507ex.jpg?width=790&amp;height=1600&amp;hash=2390\"><br \/>\n<img decoding=\"async\" src=\"https:\/\/ae01.alicdn.com\/kf\/S9b3b3886b04a462cbbc18db3a0501a15O.jpg?width=790&amp;height=1600&amp;hash=2390\"><br \/>\n<img decoding=\"async\" src=\"https:\/\/ae01.alicdn.com\/kf\/S7683d7a69ef1410cb18d6993eb9c03f26.jpg?width=790&amp;height=1308&amp;hash=2098\"><br \/>\n<img decoding=\"async\" src=\"https:\/\/ae01.alicdn.com\/kf\/S363d7f677b4a47b9b60a9193e48f75afP.jpg?width=790&amp;height=1499&amp;hash=2289\"><br \/>\n<img decoding=\"async\" src=\"https:\/\/ae01.alicdn.com\/kf\/Sa92c7a288da44ea19b76bb43bd85c7aft.jpg?width=790&amp;height=810&amp;hash=1600\"><br \/>\n<img decoding=\"async\" src=\"https:\/\/ae01.alicdn.com\/kf\/S428dd6d9d32e4e969e225f5eac377defb.jpg?width=790&amp;height=1600&amp;hash=2390\"><br \/>\n<img decoding=\"async\" src=\"https:\/\/ae01.alicdn.com\/kf\/S5e96633b72e644829a85aadaea42ee59o.jpg?width=790&amp;height=1600&amp;hash=2390\"><br \/>\n<img decoding=\"async\" src=\"https:\/\/ae01.alicdn.com\/kf\/S362afa8675bd4124be8adca149d416ed7.jpg?width=790&amp;height=1600&amp;hash=2390\"><br \/>\n<img decoding=\"async\" src=\"https:\/\/ae01.alicdn.com\/kf\/S49e8803c5ba3431babf5605ef84f69676.jpg?width=790&amp;height=1550&amp;hash=2340\"><br \/>\n<img decoding=\"async\" src=\"https:\/\/ae01.alicdn.com\/kf\/S4319613965644b02a34e0cde9f71fdder.jpg?width=790&amp;height=1600&amp;hash=2390\"><br \/>\n<img decoding=\"async\" src=\"https:\/\/ae01.alicdn.com\/kf\/S2c0456ecb36c4cd2b71bd63871b9827cc.jpg?width=790&amp;height=1600&amp;hash=2390\"><br \/>\n<img decoding=\"async\" src=\"https:\/\/ae01.alicdn.com\/kf\/S6b3fe082a83346a688dd1d16ea907a15o.jpg?width=790&amp;height=1600&amp;hash=2390\"><br \/>\n<img decoding=\"async\" src=\"https:\/\/ae01.alicdn.com\/kf\/Sef6e392c34a84b8aac1bbf0be7c08c3fF.jpg?width=790&amp;height=1129&amp;hash=1919\"><br \/>\n<img decoding=\"async\" src=\"https:\/\/ae01.alicdn.com\/kf\/S3042fe95f3294820a983db173dce711eZ.jpg?width=790&amp;height=1494&amp;hash=2284\"><\/p>\n<p>&nbsp;<\/p>\n<\/div>\n<\/div>\n<p>&nbsp;<\/p>\n","protected":false},"excerpt":{"rendered":"<p>\ud83d\ude97 Kompaktowy i wydajny odkurzacz samochodowyTen bezprzewodowy mini odkurzacz r\u0119czny jest idealnym rozwi\u0105zaniem do szybkiego i dok\u0142adnego czyszczenia samochod\u00f3w i gospodarstw domowych. Wyposa\u017cony w bezszczotkowy silnik i pot\u0119\u017cn\u0105 moc ssania 290 000 PA, niezawodnie usuwa kurz, okruchy, sier\u015b\u0107 zwierz\u0105t domowych i inne zabrudzenia &#8211; idealny do stosowania w ciasnych naro\u017cnikach i trudno dost\u0119pnych miejscach. \u2728 [&hellip;]<\/p>\n","protected":false},"featured_media":10809,"comment_status":"open","ping_status":"closed","template":"","meta":{"_seopress_robots_primary_cat":"none","_seopress_titles_title":"Wysokowydajny bezprzewodowy odkurzacz samochodowy - Mini odkurzacz r\u0119czny z mocnym ssaniem, silnikiem bezszczotkowym, dmuchaw\u0105 powietrza do samochodu i gospodarstwa domowego","_seopress_titles_desc":"Bezprzewodowy odkurzacz samochodowy z silnym ssaniem - odkurzacz r\u0119czny do samochodu i domu, czyszczenie 4 w 1, silnik bezszczotkowy, lekki i przeno\u015bny","_seopress_robots_index":"","googlesitekit_rrm_CAowz76iDA:productID":""},"product_brand":[],"product_cat":[2308],"product_tag":[],"class_list":{"0":"post-11233","1":"product","2":"type-product","3":"status-publish","4":"has-post-thumbnail","6":"product_cat-akcesoria-samochodowe","8":"first","9":"instock","10":"sale","11":"taxable","12":"shipping-taxable","13":"purchasable","14":"product-type-variable"},"_links":{"self":[{"href":"https:\/\/linkmarkt.eu\/pl\/wp-json\/wp\/v2\/product\/11233","targetHints":{"allow":["GET"]}}],"collection":[{"href":"https:\/\/linkmarkt.eu\/pl\/wp-json\/wp\/v2\/product"}],"about":[{"href":"https:\/\/linkmarkt.eu\/pl\/wp-json\/wp\/v2\/types\/product"}],"replies":[{"embeddable":true,"href":"https:\/\/linkmarkt.eu\/pl\/wp-json\/wp\/v2\/comments?post=11233"}],"version-history":[{"count":1,"href":"https:\/\/linkmarkt.eu\/pl\/wp-json\/wp\/v2\/product\/11233\/revisions"}],"predecessor-version":[{"id":11240,"href":"https:\/\/linkmarkt.eu\/pl\/wp-json\/wp\/v2\/product\/11233\/revisions\/11240"}],"wp:featuredmedia":[{"embeddable":true,"href":"https:\/\/linkmarkt.eu\/pl\/wp-json\/wp\/v2\/media\/10809"}],"wp:attachment":[{"href":"https:\/\/linkmarkt.eu\/pl\/wp-json\/wp\/v2\/media?parent=11233"}],"wp:term":[{"taxonomy":"product_brand","embeddable":true,"href":"https:\/\/linkmarkt.eu\/pl\/wp-json\/wp\/v2\/product_brand?post=11233"},{"taxonomy":"product_cat","embeddable":true,"href":"https:\/\/linkmarkt.eu\/pl\/wp-json\/wp\/v2\/product_cat?post=11233"},{"taxonomy":"product_tag","embeddable":true,"href":"https:\/\/linkmarkt.eu\/pl\/wp-json\/wp\/v2\/product_tag?post=11233"}],"curies":[{"name":"wp","href":"https:\/\/api.w.org\/{rel}","templated":true}]}}