{"id":11245,"date":"2025-05-06T20:19:03","date_gmt":"2025-05-06T18:19:03","guid":{"rendered":"https:\/\/linkmarkt.eu\/product\/miui-cordless-laptop-vacuum-cleaner-kompaktowy-akumulatorowy-mini-odkurzacz-do-samochodu-i-biura\/"},"modified":"2025-05-06T20:19:03","modified_gmt":"2025-05-06T18:19:03","slug":"miui-cordless-laptop-vacuum-cleaner-kompaktowy-akumulatorowy-mini-odkurzacz-do-samochodu-i-biura","status":"publish","type":"product","link":"https:\/\/linkmarkt.eu\/pl\/product\/miui-cordless-laptop-vacuum-cleaner-kompaktowy-akumulatorowy-mini-odkurzacz-do-samochodu-i-biura\/","title":{"rendered":"MIUI Cordless Laptop Vacuum Cleaner &#8211; Kompaktowy, akumulatorowy mini odkurzacz do samochodu i biura."},"content":{"rendered":"<p class=\"\" data-start=\"156\" data-end=\"356\">Wydajny i przeno\u015bny mini odkurzacz do laptopa, samochodu i biura. Wyposa\u017cony w akumulator litowo-jonowy o d\u0142ugiej \u017cywotno\u015bci, filtr HEPA i pojemnik na kurz o pojemno\u015bci 0,5 l. Idealny do szybkiego sprz\u0105tania w podr\u00f3\u017cy.  <\/p>\n<h3 class=\"\" data-start=\"358\" data-end=\"385\"><strong data-start=\"362\" data-end=\"383\">Dane techniczne:<\/strong><\/h3>\n<ul data-start=\"386\" data-end=\"693\">\n<li class=\"\" data-start=\"386\" data-end=\"399\">\n<p class=\"\" data-start=\"388\" data-end=\"399\">Bezworkowy<\/p>\n<\/li>\n<li class=\"\" data-start=\"400\" data-end=\"433\">\n<p class=\"\" data-start=\"402\" data-end=\"433\">\u017bywotno\u015b\u0107 baterii: &lt;30 minut<\/p>\n<\/li>\n<li class=\"\" data-start=\"434\" data-end=\"459\">\n<p class=\"\" data-start=\"436\" data-end=\"459\">Typ akumulatora: Li-Ion<\/p>\n<\/li>\n<li class=\"\" data-start=\"460\" data-end=\"505\">\n<p class=\"\" data-start=\"462\" data-end=\"505\">Pojemnik na py\u0142: 0,5 litra (technologia cyklonowa)<\/p>\n<\/li>\n<li class=\"\" data-start=\"506\" data-end=\"524\">\n<p class=\"\" data-start=\"508\" data-end=\"524\">Moc ssania: 40 W<\/p>\n<\/li>\n<li class=\"\" data-start=\"525\" data-end=\"543\">\n<p class=\"\" data-start=\"527\" data-end=\"543\">Napi\u0119cie: 7,4 V<\/p>\n<\/li>\n<li class=\"\" data-start=\"544\" data-end=\"562\">\n<p class=\"\" data-start=\"546\" data-end=\"562\">Waga: &lt;3 kg<\/p>\n<\/li>\n<li class=\"\" data-start=\"563\" data-end=\"588\">\n<p class=\"\" data-start=\"565\" data-end=\"588\">Liczba dysz: 1-3<\/p>\n<\/li>\n<li class=\"\" data-start=\"589\" data-end=\"621\">\n<p class=\"\" data-start=\"591\" data-end=\"621\">Filtr HEPA zapewniaj\u0105cy czyste powietrze<\/p>\n<\/li>\n<li class=\"\" data-start=\"622\" data-end=\"657\">\n<p class=\"\" data-start=\"624\" data-end=\"657\">Lekka, por\u0119czna konstrukcja<\/p>\n<\/li>\n<li class=\"\" data-start=\"658\" data-end=\"693\">\n<p class=\"\" data-start=\"660\" data-end=\"693\">Idealny w podr\u00f3\u017cy i w domu<\/p>\n<\/li>\n<\/ul>\n<div class=\"detailmodule_image\"><img decoding=\"async\" class=\"detail-desc-decorate-image\" style=\"margin-bottom: 10px;\" src=\"https:\/\/ae01.alicdn.com\/kf\/S57cbb084c1824b5d95e81781825f0e53g.jpg\"><\/div>\n<div class=\"detailmodule_text\">\n<p>MINI i COOL<\/p>\n<p>\u25a0 Modny &#8211; zaawansowana tekstura stopu aluminium<br \/>\n\u25a0 Cool &#8211; obracana o 360 \u00b0 g\u0142\u00f3wka szczoteczki<br \/>\n\u25a0 Mini-ma\u0142y rozmiar jest wygodniejszy<\/p>\n<\/div>\n<div class=\"detailmodule_image\"><img decoding=\"async\" class=\"detail-desc-decorate-image\" src=\"https:\/\/ae01.alicdn.com\/kf\/S43d65d28005e4625ac9aa05195821cfcC.jpg\"><\/div>\n<div class=\"detailmodule_text\">\n<p>Lekki i przeno\u015bny<\/p>\n<p>Dzi\u0119ki wadze wynosz\u0105cej zaledwie 340 g i rozmiarowi zaledwie 45 * 45 * 235 mm, ten kompaktowy odkurzacz bezprzewodowy jest prawdopodobnie najl\u017cejszym ze wszystkich dost\u0119pnych odkurzaczy bezprzewodowych.<\/p>\n<\/div>\n<div class=\"detailmodule_image\"><img decoding=\"async\" class=\"detail-desc-decorate-image\" style=\"margin-bottom: 10px;\" src=\"https:\/\/ae01.alicdn.com\/kf\/Sa1456390595d48bf87fde85f07fb14b8P.jpg\"><\/div>\n<div class=\"detailmodule_text\">\n<p>Wewn\u0105trz i na zewn\u0105trz<\/p>\n<p>Niewielkie rozmiary u\u0142atwiaj\u0105 transport i przechowywanie. Niezale\u017cnie od tego, czy jest to szuflada, blat roboczy, samoch\u00f3d, walizka czy plecak, mo\u017cesz umie\u015bci\u0107 go w dowolnym miejscu, w zasi\u0119gu r\u0119ki. Mo\u017cna go r\u00f3wnie\u017c postawi\u0107 w pozycji pionowej, co czyni go doskonale stylowym.  <\/p>\n<\/div>\n<div class=\"detailmodule_image\"><img decoding=\"async\" class=\"detail-desc-decorate-image\" src=\"https:\/\/ae01.alicdn.com\/kf\/Se71cf81161ef4c669fca41e220af2891l.jpg\"><\/div>\n<div class=\"detailmodule_text\">\n<p>Super moc ssania<\/p>\n<p>Ma\u0142y rozmiar, du\u017ca moc. Lekki odkurzacz akumulatorowy ma moc 40 W, a jego bateria litowa ma pojemno\u015b\u0107 2000 mAh. Z \u0142atwo\u015bci\u0105 zbiera materia\u0142y o wysokiej ziarnisto\u015bci i oferuje u\u017cytkownikowi ultralekk\u0105 i wydajn\u0105 prac\u0119.  <\/p>\n<\/div>\n<div class=\"detailmodule_image\"><img decoding=\"async\" class=\"detail-desc-decorate-image\" style=\"margin-bottom: 10px;\" src=\"https:\/\/ae01.alicdn.com\/kf\/Sc5d5013cf3a84f1ba32cf6f9b592181aS.jpg\"><\/div>\n<div class=\"detailmodule_text\">\n<p>Wysoce wydajna filtracja<\/p>\n<p>Unikalna konstrukcja bezpo\u015bredniego kana\u0142u powietrznego zapewnia niezak\u0142\u00f3cony wyci\u0105g!<\/p>\n<p>Ma\u0142y odkurzacz r\u0119czny jest wyposa\u017cony w pojemnik na kurz, a jego filtr spe\u0142nia normy HEPA (High Efficiency Particulate Air). Jest \u0142atwy w monta\u017cu i demonta\u017cu, a tak\u017ce w czyszczeniu. <\/p>\n<\/div>\n<div class=\"detailmodule_image\"><img decoding=\"async\" class=\"detail-desc-decorate-image\" style=\"margin-bottom: 10px;\" src=\"https:\/\/ae01.alicdn.com\/kf\/S6a2c15e702c540dba45a23661bb03705b.jpg\"><\/div>\n<div class=\"detailmodule_text\">\n<p>Wielokrotne u\u017cycie<\/p>\n<p>Mini odkurzacz jest idealny do czyszczenia naro\u017cnik\u00f3w kuchennych, szczelin mebli, wn\u0119trz szuflad, powierzchni klawiatury, szczelin siedze\u0144 samochodowych i innych wyj\u0105tkowo trudnych do czyszczenia miejsc.<\/p>\n<p>Dodatkowa dysza szczotkowa mo\u017ce by\u0107 u\u017cywana do czyszczenia trudno dost\u0119pnych miejsc, takich jak klawiatury. Cz\u0105steczki mo\u017cna zbiera\u0107 bezpo\u015brednio za pomoc\u0105 p\u0142askiej dyszy. <\/p>\n<p class=\"detail-desc-decorate-title\" style=\"font-family: OpenSans; font-size: 20px; font-weight: 900; line-height: 28px; margin-bottom: 12px;\"><img decoding=\"async\" class=\"detail-desc-decorate-image\" style=\"font-family: Raleway, HelveticaNeue, 'Helvetica Neue', Helvetica, Arial, sans-serif; font-size: 15px;\" src=\"https:\/\/ae01.alicdn.com\/kf\/S6ed91d6d736545a18872d201106e4c56c.jpg\"><\/p>\n<\/div>\n<div class=\"detailmodule_text\">\n<p>Bezprzewodowy i d\u0142ugi czas pracy<\/p>\n<p>Akumulator litowo-jonowy 7,4 V wystarcza na 3 godziny pracy na jednym \u0142adowaniu i zapewnia 20-30 minut wydajnego sprz\u0105tania po pe\u0142nym na\u0142adowaniu.<\/p>\n<p>Bezprzewodowe odkurzacze MIUI mo\u017cna \u0142adowa\u0107 bezpo\u015brednio w pomieszczeniu, w samochodzie lub przez port USB komputera, dzi\u0119ki czemu doskonale nadaj\u0105 si\u0119 do domu, samochodu, biura i na zewn\u0105trz.<\/p>\n<\/div>\n<div class=\"detailmodule_image\"><img decoding=\"async\" class=\"detail-desc-decorate-image\" style=\"margin-bottom: 10px;\" src=\"https:\/\/ae01.alicdn.com\/kf\/S3fd99d90bbc14fddae504d39279efeb1p.jpg\"><\/div>\n<div class=\"detailmodule_text\">\n<p>\u0141atwy do czyszczenia<\/p>\n<p>System filtr\u00f3w obejmuje zmywalne filtry wielokrotnego u\u017cytku, kt\u00f3re poprawiaj\u0105 wydajno\u015b\u0107 czyszczenia.<\/p>\n<p>Teraz dost\u0119pny przez ograniczony czas. Mo\u017cesz cieszy\u0107 si\u0119 pude\u0142kiem upominkowym i 1 dodatkowym HEPA przy zam\u00f3wieniu! <\/p>\n<\/div>\n<div class=\"detailmodule_image\"><img decoding=\"async\" class=\"detail-desc-decorate-image\" style=\"margin-bottom: 10px;\" src=\"https:\/\/ae01.alicdn.com\/kf\/S616e6776efc74e0ebd6751c3dd1bd80d3.jpg\"><\/div>\n<div class=\"detailmodule_text-image\">\n<div><img decoding=\"async\" class=\"detail-desc-decorate-image\" src=\"https:\/\/ae01.alicdn.com\/kf\/Sc4cf8060b6df4a77a164ab88de3b815fQ.jpg\"><\/div>\n<\/div>\n<div class=\"detailmodule_text\">\n<p>Pi\u0119kny i praktyczny prezent!<\/p>\n<p>Ten praktyczny odkurzacz samochodowy doskonale nadaje si\u0119 na prezent dla przyjaci\u00f3\u0142, rodziny, wsp\u00f3\u0142pracownik\u00f3w itp. Proste i pi\u0119kne opakowanie, niewielki rozmiar, zobaczmy, ile element\u00f3w znajduje si\u0119 w pude\u0142ku!<\/p>\n<p>Korpus \u00d7 1 (z filtrem HEPA)<br \/>\nSsawka p\u0142aska \u00d7 1<br \/>\nSsawka szczotkowa \u00d7 1<br \/>\nSsawka okr\u0105g\u0142a \u00d7 1<br \/>\nKabel USB \u00d7 1<br \/>\nInstrukcja obs\u0142ugi \u00d7 1<\/p>\n<\/div>\n<div class=\"detailmodule_image\"><img decoding=\"async\" class=\"detail-desc-decorate-image\" style=\"margin-bottom: 10px;\" src=\"https:\/\/ae01.alicdn.com\/kf\/Sc5d5013cf3a84f1ba32cf6f9b592181aS.jpg\"><\/div>\n<div class=\"detailmodule_text\">\n<p>Zaprojektowany dla Ciebie<\/p>\n<p>\u25a0 Modny i m\u0142ody<br \/>\n\u25a0 Fajny i wielofunkcyjny<br \/>\n\u25a0 Technologia Mini Light<br \/>\nLekki odkurzacz r\u0119czny do u\u017cytku wewn\u0105trz i na zewn\u0105trz, kt\u00f3ry pokochasz!<\/p>\n<\/div>\n<div class=\"detailmodule_image\"><img decoding=\"async\" class=\"detail-desc-decorate-image\" src=\"https:\/\/ae01.alicdn.com\/kf\/Se07844359bed43a1ae3a55358ab92135t.jpg\"><\/div>\n<div class=\"detailmodule_image\"><img decoding=\"async\" class=\"detail-desc-decorate-image\" style=\"margin-bottom: 10px;\" src=\"https:\/\/ae01.alicdn.com\/kf\/S91bf1c46c0524b3ab92ade1ce0978748c.png\"><\/div>\n<div class=\"detailmodule_image\"><img decoding=\"async\" class=\"detail-desc-decorate-image\" style=\"margin-bottom: 10px;\" src=\"https:\/\/ae01.alicdn.com\/kf\/Sb5b04e0e1fae4f4ab097b4ca040e6b9aD.jpg\"><\/div>\n<div class=\"detailmodule_text\">\n<p>Przewodnik zakupowy<\/p>\n<p>1. nale\u017cy w pe\u0142ni na\u0142adowa\u0107 produkt przed pierwszym u\u017cyciem lub po d\u0142u\u017cszym przechowywaniu. zaleca si\u0119 \u0142adowanie przez ponad 3 godziny. (Sygna\u0142 zako\u0144czenia \u0142adowania dla niebieskiego \u015bwiat\u0142a nie miga) <\/p>\n<p>2 Zaleca si\u0119 \u0142adowanie produktu co najmniej raz na 3 miesi\u0105ce.<\/p>\n<p>3. Do \u0142adowania nale\u017cy u\u017cywa\u0107 oryginalnego kabla \u0142aduj\u0105cego typu C.<\/p>\n<p>4. Nacisn\u0105\u0107 i przytrzyma\u0107 przycisk On\/Off przez 3 sekundy, aby w\u0142\u0105czy\u0107 urz\u0105dzenie w trybie niskiej pr\u0119dko\u015bci. Nast\u0119pnie naci\u015bnij kr\u00f3tko przycisk On\/Off, aby prze\u0142\u0105czy\u0107 na tryb wysokiej pr\u0119dko\u015bci. <\/p>\n<p>5 Je\u015bli moc ssania jest niska, nale\u017cy wyczy\u015bci\u0107 lub wymieni\u0107 filtr Hippa i na\u0142adowa\u0107 go w odpowiednim czasie.<\/p>\n<p>6. ten produkt zawiera r\u00f3\u017cne wymienne g\u0142owice ss\u0105ce, nale\u017cy wybra\u0107 odpowiedni\u0105 g\u0142owic\u0119 w zale\u017cno\u015bci od zastosowania sceny.<\/p>\n<\/div>\n<p>&nbsp;<\/p>\n","protected":false},"excerpt":{"rendered":"<p>Wydajny i przeno\u015bny mini odkurzacz do laptopa, samochodu i biura. Wyposa\u017cony w akumulator litowo-jonowy o d\u0142ugiej \u017cywotno\u015bci, filtr HEPA i pojemnik na kurz o pojemno\u015bci 0,5 l. Idealny do szybkiego sprz\u0105tania w podr\u00f3\u017cy. Dane techniczne: Bezworkowy \u017bywotno\u015b\u0107 baterii: &lt;30 minut Typ akumulatora: Li-Ion Pojemnik na py\u0142: 0,5 litra (technologia cyklonowa) Moc ssania: 40 W Napi\u0119cie: [&hellip;]<\/p>\n","protected":false},"featured_media":10774,"comment_status":"open","ping_status":"closed","template":"","meta":{"_seopress_robots_primary_cat":"none","_seopress_titles_title":"Bezprzewodowy odkurzacz do laptopa MIUI - kompaktowy mini odkurzacz do samochodu i biura","_seopress_titles_desc":"Bezprzewodowy odkurzacz do laptopa - lekki, akumulatorowy odkurzacz do samochodu i biura | MIUI Model-X","_seopress_robots_index":"","googlesitekit_rrm_CAowz76iDA:productID":""},"product_brand":[],"product_cat":[2305,2303],"product_tag":[],"class_list":{"0":"post-11245","1":"product","2":"type-product","3":"status-publish","4":"has-post-thumbnail","6":"product_cat-elektronika-pl","7":"product_cat-hoover","9":"first","10":"instock","11":"sale","12":"taxable","13":"shipping-taxable","14":"purchasable","15":"product-type-variable"},"_links":{"self":[{"href":"https:\/\/linkmarkt.eu\/pl\/wp-json\/wp\/v2\/product\/11245","targetHints":{"allow":["GET"]}}],"collection":[{"href":"https:\/\/linkmarkt.eu\/pl\/wp-json\/wp\/v2\/product"}],"about":[{"href":"https:\/\/linkmarkt.eu\/pl\/wp-json\/wp\/v2\/types\/product"}],"replies":[{"embeddable":true,"href":"https:\/\/linkmarkt.eu\/pl\/wp-json\/wp\/v2\/comments?post=11245"}],"version-history":[{"count":0,"href":"https:\/\/linkmarkt.eu\/pl\/wp-json\/wp\/v2\/product\/11245\/revisions"}],"wp:featuredmedia":[{"embeddable":true,"href":"https:\/\/linkmarkt.eu\/pl\/wp-json\/wp\/v2\/media\/10774"}],"wp:attachment":[{"href":"https:\/\/linkmarkt.eu\/pl\/wp-json\/wp\/v2\/media?parent=11245"}],"wp:term":[{"taxonomy":"product_brand","embeddable":true,"href":"https:\/\/linkmarkt.eu\/pl\/wp-json\/wp\/v2\/product_brand?post=11245"},{"taxonomy":"product_cat","embeddable":true,"href":"https:\/\/linkmarkt.eu\/pl\/wp-json\/wp\/v2\/product_cat?post=11245"},{"taxonomy":"product_tag","embeddable":true,"href":"https:\/\/linkmarkt.eu\/pl\/wp-json\/wp\/v2\/product_tag?post=11245"}],"curies":[{"name":"wp","href":"https:\/\/api.w.org\/{rel}","templated":true}]}}