{"id":11256,"date":"2025-05-06T20:17:30","date_gmt":"2025-05-06T18:17:30","guid":{"rendered":"https:\/\/linkmarkt.eu\/product\/odkurzacz-bezprzewodowy-xiaomi-super-400000r-odkurzacz-do-usuwania-siersci-zwierzat-w-samochodzie-i-w-domu\/"},"modified":"2025-05-06T20:17:30","modified_gmt":"2025-05-06T18:17:30","slug":"odkurzacz-bezprzewodowy-xiaomi-super-400000r-odkurzacz-do-usuwania-siersci-zwierzat-w-samochodzie-i-w-domu","status":"publish","type":"product","link":"https:\/\/linkmarkt.eu\/pl\/product\/odkurzacz-bezprzewodowy-xiaomi-super-400000r-odkurzacz-do-usuwania-siersci-zwierzat-w-samochodzie-i-w-domu\/","title":{"rendered":"Odkurzacz bezprzewodowy XIAOMI Super 400000R &#8211; odkurzacz do usuwania sier\u015bci zwierz\u0105t w samochodzie i w domu"},"content":{"rendered":"<p class=\"\" data-start=\"32\" data-end=\"442\"><strong data-start=\"36\" data-end=\"60\">XIAOMI Super 400000R<\/strong> to bezprzewodowy, przeno\u015bny odkurzacz, idealny do szybkiego czyszczenia sier\u015bci zwierz\u0105t domowych, siedze\u0144 samochodowych i ma\u0142ych powierzchni w domu. Ten kompaktowy odkurzacz r\u0119czny \u0142\u0105czy w sobie funkcje mopa, ssania i zamiatania w jednym urz\u0105dzeniu. Dzi\u0119ki mocnemu silnikowi 25 W i filtrowi HEPA skutecznie usuwa sier\u015b\u0107 zwierz\u0105t, kurz i brud bez worka i przy minimalnym wysi\u0142ku.  <\/p>\n<h3 class=\"\" data-start=\"444\" data-end=\"471\"><strong data-start=\"448\" data-end=\"469\">Dane techniczne:<\/strong><\/h3>\n<ul data-start=\"472\" data-end=\"890\">\n<li class=\"\" data-start=\"472\" data-end=\"504\">\n<p class=\"\" data-start=\"474\" data-end=\"504\"><strong data-start=\"474\" data-end=\"491\">System torby:<\/strong> z torb\u0105<\/p>\n<\/li>\n<li class=\"\" data-start=\"505\" data-end=\"563\">\n<p class=\"\" data-start=\"507\" data-end=\"563\"><strong data-start=\"507\" data-end=\"524\">\u017bywotno\u015b\u0107 baterii:<\/strong> bez baterii wewn\u0119trznej, przewodowa<\/p>\n<\/li>\n<li class=\"\" data-start=\"564\" data-end=\"614\">\n<p class=\"\" data-start=\"566\" data-end=\"614\"><strong data-start=\"566\" data-end=\"584\">Pojemnik na py\u0142:<\/strong> &lt;0,5 L (technologia cyklonowa)<\/p>\n<\/li>\n<li class=\"\" data-start=\"615\" data-end=\"659\">\n<p class=\"\" data-start=\"617\" data-end=\"659\"><strong data-start=\"617\" data-end=\"628\">Filtr:<\/strong> Filtr HEPA zapewniaj\u0105cy czyste powietrze<\/p>\n<\/li>\n<li class=\"\" data-start=\"660\" data-end=\"681\">\n<p class=\"\" data-start=\"662\" data-end=\"681\"><strong data-start=\"662\" data-end=\"675\">Moc:<\/strong> 25 W<\/p>\n<\/li>\n<li class=\"\" data-start=\"682\" data-end=\"703\">\n<p class=\"\" data-start=\"684\" data-end=\"703\"><strong data-start=\"684\" data-end=\"697\">Napi\u0119cie:<\/strong> 12 V<\/p>\n<\/li>\n<li class=\"\" data-start=\"704\" data-end=\"748\">\n<p class=\"\" data-start=\"706\" data-end=\"748\"><strong data-start=\"706\" data-end=\"716\">Dysze:<\/strong> P\u0142aska dysza zapewniaj\u0105ca precyzyjne ssanie<\/p>\n<\/li>\n<li class=\"\" data-start=\"749\" data-end=\"771\">\n<p class=\"\" data-start=\"751\" data-end=\"771\"><strong data-start=\"751\" data-end=\"763\">Waga:<\/strong> &lt;3 kg<\/p>\n<\/li>\n<li class=\"\" data-start=\"772\" data-end=\"818\">\n<p class=\"\" data-start=\"774\" data-end=\"818\"><strong data-start=\"774\" data-end=\"789\">Funkcje:<\/strong> Mopowanie, odkurzanie i zamiatanie<\/p>\n<\/li>\n<li class=\"\" data-start=\"819\" data-end=\"890\">\n<p class=\"\" data-start=\"821\" data-end=\"890\"><strong data-start=\"821\" data-end=\"832\">Konstrukcja:<\/strong> Por\u0119czny, lekki i bezprzewodowy dla maksymalnej elastyczno\u015bci<\/p>\n<\/li>\n<\/ul>\n<p class=\"\" data-start=\"892\" data-end=\"1026\"><strong data-start=\"892\" data-end=\"904\">Uwaga:<\/strong> Nie u\u017cywaj odkurzacza podczas \u0142adowania. Po pe\u0142nym na\u0142adowaniu od\u0142\u0105cz kabel USB. <\/p>\n<div class=\"detailmodule_html\">\n<div class=\"detail-desc-decorate-richtext\">\n<div id=\"nav-description\" style=\", roboto, arial, helvetica, sans-serif, simsun;font-size: 14px; font-weight: 400; letter-spacing: normal; text-align: start; margin: -156px 0px 0px 0px; padding: 156px 0px 0px 0px;\" align=\"start\">\n<div style=\"margin: 0px; padding: 0px;\">\n<div style=\"margin: 0px; padding: 0px; overflow: hidden; position: relative;\">\n<div style=\"margin: 0px; padding: 0px;\">\n<div id=\"product-description\" style=\"margin: 0px; padding: 0px; max-width: 944px; overflow: hidden; position: relative;\">\n<div style=\"margin: 0px; padding: 0px;\">\n<p style=\"line-height: inherit; margin: 0px; padding: 0px;\"><img decoding=\"async\" style=\"border: 0px; margin: 0px; padding: 0px; max-width: 100%;\" src=\"https:\/\/ae01.alicdn.com\/kf\/S1b3a3a179c76407787719f5fd3f8efeaC.jpg\"><\/p>\n<p>Odkurz sier\u015b\u0107 kota i psa<\/p>\n<p>200% wzrost wydajno\u015bci ssania i czyszczenia, przewy\u017cszaj\u0105cy stare odkurzacze.<\/p>\n<p style=\"line-height: inherit; margin: 0px; padding: 0px;\"><img decoding=\"async\" style=\"border: 0px; margin: 0px; padding: 0px; max-width: 100%;\" src=\"https:\/\/ae01.alicdn.com\/kf\/S0205bd357fd940cd8eb9346161d4bf95s.jpg\"><\/p>\n<p style=\"line-height: inherit; margin: 0px; padding: 0px;\">Proste zastosowanie r\u00f3\u017cnych scenariuszy<\/p>\n<p style=\"line-height: inherit; margin: 0px; padding: 0px;\"><img decoding=\"async\" style=\"border: 0px; margin: 0px; padding: 0px; max-width: 100%;\" src=\"https:\/\/ae01.alicdn.com\/kf\/S04b8b3b1cc6443db8c55256bc6e4b684J.jpg\"><\/p>\n<p style=\"line-height: inherit; margin: 0px; padding: 0px;\">400000R ssanie huraganowe VS 8000pa ma\u0142y silnik ss\u0105cy. 4000 mAh bateria zasilaj\u0105ca VS zwyk\u0142a bateria, ma\u0142a pojemno\u015b\u0107.<\/p>\n<p style=\"line-height: inherit; margin: 0px; padding: 0px;\"><img decoding=\"async\" style=\"border: 0px; margin: 0px; padding: 0px; max-width: 100%;\" src=\"https:\/\/ae01.alicdn.com\/kf\/S5d623b5253844618acb0dc26b7263e64Q.jpg\"><img decoding=\"async\" style=\"border: 0px; margin: 0px; padding: 0px; max-width: 100%;\" src=\"https:\/\/ae01.alicdn.com\/kf\/S400d4e03b8d34a12b262d3d633b5e5eeT.jpg\"><\/p>\n<p style=\"line-height: inherit; margin: 0px; padding: 0px;\">Ssanie huraganowe, 400000 obrot\u00f3w.<\/p>\n<p style=\"line-height: inherit; margin: 0px; padding: 0px;\"><img decoding=\"async\" style=\"border: 0px; margin: 0px; padding: 0px; max-width: 100%;\" src=\"https:\/\/ae01.alicdn.com\/kf\/S34c31de274b945609e3faccc109468dd9.jpg\"><\/p>\n<p>8-rdzeniowy wirowy silnik cyklonowy<\/p>\n<p>3-krotna pr\u0119dko\u015b\u0107, 2-krotny nacisk<\/p>\n<p style=\"line-height: inherit; margin: 0px; padding: 0px;\"><img decoding=\"async\" style=\"border: 0px; margin: 0px; padding: 0px; max-width: 100%;\" src=\"https:\/\/ae01.alicdn.com\/kf\/S188637482d2d454d9e5203ebc84751abe.jpg\"><\/p>\n<p style=\"line-height: inherit; margin: 0px; padding: 0px;\">Akumulator o pojemno\u015bci 4000 mAh po jednym na\u0142adowaniu pozwala na ci\u0105g\u0142\u0105 prac\u0119 przez oko\u0142o 20 minut.<\/p>\n<p style=\"line-height: inherit; margin: 0px; padding: 0px;\"><img decoding=\"async\" style=\"border: 0px; margin: 0px; padding: 0px; max-width: 100%;\" src=\"https:\/\/ae01.alicdn.com\/kf\/S51e72bca9a984403ae6c176b5005ea63v.jpg\"><\/p>\n<p>Super cichy, wyposa\u017cony w funkcj\u0119 wyciszenia i redukcji szum\u00f3w<\/p>\n<p>Niski poziom redukcji ha\u0142asu, koty nie s\u0105 zestresowane.<\/p>\n<p style=\"line-height: inherit; margin: 0px; padding: 0px;\"><img decoding=\"async\" style=\"border: 0px; margin: 0px; padding: 0px; max-width: 100%;\" src=\"https:\/\/ae01.alicdn.com\/kf\/Sebbe5d2271e4420abe98c8cfd9486ba3t.jpg\"><\/p>\n<p>Cylinder na py\u0142 o du\u017cej pojemno\u015bci<\/p>\n<p>Mo\u017cna go odkr\u0119ci\u0107 delikatnym przekr\u0119ceniem.<\/p>\n<p style=\"line-height: inherit; margin: 0px; padding: 0px;\"><img decoding=\"async\" style=\"border: 0px; margin: 0px; padding: 0px; max-width: 100%;\" src=\"https:\/\/ae01.alicdn.com\/kf\/S099aeca4049b4396b217ca8db19b586ew.jpg\"><\/p>\n<p style=\"line-height: inherit; margin: 0px; padding: 0px;\"><span style=\"font-size: 20px;\">Wk\u0142ad filtruj\u0105cy Haipa wielokrotnego u\u017cytku<\/span><\/p>\n<p style=\"line-height: inherit; margin: 0px; padding: 0px;\"><span style=\"font-size: 20px;\">Od\u0142\u0105czany do czyszczenia, suszenia na powietrzu i ponownego u\u017cycia<\/span><\/p>\n<p style=\"line-height: inherit; margin: 0px; padding: 0px;\"><img decoding=\"async\" style=\"border: 0px; margin: 0px; padding: 0px; max-width: 100%;\" src=\"https:\/\/ae01.alicdn.com\/kf\/Sbbbd2c802c4a415c9b1603807bfe0ca9n.jpg\"><img decoding=\"async\" style=\"border: 0px; margin: 0px; padding: 0px; max-width: 100%;\" src=\"https:\/\/ae01.alicdn.com\/kf\/S02e832da2b1a4cf99af3d165eeed76abl.jpg\"><\/p>\n<\/div>\n<\/div>\n<\/div>\n<\/div>\n<\/div>\n<\/div>\n<p>&nbsp;<\/p>\n<\/div>\n<\/div>\n","protected":false},"excerpt":{"rendered":"<p>XIAOMI Super 400000R to bezprzewodowy, przeno\u015bny odkurzacz, idealny do szybkiego czyszczenia sier\u015bci zwierz\u0105t domowych, siedze\u0144 samochodowych i ma\u0142ych powierzchni w domu. Ten kompaktowy odkurzacz r\u0119czny \u0142\u0105czy w sobie funkcje mopa, ssania i zamiatania w jednym urz\u0105dzeniu. Dzi\u0119ki mocnemu silnikowi 25 W i filtrowi HEPA skutecznie usuwa sier\u015b\u0107 zwierz\u0105t, kurz i brud bez worka i przy [&hellip;]<\/p>\n","protected":false},"featured_media":10748,"comment_status":"open","ping_status":"closed","template":"","meta":{"_seopress_robots_primary_cat":"none","_seopress_titles_title":"Odkurzacz bezprzewodowy XIAOMI Super 400000R - odkurzacz do usuwania sier\u015bci zwierz\u0105t w samochodzie i w domu","_seopress_titles_desc":"Bezprzewodowy odkurzacz dla zwierz\u0105t - lekki, kompaktowy, idealny do samochodu i domu | XIAOMI Super 400000R","_seopress_robots_index":"","googlesitekit_rrm_CAowz76iDA:productID":""},"product_brand":[],"product_cat":[2305,2303],"product_tag":[],"class_list":{"0":"post-11256","1":"product","2":"type-product","3":"status-publish","4":"has-post-thumbnail","6":"product_cat-elektronika-pl","7":"product_cat-hoover","9":"first","10":"instock","11":"sale","12":"taxable","13":"shipping-taxable","14":"purchasable","15":"product-type-variable"},"_links":{"self":[{"href":"https:\/\/linkmarkt.eu\/pl\/wp-json\/wp\/v2\/product\/11256","targetHints":{"allow":["GET"]}}],"collection":[{"href":"https:\/\/linkmarkt.eu\/pl\/wp-json\/wp\/v2\/product"}],"about":[{"href":"https:\/\/linkmarkt.eu\/pl\/wp-json\/wp\/v2\/types\/product"}],"replies":[{"embeddable":true,"href":"https:\/\/linkmarkt.eu\/pl\/wp-json\/wp\/v2\/comments?post=11256"}],"version-history":[{"count":0,"href":"https:\/\/linkmarkt.eu\/pl\/wp-json\/wp\/v2\/product\/11256\/revisions"}],"wp:featuredmedia":[{"embeddable":true,"href":"https:\/\/linkmarkt.eu\/pl\/wp-json\/wp\/v2\/media\/10748"}],"wp:attachment":[{"href":"https:\/\/linkmarkt.eu\/pl\/wp-json\/wp\/v2\/media?parent=11256"}],"wp:term":[{"taxonomy":"product_brand","embeddable":true,"href":"https:\/\/linkmarkt.eu\/pl\/wp-json\/wp\/v2\/product_brand?post=11256"},{"taxonomy":"product_cat","embeddable":true,"href":"https:\/\/linkmarkt.eu\/pl\/wp-json\/wp\/v2\/product_cat?post=11256"},{"taxonomy":"product_tag","embeddable":true,"href":"https:\/\/linkmarkt.eu\/pl\/wp-json\/wp\/v2\/product_tag?post=11256"}],"curies":[{"name":"wp","href":"https:\/\/api.w.org\/{rel}","templated":true}]}}