{"id":11264,"date":"2025-05-06T20:00:47","date_gmt":"2025-05-06T18:00:47","guid":{"rendered":"https:\/\/linkmarkt.eu\/product\/10-calowa-doniczka-ceramiczna-z-otworem-odplywowym-duza-doniczka-do-uzytku-wewnatrz-i-na-zewnatrz-budynkow\/"},"modified":"2025-05-06T20:00:47","modified_gmt":"2025-05-06T18:00:47","slug":"10-calowa-doniczka-ceramiczna-z-otworem-odplywowym-duza-doniczka-do-uzytku-wewnatrz-i-na-zewnatrz-budynkow","status":"publish","type":"product","link":"https:\/\/linkmarkt.eu\/pl\/product\/10-calowa-doniczka-ceramiczna-z-otworem-odplywowym-duza-doniczka-do-uzytku-wewnatrz-i-na-zewnatrz-budynkow\/","title":{"rendered":"10-calowa doniczka ceramiczna z otworem odp\u0142ywowym &#8211; du\u017ca doniczka do u\u017cytku wewn\u0105trz i na zewn\u0105trz budynk\u00f3w"},"content":{"rendered":"<p class=\"\" data-start=\"758\" data-end=\"1258\">Ta <strong data-start=\"765\" data-end=\"795\">10-calowa ceramiczna doniczka<\/strong> \u0142\u0105czy nowoczesny design z trwa\u0142\u0105 funkcjonalno\u015bci\u0105. Idealna do dekoracji salonu, sypialni, biura lub ogrodu. Doniczka zosta\u0142a wykonana z wysokiej jako\u015bci ceramiki wypalanej w wysokiej temperaturze, kt\u00f3ra jest wyj\u0105tkowo wytrzyma\u0142a i trwa\u0142a. Dzi\u0119ki otworowi drena\u017cowemu nadmiar wody jest skutecznie odprowadzany, a dopasowana podstawka zapobiega wyciekaniu wody na pod\u0142og\u0119 &#8211; idealne rozwi\u0105zanie dla czystego i zadbanego \u015brodowiska ro\u015blinnego.   <\/p>\n<h3 class=\"\" data-start=\"1260\" data-end=\"1284\"><strong data-start=\"1264\" data-end=\"1282\">W\u0142a\u015bciwo\u015bci:<\/strong><\/h3>\n<ul data-start=\"1285\" data-end=\"1611\">\n<li class=\"\" data-start=\"1285\" data-end=\"1322\">\n<p class=\"\" data-start=\"1287\" data-end=\"1322\"><strong data-start=\"1287\" data-end=\"1300\">Materia\u0142:<\/strong> Wysokiej jako\u015bci ceramika<\/p>\n<\/li>\n<li class=\"\" data-start=\"1323\" data-end=\"1380\">\n<p class=\"\" data-start=\"1325\" data-end=\"1380\"><strong data-start=\"1325\" data-end=\"1341\">Otw\u00f3r drena\u017cowy:<\/strong> Zapobiega gromadzeniu si\u0119 wody i gniciu korzeni<\/p>\n<\/li>\n<li class=\"\" data-start=\"1381\" data-end=\"1433\">\n<p class=\"\" data-start=\"1383\" data-end=\"1433\"><strong data-start=\"1383\" data-end=\"1399\">Spodek:<\/strong> Wy\u0142apuje nadmiar wody<\/p>\n<\/li>\n<li class=\"\" data-start=\"1434\" data-end=\"1463\">\n<p class=\"\" data-start=\"1436\" data-end=\"1463\"><strong data-start=\"1436\" data-end=\"1446\">Rozmiar:<\/strong> 10&#8243; D x 8.6&#8243; H<\/p>\n<\/li>\n<li class=\"\" data-start=\"1464\" data-end=\"1509\">\n<p class=\"\" data-start=\"1466\" data-end=\"1509\"><strong data-start=\"1466\" data-end=\"1477\">Konstrukcja:<\/strong> nowoczesna, odporna na warunki atmosferyczne, trwa\u0142a<\/p>\n<\/li>\n<li class=\"\" data-start=\"1510\" data-end=\"1611\">\n<p class=\"\" data-start=\"1512\" data-end=\"1611\"><strong data-start=\"1512\" data-end=\"1526\">Idealny dla:<\/strong> Monstera, fikus, aloes, bonsai, kaktusy i wiele innych ro\u015blin domowych i ogrodowych<\/p>\n<\/li>\n<\/ul>\n<div class=\"detailmodule_html\">\n<div class=\"detail-desc-decorate-richtext\">\n<ul class=\"a-unordered-list a-vertical a-spacing-mini\" style=\"margin: 0px 0px 0px 18px; padding: 0px; , arial, sans-serif;font-size: 14px; font-style: normal; font-weight: 400; letter-spacing: normal; text-align: start; text-indent: 0px; text-transform: none;\">\n<li class=\"a-spacing-mini\" style=\"margin: 0px;\"><span class=\"a-list-item\" style=\"color: var(--__n4qdchev6mgo,#0f1111);\">\u301010-calowa du\u017ca donica\u301110&#8243; D x 8,6&#8243; H, ro\u015blina nie jest do\u0142\u0105czona.<\/span><\/li>\n<\/ul>\n<p><img decoding=\"async\" src=\"https:\/\/ae01.alicdn.com\/kf\/Sff46363d7f2d45d2ac5214e7aaf2bacec.jpg\"><img decoding=\"async\" src=\"https:\/\/ae01.alicdn.com\/kf\/S6f8ae0ff054f457b89236db5c6f8d164B.jpg\"><img decoding=\"async\" src=\"https:\/\/ae01.alicdn.com\/kf\/Scbd2a599eabf4f749c7d922bba4c7fa9u.jpg\"><img decoding=\"async\" src=\"https:\/\/ae01.alicdn.com\/kf\/Se5746ea883464f7481ff312b6ae28910I.jpg\"><img decoding=\"async\" src=\"https:\/\/ae01.alicdn.com\/kf\/Saa5c781044a2481592c7d4157d19dfceo.jpg\"><img decoding=\"async\" src=\"https:\/\/ae01.alicdn.com\/kf\/S91883cd0922f4bcab2bfc1a01caad49cF.jpg\"><\/p>\n<\/div>\n<\/div>\n","protected":false},"excerpt":{"rendered":"<p>Ta 10-calowa ceramiczna doniczka \u0142\u0105czy nowoczesny design z trwa\u0142\u0105 funkcjonalno\u015bci\u0105. Idealna do dekoracji salonu, sypialni, biura lub ogrodu. Doniczka zosta\u0142a wykonana z wysokiej jako\u015bci ceramiki wypalanej w wysokiej temperaturze, kt\u00f3ra jest wyj\u0105tkowo wytrzyma\u0142a i trwa\u0142a. Dzi\u0119ki otworowi drena\u017cowemu nadmiar wody jest skutecznie odprowadzany, a dopasowana podstawka zapobiega wyciekaniu wody na pod\u0142og\u0119 &#8211; idealne rozwi\u0105zanie dla [&hellip;]<\/p>\n","protected":false},"featured_media":10505,"comment_status":"open","ping_status":"closed","template":"","meta":{"_seopress_robots_primary_cat":"none","_seopress_titles_title":"","_seopress_titles_desc":"Wysokiej jako\u015bci 10-calowa ceramiczna doniczka z otworem drena\u017cowym i podstawk\u0105 - idealna do ro\u015blin domowych i ogrodowych, takich jak monstera, fikus, aloes i bonsai. Odporna na warunki atmosferyczne, nowoczesna i trwa\u0142a. ","_seopress_robots_index":"","googlesitekit_rrm_CAowz76iDA:productID":""},"product_brand":[],"product_cat":[2317,2316,2315],"product_tag":[],"class_list":{"0":"post-11264","1":"product","2":"type-product","3":"status-publish","4":"has-post-thumbnail","6":"product_cat-doniczki-ceramiczne","7":"product_cat-doniczki-i-donice","8":"product_cat-ogrod-i-rosliny","10":"first","11":"instock","12":"sale","13":"taxable","14":"shipping-taxable","15":"purchasable","16":"product-type-variable"},"_links":{"self":[{"href":"https:\/\/linkmarkt.eu\/pl\/wp-json\/wp\/v2\/product\/11264","targetHints":{"allow":["GET"]}}],"collection":[{"href":"https:\/\/linkmarkt.eu\/pl\/wp-json\/wp\/v2\/product"}],"about":[{"href":"https:\/\/linkmarkt.eu\/pl\/wp-json\/wp\/v2\/types\/product"}],"replies":[{"embeddable":true,"href":"https:\/\/linkmarkt.eu\/pl\/wp-json\/wp\/v2\/comments?post=11264"}],"version-history":[{"count":0,"href":"https:\/\/linkmarkt.eu\/pl\/wp-json\/wp\/v2\/product\/11264\/revisions"}],"wp:featuredmedia":[{"embeddable":true,"href":"https:\/\/linkmarkt.eu\/pl\/wp-json\/wp\/v2\/media\/10505"}],"wp:attachment":[{"href":"https:\/\/linkmarkt.eu\/pl\/wp-json\/wp\/v2\/media?parent=11264"}],"wp:term":[{"taxonomy":"product_brand","embeddable":true,"href":"https:\/\/linkmarkt.eu\/pl\/wp-json\/wp\/v2\/product_brand?post=11264"},{"taxonomy":"product_cat","embeddable":true,"href":"https:\/\/linkmarkt.eu\/pl\/wp-json\/wp\/v2\/product_cat?post=11264"},{"taxonomy":"product_tag","embeddable":true,"href":"https:\/\/linkmarkt.eu\/pl\/wp-json\/wp\/v2\/product_tag?post=11264"}],"curies":[{"name":"wp","href":"https:\/\/api.w.org\/{rel}","templated":true}]}}