{"id":11275,"date":"2025-05-06T19:59:14","date_gmt":"2025-05-06T17:59:14","guid":{"rendered":"https:\/\/linkmarkt.eu\/product\/recznie-wykonana-ceramiczna-doniczka-wysoki-wazon-z-odplywem-kwadratowy-orientalny-wzor\/"},"modified":"2025-05-06T19:59:14","modified_gmt":"2025-05-06T17:59:14","slug":"recznie-wykonana-ceramiczna-doniczka-wysoki-wazon-z-odplywem-kwadratowy-orientalny-wzor","status":"publish","type":"product","link":"https:\/\/linkmarkt.eu\/pl\/product\/recznie-wykonana-ceramiczna-doniczka-wysoki-wazon-z-odplywem-kwadratowy-orientalny-wzor\/","title":{"rendered":"R\u0119cznie wykonana ceramiczna doniczka &#8211; wysoki wazon z odp\u0142ywem, kwadratowy, orientalny wz\u00f3r."},"content":{"rendered":"<div style=\"font-size: 18px; font-family: Comic Sans MS; font-weight: 400;\">\n<p class=\"\" data-start=\"779\" data-end=\"1241\"><strong data-start=\"783\" data-end=\"828\">R\u0119cznie wykonana ceramiczna doniczka WWO66<\/strong> to wyj\u0105tkowe dzie\u0142o sztuki wykonane z wysokiej jako\u015bci ceramiki, idealne do u\u017cytku wewn\u0105trz i na zewn\u0105trz. Ka\u017cda doniczka jest unikalna, wykonana r\u0119cznie i wypalana w wysokiej temperaturze, co nadaje jej solidn\u0105 struktur\u0119 i \u017cywe niebieskie szkliwo. Idealna jako element dekoracyjny do salonu, na balkon, do sypialni lub biura. Otw\u00f3r drena\u017cowy na dnie zapobiega gromadzeniu si\u0119 wody i zapewnia zdrowe korzenie ro\u015blin.   <\/p>\n<h3 class=\"\" data-start=\"1243\" data-end=\"1267\"><strong data-start=\"1247\" data-end=\"1265\">W\u0142a\u015bciwo\u015bci:<\/strong><\/h3>\n<ul data-start=\"1268\" data-end=\"1565\">\n<li class=\"\" data-start=\"1268\" data-end=\"1305\">\n<p class=\"\" data-start=\"1270\" data-end=\"1305\"><strong data-start=\"1270\" data-end=\"1283\">Materia\u0142:<\/strong> Wysokiej jako\u015bci ceramika<\/p>\n<\/li>\n<li class=\"\" data-start=\"1306\" data-end=\"1356\">\n<p class=\"\" data-start=\"1308\" data-end=\"1356\"><strong data-start=\"1308\" data-end=\"1317\">Styl:<\/strong> kwadratowy, orientalny wz\u00f3r<\/p>\n<\/li>\n<li class=\"\" data-start=\"1357\" data-end=\"1406\">\n<p class=\"\" data-start=\"1359\" data-end=\"1406\"><strong data-start=\"1359\" data-end=\"1377\">R\u0119czne wykonanie:<\/strong> Ka\u017cdy element jest wyj\u0105tkowy<\/p>\n<\/li>\n<li class=\"\" data-start=\"1407\" data-end=\"1445\">\n<p class=\"\" data-start=\"1409\" data-end=\"1445\"><strong data-start=\"1409\" data-end=\"1419\">Kolor:<\/strong> \u017bywe niebieskie szkliwo<\/p>\n<\/li>\n<li class=\"\" data-start=\"1446\" data-end=\"1490\">\n<p class=\"\" data-start=\"1448\" data-end=\"1490\"><strong data-start=\"1448\" data-end=\"1465\">Drena\u017c:<\/strong> zapobiega gniciu korzeni<\/p>\n<\/li>\n<li class=\"\" data-start=\"1491\" data-end=\"1534\">\n<p class=\"\" data-start=\"1493\" data-end=\"1534\"><strong data-start=\"1493\" data-end=\"1508\">Lokalizacja:<\/strong> obszary wewn\u0119trzne i zewn\u0119trzne<\/p>\n<\/li>\n<li class=\"\" data-start=\"1535\" data-end=\"1565\">\n<p class=\"\" data-start=\"1537\" data-end=\"1565\"><strong data-start=\"1537\" data-end=\"1547\">Rozmiar:<\/strong> patrz ilustracja<\/p>\n<\/li>\n<\/ul>\n<\/div>\n<div><img decoding=\"async\" src=\"https:\/\/ae03.alicdn.com\/kf\/Sd3d465220e6c430e8401dc52521eed88C.jpg\" alt=\"\"><br \/>\n<img decoding=\"async\" src=\"https:\/\/ae03.alicdn.com\/kf\/Hac518d2adc70429fa32dd366492475b2c.jpg\" alt=\"\"><br \/>\n<img decoding=\"async\" src=\"https:\/\/ae03.alicdn.com\/kf\/Hf87e01f6199848b499fb9dae487e4ebfq.jpg\" alt=\"\"><br \/>\n<img decoding=\"async\" src=\"https:\/\/ae03.alicdn.com\/kf\/H1e4ce6fc11ce4791b0f5861ee2515ffaW.jpg\" alt=\"\"><br \/>\n<img decoding=\"async\" src=\"https:\/\/ae03.alicdn.com\/kf\/S1e5f3e6823264af58f2ca1bcf0a63764c.jpg\" alt=\"\"><br \/>\n<img decoding=\"async\" src=\"https:\/\/ae03.alicdn.com\/kf\/Hb6f9a18a0c8f4b8691bb49d8216820fbb.jpg\" alt=\"\"><br \/>\n<img decoding=\"async\" src=\"https:\/\/ae03.alicdn.com\/kf\/Hbd30034e6df14287a6f165564e99bd4ax.jpg\" alt=\"\"><\/div>\n<div><img decoding=\"async\" src=\"https:\/\/ae03.alicdn.com\/kf\/S8a689c979d024eb898a8a7b8a0121e4bY.jpg\" alt=\"\"><\/div>\n","protected":false},"excerpt":{"rendered":"<p>R\u0119cznie wykonana ceramiczna doniczka WWO66 to wyj\u0105tkowe dzie\u0142o sztuki wykonane z wysokiej jako\u015bci ceramiki, idealne do u\u017cytku wewn\u0105trz i na zewn\u0105trz. Ka\u017cda doniczka jest unikalna, wykonana r\u0119cznie i wypalana w wysokiej temperaturze, co nadaje jej solidn\u0105 struktur\u0119 i \u017cywe niebieskie szkliwo. Idealna jako element dekoracyjny do salonu, na balkon, do sypialni lub biura. Otw\u00f3r drena\u017cowy [&hellip;]<\/p>\n","protected":false},"featured_media":10474,"comment_status":"open","ping_status":"closed","template":"","meta":{"_seopress_robots_primary_cat":"none","_seopress_titles_title":"Rzemie\u015blnicza donica ceramiczna - wysoki, kwadratowy wazon z drena\u017cem do u\u017cytku wewn\u0105trz i na zewn\u0105trz | WWO66","_seopress_titles_desc":"R\u0119cznie wykonana ceramiczna doniczka z orientalnym wzorem - wysoki, kwadratowy wazon z otworem odp\u0142ywowym, idealny do u\u017cytku wewn\u0105trz i na zewn\u0105trz. Unikalna konstrukcja, solidna i trwa\u0142a. ","_seopress_robots_index":"","googlesitekit_rrm_CAowz76iDA:productID":""},"product_brand":[],"product_cat":[2317,2316,2315],"product_tag":[],"class_list":{"0":"post-11275","1":"product","2":"type-product","3":"status-publish","4":"has-post-thumbnail","6":"product_cat-doniczki-ceramiczne","7":"product_cat-doniczki-i-donice","8":"product_cat-ogrod-i-rosliny","10":"first","11":"instock","12":"sale","13":"taxable","14":"shipping-taxable","15":"purchasable","16":"product-type-variable"},"_links":{"self":[{"href":"https:\/\/linkmarkt.eu\/pl\/wp-json\/wp\/v2\/product\/11275","targetHints":{"allow":["GET"]}}],"collection":[{"href":"https:\/\/linkmarkt.eu\/pl\/wp-json\/wp\/v2\/product"}],"about":[{"href":"https:\/\/linkmarkt.eu\/pl\/wp-json\/wp\/v2\/types\/product"}],"replies":[{"embeddable":true,"href":"https:\/\/linkmarkt.eu\/pl\/wp-json\/wp\/v2\/comments?post=11275"}],"version-history":[{"count":0,"href":"https:\/\/linkmarkt.eu\/pl\/wp-json\/wp\/v2\/product\/11275\/revisions"}],"wp:featuredmedia":[{"embeddable":true,"href":"https:\/\/linkmarkt.eu\/pl\/wp-json\/wp\/v2\/media\/10474"}],"wp:attachment":[{"href":"https:\/\/linkmarkt.eu\/pl\/wp-json\/wp\/v2\/media?parent=11275"}],"wp:term":[{"taxonomy":"product_brand","embeddable":true,"href":"https:\/\/linkmarkt.eu\/pl\/wp-json\/wp\/v2\/product_brand?post=11275"},{"taxonomy":"product_cat","embeddable":true,"href":"https:\/\/linkmarkt.eu\/pl\/wp-json\/wp\/v2\/product_cat?post=11275"},{"taxonomy":"product_tag","embeddable":true,"href":"https:\/\/linkmarkt.eu\/pl\/wp-json\/wp\/v2\/product_tag?post=11275"}],"curies":[{"name":"wp","href":"https:\/\/api.w.org\/{rel}","templated":true}]}}