{"id":11287,"date":"2025-05-06T20:09:49","date_gmt":"2025-05-06T18:09:49","guid":{"rendered":"https:\/\/linkmarkt.eu\/product\/zestaw-narzedzi-rowerowych-wielofunkcyjny-zestaw-naprawczy-14-w-1-z-mini-pompka-bidonem-i-uchwytem-na-bidon\/"},"modified":"2025-05-06T20:09:49","modified_gmt":"2025-05-06T18:09:49","slug":"zestaw-narzedzi-rowerowych-wielofunkcyjny-zestaw-naprawczy-14-w-1-z-mini-pompka-bidonem-i-uchwytem-na-bidon","status":"publish","type":"product","link":"https:\/\/linkmarkt.eu\/pl\/product\/zestaw-narzedzi-rowerowych-wielofunkcyjny-zestaw-naprawczy-14-w-1-z-mini-pompka-bidonem-i-uchwytem-na-bidon\/","title":{"rendered":"Zestaw narz\u0119dzi rowerowych &#8211; wielofunkcyjny zestaw naprawczy 14 w 1 z mini pompk\u0105, bidonem i uchwytem na bidon."},"content":{"rendered":"<p class=\"\" data-start=\"920\" data-end=\"1202\">Ten <strong data-start=\"927\" data-end=\"950\">zestaw narz\u0119dzi rowerowych<\/strong> jest niezb\u0119dnym akcesorium dla wszystkich rowerzyst\u00f3w. Zawiera wielofunkcyjne narz\u0119dzie 14 w 1, mini pompk\u0119, butelk\u0119 na narz\u0119dzia o pojemno\u015bci 750 ml, d\u017awignie do opon, \u0142atki i metalowy tarnik &#8211; wszystko, czego potrzebujesz do szybkich napraw w podr\u00f3\u017cy. <\/p>\n<p class=\"\" data-start=\"1204\" data-end=\"1224\"><strong data-start=\"1204\" data-end=\"1222\">W\u0142a\u015bciwo\u015bci:<\/strong><\/p>\n<ul data-start=\"1225\" data-end=\"1620\">\n<li class=\"\" data-start=\"1225\" data-end=\"1338\">\n<p class=\"\" data-start=\"1227\" data-end=\"1338\"><strong data-start=\"1227\" data-end=\"1254\">Narz\u0119dzie wielofunkcyjne:<\/strong> klucz imbusowy 2\/2,5\/3\/4\/5\/6\/8 mm, klucz p\u0142aski 8\/9\/10 mm, klucz Torx T-25, nitownica do \u0142a\u0144cucha<\/p>\n<\/li>\n<li class=\"\" data-start=\"1339\" data-end=\"1447\">\n<p class=\"\" data-start=\"1341\" data-end=\"1447\"><strong data-start=\"1341\" data-end=\"1374\">Wodoodporna butelka na narz\u0119dzia:<\/strong> pojemno\u015b\u0107 750 ml, chroni narz\u0119dzia przed wod\u0105 i brudem<\/p>\n<\/li>\n<li class=\"\" data-start=\"1448\" data-end=\"1542\">\n<p class=\"\" data-start=\"1450\" data-end=\"1542\"><strong data-start=\"1450\" data-end=\"1474\">Kompaktowy i przeno\u015bny:<\/strong> Lekka konstrukcja z koszykiem na bidon, idealna na d\u0142ugie przeja\u017cd\u017cki rowerowe<\/p>\n<\/li>\n<li class=\"\" data-start=\"1543\" data-end=\"1620\">\n<p class=\"\" data-start=\"1545\" data-end=\"1620\"><strong data-start=\"1545\" data-end=\"1571\">Wszechstronno\u015b\u0107:<\/strong> do rower\u00f3w MTB, szosowych, elektrycznych i codziennych<\/p>\n<\/li>\n<\/ul>\n<p class=\"\" data-start=\"1622\" data-end=\"1644\"><strong data-start=\"1622\" data-end=\"1642\">Specyfikacje:<\/strong><\/p>\n<ul data-start=\"1645\" data-end=\"1710\">\n<li class=\"\" data-start=\"1645\" data-end=\"1672\">\n<p class=\"\" data-start=\"1647\" data-end=\"1672\">Wymiary: 193 x 74 mm<\/p>\n<\/li>\n<li class=\"\" data-start=\"1673\" data-end=\"1689\">\n<p class=\"\" data-start=\"1675\" data-end=\"1689\">Waga: 95g<\/p>\n<\/li>\n<li class=\"\" data-start=\"1690\" data-end=\"1710\">\n<p class=\"\" data-start=\"1692\" data-end=\"1710\">Pojemno\u015b\u0107: 750 ml<\/p>\n<\/li>\n<\/ul>\n<p class=\"\" data-start=\"1712\" data-end=\"1731\"><strong data-start=\"1712\" data-end=\"1729\">Zakres dostawy:<\/strong><\/p>\n<ul data-start=\"1732\" data-end=\"1854\">\n<li class=\"\" data-start=\"1732\" data-end=\"1755\">\n<p class=\"\" data-start=\"1734\" data-end=\"1755\">1 x butelka na narz\u0119dzia<\/p>\n<\/li>\n<li class=\"\" data-start=\"1756\" data-end=\"1775\">\n<p class=\"\" data-start=\"1758\" data-end=\"1775\">3 x d\u017awignie do opon<\/p>\n<\/li>\n<li class=\"\" data-start=\"1776\" data-end=\"1791\">\n<p class=\"\" data-start=\"1778\" data-end=\"1791\">6 x \u0142atki<\/p>\n<\/li>\n<li class=\"\" data-start=\"1792\" data-end=\"1804\">\n<p class=\"\" data-start=\"1794\" data-end=\"1804\">1 x Tarnik<\/p>\n<\/li>\n<li class=\"\" data-start=\"1805\" data-end=\"1823\">\n<p class=\"\" data-start=\"1807\" data-end=\"1823\">1 x mini pompka<\/p>\n<\/li>\n<li class=\"\" data-start=\"1824\" data-end=\"1854\">\n<p class=\"\" data-start=\"1826\" data-end=\"1854\">1 x narz\u0119dzie wielofunkcyjne<\/p>\n<\/li>\n<\/ul>\n<div style=\"font-family: Arial, Helvetica, sans-serif; font-size: 12px; line-height: 150%;\">\n<p style=\"margin-bottom: 6px; margin-top: 6px;\"><img fetchpriority=\"high\" decoding=\"async\" src=\"https:\/\/ae01.alicdn.com\/kf\/H0c9cda3454f74657a6c0238068fe75c77.jpg\" width=\"1000\" height=\"87\"><\/p>\n<p><img decoding=\"async\" src=\"https:\/\/ae01.alicdn.com\/kf\/Sa05fc90746c443f6a564e829b277c620e.jpg\"><br \/>\n<img decoding=\"async\" src=\"https:\/\/ae01.alicdn.com\/kf\/Sd79be6aec4e14587bf147dc1687dd846y.jpg\"><br \/>\n<img decoding=\"async\" src=\"https:\/\/ae01.alicdn.com\/kf\/Sa9cf04af573e47b7bd458e57c872f015n.jpg\"><br \/>\n<img decoding=\"async\" src=\"https:\/\/ae01.alicdn.com\/kf\/S31b8f4ca9ff2437ea30d3cfbc440bc80x.jpg\"><br \/>\n<img decoding=\"async\" src=\"https:\/\/ae01.alicdn.com\/kf\/S9468ae24607a4200b6ae7d9c607b83f16.jpg\"><br \/>\n<img decoding=\"async\" src=\"https:\/\/ae01.alicdn.com\/kf\/S401e9c312a524d5f8753f535063c4cb4O.jpg\"><br \/>\n<img decoding=\"async\" src=\"https:\/\/ae01.alicdn.com\/kf\/Sd5fadae6f065468a803f15050ce2c961J.jpg\"><br \/>\n<img decoding=\"async\" src=\"https:\/\/ae01.alicdn.com\/kf\/Sba01212dc74a4059aa3453ff13b195faP.jpg\"><\/p>\n<div style=\"margin-bottom: 6px; margin-top: 6px;\">\n<p><img decoding=\"async\" src=\"https:\/\/ae01.alicdn.com\/kf\/Hbb5516b6c2554019b377768bd137d312U.jpg\" width=\"1000\" height=\"199\"><\/p>\n<p><img decoding=\"async\" src=\"https:\/\/ae01.alicdn.com\/kf\/H3dfed8e6e2d8476685016e11ddd2fd9f4.jpg\" width=\"1000\" height=\"783\"><\/p>\n<p><img loading=\"lazy\" decoding=\"async\" src=\"https:\/\/ae01.alicdn.com\/kf\/Hdd73ec5023474f4fb10a76ccf6dc0459O.jpg\" width=\"1000\" height=\"384\"><\/p>\n<p><img loading=\"lazy\" decoding=\"async\" src=\"https:\/\/ae01.alicdn.com\/kf\/H91f75fab696a44d78efe6d92aa4008e7I.jpg\" width=\"1000\" height=\"513\"><\/p>\n<p><img loading=\"lazy\" decoding=\"async\" src=\"https:\/\/ae01.alicdn.com\/kf\/Hba4f6593c7694b73a31af7f735cf446ev.jpg\" width=\"1000\" height=\"95\"><\/p>\n<div><\/div>\n<\/div>\n<p class=\"STYLE1\">\n<\/div>\n<p>&nbsp;<\/p>\n","protected":false},"excerpt":{"rendered":"<p>Ten zestaw narz\u0119dzi rowerowych jest niezb\u0119dnym akcesorium dla wszystkich rowerzyst\u00f3w. Zawiera wielofunkcyjne narz\u0119dzie 14 w 1, mini pompk\u0119, butelk\u0119 na narz\u0119dzia o pojemno\u015bci 750 ml, d\u017awignie do opon, \u0142atki i metalowy tarnik &#8211; wszystko, czego potrzebujesz do szybkich napraw w podr\u00f3\u017cy. W\u0142a\u015bciwo\u015bci: Narz\u0119dzie wielofunkcyjne: klucz imbusowy 2\/2,5\/3\/4\/5\/6\/8 mm, klucz p\u0142aski 8\/9\/10 mm, klucz Torx T-25, [&hellip;]<\/p>\n","protected":false},"featured_media":10641,"comment_status":"open","ping_status":"closed","template":"","meta":{"_seopress_robots_primary_cat":"none","_seopress_titles_title":"Zestaw naprawczy do roweru - wielofunkcyjne narz\u0119dzie 14 w 1, mini pompka, koszyk na bidon 750 ml | Kompaktowy i praktyczny w podr\u00f3\u017cy","_seopress_titles_desc":"Praktyczny zestaw naprawczy 14 w 1 z mini pompk\u0105, bidonem i uchwytem na bidon. Idealny w podr\u00f3\u017cy - kompaktowy, lekki i wszechstronny. ","_seopress_robots_index":"","googlesitekit_rrm_CAowz76iDA:productID":""},"product_brand":[],"product_cat":[2325,2324],"product_tag":[],"class_list":{"0":"post-11287","1":"product","2":"type-product","3":"status-publish","4":"has-post-thumbnail","6":"product_cat-narzedzia-rowerowe-i-zestawy-naprawcze","7":"product_cat-sport-i-outdoor","9":"first","10":"instock","11":"sale","12":"taxable","13":"shipping-taxable","14":"purchasable","15":"product-type-variable"},"_links":{"self":[{"href":"https:\/\/linkmarkt.eu\/pl\/wp-json\/wp\/v2\/product\/11287","targetHints":{"allow":["GET"]}}],"collection":[{"href":"https:\/\/linkmarkt.eu\/pl\/wp-json\/wp\/v2\/product"}],"about":[{"href":"https:\/\/linkmarkt.eu\/pl\/wp-json\/wp\/v2\/types\/product"}],"replies":[{"embeddable":true,"href":"https:\/\/linkmarkt.eu\/pl\/wp-json\/wp\/v2\/comments?post=11287"}],"version-history":[{"count":0,"href":"https:\/\/linkmarkt.eu\/pl\/wp-json\/wp\/v2\/product\/11287\/revisions"}],"wp:featuredmedia":[{"embeddable":true,"href":"https:\/\/linkmarkt.eu\/pl\/wp-json\/wp\/v2\/media\/10641"}],"wp:attachment":[{"href":"https:\/\/linkmarkt.eu\/pl\/wp-json\/wp\/v2\/media?parent=11287"}],"wp:term":[{"taxonomy":"product_brand","embeddable":true,"href":"https:\/\/linkmarkt.eu\/pl\/wp-json\/wp\/v2\/product_brand?post=11287"},{"taxonomy":"product_cat","embeddable":true,"href":"https:\/\/linkmarkt.eu\/pl\/wp-json\/wp\/v2\/product_cat?post=11287"},{"taxonomy":"product_tag","embeddable":true,"href":"https:\/\/linkmarkt.eu\/pl\/wp-json\/wp\/v2\/product_tag?post=11287"}],"curies":[{"name":"wp","href":"https:\/\/api.w.org\/{rel}","templated":true}]}}