{"id":11293,"date":"2025-05-06T20:13:18","date_gmt":"2025-05-06T18:13:18","guid":{"rendered":"https:\/\/linkmarkt.eu\/product\/wodoodporny-uchwyt-na-telefon-komorkowy-do-motocykla-i-roweru-obracany-o-360-magnetyczny-uniwersalny\/"},"modified":"2025-05-06T20:13:18","modified_gmt":"2025-05-06T18:13:18","slug":"wodoodporny-uchwyt-na-telefon-komorkowy-do-motocykla-i-roweru-obracany-o-360-magnetyczny-uniwersalny","status":"publish","type":"product","link":"https:\/\/linkmarkt.eu\/pl\/product\/wodoodporny-uchwyt-na-telefon-komorkowy-do-motocykla-i-roweru-obracany-o-360-magnetyczny-uniwersalny\/","title":{"rendered":"Wodoodporny uchwyt na telefon kom\u00f3rkowy do motocykla i roweru &#8211; obracany o 360\u00b0, magnetyczny, uniwersalny."},"content":{"rendered":"<p class=\"\" data-start=\"963\" data-end=\"1275\">Ten <strong data-start=\"969\" data-end=\"1000\">wodoodporny uchwyt na telefon kom\u00f3rkowy<\/strong> jest idealnym rozwi\u0105zaniem dla wszystkich motocyklist\u00f3w i rowerzyst\u00f3w, kt\u00f3rzy chc\u0105 bezpiecznie i stabilnie zamontowa\u0107 sw\u00f3j smartfon. Dzi\u0119ki konstrukcji obracanej o 360\u00b0 i mocnemu uchwytowi magnetycznemu, zawsze masz sw\u00f3j telefon kom\u00f3rkowy w zasi\u0119gu wzroku &#8211; idealny do nawigacji GPS i rozm\u00f3w w podr\u00f3\u017cy. <\/p>\n<p class=\"\" data-start=\"1277\" data-end=\"1297\"><strong data-start=\"1277\" data-end=\"1295\">W\u0142a\u015bciwo\u015bci:<\/strong><\/p>\n<ul data-start=\"1298\" data-end=\"1731\">\n<li class=\"\" data-start=\"1298\" data-end=\"1371\">\n<p class=\"\" data-start=\"1300\" data-end=\"1371\"><strong data-start=\"1300\" data-end=\"1316\">Wodoodporno\u015b\u0107:<\/strong> Chroni smartfon przed deszczem, kurzem i brudem.<\/p>\n<\/li>\n<li class=\"\" data-start=\"1372\" data-end=\"1444\">\n<p class=\"\" data-start=\"1374\" data-end=\"1444\"><strong data-start=\"1374\" data-end=\"1391\">Mo\u017cliwo\u015b\u0107 obrotu o 360\u00b0:<\/strong> Elastyczna regulacja dla idealnego k\u0105ta widzenia<\/p>\n<\/li>\n<li class=\"\" data-start=\"1445\" data-end=\"1509\">\n<p class=\"\" data-start=\"1447\" data-end=\"1509\"><strong data-start=\"1447\" data-end=\"1473\">Uchwyt magnetyczny:<\/strong> mocny uchwyt dla wszystkich smartfon\u00f3w<\/p>\n<\/li>\n<li class=\"\" data-start=\"1510\" data-end=\"1586\">\n<p class=\"\" data-start=\"1512\" data-end=\"1586\"><strong data-start=\"1512\" data-end=\"1537\">Uniwersalne dopasowanie:<\/strong> kompatybilny z wi\u0119kszo\u015bci\u0105 modeli smartfon\u00f3w<\/p>\n<\/li>\n<li class=\"\" data-start=\"1587\" data-end=\"1656\">\n<p class=\"\" data-start=\"1589\" data-end=\"1656\"><strong data-start=\"1589\" data-end=\"1614\">\u0141atwy monta\u017c:<\/strong> Mo\u017cliwo\u015b\u0107 szybkiego przymocowania do kierownicy<\/p>\n<\/li>\n<li class=\"\" data-start=\"1657\" data-end=\"1731\">\n<p class=\"\" data-start=\"1659\" data-end=\"1731\"><strong data-start=\"1659\" data-end=\"1681\">Stabilny i bezpieczny:<\/strong> pewnie trzyma telefon kom\u00f3rkowy, nawet na nier\u00f3wnych drogach.<\/p>\n<\/li>\n<\/ul>\n<p class=\"\" data-start=\"1733\" data-end=\"1756\"><strong data-start=\"1733\" data-end=\"1754\">Dane techniczne:<\/strong><\/p>\n<ul data-start=\"1757\" data-end=\"1950\">\n<li class=\"\" data-start=\"1757\" data-end=\"1811\">\n<p class=\"\" data-start=\"1759\" data-end=\"1811\"><strong data-start=\"1759\" data-end=\"1772\">Materia\u0142:<\/strong> Wysokiej jako\u015bci materia\u0142y odporne na warunki atmosferyczne<\/p>\n<\/li>\n<li class=\"\" data-start=\"1812\" data-end=\"1878\">\n<p class=\"\" data-start=\"1814\" data-end=\"1878\"><strong data-start=\"1814\" data-end=\"1833\">Kompatybilno\u015b\u0107:<\/strong> uniwersalna dla smartfon\u00f3w od 4 do 7 cali<\/p>\n<\/li>\n<li class=\"\" data-start=\"1879\" data-end=\"1950\">\n<p class=\"\" data-start=\"1881\" data-end=\"1950\"><strong data-start=\"1881\" data-end=\"1893\">Monta\u017c:<\/strong> Odpowiedni do motocykli, rower\u00f3w, skuter\u00f3w i rower\u00f3w elektrycznych.<\/p>\n<\/li>\n<\/ul>\n<p class=\"\" data-start=\"1952\" data-end=\"1971\"><strong data-start=\"1952\" data-end=\"1969\">Zakres dostawy:<\/strong><\/p>\n<ul data-start=\"1972\" data-end=\"2026\">\n<li class=\"\" data-start=\"1972\" data-end=\"2007\">\n<p class=\"\" data-start=\"1974\" data-end=\"2007\">1 x Wodoodporny uchwyt na telefon kom\u00f3rkowy<\/p>\n<\/li>\n<li class=\"\" data-start=\"2008\" data-end=\"2026\">\n<p class=\"\" data-start=\"2010\" data-end=\"2026\">1 x zestaw monta\u017cowy<\/p>\n<\/li>\n<\/ul>\n<p>&nbsp;<\/p>\n<div class=\"detailmodule_html\">\n<div class=\"detail-desc-decorate-richtext\">\n<p><img decoding=\"async\" src=\"https:\/\/ae01.alicdn.com\/kf\/Sb36d4cabbc2b42d2a0ad99362d77839d6.png\"><img decoding=\"async\" src=\"https:\/\/ae01.alicdn.com\/kf\/See1f6c5bf77f471ab2ba16a766181901b.png\"><img decoding=\"async\" src=\"https:\/\/ae01.alicdn.com\/kf\/Sa70bea841b4645c18d953421453b32fbq.png\"><img decoding=\"async\" src=\"https:\/\/ae01.alicdn.com\/kf\/S4be891559c9e4dae9dc642666247cb94U.png\"><img decoding=\"async\" src=\"https:\/\/ae01.alicdn.com\/kf\/S49c509f65b4e428da3250f1d6680da81Z.png\"><img decoding=\"async\" src=\"https:\/\/ae01.alicdn.com\/kf\/S7f65f3f4efdd4b64bb9e5e375c7ec6265.png\"><img decoding=\"async\" src=\"https:\/\/ae01.alicdn.com\/kf\/S0e697970a9eb4cd58ae53258f94dac06r.png\"><img decoding=\"async\" src=\"https:\/\/ae01.alicdn.com\/kf\/S7404d957d8df48a8802d0cd4bcf41204p.png\"><img decoding=\"async\" src=\"https:\/\/ae01.alicdn.com\/kf\/S9d3db88248c7489b83e015ccf49dfa7ay.png\"><img decoding=\"async\" src=\"https:\/\/ae01.alicdn.com\/kf\/S6bccc3e9499e434bb16bfc42bcd7ddb4k.png\"><img decoding=\"async\" src=\"https:\/\/ae01.alicdn.com\/kf\/Sa6d77287fd8e48b68d56dac99d3a772dB.png\"><img decoding=\"async\" src=\"https:\/\/ae01.alicdn.com\/kf\/Sa2b37809dff046cba55af9daebf89248Y.png\"><img decoding=\"async\" src=\"https:\/\/ae01.alicdn.com\/kf\/S039cfc4b6a514797af8ea7300c1de1d0R.png\"><img decoding=\"async\" src=\"https:\/\/ae01.alicdn.com\/kf\/S21d017ccb4e34622901dab9632a53391V.png\"><\/p>\n<\/div>\n<\/div>\n","protected":false},"excerpt":{"rendered":"<p>Ten wodoodporny uchwyt na telefon kom\u00f3rkowy jest idealnym rozwi\u0105zaniem dla wszystkich motocyklist\u00f3w i rowerzyst\u00f3w, kt\u00f3rzy chc\u0105 bezpiecznie i stabilnie zamontowa\u0107 sw\u00f3j smartfon. Dzi\u0119ki konstrukcji obracanej o 360\u00b0 i mocnemu uchwytowi magnetycznemu, zawsze masz sw\u00f3j telefon kom\u00f3rkowy w zasi\u0119gu wzroku &#8211; idealny do nawigacji GPS i rozm\u00f3w w podr\u00f3\u017cy. W\u0142a\u015bciwo\u015bci: Wodoodporno\u015b\u0107: Chroni smartfon przed deszczem, kurzem [&hellip;]<\/p>\n","protected":false},"featured_media":10728,"comment_status":"open","ping_status":"closed","template":"","meta":{"_seopress_robots_primary_cat":"none","_seopress_titles_title":"Wodoodporny uchwyt motocyklowy na telefon kom\u00f3rkowy - obracany o 360\u00b0, magnetyczny, do GPS i smartfon\u00f3w | Uniwersalny uchwyt rowerowy","_seopress_titles_desc":"Wytrzyma\u0142y i wodoodporny uchwyt na telefon kom\u00f3rkowy do motocykla i roweru. Obrotowy o 360\u00b0, magnetyczny i uniwersalny dla wszystkich smartfon\u00f3w. Idealny do nawigacji GPS podczas podr\u00f3\u017cy.  ","_seopress_robots_index":"","googlesitekit_rrm_CAowz76iDA:productID":""},"product_brand":[],"product_cat":[2327,2324],"product_tag":[],"class_list":{"0":"post-11293","1":"product","2":"type-product","3":"status-publish","4":"has-post-thumbnail","6":"product_cat-akcesoria-rowerowe","7":"product_cat-sport-i-outdoor","9":"first","10":"instock","11":"sale","12":"taxable","13":"shipping-taxable","14":"purchasable","15":"product-type-variable"},"_links":{"self":[{"href":"https:\/\/linkmarkt.eu\/pl\/wp-json\/wp\/v2\/product\/11293","targetHints":{"allow":["GET"]}}],"collection":[{"href":"https:\/\/linkmarkt.eu\/pl\/wp-json\/wp\/v2\/product"}],"about":[{"href":"https:\/\/linkmarkt.eu\/pl\/wp-json\/wp\/v2\/types\/product"}],"replies":[{"embeddable":true,"href":"https:\/\/linkmarkt.eu\/pl\/wp-json\/wp\/v2\/comments?post=11293"}],"version-history":[{"count":0,"href":"https:\/\/linkmarkt.eu\/pl\/wp-json\/wp\/v2\/product\/11293\/revisions"}],"wp:featuredmedia":[{"embeddable":true,"href":"https:\/\/linkmarkt.eu\/pl\/wp-json\/wp\/v2\/media\/10728"}],"wp:attachment":[{"href":"https:\/\/linkmarkt.eu\/pl\/wp-json\/wp\/v2\/media?parent=11293"}],"wp:term":[{"taxonomy":"product_brand","embeddable":true,"href":"https:\/\/linkmarkt.eu\/pl\/wp-json\/wp\/v2\/product_brand?post=11293"},{"taxonomy":"product_cat","embeddable":true,"href":"https:\/\/linkmarkt.eu\/pl\/wp-json\/wp\/v2\/product_cat?post=11293"},{"taxonomy":"product_tag","embeddable":true,"href":"https:\/\/linkmarkt.eu\/pl\/wp-json\/wp\/v2\/product_tag?post=11293"}],"curies":[{"name":"wp","href":"https:\/\/api.w.org\/{rel}","templated":true}]}}