{"id":11818,"date":"2025-05-18T11:23:35","date_gmt":"2025-05-18T09:23:35","guid":{"rendered":"https:\/\/linkmarkt.eu\/product\/mydlo-aloesowe-naturalna-pielegnacja-twarzy-i-ciala-200g\/"},"modified":"2025-05-18T11:23:35","modified_gmt":"2025-05-18T09:23:35","slug":"mydlo-aloesowe-naturalna-pielegnacja-twarzy-i-ciala-200g","status":"publish","type":"product","link":"https:\/\/linkmarkt.eu\/pl\/product\/mydlo-aloesowe-naturalna-pielegnacja-twarzy-i-ciala-200g\/","title":{"rendered":"Myd\u0142o aloesowe &#8211; naturalna piel\u0119gnacja twarzy i cia\u0142a, 200g"},"content":{"rendered":"<p class=\"\" data-start=\"174\" data-end=\"576\">Odkryj naturaln\u0105 \u015bwie\u017co\u015b\u0107 myd\u0142a aloesowego <strong data-start=\"235\" data-end=\"263\">KYLIEFIT<\/strong> &#8211; idealnego do codziennego oczyszczania twarzy i cia\u0142a. To r\u0119cznie robione myd\u0142o \u0142\u0105czy w sobie dobroczynne w\u0142a\u015bciwo\u015bci aloesu, kwasu salicylowego i mas\u0142a shea, aby delikatnie oczyszcza\u0107 i od\u017cywia\u0107 sk\u00f3r\u0119, jednocze\u015bnie kontroluj\u0105c nadmiar sebum. Idealne dla wszystkich rodzaj\u00f3w sk\u00f3ry, w tym sk\u00f3ry wra\u017cliwej.  <\/p>\n<p class=\"\" data-start=\"578\" data-end=\"867\"><strong data-start=\"578\" data-end=\"591\">Korzy\u015bci:<\/strong><br data-start=\"591\" data-end=\"594\">\u2705 G\u0142\u0119boko oczyszcza i od\u015bwie\u017ca sk\u00f3r\u0119  Reguluje wydzielanie sebum i zmniejsza b\u0142yszczenie sk\u00f3ry  \u0141agodzi tr\u0105dzik i redukuje ciemne plamy  Nawil\u017ca i koi dzi\u0119ki aloesowi  Wolny od szkodliwych substancji chemicznych &#8211; w 100% naturalny i wolny od okrucie\u0144stwa.<br data-start=\"631\" data-end=\"634\">\u2705<br data-start=\"688\" data-end=\"691\">\u2705<br data-start=\"734\" data-end=\"737\">\u2705<br data-start=\"790\" data-end=\"793\">\u2705 <\/p>\n<p class=\"\" data-start=\"869\" data-end=\"994\"><strong data-start=\"869\" data-end=\"883\">Stosowanie:<\/strong><br data-start=\"883\" data-end=\"886\">Delikatnie nanie\u015b\u0107 na wilgotn\u0105 sk\u00f3r\u0119, spieni\u0107 i dok\u0142adnie sp\u0142uka\u0107. Odpowiedni do twarzy i cia\u0142a. <\/p>\n<p class=\"\" data-start=\"996\" data-end=\"1198\"><strong data-start=\"996\" data-end=\"1014\">Sk\u0142adniki:<\/strong><br data-start=\"1014\" data-end=\"1017\">\ud83c\udf3f Wyci\u0105g z aloesu &#8211; \u0142agodzi i nawil\u017ca<br data-start=\"1073\" data-end=\"1076\">\ud83c\udf3f Kwas salicylowy &#8211; oczyszcza pory i redukuje zanieczyszczenia<br data-start=\"1136\" data-end=\"1139\">\ud83c\udf3f Mas\u0142o shea &#8211; od\u017cywia i uelastycznia sk\u00f3r\u0119<\/p>\n<p class=\"\" data-start=\"1200\" data-end=\"1229\"><strong data-start=\"1200\" data-end=\"1227\">Specyfikacja produktu:<\/strong><\/p>\n<ul data-start=\"1230\" data-end=\"1388\">\n<li class=\"\" data-start=\"1230\" data-end=\"1272\">\n<p class=\"\" data-start=\"1232\" data-end=\"1272\"><strong data-start=\"1232\" data-end=\"1248\">Nazwa produktu:<\/strong> Myd\u0142o Cool Fresh Aloe<\/p>\n<\/li>\n<li class=\"\" data-start=\"1273\" data-end=\"1301\">\n<p class=\"\" data-start=\"1275\" data-end=\"1301\"><strong data-start=\"1275\" data-end=\"1287\">Waga:<\/strong> 200g \/ 7 oz<\/p>\n<\/li>\n<li class=\"\" data-start=\"1302\" data-end=\"1325\">\n<p class=\"\" data-start=\"1304\" data-end=\"1325\"><strong data-start=\"1304\" data-end=\"1317\">Pochodzenie:<\/strong> Chiny<\/p>\n<\/li>\n<li class=\"\" data-start=\"1326\" data-end=\"1354\">\n<p class=\"\" data-start=\"1328\" data-end=\"1354\"><strong data-start=\"1328\" data-end=\"1344\">Okres trwa\u0142o\u015bci:<\/strong> 3 lata<\/p>\n<\/li>\n<li class=\"\" data-start=\"1355\" data-end=\"1388\">\n<p class=\"\" data-start=\"1357\" data-end=\"1388\"><strong data-start=\"1357\" data-end=\"1371\">Rodzaje sk\u00f3ry:<\/strong> Wszystkie rodzaje sk\u00f3ry<\/p>\n<\/li>\n<\/ul>\n<p class=\"\" data-start=\"1390\" data-end=\"1480\"><strong data-start=\"1390\" data-end=\"1477\">Zam\u00f3w teraz i do\u015bwiadcz czystej, \u015bwie\u017cej sk\u00f3ry &#8211; naturalnie i w spos\u00f3b zr\u00f3wnowa\u017cony.<\/strong> \ud83c\udf31<\/p>\n<div class=\"detailmodule_image\"><img decoding=\"async\" class=\"detail-desc-decorate-image\" src=\"https:\/\/ae01.alicdn.com\/kf\/S0794f4e5882d47178e132c2f8ee62ae6G.jpg\"><\/div>\n<div class=\"detailmodule_text\">\n<p>Korzy\u015bci spo\u0142eczne<\/p>\n<p>1. Redukuje ciemne plamy, wyg\u0142adza sk\u00f3r\u0119<\/p>\n<p>2. Oczyszcza sk\u00f3r\u0119, redukuje tr\u0105dzik<\/p>\n<p>3. Kontrola nat\u0142uszczenia, ukojenie<\/p>\n<p>W\u0142a\u015bciwo\u015bci<\/p>\n<p>1. Dok\u0142adnie oczyszcza sk\u00f3r\u0119, nie pozostawiaj\u0105c uczucia sucho\u015bci i \u015bci\u0105gni\u0119cia<\/p>\n<p>2. Opatentowana konstrukcja z unikaln\u0105 technologi\u0105 opracowan\u0105 dla twarzy i cia\u0142a<\/p>\n<p>3. Oczyszczaj\u0105ce mikroziarna, 1\/4 kremu nawil\u017caj\u0105cego<\/p>\n<\/div>\n<div class=\"detailmodule_image\"><img decoding=\"async\" src=\"https:\/\/ae01.alicdn.com\/kf\/S4e8754bc27024affaecd8b85fc31d4051.jpg\"><\/div>\n<div class=\"detailmodule_text\">\n<p>Naturalne myd\u0142o o g\u0119stej pianie<\/p>\n<p>&#8211; Po\u0142\u0105czenie sk\u0142adnik\u00f3w z aloesu i awokado mo\u017ce poprawi\u0107 stan sk\u00f3ry tr\u0105dzikowej.<\/p>\n<p>&#8211; Delikatnie oczyszcza, kontroluje wydzielanie sebum i usuwa ciemne plamy, pozostawiaj\u0105c sk\u00f3r\u0119 od\u015bwie\u017con\u0105 i g\u0142adk\u0105.<\/p>\n<\/div>\n<div class=\"detailmodule_image\"><img decoding=\"async\" class=\"detail-desc-decorate-image\" src=\"https:\/\/ae01.alicdn.com\/kf\/S4e97cf6f4f9542f7903edb90f9f240b3K.jpg\"><img decoding=\"async\" class=\"detail-desc-decorate-image\" src=\"https:\/\/ae01.alicdn.com\/kf\/Sed512715124d4002943e96b0eaf786baC.jpg\"><\/div>\n<div class=\"detailmodule_text\">\n<p>Organiczne myd\u0142o kanapkowe<\/p>\n<p>NASIONA HERBATY: Ekstrakcja esencji ro\u015blinnych, hamuje powstawanie wyprysk\u00f3w, poprawia stan sk\u00f3ry tr\u0105dzikowej, reguluje nier\u00f3wnowag\u0119 wodno-t\u0142uszczow\u0105, hamuje rozw\u00f3j wyprysk\u00f3w i umo\u017cliwia przebudow\u0119 sk\u00f3ry<\/p>\n<p>\u015aWIE\u017bA ALOE VERA: \u0141agodzi szorstk\u0105 sk\u00f3r\u0119, od\u015bwie\u017ca i nawil\u017ca, poprawia stan szorstkiej sk\u00f3ry, usuwa tr\u0105dzik i hamuje powstawanie ciemnych plam.<\/p>\n<\/div>\n<div class=\"detailmodule_image\"><img decoding=\"async\" class=\"detail-desc-decorate-image\" src=\"https:\/\/ae01.alicdn.com\/kf\/S72508e42e4aa4a9e81891752c98e5719q.jpg\"><img decoding=\"async\" src=\"https:\/\/ae01.alicdn.com\/kf\/S42626603f60346308923d2e75f5e986aO.jpg\"><img decoding=\"async\" src=\"https:\/\/ae01.alicdn.com\/kf\/S3ab9c95868864584a7ae541df2bcf638R.jpg\"><\/div>\n<div class=\"detailmodule_text\">\n<p class=\"detail-desc-decorate-title\" style=\"font-family: OpenSans; font-size: 20px; font-weight: 900; line-height: 28px; margin-bottom: 12px;\">Wystarczaj\u0105co delikatna formu\u0142a, odpowiednia do twarzy, r\u0105k i cia\u0142a<\/p>\n<\/div>\n<div class=\"detailmodule_image\"><img decoding=\"async\" class=\"detail-desc-decorate-image\" src=\"https:\/\/ae01.alicdn.com\/kf\/S0ec9833bfa0c41998fc40e0061be3d4bR.jpg\"><\/div>\n<div class=\"detailmodule_image\"><img decoding=\"async\" class=\"detail-desc-decorate-image\" src=\"https:\/\/ae01.alicdn.com\/kf\/S0661303da0b14d5698716bc0332392ab2.jpg\"><\/div>\n<div class=\"detailmodule_text\">\n<p>Informacje prawne<\/p>\n<p>Ten produkt jest przeznaczony wy\u0142\u0105cznie do u\u017cytku zewn\u0119trznego, a ka\u017cdy rodzaj sk\u00f3ry jest inny. Dlatego, aby uzyska\u0107 najlepsze rezultaty, nale\u017cy post\u0119powa\u0107 zgodnie z poni\u017cszymi instrukcjami. Najpierw nale\u017cy przetestowa\u0107 produkt na niewielkim obszarze sk\u00f3ry. Je\u015bli wyst\u0105pi reakcja alergiczna\/alergia, nale\u017cy zaprzesta\u0107 stosowania. Je\u015bli wyst\u0105pi reakcja, nale\u017cy natychmiast przerwa\u0107 stosowanie. Nie stosowa\u0107 w przypadku nadwra\u017cliwo\u015bci na kt\u00f3rykolwiek ze sk\u0142adnik\u00f3w. Unika\u0107 kontaktu z oczami. W przypadku kontaktu dok\u0142adnie sp\u0142uka\u0107 wod\u0105. Ten produkt nie jest przeznaczony do diagnozowania, \u0142agodzenia, leczenia lub zapobiegania jakiejkolwiek chorobie        <\/p>\n<p>Sk\u0142adnik<\/p>\n<p>Wyci\u0105g z aloesu, kwas salicylowy, wyci\u0105g z awokado, oliwa z oliwek, mas\u0142o shea, olej z pestek winogron, sorbitol, woda, wodorotlenek sodu, cukier trzcinowy,<br \/>\nolejek eteryczny z trawy cytrynowej, olejek eteryczny z sza\u0142wii muszkato\u0142owej.<\/p>\n<\/div>\n<p>&nbsp;<\/p>\n<p>&nbsp;<\/p>\n","protected":false},"excerpt":{"rendered":"<p>Odkryj naturaln\u0105 \u015bwie\u017co\u015b\u0107 myd\u0142a aloesowego KYLIEFIT &#8211; idealnego do codziennego oczyszczania twarzy i cia\u0142a. To r\u0119cznie robione myd\u0142o \u0142\u0105czy w sobie dobroczynne w\u0142a\u015bciwo\u015bci aloesu, kwasu salicylowego i mas\u0142a shea, aby delikatnie oczyszcza\u0107 i od\u017cywia\u0107 sk\u00f3r\u0119, jednocze\u015bnie kontroluj\u0105c nadmiar sebum. Idealne dla wszystkich rodzaj\u00f3w sk\u00f3ry, w tym sk\u00f3ry wra\u017cliwej. Korzy\u015bci:\u2705 G\u0142\u0119boko oczyszcza i od\u015bwie\u017ca sk\u00f3r\u0119 Reguluje [&hellip;]<\/p>\n","protected":false},"featured_media":11753,"comment_status":"open","ping_status":"closed","template":"","meta":{"_seopress_robots_primary_cat":"none","_seopress_titles_title":"Myd\u0142o aloesowe - naturalna piel\u0119gnacja twarzy i cia\u0142a, 200g","_seopress_titles_desc":"Oczy\u015b\u0107 sk\u00f3r\u0119 naturalnym myd\u0142em aloesowym - nawil\u017caj\u0105cym, kontroluj\u0105cym wydzielanie sebum i idealnym dla ka\u017cdego rodzaju sk\u00f3ry. Odkryj je ju\u017c teraz! ","_seopress_robots_index":"","googlesitekit_rrm_CAowz76iDA:productID":""},"product_brand":[],"product_cat":[2338,2340,2339],"product_tag":[],"class_list":{"0":"post-11818","1":"product","2":"type-product","3":"status-publish","4":"has-post-thumbnail","6":"product_cat-kosmetyki-i-pielegnacja-ciala","7":"product_cat-mydla-i-batony-oczyszczajace","8":"product_cat-oczyszczanie-twarzy","10":"first","11":"instock","12":"sale","13":"taxable","14":"shipping-taxable","15":"purchasable","16":"product-type-variable"},"_links":{"self":[{"href":"https:\/\/linkmarkt.eu\/pl\/wp-json\/wp\/v2\/product\/11818","targetHints":{"allow":["GET"]}}],"collection":[{"href":"https:\/\/linkmarkt.eu\/pl\/wp-json\/wp\/v2\/product"}],"about":[{"href":"https:\/\/linkmarkt.eu\/pl\/wp-json\/wp\/v2\/types\/product"}],"replies":[{"embeddable":true,"href":"https:\/\/linkmarkt.eu\/pl\/wp-json\/wp\/v2\/comments?post=11818"}],"version-history":[{"count":0,"href":"https:\/\/linkmarkt.eu\/pl\/wp-json\/wp\/v2\/product\/11818\/revisions"}],"wp:featuredmedia":[{"embeddable":true,"href":"https:\/\/linkmarkt.eu\/pl\/wp-json\/wp\/v2\/media\/11753"}],"wp:attachment":[{"href":"https:\/\/linkmarkt.eu\/pl\/wp-json\/wp\/v2\/media?parent=11818"}],"wp:term":[{"taxonomy":"product_brand","embeddable":true,"href":"https:\/\/linkmarkt.eu\/pl\/wp-json\/wp\/v2\/product_brand?post=11818"},{"taxonomy":"product_cat","embeddable":true,"href":"https:\/\/linkmarkt.eu\/pl\/wp-json\/wp\/v2\/product_cat?post=11818"},{"taxonomy":"product_tag","embeddable":true,"href":"https:\/\/linkmarkt.eu\/pl\/wp-json\/wp\/v2\/product_tag?post=11818"}],"curies":[{"name":"wp","href":"https:\/\/api.w.org\/{rel}","templated":true}]}}