{"id":11835,"date":"2025-05-18T11:22:09","date_gmt":"2025-05-18T09:22:09","guid":{"rendered":"https:\/\/linkmarkt.eu\/product\/elektryczna-ultradzwiekowa-szczoteczka-do-twarzy-z-9-poziomami-intensywnosci-ladowalna-i-delikatna-dla-skory\/"},"modified":"2025-05-18T11:22:09","modified_gmt":"2025-05-18T09:22:09","slug":"elektryczna-ultradzwiekowa-szczoteczka-do-twarzy-z-9-poziomami-intensywnosci-ladowalna-i-delikatna-dla-skory","status":"publish","type":"product","link":"https:\/\/linkmarkt.eu\/pl\/product\/elektryczna-ultradzwiekowa-szczoteczka-do-twarzy-z-9-poziomami-intensywnosci-ladowalna-i-delikatna-dla-skory\/","title":{"rendered":"Elektryczna ultrad\u017awi\u0119kowa szczoteczka do twarzy z 9 poziomami intensywno\u015bci &#8211; \u0142adowalna i delikatna dla sk\u00f3ry."},"content":{"rendered":"<div class=\"detailmodule_text\">\n<p class=\"\" data-start=\"243\" data-end=\"656\">Do\u015bwiadcz dok\u0142adnego i delikatnego oczyszczania twarzy dzi\u0119ki <strong data-start=\"328\" data-end=\"377\">miqmi Electric Ultrasonic Face Brush<\/strong>. Ta innowacyjna szczoteczka oczyszczaj\u0105ca \u0142\u0105czy w sobie 9 poziom\u00f3w wibracji, aby zapewni\u0107 indywidualne oczyszczanie, kt\u00f3re g\u0142\u0119boko oczyszcza pory i odm\u0142adza sk\u00f3r\u0119. Wykonana z wysokiej jako\u015bci, przyjaznego dla sk\u00f3ry silikonu, jest idealna dla wszystkich rodzaj\u00f3w sk\u00f3ry, w tym sk\u00f3ry wra\u017cliwej.  <\/p>\n<p class=\"\" data-start=\"658\" data-end=\"1109\"><strong data-start=\"658\" data-end=\"671\">Zalety:<\/strong><br data-start=\"671\" data-end=\"674\">\u2705 <strong data-start=\"676\" data-end=\"700\">9 poziom\u00f3w intensywno\u015bci:<\/strong> Dla indywidualnego oczyszczania<br data-start=\"742\" data-end=\"745\">\u2705 <strong data-start=\"747\" data-end=\"773\">Wibracje ultrad\u017awi\u0119kowe:<\/strong> Skutecznie usuwaj\u0105 brud, pozosta\u0142o\u015bci makija\u017cu i martwe kom\u00f3rki nask\u00f3rka<br data-start=\"847\" data-end=\"850\">\u2705 <strong data-start=\"852\" data-end=\"872\">Mo\u017cliwo\u015b\u0107 \u0142adowania:<\/strong> Przyjazny dla \u015brodowiska i praktyczny &#8211; nie ma potrzeby wymiany baterii<br data-start=\"939\" data-end=\"942\">\u2705 <strong data-start=\"944\" data-end=\"973\">Przyjazny dla sk\u00f3ry silikon:<\/strong> Delikatny dla sk\u00f3ry, antybakteryjny i \u0142atwy do czyszczenia<br data-start=\"1027\" data-end=\"1030\">\u2705 <strong data-start=\"1032\" data-end=\"1053\">Kompaktowa konstrukcja:<\/strong> Idealny do codziennej piel\u0119gnacji w domu lub w podr\u00f3\u017cy<\/p>\n<p class=\"\" data-start=\"1111\" data-end=\"1140\"><strong data-start=\"1111\" data-end=\"1138\">Specyfikacja produktu:<\/strong><\/p>\n<ul data-start=\"1141\" data-end=\"1522\">\n<li class=\"\" data-start=\"1141\" data-end=\"1161\">\n<p class=\"\" data-start=\"1143\" data-end=\"1161\"><strong data-start=\"1143\" data-end=\"1153\">Marka:<\/strong> miqmi<\/p>\n<\/li>\n<li class=\"\" data-start=\"1162\" data-end=\"1193\">\n<p class=\"\" data-start=\"1164\" data-end=\"1193\"><strong data-start=\"1164\" data-end=\"1177\">Materia\u0142:<\/strong> ABS + silikon<\/p>\n<\/li>\n<li class=\"\" data-start=\"1194\" data-end=\"1232\">\n<p class=\"\" data-start=\"1196\" data-end=\"1232\"><strong data-start=\"1196\" data-end=\"1206\">Rozmiar:<\/strong> 12 cm x 4,5 cm x 2,8 cm<\/p>\n<\/li>\n<li class=\"\" data-start=\"1233\" data-end=\"1253\">\n<p class=\"\" data-start=\"1235\" data-end=\"1253\"><strong data-start=\"1235\" data-end=\"1247\">Waga:<\/strong> 95g<\/p>\n<\/li>\n<li class=\"\" data-start=\"1254\" data-end=\"1323\">\n<p class=\"\" data-start=\"1256\" data-end=\"1323\"><strong data-start=\"1256\" data-end=\"1276\">Zasilanie:<\/strong> Akumulator (kabel USB w zestawie)<\/p>\n<\/li>\n<li class=\"\" data-start=\"1324\" data-end=\"1405\">\n<p class=\"\" data-start=\"1326\" data-end=\"1405\"><strong data-start=\"1326\" data-end=\"1340\">Zastosowanie:<\/strong> Odpowiedni dla wszystkich rodzaj\u00f3w sk\u00f3ry &#8211; wiosna, lato, jesie\u0144, zima<\/p>\n<\/li>\n<li class=\"\" data-start=\"1406\" data-end=\"1522\">\n<p class=\"\" data-start=\"1408\" data-end=\"1427\"><strong data-start=\"1408\" data-end=\"1425\">Zakres dostawy:<\/strong><\/p>\n<ul data-start=\"1430\" data-end=\"1522\">\n<li class=\"\" data-start=\"1430\" data-end=\"1473\">\n<p class=\"\" data-start=\"1432\" data-end=\"1473\">1x elektryczna szczoteczka do oczyszczania twarzy<\/p>\n<\/li>\n<li class=\"\" data-start=\"1476\" data-end=\"1496\">\n<p class=\"\" data-start=\"1478\" data-end=\"1496\">1x kabel USB do \u0142adowania<\/p>\n<\/li>\n<li class=\"\" data-start=\"1499\" data-end=\"1522\">\n<p class=\"\" data-start=\"1501\" data-end=\"1522\">1x instrukcja obs\u0142ugi<\/p>\n<\/li>\n<\/ul>\n<\/li>\n<\/ul>\n<p class=\"\" data-start=\"1524\" data-end=\"1631\"><strong data-start=\"1524\" data-end=\"1537\">Uwagi:<\/strong> Podane dane oparte s\u0105 na testach laboratoryjnych. Rzeczywiste wyniki mog\u0105 si\u0119 r\u00f3\u017cni\u0107. <\/p>\n<p class=\"\" data-start=\"1633\" data-end=\"1739\"><strong data-start=\"1633\" data-end=\"1737\">Zam\u00f3w teraz i poznaj nowy wymiar piel\u0119gnacji sk\u00f3ry &#8211; dla promiennej, czystej sk\u00f3ry.<\/strong> \u2728<\/p>\n<\/div>\n<div class=\"detailmodule_image\"><img decoding=\"async\" class=\"detail-desc-decorate-image\" src=\"https:\/\/ae01.alicdn.com\/kf\/S7b90e844cbd640f3b98325bfb36dd274x.png\"><img decoding=\"async\" class=\"detail-desc-decorate-image\" src=\"https:\/\/ae01.alicdn.com\/kf\/S7a82a1ce92a941a4965ee1deabf330e91.png\"><img decoding=\"async\" class=\"detail-desc-decorate-image\" src=\"https:\/\/ae01.alicdn.com\/kf\/S17b43763c13148409775cb670481ffa7p.jpg\"><img decoding=\"async\" class=\"detail-desc-decorate-image\" src=\"https:\/\/ae01.alicdn.com\/kf\/S1616e80fe25f4a6dbeeda8f0b06f0a76q.jpg\"><img decoding=\"async\" class=\"detail-desc-decorate-image\" src=\"https:\/\/ae01.alicdn.com\/kf\/S50810eddea04458885115a3a79ed1c91L.jpg\"><img decoding=\"async\" class=\"detail-desc-decorate-image\" src=\"https:\/\/ae01.alicdn.com\/kf\/S935ce03cef804192ab78f8f14fb3274ez.jpg\"><img decoding=\"async\" class=\"detail-desc-decorate-image\" src=\"https:\/\/ae01.alicdn.com\/kf\/S867e05572ac0408a8850e0c6661effceC.jpg\"><img decoding=\"async\" class=\"detail-desc-decorate-image\" src=\"https:\/\/ae01.alicdn.com\/kf\/S8c65dad5da7f4e79bd1d9cd4ba63b861q.png\"><img decoding=\"async\" class=\"detail-desc-decorate-image\" src=\"https:\/\/ae01.alicdn.com\/kf\/S385e20c4965742a3b44005ef32d0742cD.jpg\"><img decoding=\"async\" class=\"detail-desc-decorate-image\" src=\"https:\/\/ae01.alicdn.com\/kf\/S8fc705fd700e49628fa0e7b852d9b678Q.jpg\"><\/div>\n<div class=\"detailmodule_image\"><img decoding=\"async\" class=\"detail-desc-decorate-image\" src=\"https:\/\/ae01.alicdn.com\/kf\/Sab52cbbdd9b6471796bf3af973e823b0R.png\"><img decoding=\"async\" class=\"detail-desc-decorate-image\" src=\"https:\/\/ae01.alicdn.com\/kf\/Sd2060d95467e4527b7d8e33147455fc4w.jpg\"><img decoding=\"async\" class=\"detail-desc-decorate-image\" src=\"https:\/\/ae01.alicdn.com\/kf\/S75e6d92b8a024b4594671083c8e93d19X.png\"><img decoding=\"async\" class=\"detail-desc-decorate-image\" src=\"https:\/\/ae01.alicdn.com\/kf\/Sc733d4aa093c41b98292c77cb8d580c0n.jpg\"><img decoding=\"async\" class=\"detail-desc-decorate-image\" src=\"https:\/\/ae01.alicdn.com\/kf\/Sde482989e46a4815b58e9f75dd40d6c7F.jpg\"><\/div>\n<p>&nbsp;<\/p>\n","protected":false},"excerpt":{"rendered":"<p>Do\u015bwiadcz dok\u0142adnego i delikatnego oczyszczania twarzy dzi\u0119ki miqmi Electric Ultrasonic Face Brush. Ta innowacyjna szczoteczka oczyszczaj\u0105ca \u0142\u0105czy w sobie 9 poziom\u00f3w wibracji, aby zapewni\u0107 indywidualne oczyszczanie, kt\u00f3re g\u0142\u0119boko oczyszcza pory i odm\u0142adza sk\u00f3r\u0119. Wykonana z wysokiej jako\u015bci, przyjaznego dla sk\u00f3ry silikonu, jest idealna dla wszystkich rodzaj\u00f3w sk\u00f3ry, w tym sk\u00f3ry wra\u017cliwej. Zalety:\u2705 9 poziom\u00f3w intensywno\u015bci: [&hellip;]<\/p>\n","protected":false},"featured_media":11720,"comment_status":"open","ping_status":"closed","template":"","meta":{"_seopress_robots_primary_cat":"none","_seopress_titles_title":"Ultrad\u017awi\u0119kowa szczoteczka do twarzy - 9 poziom\u00f3w intensywno\u015bci, \u0142adowalna, przyjazna dla sk\u00f3ry","_seopress_titles_desc":"Dok\u0142adne oczyszczanie twarzy z 9 poziomami intensywno\u015bci - usuwa brud, makija\u017c i zanieczyszczenia. Odkryj teraz i ciesz si\u0119 idealn\u0105 sk\u00f3r\u0105! ","_seopress_robots_index":"","googlesitekit_rrm_CAowz76iDA:productID":""},"product_brand":[],"product_cat":[2346,2347],"product_tag":[],"class_list":{"0":"post-11835","1":"product","2":"type-product","3":"status-publish","4":"has-post-thumbnail","6":"product_cat-elektroniczne-urzadzenia-do-pielegnacji-skory","7":"product_cat-pielegnacja-twarzy-szczoteczki-oczyszczajace","9":"first","10":"instock","11":"sale","12":"taxable","13":"shipping-taxable","14":"purchasable","15":"product-type-variable"},"_links":{"self":[{"href":"https:\/\/linkmarkt.eu\/pl\/wp-json\/wp\/v2\/product\/11835","targetHints":{"allow":["GET"]}}],"collection":[{"href":"https:\/\/linkmarkt.eu\/pl\/wp-json\/wp\/v2\/product"}],"about":[{"href":"https:\/\/linkmarkt.eu\/pl\/wp-json\/wp\/v2\/types\/product"}],"replies":[{"embeddable":true,"href":"https:\/\/linkmarkt.eu\/pl\/wp-json\/wp\/v2\/comments?post=11835"}],"version-history":[{"count":0,"href":"https:\/\/linkmarkt.eu\/pl\/wp-json\/wp\/v2\/product\/11835\/revisions"}],"wp:featuredmedia":[{"embeddable":true,"href":"https:\/\/linkmarkt.eu\/pl\/wp-json\/wp\/v2\/media\/11720"}],"wp:attachment":[{"href":"https:\/\/linkmarkt.eu\/pl\/wp-json\/wp\/v2\/media?parent=11835"}],"wp:term":[{"taxonomy":"product_brand","embeddable":true,"href":"https:\/\/linkmarkt.eu\/pl\/wp-json\/wp\/v2\/product_brand?post=11835"},{"taxonomy":"product_cat","embeddable":true,"href":"https:\/\/linkmarkt.eu\/pl\/wp-json\/wp\/v2\/product_cat?post=11835"},{"taxonomy":"product_tag","embeddable":true,"href":"https:\/\/linkmarkt.eu\/pl\/wp-json\/wp\/v2\/product_tag?post=11835"}],"curies":[{"name":"wp","href":"https:\/\/api.w.org\/{rel}","templated":true}]}}