{"id":13143,"date":"2025-05-25T09:12:25","date_gmt":"2025-05-25T07:12:25","guid":{"rendered":"https:\/\/linkmarkt.eu\/product\/ladowarka-bezprzewodowa-30-w-do-samsung-s24-s23-note-20-stojak-do-szybkiego-ladowania-2-w-1-15-w-do-iphone-15-14-13-12-11-xs-xr-x-8-airpods-pro\/"},"modified":"2025-05-25T09:12:25","modified_gmt":"2025-05-25T07:12:25","slug":"ladowarka-bezprzewodowa-30-w-do-samsung-s24-s23-note-20-stojak-do-szybkiego-ladowania-2-w-1-15-w-do-iphone-15-14-13-12-11-xs-xr-x-8-airpods-pro","status":"publish","type":"product","link":"https:\/\/linkmarkt.eu\/pl\/product\/ladowarka-bezprzewodowa-30-w-do-samsung-s24-s23-note-20-stojak-do-szybkiego-ladowania-2-w-1-15-w-do-iphone-15-14-13-12-11-xs-xr-x-8-airpods-pro\/","title":{"rendered":"\u0141adowarka bezprzewodowa 30 W do Samsung S24 S23 Note 20 Stojak do szybkiego \u0142adowania 2 w 1 15 W do iPhone 15 14 13 12 11 XS XR X 8 Airpods Pro."},"content":{"rendered":"<div class=\"detailmodule_html\">\n<div class=\"detail-desc-decorate-richtext\">\n<div style=\"font-size: 14px; margin: 0px; padding: 0px 0px 0px 0em; padding-bottom: 0px; padding-top: 0px; padding-right: 0px;\">\n<p data-start=\"251\" data-end=\"561\">Ta bezprzewodowa \u0142adowarka 2 w 1 to idealne rozwi\u0105zanie do jednoczesnego \u0142adowania smartfona i s\u0142uchawek. Dzi\u0119ki szybkiej pr\u0119dko\u015bci \u0142adowania do 15 W dla iPhone&#8217;\u00f3w i do 15 W dla urz\u0105dze\u0144 Samsung Galaxy, ta podstawka \u0142aduj\u0105ca oferuje skuteczny spos\u00f3b, aby zawsze mie\u0107 gotowe urz\u0105dzenia. <\/p>\n<p data-start=\"563\" data-end=\"589\"><strong data-start=\"563\" data-end=\"589\">Jak u\u017cywa\u0107:<\/strong><\/p>\n<ol data-start=\"591\" data-end=\"1143\">\n<li data-start=\"591\" data-end=\"919\">\n<p data-start=\"594\" data-end=\"799\"><strong data-start=\"594\" data-end=\"620\">\u0141adowanie telefonu:<\/strong> Umie\u015b\u0107 kompatybilny smartfon (iPhone lub Samsung Galaxy) na przednim obszarze \u0142adowania podstawki. Stojak automatycznie prze\u0142\u0105czy si\u0119 w odpowiedni tryb \u0142adowania: <\/p>\n<ul data-start=\"803\" data-end=\"919\">\n<li data-start=\"803\" data-end=\"858\">\n<p data-start=\"805\" data-end=\"858\">15W dla Samsung Galaxy S24, S23, S22, S21, S20 itp.<\/p>\n<\/li>\n<li data-start=\"862\" data-end=\"915\">\n<p data-start=\"864\" data-end=\"915\">7,5 W dla iPhone&#8217;\u00f3w od iPhone 15 do iPhone 8 Plus.<\/p>\n<\/li>\n<\/ul>\n<\/li>\n<li data-start=\"920\" data-end=\"1143\">\n<p data-start=\"923\" data-end=\"1143\"><strong data-start=\"923\" data-end=\"952\">\u0141adowanie s\u0142uchawek:<\/strong> Umie\u015b\u0107 s\u0142uchawki Airpods lub Galaxy Buds w tylnej cz\u0119\u015bci \u0142adowarki. Tylny obszar nadajnika zapewnia moc wyj\u015bciow\u0105 do 3 W dla Airpods Pro2, Airpods 3 i innych s\u0142uchawek bezprzewodowych. <\/p>\n<\/li>\n<\/ol>\n<p data-start=\"1145\" data-end=\"1170\"><strong data-start=\"1145\" data-end=\"1170\">Zalety u\u017cytkowania:<\/strong><\/p>\n<ul data-start=\"1172\" data-end=\"1713\">\n<li data-start=\"1172\" data-end=\"1311\">\n<p data-start=\"1174\" data-end=\"1311\"><strong data-start=\"1174\" data-end=\"1194\">Funkcja 2 w 1:<\/strong> Mo\u017cesz \u0142adowa\u0107 smartfon i s\u0142uchawki w tym samym czasie, co upraszcza proces \u0142adowania i oszcz\u0119dza miejsce.<\/p>\n<\/li>\n<li data-start=\"1312\" data-end=\"1488\">\n<p data-start=\"1314\" data-end=\"1488\"><strong data-start=\"1314\" data-end=\"1333\">Wszechstronno\u015b\u0107:<\/strong> Obs\u0142uguje szerok\u0105 gam\u0119 urz\u0105dze\u0144, w tym iPhone&#8217;y i smartfony Samsung Galaxy, a tak\u017ce s\u0142uchawki bezprzewodowe, takie jak Airpods i Galaxy Buds.<\/p>\n<\/li>\n<li data-start=\"1489\" data-end=\"1713\">\n<p data-start=\"1491\" data-end=\"1713\"><strong data-start=\"1491\" data-end=\"1515\">Funkcje bezpiecze\u0144stwa:<\/strong> Dzi\u0119ki zaawansowanym funkcjom bezpiecze\u0144stwa, takim jak zabezpieczenie nadpr\u0105dowe, zabezpieczenie nadnapi\u0119ciowe i kontrola temperatury, mo\u017cesz mie\u0107 pewno\u015b\u0107, \u017ce Twoje urz\u0105dzenia b\u0119d\u0105 \u0142adowane przez d\u0142u\u017cszy czas bez ryzyka.<\/p>\n<\/li>\n<\/ul>\n<p data-start=\"1715\" data-end=\"1876\">Ta praktyczna podstawka \u0142aduj\u0105ca umo\u017cliwia szybkie i bezpieczne \u0142adowanie urz\u0105dze\u0144 bez konieczno\u015bci ci\u0105g\u0142ego pod\u0142\u0105czania ich do r\u00f3\u017cnych \u0142adowarek.<\/p>\n<p data-start=\"1045\" data-end=\"1073\"><strong data-start=\"1045\" data-end=\"1073\">Specyfikacja produktu:<\/strong><\/p>\n<p data-start=\"1075\" data-end=\"1302\">Interfejs: Typ C<br data-start=\"1095\" data-end=\"1098\">Moc: 30W \/ 20W \/ 15W \/ 10W \/ 7.5W \/ 5W<br data-start=\"1141\" data-end=\"1144\">Wej\u015bcie: 12V-2.2A \/ 9V-1.67A \/ 5V-2A<br data-start=\"1180\" data-end=\"1183\">Kompatybilno\u015b\u0107: Kompatybilny ze wszystkimi standardowymi odbiornikami bezprzewodowymi i urz\u0105dzeniami<br data-start=\"1261\" data-end=\"1264\">Metoda \u0142adowania: \u0141adowanie bezprzewodowe 1 do 2<\/p>\n<p data-start=\"1304\" data-end=\"1330\"><strong data-start=\"1304\" data-end=\"1330\">Szeroka kompatybilno\u015b\u0107:<\/strong><\/p>\n<p data-start=\"1332\" data-end=\"1395\">Przednia cz\u0119\u015b\u0107 podstawki oferuje 3 tryby automatycznego \u0142adowania:<\/p>\n<ul data-start=\"1396\" data-end=\"1735\">\n<li data-start=\"1396\" data-end=\"1491\">\n<p data-start=\"1398\" data-end=\"1491\">15W dla Samsung Galaxy S24\/S23\/S22\/S21\/S20\/S20 Ultra\/S10\/S9\/S8\/Note 20\/Note 10 Plus\/Note 10<\/p>\n<\/li>\n<li data-start=\"1492\" data-end=\"1680\">\n<p data-start=\"1494\" data-end=\"1680\">7,5W dla iPhone 15\/15 Mini\/15 Pro\/15 Pro Max\/14\/14 Mini\/14 Pro\/14 Pro\/14 Pro Max\/13\/13 Pro\/13 Pro Max\/13 Mini\/12\/12 Pro\/12 Pro\/12 Pro Max\/12 Mini\/SE 2020\/11\/11 Pro\/11 Pro Max\/XR\/XS\/XS Max\/X\/8\/8 Plus<\/p>\n<\/li>\n<li data-start=\"1681\" data-end=\"1735\">\n<p data-start=\"1683\" data-end=\"1735\">5W dla innych telefon\u00f3w z funkcj\u0105 \u0142adowania bezprzewodowego<\/p>\n<\/li>\n<\/ul>\n<p data-start=\"1737\" data-end=\"1938\">Jednocze\u015bnie tylny obszar nadajnika oferuje moc wyj\u015bciow\u0105 do 3 W dla Airpods Pro2, Airpods 3, Airpods Pro, Wireless AirPods 2 Case (model 2019), Galaxy Buds (adapter nie jest do\u0142\u0105czony).<\/p>\n<p data-start=\"1940\" data-end=\"1957\"><strong data-start=\"1940\" data-end=\"1957\">Zakres dostawy:<\/strong><\/p>\n<ul data-start=\"1959\" data-end=\"2035\">\n<li data-start=\"1959\" data-end=\"1990\">\n<p data-start=\"1961\" data-end=\"1990\">1 x bezprzewodowa \u0142adowarka 2 w 1<\/p>\n<\/li>\n<li data-start=\"1991\" data-end=\"2010\">\n<p data-start=\"1993\" data-end=\"2010\">1 x kabel typu C<\/p>\n<\/li>\n<li data-start=\"2011\" data-end=\"2035\">\n<p data-start=\"2013\" data-end=\"2035\">1 x instrukcja obs\u0142ugi<\/p>\n<\/li>\n<\/ul>\n<\/div>\n<div style=\"font-size: 14px; margin: 0px; padding: 0px 0px 0px 0em; padding-bottom: 0px; padding-top: 0px; padding-right: 0px;\"><\/div>\n<p><img decoding=\"async\" src=\"https:\/\/ae01.alicdn.com\/kf\/Sc95fc0d6752d4c40817d09b9ec76a46en.jpg\"><\/p>\n<p><img decoding=\"async\" src=\"https:\/\/ae01.alicdn.com\/kf\/Hde0b4adadb5f412d8b2505dc44e9ca98e.jpg\"><img decoding=\"async\" src=\"https:\/\/ae01.alicdn.com\/kf\/HTB1IvTRdAZmBKNjSZPiq6xFNVXaI.jpg\"><img decoding=\"async\" src=\"https:\/\/ae01.alicdn.com\/kf\/H98ee5bbbf7274dfc961c5ff75c2497f0f.jpg\"><img decoding=\"async\" src=\"http:\/\/ae01.alicdn.com\/kf\/HTB1GyGbfaAoBKNjSZSyq6yHAVXaB.jpg\"><img decoding=\"async\" src=\"http:\/\/ae01.alicdn.com\/kf\/HTB1z75.qDtYBeNjy1Xdq6xXyVXat.jpg\"><img fetchpriority=\"high\" decoding=\"async\" src=\"http:\/\/ae01.alicdn.com\/kf\/HTB1wstCqxGYBuNjy0Fnq6x5lpXa0.jpg\" width=\"1000\" height=\"1342\"><img decoding=\"async\" src=\"http:\/\/ae01.alicdn.com\/kf\/HTB1ouAOqXOWBuNjy0Fiq6xFxVXaV.jpg\"><img decoding=\"async\" src=\"http:\/\/ae01.alicdn.com\/kf\/HTB1mRQ6qb1YBuNjSszhq6AUsFXaR.jpg\"><img decoding=\"async\" src=\"http:\/\/ae01.alicdn.com\/kf\/HTB1nJwSqf9TBuNjy1zbq6xpepXaI.jpg\"><\/p>\n<\/div>\n<\/div>\n<p>&nbsp;<\/p>\n","protected":false},"excerpt":{"rendered":"<p>Ta bezprzewodowa \u0142adowarka 2 w 1 to idealne rozwi\u0105zanie do jednoczesnego \u0142adowania smartfona i s\u0142uchawek. Dzi\u0119ki szybkiej pr\u0119dko\u015bci \u0142adowania do 15 W dla iPhone&#8217;\u00f3w i do 15 W dla urz\u0105dze\u0144 Samsung Galaxy, ta podstawka \u0142aduj\u0105ca oferuje skuteczny spos\u00f3b, aby zawsze mie\u0107 gotowe urz\u0105dzenia. Jak u\u017cywa\u0107: \u0141adowanie telefonu: Umie\u015b\u0107 kompatybilny smartfon (iPhone lub Samsung Galaxy) na [&hellip;]<\/p>\n","protected":false},"featured_media":13049,"comment_status":"open","ping_status":"closed","template":"","meta":{"_seopress_robots_primary_cat":"none","_seopress_titles_title":"Bezprzewodowa \u0142adowarka 2 w 1 o mocy 30 W - szybka \u0142adowarka do iPhone'a i Samsunga | z diod\u0105 LED i uchwytem","_seopress_titles_desc":"Bezprzewodowa \u0142adowarka 2 w 1 o mocy 30 W umo\u017cliwia jednoczesne \u0142adowanie iPhone'a, Samsunga Galaxy i s\u0142uchawek AirPods. Szybkie \u0142adowanie, wska\u017anik LED, uchwyt i kompleksowa ochrona urz\u0105dzenia. Odkryj j\u0105 ju\u017c teraz!  ","_seopress_robots_index":"","googlesitekit_rrm_CAowz76iDA:productID":""},"product_brand":[],"product_cat":[2305],"product_tag":[],"class_list":{"0":"post-13143","1":"product","2":"type-product","3":"status-publish","4":"has-post-thumbnail","6":"product_cat-elektronika-pl","8":"first","9":"instock","10":"sale","11":"taxable","12":"shipping-taxable","13":"purchasable","14":"product-type-variable"},"_links":{"self":[{"href":"https:\/\/linkmarkt.eu\/pl\/wp-json\/wp\/v2\/product\/13143","targetHints":{"allow":["GET"]}}],"collection":[{"href":"https:\/\/linkmarkt.eu\/pl\/wp-json\/wp\/v2\/product"}],"about":[{"href":"https:\/\/linkmarkt.eu\/pl\/wp-json\/wp\/v2\/types\/product"}],"replies":[{"embeddable":true,"href":"https:\/\/linkmarkt.eu\/pl\/wp-json\/wp\/v2\/comments?post=13143"}],"version-history":[{"count":0,"href":"https:\/\/linkmarkt.eu\/pl\/wp-json\/wp\/v2\/product\/13143\/revisions"}],"wp:featuredmedia":[{"embeddable":true,"href":"https:\/\/linkmarkt.eu\/pl\/wp-json\/wp\/v2\/media\/13049"}],"wp:attachment":[{"href":"https:\/\/linkmarkt.eu\/pl\/wp-json\/wp\/v2\/media?parent=13143"}],"wp:term":[{"taxonomy":"product_brand","embeddable":true,"href":"https:\/\/linkmarkt.eu\/pl\/wp-json\/wp\/v2\/product_brand?post=13143"},{"taxonomy":"product_cat","embeddable":true,"href":"https:\/\/linkmarkt.eu\/pl\/wp-json\/wp\/v2\/product_cat?post=13143"},{"taxonomy":"product_tag","embeddable":true,"href":"https:\/\/linkmarkt.eu\/pl\/wp-json\/wp\/v2\/product_tag?post=13143"}],"curies":[{"name":"wp","href":"https:\/\/api.w.org\/{rel}","templated":true}]}}