{"id":13158,"date":"2025-05-25T09:10:30","date_gmt":"2025-05-25T07:10:30","guid":{"rendered":"https:\/\/linkmarkt.eu\/product\/portfel-meski-joyir-wykonany-ze-skory-naturalnej-dlugi-portfel-w-stylu-vintage-z-zamkiem-blyskawicznym-kieszeniami-na-karty-i-kieszenia-na-monety\/"},"modified":"2025-05-25T09:10:30","modified_gmt":"2025-05-25T07:10:30","slug":"portfel-meski-joyir-wykonany-ze-skory-naturalnej-dlugi-portfel-w-stylu-vintage-z-zamkiem-blyskawicznym-kieszeniami-na-karty-i-kieszenia-na-monety","status":"publish","type":"product","link":"https:\/\/linkmarkt.eu\/pl\/product\/portfel-meski-joyir-wykonany-ze-skory-naturalnej-dlugi-portfel-w-stylu-vintage-z-zamkiem-blyskawicznym-kieszeniami-na-karty-i-kieszenia-na-monety\/","title":{"rendered":"Portfel m\u0119ski JOYIR wykonany ze sk\u00f3ry naturalnej &#8211; d\u0142ugi portfel w stylu vintage z zamkiem b\u0142yskawicznym, kieszeniami na karty i kieszeni\u0105 na monety."},"content":{"rendered":"<p data-start=\"252\" data-end=\"594\">Portfel m\u0119ski JOYIR to stylowy i praktyczny wyb\u00f3r do codziennego u\u017cytku. Wykonany z wysokiej jako\u015bci sk\u00f3ry bydl\u0119cej, \u0142\u0105czy w sobie klasyczn\u0105 elegancj\u0119 z nowoczesn\u0105 funkcjonalno\u015bci\u0105. Dzi\u0119ki wzornictwu w stylu vintage, wielu kieszeniom na karty, kieszeni na monety i przegrodzie na zamek b\u0142yskawiczny, oferuje mn\u00f3stwo miejsca na got\u00f3wk\u0119, karty, telefon kom\u00f3rkowy i dow\u00f3d osobisty.  <\/p>\n<p data-start=\"596\" data-end=\"611\"><strong data-start=\"596\" data-end=\"611\">Najwa\u017cniejsze wydarzenia:<\/strong><\/p>\n<ul data-start=\"613\" data-end=\"1147\">\n<li data-start=\"613\" data-end=\"715\">\n<p data-start=\"615\" data-end=\"715\"><strong data-start=\"615\" data-end=\"637\">Prawdziwa sk\u00f3ra bydl\u0119ca:<\/strong> mi\u0119kka, trwa\u0142a i stylowa &#8211; z czasem nabiera pi\u0119knej patyny.<\/p>\n<\/li>\n<li data-start=\"716\" data-end=\"828\">\n<p data-start=\"718\" data-end=\"828\"><strong data-start=\"718\" data-end=\"736\">Mn\u00f3stwo miejsca do przechowywania:<\/strong> zawiera kiesze\u0144 na monety, kiesze\u0144 na telefon kom\u00f3rkowy, uchwyt na karty, kiesze\u0144 na zdj\u0119cia, zamek b\u0142yskawiczny i wsuwane kieszenie.<\/p>\n<\/li>\n<li data-start=\"829\" data-end=\"935\">\n<p data-start=\"831\" data-end=\"935\"><strong data-start=\"831\" data-end=\"859\">Bezpieczne zapi\u0119cie na zamek b\u0142yskawiczny:<\/strong> Przechowuje wszystko bezpiecznie, idealny w podr\u00f3\u017cy lub do codziennego u\u017cytku.<\/p>\n<\/li>\n<li data-start=\"936\" data-end=\"1044\">\n<p data-start=\"938\" data-end=\"1044\"><strong data-start=\"938\" data-end=\"957\">Vintage design:<\/strong> ponadczasowy wygl\u0105d w r\u00f3\u017cnych kolorach: Br\u0105zowy, ciemnobr\u0105zowy, zielony, niebieski, czarny.<\/p>\n<\/li>\n<li data-start=\"1045\" data-end=\"1147\">\n<p data-start=\"1047\" data-end=\"1147\"><strong data-start=\"1047\" data-end=\"1065\">Kompaktowe wymiary:<\/strong> 18 cm d\u0142ugo\u015bci x 9 cm wysoko\u015bci x 1,5 cm szeroko\u015bci &#8211; idealny jako kopert\u00f3wka lub codzienny towarzysz.<\/p>\n<\/li>\n<\/ul>\n<div class=\"detailmodule_dynamic\"><\/div>\n<div class=\"detailmodule_image\"><img decoding=\"async\" class=\"detail-desc-decorate-image\" src=\"https:\/\/ae01.alicdn.com\/kf\/H1af2ec3594c84afd9a0bcae36e8f2c68d.jpg\"><\/div>\n<div class=\"detailmodule_text\">\n<p class=\"detail-desc-decorate-content\" style=\"font-family: OpenSans; font-size: 14px; font-weight: 300; line-height: 20px; margin-bottom: 12px;\">Witamy w sklepie VERBIND<br \/>\nNasza firma jest profesjonalnym producentem wyrob\u00f3w sk\u00f3rzanych, takich jak torby i portfele m\u0119skie, torby i portfele damskie, etui na karty, etui na klucze itp. Obiecujemy 100% oryginalnej \/ oryginalnej sk\u00f3ry i mo\u017cemy zaakceptowa\u0107 sprzeda\u017c detaliczn\u0105, hurtow\u0105 i drop shipping. Zapraszamy do zakupu!<\/p>\n<\/div>\n<div class=\"detailmodule_image\"><img decoding=\"async\" class=\"detail-desc-decorate-image\" src=\"https:\/\/ae01.alicdn.com\/kf\/HTB1vW0Rl9cqBKNjSZFgq6x_kXXaY.jpg\"><\/div>\n<div class=\"detailmodule_image\"><img decoding=\"async\" class=\"detail-desc-decorate-image\" src=\"https:\/\/ae01.alicdn.com\/kf\/HTB1JKE_lRsmBKNjSZFFq6AT9VXas.jpg\"><\/div>\n<div class=\"detailmodule_image\"><img decoding=\"async\" class=\"detail-desc-decorate-image\" src=\"https:\/\/ae01.alicdn.com\/kf\/HTB1tywQlQomBKNjSZFqq6xtqVXan.jpg\"><\/div>\n<div class=\"detailmodule_image\"><img decoding=\"async\" class=\"detail-desc-decorate-image\" src=\"https:\/\/ae01.alicdn.com\/kf\/HTB1SORtl_qWBKNjSZFxq6ApLpXai.jpg\"><\/div>\n<div class=\"detailmodule_image\"><img decoding=\"async\" class=\"detail-desc-decorate-image\" src=\"https:\/\/ae01.alicdn.com\/kf\/HTB1TkDldib.BuNjt_jDq6zOzpXaq.jpg\"><\/div>\n<div class=\"detailmodule_image\"><img decoding=\"async\" class=\"detail-desc-decorate-image\" src=\"https:\/\/ae01.alicdn.com\/kf\/HTB1DzJJl5MnBKNjSZFCq6x0KFXaI.jpg\"><\/div>\n<div class=\"detailmodule_image\"><img decoding=\"async\" class=\"detail-desc-decorate-image\" src=\"https:\/\/ae01.alicdn.com\/kf\/HTB1kk3hGKGSBuNjSspbq6AiipXaw.jpg\"><\/div>\n<div class=\"detailmodule_image\"><img decoding=\"async\" class=\"detail-desc-decorate-image\" src=\"https:\/\/ae01.alicdn.com\/kf\/HTB1k1ewG4WYBuNjy1zkq6xGGpXah.jpg\"><\/div>\n<div class=\"detailmodule_image\"><img decoding=\"async\" class=\"detail-desc-decorate-image\" src=\"https:\/\/ae01.alicdn.com\/kf\/HTB1OyGJlIUrBKNjSZPxq6x00pXaf.jpg\"><\/div>\n<div class=\"detailmodule_image\"><img decoding=\"async\" class=\"detail-desc-decorate-image\" src=\"https:\/\/ae01.alicdn.com\/kf\/HTB1KEL9XMZupeRjt_jqq6AfAFXaB.jpg\"><\/div>\n<div class=\"detailmodule_image\"><img decoding=\"async\" class=\"detail-desc-decorate-image\" src=\"https:\/\/ae01.alicdn.com\/kf\/HTB1C50Gl8jTBKNjSZFuq6z0HFXan.jpg\"><\/div>\n<div class=\"detailmodule_image\"><img decoding=\"async\" class=\"detail-desc-decorate-image\" src=\"https:\/\/ae01.alicdn.com\/kf\/HTB1rOaOdhUaBuNjt_iGq6xlkFXaN.jpg\"><\/div>\n<div class=\"detailmodule_image\"><img decoding=\"async\" class=\"detail-desc-decorate-image\" src=\"https:\/\/ae01.alicdn.com\/kf\/HTB1GbBRl9cqBKNjSZFgq6x_kXXam.jpg\"><\/div>\n<div class=\"detailmodule_image\"><img decoding=\"async\" class=\"detail-desc-decorate-image\" src=\"https:\/\/ae01.alicdn.com\/kf\/HTB1BiaOdhUaBuNjt_iGq6xlkFXav.jpg\"><\/div>\n<div class=\"detailmodule_image\"><img decoding=\"async\" class=\"detail-desc-decorate-image\" src=\"https:\/\/ae01.alicdn.com\/kf\/HTB1kM8vlYZnBKNjSZFhq6A.oXXaP.jpg\"><\/div>\n<div class=\"detailmodule_image\"><img decoding=\"async\" class=\"detail-desc-decorate-image\" src=\"https:\/\/ae01.alicdn.com\/kf\/HTB1r9lblYZnBKNjSZFGq6zt3FXaz.jpg\"><\/div>\n<div class=\"detailmodule_image\"><img decoding=\"async\" class=\"detail-desc-decorate-image\" src=\"https:\/\/ae01.alicdn.com\/kf\/HTB1Ug6YysuYBuNkSmRyq6AA3pXau.jpg\"><\/div>\n<div class=\"detailmodule_image\"><img decoding=\"async\" class=\"detail-desc-decorate-image\" src=\"https:\/\/ae01.alicdn.com\/kf\/HTB1GNewG4WYBuNjy1zkq6xGGpXaD.jpg\"><\/div>\n<div class=\"detailmodule_image\"><img decoding=\"async\" class=\"detail-desc-decorate-image\" src=\"https:\/\/ae01.alicdn.com\/kf\/HTB1N3lhl8smBKNjSZFsq6yXSVXaN.jpg\"><\/div>\n<div class=\"detailmodule_image\"><img decoding=\"async\" class=\"detail-desc-decorate-image\" src=\"https:\/\/ae01.alicdn.com\/kf\/HTB1xz3QlQomBKNjSZFqq6xtqVXam.jpg\"><\/div>\n<div class=\"detailmodule_image\"><img decoding=\"async\" class=\"detail-desc-decorate-image\" src=\"https:\/\/ae01.alicdn.com\/kf\/HTB1uK4al8jTBKNjSZFDq6zVgVXaN.jpg\"><\/div>\n<p>&nbsp;<\/p>\n","protected":false},"excerpt":{"rendered":"<p>Portfel m\u0119ski JOYIR to stylowy i praktyczny wyb\u00f3r do codziennego u\u017cytku. Wykonany z wysokiej jako\u015bci sk\u00f3ry bydl\u0119cej, \u0142\u0105czy w sobie klasyczn\u0105 elegancj\u0119 z nowoczesn\u0105 funkcjonalno\u015bci\u0105. Dzi\u0119ki wzornictwu w stylu vintage, wielu kieszeniom na karty, kieszeni na monety i przegrodzie na zamek b\u0142yskawiczny, oferuje mn\u00f3stwo miejsca na got\u00f3wk\u0119, karty, telefon kom\u00f3rkowy i dow\u00f3d osobisty. Najwa\u017cniejsze wydarzenia: [&hellip;]<\/p>\n","protected":false},"featured_media":12995,"comment_status":"open","ping_status":"closed","template":"","meta":{"_seopress_robots_primary_cat":"none","_seopress_titles_title":"Portfel m\u0119ski JOYIR wykonany ze sk\u00f3ry naturalnej - d\u0142ugi portfel w stylu vintage z kieszeniami na karty i monety","_seopress_titles_desc":"Odkryj m\u0119ski portfel JOYIR wykonany z prawdziwej sk\u00f3ry bydl\u0119cej. Styl vintage, wiele przegr\u00f3dek, bezpieczne zapi\u0119cie na zamek b\u0142yskawiczny - idealny na co dzie\u0144 i w podr\u00f3\u017cy. Sprawd\u017a ju\u017c teraz!  ","_seopress_robots_index":"","googlesitekit_rrm_CAowz76iDA:productID":""},"product_brand":[],"product_cat":[2356,2357],"product_tag":[],"class_list":{"0":"post-13158","1":"product","2":"type-product","3":"status-publish","4":"has-post-thumbnail","6":"product_cat-akcesoria-modowe","7":"product_cat-portfele-meskie","9":"first","10":"instock","11":"sale","12":"taxable","13":"shipping-taxable","14":"purchasable","15":"product-type-variable"},"_links":{"self":[{"href":"https:\/\/linkmarkt.eu\/pl\/wp-json\/wp\/v2\/product\/13158","targetHints":{"allow":["GET"]}}],"collection":[{"href":"https:\/\/linkmarkt.eu\/pl\/wp-json\/wp\/v2\/product"}],"about":[{"href":"https:\/\/linkmarkt.eu\/pl\/wp-json\/wp\/v2\/types\/product"}],"replies":[{"embeddable":true,"href":"https:\/\/linkmarkt.eu\/pl\/wp-json\/wp\/v2\/comments?post=13158"}],"version-history":[{"count":0,"href":"https:\/\/linkmarkt.eu\/pl\/wp-json\/wp\/v2\/product\/13158\/revisions"}],"wp:featuredmedia":[{"embeddable":true,"href":"https:\/\/linkmarkt.eu\/pl\/wp-json\/wp\/v2\/media\/12995"}],"wp:attachment":[{"href":"https:\/\/linkmarkt.eu\/pl\/wp-json\/wp\/v2\/media?parent=13158"}],"wp:term":[{"taxonomy":"product_brand","embeddable":true,"href":"https:\/\/linkmarkt.eu\/pl\/wp-json\/wp\/v2\/product_brand?post=13158"},{"taxonomy":"product_cat","embeddable":true,"href":"https:\/\/linkmarkt.eu\/pl\/wp-json\/wp\/v2\/product_cat?post=13158"},{"taxonomy":"product_tag","embeddable":true,"href":"https:\/\/linkmarkt.eu\/pl\/wp-json\/wp\/v2\/product_tag?post=13158"}],"curies":[{"name":"wp","href":"https:\/\/api.w.org\/{rel}","templated":true}]}}