{"id":13166,"date":"2025-05-25T09:07:55","date_gmt":"2025-05-25T07:07:55","guid":{"rendered":"https:\/\/linkmarkt.eu\/product\/%f0%9f%92%84-duza-kosmetyczka-damska-profesjonalna-torba-podrozna-na-akcesoria-do-makijazu\/"},"modified":"2025-05-25T09:07:55","modified_gmt":"2025-05-25T07:07:55","slug":"%f0%9f%92%84-duza-kosmetyczka-damska-profesjonalna-torba-podrozna-na-akcesoria-do-makijazu","status":"publish","type":"product","link":"https:\/\/linkmarkt.eu\/pl\/product\/%f0%9f%92%84-duza-kosmetyczka-damska-profesjonalna-torba-podrozna-na-akcesoria-do-makijazu\/","title":{"rendered":"\ud83d\udc84 Du\u017ca kosmetyczka damska &#8211; profesjonalna torba podr\u00f3\u017cna na akcesoria do makija\u017cu."},"content":{"rendered":"<p data-start=\"250\" data-end=\"532\">Ta nowo zmodernizowana kosmetyczka o du\u017cej pojemno\u015bci jest idealnym towarzyszem podr\u00f3\u017cy. Wykonana z wytrzyma\u0142ego materia\u0142u Oxford, oferuje mn\u00f3stwo miejsca na kosmetyki do makija\u017cu, produkty piel\u0119gnacyjne, p\u0119dzle i akcesoria &#8211; idealna w podr\u00f3\u017cy, na wakacjach lub do u\u017cytku profesjonalnego. <\/p>\n<p data-start=\"534\" data-end=\"547\"><strong data-start=\"534\" data-end=\"547\">Cechy:<\/strong><\/p>\n<ul data-start=\"549\" data-end=\"1052\">\n<li data-start=\"549\" data-end=\"645\">\n<p data-start=\"551\" data-end=\"645\"><strong data-start=\"551\" data-end=\"571\">Du\u017ca pojemno\u015b\u0107:<\/strong> du\u017co miejsca do przechowywania kosmetyk\u00f3w do makija\u017cu, produkt\u00f3w piel\u0119gnacyjnych, bi\u017cuterii lub przedmiot\u00f3w podr\u00f3\u017cnych<\/p>\n<\/li>\n<li data-start=\"646\" data-end=\"758\">\n<p data-start=\"648\" data-end=\"758\"><strong data-start=\"648\" data-end=\"679\">Wytrzyma\u0142y materia\u0142:<\/strong> Wytrzyma\u0142a tkanina Oxford chroni zawarto\u015b\u0107 przed wilgoci\u0105 i brudem.<\/p>\n<\/li>\n<li data-start=\"759\" data-end=\"864\">\n<p data-start=\"761\" data-end=\"864\"><strong data-start=\"761\" data-end=\"784\">Praktyczna konstrukcja:<\/strong> kszta\u0142t pude\u0142ka z zamkiem b\u0142yskawicznym dla przejrzysto\u015bci i szybkiego dost\u0119pu<\/p>\n<\/li>\n<li data-start=\"865\" data-end=\"963\">\n<p data-start=\"867\" data-end=\"963\"><strong data-start=\"867\" data-end=\"893\">Wszechstronny:<\/strong> idealny do codziennego u\u017cytku, podr\u00f3\u017cy, pracy lub jako prezent<\/p>\n<\/li>\n<li data-start=\"964\" data-end=\"1052\">\n<p data-start=\"966\" data-end=\"1052\"><strong data-start=\"966\" data-end=\"984\">Kolory i styl:<\/strong> Prosty, monochromatyczny design w swobodnym stylu &#8211; pasuje do ka\u017cdej stylizacji<\/p>\n<\/li>\n<\/ul>\n<div class=\"detailmodule_html\">\n<div class=\"detail-desc-decorate-richtext\">\n<div class=\"detailmodule_html\">\n<div class=\"detail-desc-decorate-richtext\">\n<div><\/div>\n<\/div>\n<\/div>\n<p><img fetchpriority=\"high\" decoding=\"async\" src=\"https:\/\/ae01.alicdn.com\/kf\/H1e23f83c283040198ec4fba64a3821956.jpg\" width=\"800\" height=\"292\"><\/p>\n<div><\/div>\n<p><img decoding=\"async\" src=\"https:\/\/ae01.alicdn.com\/kf\/H8e5d3503514e4edcb08b5c9b45eef8f7O.jpg\" width=\"800\" height=\"291\"><\/p>\n<div><\/div>\n<div><img decoding=\"async\" src=\"https:\/\/ae01.alicdn.com\/kf\/S9dcdc3c6cc8a434da5083fe4be78c94an.jpg\" width=\"800\" height=\"639\"><\/div>\n<h2>Uwaga:<br \/>\n1. sprzedawane s\u0105 tylko torby (makija\u017c na wy\u015bwietlaczu nie jest wliczony w cen\u0119).<br \/>\n2. rozmiar: pomiar r\u0119czny, dopuszczalny b\u0142\u0105d 1-2 cm.<br \/>\n3. rozmiar XS to bardzo ma\u0142y rozmiar (XS = bardzo ma\u0142y) \uff0c i bez paska na rami\u0119.<br \/>\n4. ma\u0142y rozmiar ma pasek na rami\u0119, ale nie mo\u017cna go umie\u015bci\u0107 w baga\u017cniku.<br \/>\n5. rozmiar M \/ L ma pasek na rami\u0119 i mo\u017cna go umie\u015bci\u0107 w baga\u017cniku.<\/h2>\n<p><img decoding=\"async\" src=\"https:\/\/ae01.alicdn.com\/kf\/Sd2659f34bdd741f394f85a201ba2c3cfD.jpg\"><\/p>\n<p><img decoding=\"async\" src=\"https:\/\/ae01.alicdn.com\/kf\/Hb48c78310306403499db3efbee3e9d2eH.jpg\"><img decoding=\"async\" src=\"https:\/\/ae01.alicdn.com\/kf\/S8216d1ecc47f42bc9f59fe8279740554g.jpg\"><img decoding=\"async\" src=\"https:\/\/ae01.alicdn.com\/kf\/H692008db3ce746ec9329cde5a6182990Z.jpg\"><\/p>\n<div><\/div>\n<p><img decoding=\"async\" src=\"https:\/\/ae01.alicdn.com\/kf\/Sc4cb60f5bffd4e058c2d34ec0e99976e2.jpg\"><img decoding=\"async\" src=\"https:\/\/ae01.alicdn.com\/kf\/Sf0289198ae51411a9ae3ce12a0ce48c0G.jpg\"><\/p>\n<div><\/div>\n<p><img decoding=\"async\" src=\"https:\/\/ae01.alicdn.com\/kf\/Sd457e5b004354773acbf46a63f0bf7d1H.jpg\"><img decoding=\"async\" src=\"https:\/\/ae01.alicdn.com\/kf\/Sa4e6bbe570594fd294de6e606e5a0064u.jpg\"><\/p>\n<div><\/div>\n<p><img decoding=\"async\" src=\"https:\/\/ae01.alicdn.com\/kf\/Sbd8026ed805a4b30b3d40d87636df88c8.jpg\"><img decoding=\"async\" src=\"https:\/\/ae01.alicdn.com\/kf\/S9c60bb258e534cc4b2bca506f3a1d2650.jpg\"><\/p>\n<div><\/div>\n<p><img decoding=\"async\" src=\"https:\/\/ae01.alicdn.com\/kf\/H89118bb933a545be87cfe7f74afe2820v.jpg\"><img decoding=\"async\" src=\"https:\/\/ae01.alicdn.com\/kf\/Ha65660d40a0e468db6f825ddcd6d6025e.jpg\"><\/p>\n<p><img decoding=\"async\" src=\"https:\/\/ae01.alicdn.com\/kf\/S8bfa34efe8af4a509e2cc20b9fdf7d3b4.jpg\"><img decoding=\"async\" src=\"https:\/\/ae01.alicdn.com\/kf\/S542b1907cc764ca08d410c8f8146d4aez.jpg\"><img decoding=\"async\" src=\"https:\/\/ae01.alicdn.com\/kf\/S6aca9af4a4844783a7c25d82b1550a07y.jpg\"><img decoding=\"async\" src=\"https:\/\/ae01.alicdn.com\/kf\/Sba518cff862b4c23823e69d731d37323Z.jpg\"><\/p>\n<div><\/div>\n<div><\/div>\n<div><\/div>\n<p><img decoding=\"async\" src=\"https:\/\/ae01.alicdn.com\/kf\/Sa69b18e49e164f26916191d76837fe36W.jpg\"><img decoding=\"async\" src=\"https:\/\/ae01.alicdn.com\/kf\/Sf9f998172d53402fa59a6bc1f4e6adeaE.jpg\"><img decoding=\"async\" src=\"https:\/\/ae01.alicdn.com\/kf\/S06cda8643df44e82957ccfdf776b30a78.jpg\"><\/p>\n<div><\/div>\n<p><img decoding=\"async\" src=\"https:\/\/ae01.alicdn.com\/kf\/Hda1cd7cf14834bd994c00d21b271e7a86.jpg\"><\/p>\n<p><img decoding=\"async\" src=\"https:\/\/ae01.alicdn.com\/kf\/Hcc237812b4df434f8f3ffa34e502a301R.jpg\"><img decoding=\"async\" src=\"https:\/\/ae01.alicdn.com\/kf\/Sbcb1f803bbd54b6a942d178c4915c7d35.jpg\"><img decoding=\"async\" src=\"https:\/\/ae01.alicdn.com\/kf\/Sece731b2bb6b4a6bbe6299973c1aba48q.jpg\"><\/p>\n<div><\/div>\n<p><img loading=\"lazy\" decoding=\"async\" src=\"https:\/\/ae01.alicdn.com\/kf\/H15d3a0f628084a0fbc6b1f67abc1e643V.jpg\" width=\"800\" height=\"391\"><\/p>\n<div><\/div>\n<p><img loading=\"lazy\" decoding=\"async\" src=\"https:\/\/ae01.alicdn.com\/kf\/Sa08697f5e47d49089273b7af9c4469fea.jpg\" width=\"800\" height=\"639\"><\/p>\n<div><\/div>\n<\/div>\n<\/div>\n<p>&nbsp;<\/p>\n","protected":false},"excerpt":{"rendered":"<p>Ta nowo zmodernizowana kosmetyczka o du\u017cej pojemno\u015bci jest idealnym towarzyszem podr\u00f3\u017cy. Wykonana z wytrzyma\u0142ego materia\u0142u Oxford, oferuje mn\u00f3stwo miejsca na kosmetyki do makija\u017cu, produkty piel\u0119gnacyjne, p\u0119dzle i akcesoria &#8211; idealna w podr\u00f3\u017cy, na wakacjach lub do u\u017cytku profesjonalnego. Cechy: Du\u017ca pojemno\u015b\u0107: du\u017co miejsca do przechowywania kosmetyk\u00f3w do makija\u017cu, produkt\u00f3w piel\u0119gnacyjnych, bi\u017cuterii lub przedmiot\u00f3w podr\u00f3\u017cnych Wytrzyma\u0142y [&hellip;]<\/p>\n","protected":false},"featured_media":12907,"comment_status":"open","ping_status":"closed","template":"","meta":{"_seopress_robots_primary_cat":"none","_seopress_titles_title":"Du\u017ca kosmetyczka dla kobiet - podr\u00f3\u017cna kosmetyczka z zamkiem b\u0142yskawicznym i du\u017c\u0105 ilo\u015bci\u0105 miejsca do przechowywania.","_seopress_titles_desc":"Odkryj now\u0105 profesjonaln\u0105 kosmetyczk\u0119 dla kobiet z du\u017c\u0105 ilo\u015bci\u0105 miejsca na produkty do makija\u017cu i piel\u0119gnacji. Idealna w podr\u00f3\u017cy i do codziennego u\u017cytku. Wytrzyma\u0142y materia\u0142 Oxford - zobacz teraz!  ","_seopress_robots_index":"","googlesitekit_rrm_CAowz76iDA:productID":""},"product_brand":[],"product_cat":[2361,2360],"product_tag":[],"class_list":{"0":"post-13166","1":"product","2":"type-product","3":"status-publish","4":"has-post-thumbnail","6":"product_cat-torby-kosmetyczne","7":"product_cat-uroda-i-pielegnacja-pl","9":"first","10":"instock","11":"sale","12":"taxable","13":"shipping-taxable","14":"purchasable","15":"product-type-variable"},"_links":{"self":[{"href":"https:\/\/linkmarkt.eu\/pl\/wp-json\/wp\/v2\/product\/13166","targetHints":{"allow":["GET"]}}],"collection":[{"href":"https:\/\/linkmarkt.eu\/pl\/wp-json\/wp\/v2\/product"}],"about":[{"href":"https:\/\/linkmarkt.eu\/pl\/wp-json\/wp\/v2\/types\/product"}],"replies":[{"embeddable":true,"href":"https:\/\/linkmarkt.eu\/pl\/wp-json\/wp\/v2\/comments?post=13166"}],"version-history":[{"count":0,"href":"https:\/\/linkmarkt.eu\/pl\/wp-json\/wp\/v2\/product\/13166\/revisions"}],"wp:featuredmedia":[{"embeddable":true,"href":"https:\/\/linkmarkt.eu\/pl\/wp-json\/wp\/v2\/media\/12907"}],"wp:attachment":[{"href":"https:\/\/linkmarkt.eu\/pl\/wp-json\/wp\/v2\/media?parent=13166"}],"wp:term":[{"taxonomy":"product_brand","embeddable":true,"href":"https:\/\/linkmarkt.eu\/pl\/wp-json\/wp\/v2\/product_brand?post=13166"},{"taxonomy":"product_cat","embeddable":true,"href":"https:\/\/linkmarkt.eu\/pl\/wp-json\/wp\/v2\/product_cat?post=13166"},{"taxonomy":"product_tag","embeddable":true,"href":"https:\/\/linkmarkt.eu\/pl\/wp-json\/wp\/v2\/product_tag?post=13166"}],"curies":[{"name":"wp","href":"https:\/\/api.w.org\/{rel}","templated":true}]}}