{"id":13207,"date":"2025-05-25T09:06:29","date_gmt":"2025-05-25T07:06:29","guid":{"rendered":"https:\/\/linkmarkt.eu\/product\/%f0%9f%8c%bf-bioaqua-3-czesciowy-zestaw-do-pielegnacji-twarzy-przeciwtradzikowy-poprawiajacy-pory-i-nawilzajacy\/"},"modified":"2025-05-25T09:06:29","modified_gmt":"2025-05-25T07:06:29","slug":"%f0%9f%8c%bf-bioaqua-3-czesciowy-zestaw-do-pielegnacji-twarzy-przeciwtradzikowy-poprawiajacy-pory-i-nawilzajacy","status":"publish","type":"product","link":"https:\/\/linkmarkt.eu\/pl\/product\/%f0%9f%8c%bf-bioaqua-3-czesciowy-zestaw-do-pielegnacji-twarzy-przeciwtradzikowy-poprawiajacy-pory-i-nawilzajacy\/","title":{"rendered":"\ud83c\udf3f BIOAQUA 3-cz\u0119\u015bciowy zestaw do piel\u0119gnacji twarzy &#8211; przeciwtr\u0105dzikowy, poprawiaj\u0105cy pory i nawil\u017caj\u0105cy."},"content":{"rendered":"<div class=\"detailmodule_html\">\n<div class=\"detail-desc-decorate-richtext\">\n<div>\n<div>\n<p data-start=\"273\" data-end=\"610\">Zestaw do piel\u0119gnacji sk\u00f3ry BIOAQUA zawiera trzy starannie dobrane produkty do oczyszczania, od\u017cywiania i regeneracji sk\u00f3ry twarzy. Po\u0142\u0105czenie produktu do oczyszczania twarzy, serum i kremu do twarzy pomaga kontrolowa\u0107 nadmiar sebum, redukowa\u0107 zanieczyszczenia i widocznie uj\u0119drnia\u0107 sk\u00f3r\u0119 &#8211; dla \u015bwie\u017cej, czystej cery. <\/p>\n<p data-start=\"612\" data-end=\"632\"><strong data-start=\"612\" data-end=\"632\">Zawarto\u015b\u0107 zestawu:<\/strong><\/p>\n<ul data-start=\"634\" data-end=\"890\">\n<li data-start=\"634\" data-end=\"722\">\n<p data-start=\"636\" data-end=\"722\"><strong data-start=\"636\" data-end=\"667\">1x p\u0142yn do mycia twarzy (100 g)<\/strong> &#8211; oczyszcza g\u0142\u0119boko pory i usuwa nadmiar sebum<\/p>\n<\/li>\n<li data-start=\"723\" data-end=\"807\">\n<p data-start=\"725\" data-end=\"807\"><strong data-start=\"725\" data-end=\"744\">1x serum (30 g)<\/strong> &#8211; \u0142agodzi sk\u00f3r\u0119, zmniejsza tr\u0105dzik i nawil\u017ca<\/p>\n<\/li>\n<li data-start=\"808\" data-end=\"890\">\n<p data-start=\"810\" data-end=\"890\"><strong data-start=\"810\" data-end=\"837\">1x krem do twarzy (30 g)<\/strong> &#8211; intensywnie od\u017cywia i poprawia elastyczno\u015b\u0107 sk\u00f3ry<\/p>\n<\/li>\n<\/ul>\n<p data-start=\"892\" data-end=\"905\"><strong data-start=\"892\" data-end=\"905\">Zalety:<\/strong><\/p>\n<ul data-start=\"907\" data-end=\"1061\">\n<li data-start=\"907\" data-end=\"945\">\n<p data-start=\"909\" data-end=\"945\">Idealny dla sk\u00f3ry t\u0142ustej i z przebarwieniami<\/p>\n<\/li>\n<li data-start=\"946\" data-end=\"989\">\n<p data-start=\"948\" data-end=\"989\">Unisex &#8211; odpowiedni dla kobiet i m\u0119\u017cczyzn<\/p>\n<\/li>\n<li data-start=\"990\" data-end=\"1027\">\n<p data-start=\"992\" data-end=\"1027\">Nawil\u017canie i uj\u0119drnianie<\/p>\n<\/li>\n<li data-start=\"1028\" data-end=\"1061\">\n<p data-start=\"1030\" data-end=\"1061\">Do codziennej piel\u0119gnacji twarzy<\/p>\n<\/li>\n<\/ul>\n<p data-start=\"1063\" data-end=\"1203\"><strong data-start=\"1063\" data-end=\"1077\">Stosowanie:<\/strong><br data-start=\"1077\" data-end=\"1080\">Stosowa\u0107 rano i wieczorem: najpierw oczy\u015bci\u0107 twarz, nast\u0119pnie na\u0142o\u017cy\u0107 serum i zako\u0144czy\u0107 kremem.<\/p>\n<\/div>\n<p>&nbsp;<\/p>\n<p>&nbsp;<\/p>\n<p>&nbsp;<\/p>\n<p>&nbsp;<\/p>\n<p>&nbsp;<\/p>\n<p>&nbsp;<\/p>\n<p>&nbsp;<\/p>\n<p>&nbsp;<\/p>\n<p>&nbsp;<\/p>\n<p>&nbsp;<\/p>\n<p>&nbsp;<\/p>\n<p>&nbsp;<\/p>\n<p>&nbsp;<\/p>\n<p>&nbsp;<\/p>\n<p>&nbsp;<\/p>\n<p>&nbsp;<\/p>\n<p>&nbsp;<\/p>\n<p>&nbsp;<\/p>\n<p><img decoding=\"async\" style=\"width: 790px;\" src=\"https:\/\/ae01.alicdn.com\/kf\/S2cab510a8c9a429cb5c836ef85ea27e42.jpg\" width=\"790px\" data-src=\"https:\/\/ae01.alicdn.com\/kf\/S2cab510a8c9a429cb5c836ef85ea27e42.jpg\"><\/p>\n<p><img decoding=\"async\" style=\"width: 790px;\" src=\"https:\/\/ae01.alicdn.com\/kf\/S838616ca10e64af580952ccdbcf70463o.jpg\" width=\"790px\" data-src=\"https:\/\/ae01.alicdn.com\/kf\/S838616ca10e64af580952ccdbcf70463o.jpg\"><\/p>\n<p><img decoding=\"async\" style=\"width: 790px;\" src=\"https:\/\/ae01.alicdn.com\/kf\/S2bd6b183b20f4d84b8fe748ed3ec4d6bL.jpg\" width=\"790px\" data-src=\"https:\/\/ae01.alicdn.com\/kf\/S2bd6b183b20f4d84b8fe748ed3ec4d6bL.jpg\"><\/p>\n<p><img decoding=\"async\" style=\"width: 790px;\" src=\"https:\/\/ae01.alicdn.com\/kf\/S9a11a15efef0481a92f832658f4179cfL.jpg\" width=\"790px\" data-src=\"https:\/\/ae01.alicdn.com\/kf\/S9a11a15efef0481a92f832658f4179cfL.jpg\"><\/p>\n<p>&nbsp;<\/p>\n<p>&nbsp;<\/p>\n<div><\/div>\n<\/div>\n<p>&nbsp;<\/p>\n<\/div>\n<\/div>\n","protected":false},"excerpt":{"rendered":"<p>Zestaw do piel\u0119gnacji sk\u00f3ry BIOAQUA zawiera trzy starannie dobrane produkty do oczyszczania, od\u017cywiania i regeneracji sk\u00f3ry twarzy. Po\u0142\u0105czenie produktu do oczyszczania twarzy, serum i kremu do twarzy pomaga kontrolowa\u0107 nadmiar sebum, redukowa\u0107 zanieczyszczenia i widocznie uj\u0119drnia\u0107 sk\u00f3r\u0119 &#8211; dla \u015bwie\u017cej, czystej cery. Zawarto\u015b\u0107 zestawu: 1x p\u0142yn do mycia twarzy (100 g) &#8211; oczyszcza g\u0142\u0119boko pory [&hellip;]<\/p>\n","protected":false},"featured_media":12891,"comment_status":"open","ping_status":"closed","template":"","meta":{"_seopress_robots_primary_cat":"none","_seopress_titles_title":"BIOAQUA 3-cz\u0119\u015bciowy zestaw do piel\u0119gnacji twarzy - przeciwtr\u0105dzikowy, kontroluj\u0105cy wydzielanie sebum i nawil\u017caj\u0105cy","_seopress_titles_desc":"Zadbaj o swoj\u0105 twarz z 3-cz\u0119\u015bciowym zestawem BIOAQUA: p\u0142yn do mycia twarzy, serum i krem - przeciw tr\u0105dzikowi, dla j\u0119drniejszej, nawil\u017conej sk\u00f3ry. Idealny dla wszystkich rodzaj\u00f3w sk\u00f3ry. ","_seopress_robots_index":"","googlesitekit_rrm_CAowz76iDA:productID":""},"product_brand":[],"product_cat":[2338,2339],"product_tag":[],"class_list":{"0":"post-13207","1":"product","2":"type-product","3":"status-publish","4":"has-post-thumbnail","6":"product_cat-kosmetyki-i-pielegnacja-ciala","7":"product_cat-oczyszczanie-twarzy","9":"first","10":"instock","11":"sale","12":"taxable","13":"shipping-taxable","14":"purchasable","15":"product-type-simple"},"_links":{"self":[{"href":"https:\/\/linkmarkt.eu\/pl\/wp-json\/wp\/v2\/product\/13207","targetHints":{"allow":["GET"]}}],"collection":[{"href":"https:\/\/linkmarkt.eu\/pl\/wp-json\/wp\/v2\/product"}],"about":[{"href":"https:\/\/linkmarkt.eu\/pl\/wp-json\/wp\/v2\/types\/product"}],"replies":[{"embeddable":true,"href":"https:\/\/linkmarkt.eu\/pl\/wp-json\/wp\/v2\/comments?post=13207"}],"version-history":[{"count":0,"href":"https:\/\/linkmarkt.eu\/pl\/wp-json\/wp\/v2\/product\/13207\/revisions"}],"wp:featuredmedia":[{"embeddable":true,"href":"https:\/\/linkmarkt.eu\/pl\/wp-json\/wp\/v2\/media\/12891"}],"wp:attachment":[{"href":"https:\/\/linkmarkt.eu\/pl\/wp-json\/wp\/v2\/media?parent=13207"}],"wp:term":[{"taxonomy":"product_brand","embeddable":true,"href":"https:\/\/linkmarkt.eu\/pl\/wp-json\/wp\/v2\/product_brand?post=13207"},{"taxonomy":"product_cat","embeddable":true,"href":"https:\/\/linkmarkt.eu\/pl\/wp-json\/wp\/v2\/product_cat?post=13207"},{"taxonomy":"product_tag","embeddable":true,"href":"https:\/\/linkmarkt.eu\/pl\/wp-json\/wp\/v2\/product_tag?post=13207"}],"curies":[{"name":"wp","href":"https:\/\/api.w.org\/{rel}","templated":true}]}}