{"id":13209,"date":"2025-05-25T09:05:53","date_gmt":"2025-05-25T07:05:53","guid":{"rendered":"https:\/\/linkmarkt.eu\/product\/%f0%9f%8c%bf-zestaw-do-pielegnacji-twarzy-sefralls-zel-oczyszczajacy-z-aloesem-olejek-z-drzewa-herbacianego-i-perlowy-krem-vc\/"},"modified":"2025-05-25T09:05:53","modified_gmt":"2025-05-25T07:05:53","slug":"%f0%9f%8c%bf-zestaw-do-pielegnacji-twarzy-sefralls-zel-oczyszczajacy-z-aloesem-olejek-z-drzewa-herbacianego-i-perlowy-krem-vc","status":"publish","type":"product","link":"https:\/\/linkmarkt.eu\/pl\/product\/%f0%9f%8c%bf-zestaw-do-pielegnacji-twarzy-sefralls-zel-oczyszczajacy-z-aloesem-olejek-z-drzewa-herbacianego-i-perlowy-krem-vc\/","title":{"rendered":"\ud83c\udf3f Zestaw do piel\u0119gnacji twarzy S\u00e9fralls &#8211; \u017cel oczyszczaj\u0105cy z aloesem, olejek z drzewa herbacianego i per\u0142owy krem VC."},"content":{"rendered":"<div class=\"detailmodule_text-image\">\n<p data-start=\"291\" data-end=\"635\">Zestaw do piel\u0119gnacji sk\u00f3ry S\u00e9fralls 3 w 1 \u0142\u0105czy naturalne sk\u0142adniki do codziennej piel\u0119gnacji sk\u00f3ry wra\u017cliwej, z niedoskona\u0142o\u015bciami i zm\u0119czonej. Z \u017celem aloesowym do delikatnego oczyszczania, olejkiem z drzewa herbacianego do leczenia tr\u0105dziku i kremem Pearl VC dla promiennej cery, zestaw ten oferuje kompletn\u0105 piel\u0119gnacj\u0119 sk\u00f3ry twarzy &#8211; nawil\u017caj\u0105c\u0105, oczyszczaj\u0105c\u0105 i rozja\u015bniaj\u0105c\u0105. <\/p>\n<p data-start=\"637\" data-end=\"658\"><strong data-start=\"637\" data-end=\"658\">W zestawie:<\/strong><\/p>\n<ul data-start=\"659\" data-end=\"917\">\n<li data-start=\"659\" data-end=\"744\">\n<p data-start=\"661\" data-end=\"744\"><strong data-start=\"661\" data-end=\"697\">Aloe Vera Cleansing Gel (98 ml):<\/strong> Delikatne oczyszczanie i nawil\u017canie.<\/p>\n<\/li>\n<li data-start=\"745\" data-end=\"814\">\n<p data-start=\"747\" data-end=\"814\"><strong data-start=\"747\" data-end=\"772\">Olejek z drzewa herbacianego (30 ml):<\/strong> Skuteczny w walce z tr\u0105dzikiem i zanieczyszczeniami sk\u00f3ry<\/p>\n<\/li>\n<li data-start=\"815\" data-end=\"917\">\n<p data-start=\"817\" data-end=\"917\"><strong data-start=\"817\" data-end=\"843\">Pearl VC Cream (20 g):<\/strong> Rozja\u015bnia cer\u0119, nawil\u017ca i poprawia tekstur\u0119 sk\u00f3ry<\/p>\n<\/li>\n<\/ul>\n<p data-start=\"919\" data-end=\"933\"><strong data-start=\"919\" data-end=\"933\">Zastosowanie:<\/strong><\/p>\n<ol data-start=\"934\" data-end=\"1219\">\n<li data-start=\"934\" data-end=\"1057\">\n<p data-start=\"937\" data-end=\"1057\"><strong data-start=\"937\" data-end=\"955\">\u017bel oczyszczaj\u0105cy:<\/strong> Na\u0142o\u017cy\u0107 na wilgotn\u0105 sk\u00f3r\u0119, delikatnie wmasowa\u0107 i sp\u0142uka\u0107 wod\u0105. Stosowa\u0107 rano i wieczorem. <\/p>\n<\/li>\n<li data-start=\"1058\" data-end=\"1138\">\n<p data-start=\"1061\" data-end=\"1138\"><strong data-start=\"1061\" data-end=\"1075\">Olejek z drzewa herbacianego<\/strong>: Stosowa\u0107 wybi\u00f3rczo na wypryski lub t\u0142uste obszary sk\u00f3ry.<\/p>\n<\/li>\n<li data-start=\"1139\" data-end=\"1219\">\n<p data-start=\"1142\" data-end=\"1219\"><strong data-start=\"1142\" data-end=\"1155\">Krem VC<\/strong>: Nak\u0142ada\u0107 r\u00f3wnomiernie na twarz po oczyszczeniu i na\u0142o\u017ceniu serum.<\/p>\n<\/li>\n<\/ol>\n<p data-start=\"1221\" data-end=\"1239\"><strong data-start=\"1221\" data-end=\"1239\">W\u0142a\u015bciwo\u015bci:<\/strong><\/p>\n<ul data-start=\"1240\" data-end=\"1419\">\n<li data-start=\"1240\" data-end=\"1288\">\n<p data-start=\"1242\" data-end=\"1288\">Odpowiedni dla sk\u00f3ry t\u0142ustej, z przebarwieniami lub zm\u0119czonej<\/p>\n<\/li>\n<li data-start=\"1289\" data-end=\"1325\">\n<p data-start=\"1291\" data-end=\"1325\">Nie zawiera agresywnych substancji chemicznych<\/p>\n<\/li>\n<li data-start=\"1326\" data-end=\"1367\">\n<p data-start=\"1328\" data-end=\"1367\">Z gliceryn\u0105, aloesem i olejkiem z drzewa herbacianego<\/p>\n<\/li>\n<li data-start=\"1368\" data-end=\"1419\">\n<p data-start=\"1370\" data-end=\"1419\">Odpowiedni dla kobiet, idealny r\u00f3wnie\u017c jako zestaw upominkowy<\/p>\n<\/li>\n<\/ul>\n<div><img decoding=\"async\" class=\"detail-desc-decorate-image\" src=\"https:\/\/ae01.alicdn.com\/kf\/S228f3665d6104dfabd1ca49011e9cb7bQ.jpg\"><\/div>\n<\/div>\n<div class=\"detailmodule_text-image\">\n<p class=\"detail-desc-decorate-content\" style=\"font-family: OpenSans; font-size: 14px; font-weight: 300; line-height: 20px; margin-bottom: 12px;\">Olejek eteryczny z drzewa herbacianego: Wymieszaj 1-2 krople z kremem nawil\u017caj\u0105cym lub na\u0142\u00f3\u017c bezpo\u015brednio na miejsca docelowe. Stosowa\u0107 w razie potrzeby. <\/p>\n<div><img decoding=\"async\" class=\"detail-desc-decorate-image\" src=\"https:\/\/ae01.alicdn.com\/kf\/S952755f6956a47e7a94824d9e90577eeR.jpg\"><\/div>\n<\/div>\n<div class=\"detailmodule_text-image\">\n<p class=\"detail-desc-decorate-content\" style=\"font-family: OpenSans; font-size: 14px; font-weight: 300; line-height: 20px; margin-bottom: 12px;\">Pearl VC Day Cream: Na\u0142\u00f3\u017c niewielk\u0105 ilo\u015b\u0107 na twarz i szyj\u0119 rano, aby chroni\u0107 i rozja\u015bnia\u0107.<\/p>\n<div><img decoding=\"async\" class=\"detail-desc-decorate-image\" src=\"https:\/\/ae01.alicdn.com\/kf\/S7fa89070fd4f42e2b8a6be263d423d5aG.jpg\"><\/div>\n<\/div>\n<div class=\"detailmodule_text-image\">\n<p>Opakowanie zawiera:<br \/>\n1 x aloesowy \u017cel oczyszczaj\u0105cy (98 ml)<\/p>\n<p>1 x olejek eteryczny z drzewa herbacianego (30 ml)<\/p>\n<p>1 x krem na dzie\u0144 Pearl VC (20 g)<\/p>\n<p>Uwaga: Unika\u0107 bezpo\u015bredniego \u015bwiat\u0142a s\u0142onecznego i przechowywa\u0107 w ch\u0142odnym, suchym miejscu. Je\u015bli masz wra\u017cliw\u0105 sk\u00f3r\u0119, przed u\u017cyciem wykonaj test p\u0142atkowy. <\/p>\n<div><img decoding=\"async\" class=\"detail-desc-decorate-image\" src=\"https:\/\/ae01.alicdn.com\/kf\/Scc8578fa58544c9fa521ea09ba4386f9B.jpg\"><\/div>\n<\/div>\n<div class=\"detailmodule_text-image\">\n<p>Podkre\u015bla:<br \/>\nNaturalna i delikatna formu\u0142a<\/p>\n<p>Nawil\u017ca i koi sk\u00f3r\u0119<\/p>\n<p>Rozja\u015bnia i chroni<\/p>\n<p>Idealny zestaw upominkowy do piel\u0119gnacji sk\u00f3ry<\/p>\n<div><img decoding=\"async\" class=\"detail-desc-decorate-image\" src=\"https:\/\/ae01.alicdn.com\/kf\/S08970220dce34c43b8b9d03464d9c8ceq.jpg\"><img decoding=\"async\" class=\"detail-desc-decorate-image\" src=\"https:\/\/ae01.alicdn.com\/kf\/S911a47a005164a05bc3c9ee2c2a277f8d.jpg\"><img decoding=\"async\" class=\"detail-desc-decorate-image\" src=\"https:\/\/ae01.alicdn.com\/kf\/S9e91c4bdb9784d0087b1ab228233ad96r.jpg\"><img decoding=\"async\" class=\"detail-desc-decorate-image\" src=\"https:\/\/ae01.alicdn.com\/kf\/Se679740d66e244e6a9102f67bfd4f04f7.jpg\"><\/div>\n<\/div>\n<p>&nbsp;<\/p>\n","protected":false},"excerpt":{"rendered":"<p>Zestaw do piel\u0119gnacji sk\u00f3ry S\u00e9fralls 3 w 1 \u0142\u0105czy naturalne sk\u0142adniki do codziennej piel\u0119gnacji sk\u00f3ry wra\u017cliwej, z niedoskona\u0142o\u015bciami i zm\u0119czonej. Z \u017celem aloesowym do delikatnego oczyszczania, olejkiem z drzewa herbacianego do leczenia tr\u0105dziku i kremem Pearl VC dla promiennej cery, zestaw ten oferuje kompletn\u0105 piel\u0119gnacj\u0119 sk\u00f3ry twarzy &#8211; nawil\u017caj\u0105c\u0105, oczyszczaj\u0105c\u0105 i rozja\u015bniaj\u0105c\u0105. W zestawie: Aloe [&hellip;]<\/p>\n","protected":false},"featured_media":12868,"comment_status":"open","ping_status":"closed","template":"","meta":{"_seopress_robots_primary_cat":"none","_seopress_titles_title":"Zestaw do piel\u0119gnacji twarzy S\u00e9fralls - \u017cel oczyszczaj\u0105cy z aloesem, olejek z drzewa herbacianego i krem VC przeciw tr\u0105dzikowi i dla promiennej sk\u00f3ry","_seopress_titles_desc":"Piel\u0119gnacja sk\u00f3ry 3 w 1: oczyszczanie, leczenie tr\u0105dziku i rozja\u015bnianie dzi\u0119ki \u017celowi aloesowemu S\u00e9frall, olejkowi z drzewa herbacianego i per\u0142owemu kremowi VC. Idealny dla sk\u00f3ry wra\u017cliwej - odkryj teraz! ","_seopress_robots_index":"","googlesitekit_rrm_CAowz76iDA:productID":""},"product_brand":[],"product_cat":[1088,1089,2364,1152],"product_tag":[],"class_list":{"0":"post-13209","1":"product","2":"type-product","3":"status-publish","4":"has-post-thumbnail","6":"product_cat-kosmetyk","7":"product_cat-leczenie-zmarszczek","8":"product_cat-nawilzanie-skory","9":"product_cat-odmlodzenie-dloni","11":"first","12":"instock","13":"sale","14":"taxable","15":"shipping-taxable","16":"purchasable","17":"product-type-variable"},"_links":{"self":[{"href":"https:\/\/linkmarkt.eu\/pl\/wp-json\/wp\/v2\/product\/13209","targetHints":{"allow":["GET"]}}],"collection":[{"href":"https:\/\/linkmarkt.eu\/pl\/wp-json\/wp\/v2\/product"}],"about":[{"href":"https:\/\/linkmarkt.eu\/pl\/wp-json\/wp\/v2\/types\/product"}],"replies":[{"embeddable":true,"href":"https:\/\/linkmarkt.eu\/pl\/wp-json\/wp\/v2\/comments?post=13209"}],"version-history":[{"count":0,"href":"https:\/\/linkmarkt.eu\/pl\/wp-json\/wp\/v2\/product\/13209\/revisions"}],"wp:featuredmedia":[{"embeddable":true,"href":"https:\/\/linkmarkt.eu\/pl\/wp-json\/wp\/v2\/media\/12868"}],"wp:attachment":[{"href":"https:\/\/linkmarkt.eu\/pl\/wp-json\/wp\/v2\/media?parent=13209"}],"wp:term":[{"taxonomy":"product_brand","embeddable":true,"href":"https:\/\/linkmarkt.eu\/pl\/wp-json\/wp\/v2\/product_brand?post=13209"},{"taxonomy":"product_cat","embeddable":true,"href":"https:\/\/linkmarkt.eu\/pl\/wp-json\/wp\/v2\/product_cat?post=13209"},{"taxonomy":"product_tag","embeddable":true,"href":"https:\/\/linkmarkt.eu\/pl\/wp-json\/wp\/v2\/product_tag?post=13209"}],"curies":[{"name":"wp","href":"https:\/\/api.w.org\/{rel}","templated":true}]}}