{"id":13220,"date":"2025-05-25T09:04:40","date_gmt":"2025-05-25T07:04:40","guid":{"rendered":"https:\/\/linkmarkt.eu\/product\/%f0%9f%94%a5-elektryczny-grzebien-2-w-1-prostownica-do-wlosow-i-brody-szybkie-nagrzewanie-przenosny-i-zapobiegajacy-oparzeniom\/"},"modified":"2025-05-25T09:04:40","modified_gmt":"2025-05-25T07:04:40","slug":"%f0%9f%94%a5-elektryczny-grzebien-2-w-1-prostownica-do-wlosow-i-brody-szybkie-nagrzewanie-przenosny-i-zapobiegajacy-oparzeniom","status":"publish","type":"product","link":"https:\/\/linkmarkt.eu\/pl\/product\/%f0%9f%94%a5-elektryczny-grzebien-2-w-1-prostownica-do-wlosow-i-brody-szybkie-nagrzewanie-przenosny-i-zapobiegajacy-oparzeniom\/","title":{"rendered":"\ud83d\udd25 Elektryczny grzebie\u0144 2 w 1 &#8211; prostownica do w\u0142os\u00f3w i brody, szybkie nagrzewanie, przeno\u015bny i zapobiegaj\u0105cy oparzeniom."},"content":{"rendered":"<p data-start=\"322\" data-end=\"669\">Prostownica do w\u0142os\u00f3w 2 w 1 Hot Comb to idealne narz\u0119dzie do stylizacji w podr\u00f3\u017cy i w domu. \u0141\u0105czy w sobie grzebie\u0144 grzewczy z funkcj\u0105 prostownicy do w\u0142os\u00f3w i brody &#8211; idealny do w\u0142os\u00f3w suchych i wilgotnych. Dzi\u0119ki kr\u00f3tkiemu czasowi nagrzewania, technologii zapobiegaj\u0105cej oparzeniom i przeno\u015bnej konstrukcji idealnie nadaje si\u0119 do podr\u00f3\u017cy, codziennego u\u017cytku i szybkiej stylizacji.  <\/p>\n<p data-start=\"671\" data-end=\"686\"><strong data-start=\"671\" data-end=\"686\">Najwa\u017cniejsze wydarzenia:<\/strong><\/p>\n<ul data-start=\"688\" data-end=\"1056\">\n<li data-start=\"688\" data-end=\"753\">\n<p data-start=\"690\" data-end=\"753\"><strong data-start=\"690\" data-end=\"710\">Funkcja 2 w 1:<\/strong> prostuje w\u0142osy i zarost za pomoc\u0105 jednego urz\u0105dzenia<\/p>\n<\/li>\n<li data-start=\"754\" data-end=\"816\">\n<p data-start=\"756\" data-end=\"816\"><strong data-start=\"756\" data-end=\"780\">Szybkie nagrzewanie:<\/strong> gotowo\u015b\u0107 do u\u017cycia w zaledwie 3-5 minut<\/p>\n<\/li>\n<li data-start=\"817\" data-end=\"911\">\n<p data-start=\"819\" data-end=\"911\"><strong data-start=\"819\" data-end=\"842\">Regulacja temperatury:<\/strong> od 120\u00b0C do 230\u00b0C &#8211; idealna dla r\u00f3\u017cnych rodzaj\u00f3w w\u0142os\u00f3w<\/p>\n<\/li>\n<li data-start=\"912\" data-end=\"980\">\n<p data-start=\"914\" data-end=\"980\"><strong data-start=\"914\" data-end=\"934\">Bezpiecze\u0144stwo i wygoda:<\/strong> zabezpieczenie przed oparzeniem i sta\u0142y kabel zasilaj\u0105cy<\/p>\n<\/li>\n<li data-start=\"981\" data-end=\"1056\">\n<p data-start=\"983\" data-end=\"1056\"><strong data-start=\"983\" data-end=\"1001\">Odpowiedni do podr\u00f3\u017cy:<\/strong> Kompaktowa, lekka konstrukcja z podw\u00f3jnym napi\u0119ciem (100-240 V)<\/p>\n<\/li>\n<\/ul>\n<p data-start=\"1058\" data-end=\"1081\"><strong data-start=\"1058\" data-end=\"1081\">Szczeg\u00f3\u0142y techniczne:<\/strong><\/p>\n<ul data-start=\"1083\" data-end=\"1257\">\n<li data-start=\"1083\" data-end=\"1107\">\n<p data-start=\"1085\" data-end=\"1107\">P\u0142yty grzewcze: 60&#215;24 mm<\/p>\n<\/li>\n<li data-start=\"1108\" data-end=\"1131\">\n<p data-start=\"1110\" data-end=\"1131\">Materia\u0142: ABS + PTC<\/p>\n<\/li>\n<li data-start=\"1132\" data-end=\"1152\">\n<p data-start=\"1134\" data-end=\"1152\">Moc: 40-59 W<\/p>\n<\/li>\n<li data-start=\"1153\" data-end=\"1197\">\n<p data-start=\"1155\" data-end=\"1197\">Napi\u0119cie: 100-240 V (mo\u017cna u\u017cywa\u0107 na ca\u0142ym \u015bwiecie)<\/p>\n<\/li>\n<li data-start=\"1198\" data-end=\"1234\">\n<p data-start=\"1200\" data-end=\"1234\">Zakres temperatur: 120\u00b0C &#8211; 230\u00b0C<\/p>\n<\/li>\n<li data-start=\"1235\" data-end=\"1257\">\n<p data-start=\"1237\" data-end=\"1257\">Certyfikaty: CE, CCC<\/p>\n<\/li>\n<\/ul>\n<div class=\"detailmodule_dynamic\"><\/div>\n<div class=\"detailmodule_html\">\n<div class=\"detail-desc-decorate-richtext\">\n<p class=\"detail-desc-decorate-title\" style=\"font-family: OpenSans; font-size: 20px; font-weight: 900; letter-spacing: normal; line-height: 28px; text-align: start; margin: 0px 0px 12px 0px; padding: 0px;\" align=\"start\"><img fetchpriority=\"high\" decoding=\"async\" src=\"https:\/\/ae01.alicdn.com\/kf\/H1a2755e5c5b84f08a90cdbeaca85d7f6m.jpg\" width=\"944\" height=\"236\"><\/p>\n<p>O tym artykule<\/p>\n<p>Opis:<br \/>\nSzybkie nagrzewanie: czas nagrzewania 1-3 minuty, szybkie nagrzewanie i u\u017cytkowanie<br \/>\nPodw\u00f3jne zastosowanie na mokro i na sucho, odpowiednie do r\u00f3\u017cnych wymaga\u0144<br \/>\nRegulacja temperatury: mo\u017cna dostosowa\u0107 temperatur\u0119 do r\u00f3\u017cnych potrzeb<br \/>\nZastosowanie: mo\u017ce by\u0107 u\u017cywana do prostowania grubych, szorstkich w\u0142os\u00f3w<br \/>\nMo\u017cna jej u\u017cywa\u0107 w domu lub w salonie fryzjerskim, mo\u017ce pom\u00f3c nada\u0107 w\u0142osom g\u0142adki i g\u0142adki wygl\u0105d<\/p>\n<p>Specyfikacja:<br \/>\nMateria\u0142: tworzywo sztuczne.<br \/>\nKolor: z\u0142oty<br \/>\nRozmiar: jak na zdj\u0119ciu.<br \/>\nMoc: 80W<br \/>\nMateria\u0142: stop tytanu<br \/>\nTemperatura: 1 = 124 stopnie Celsjusza 5=133 stopnie Celsjusza 10=150 stopni Celsjusza 15=166 stopni Celsjusza 20 stopni Celsjusza =210 stopni Celsjusza<\/p>\n<p>Uwaga:<br \/>\nZe wzgl\u0119du na r\u00f3\u017cne rozdzielczo\u015bci komputer\u00f3w mog\u0105 wyst\u0105pi\u0107 zniekszta\u0142cenia kolor\u00f3w.<br \/>\nMo\u017ce wyst\u0105pi\u0107 niewielki b\u0142\u0105d z powodu r\u00f3\u017cnych pomiar\u00f3w r\u0119cznych.<\/p>\n<p>Opakowanie zawiera:<br \/>\n1x prostownica do w\u0142os\u00f3w.<\/p>\n<p class=\"detail-desc-decorate-content\" style=\"font-family: OpenSans; font-size: 14px; font-weight: 300; letter-spacing: normal; line-height: 20px; text-align: start; margin: 0px 0px 12px 0px; padding: 0px;\" align=\"start\"><img decoding=\"async\" src=\"https:\/\/ae01.alicdn.com\/kf\/Hd365109d6c104c788f84c96a87a0ffcb9.jpg\"><img decoding=\"async\" src=\"https:\/\/ae01.alicdn.com\/kf\/H220651241718489da485750361af7019R.jpg\"><img decoding=\"async\" src=\"https:\/\/ae01.alicdn.com\/kf\/H88ab6a2cda934160a289f7dba1794bcfL.jpg\"><img decoding=\"async\" src=\"https:\/\/ae01.alicdn.com\/kf\/H29a606538d554929a3b67300c28d2dba6.jpg\"><img decoding=\"async\" src=\"https:\/\/ae01.alicdn.com\/kf\/H8df173d3fa1e43b4bc7f5724edd4c12cu.jpg\"><img decoding=\"async\" src=\"https:\/\/ae01.alicdn.com\/kf\/H76c9530471264cf18bf0950c63a3bf85P.jpg\"><img decoding=\"async\" src=\"https:\/\/ae01.alicdn.com\/kf\/Hc39e41d9f9e44a69a9b3318a77e68effw.jpg\"><\/p>\n<p class=\"detail-desc-decorate-content\" style=\"font-family: OpenSans; font-size: 14px; font-weight: 300; letter-spacing: normal; line-height: 20px; text-align: start; margin: 0px 0px 12px 0px; padding: 0px;\" align=\"start\"><img decoding=\"async\" src=\"https:\/\/ae01.alicdn.com\/kf\/H7fffe0974f16435d92173fa89a3f0f29M.jpg\" width=\"944\" height=\"1532\"><\/p>\n<\/div>\n<\/div>\n<p>&nbsp;<\/p>\n","protected":false},"excerpt":{"rendered":"<p>Prostownica do w\u0142os\u00f3w 2 w 1 Hot Comb to idealne narz\u0119dzie do stylizacji w podr\u00f3\u017cy i w domu. \u0141\u0105czy w sobie grzebie\u0144 grzewczy z funkcj\u0105 prostownicy do w\u0142os\u00f3w i brody &#8211; idealny do w\u0142os\u00f3w suchych i wilgotnych. Dzi\u0119ki kr\u00f3tkiemu czasowi nagrzewania, technologii zapobiegaj\u0105cej oparzeniom i przeno\u015bnej konstrukcji idealnie nadaje si\u0119 do podr\u00f3\u017cy, codziennego u\u017cytku i [&hellip;]<\/p>\n","protected":false},"featured_media":12821,"comment_status":"open","ping_status":"closed","template":"","meta":{"_seopress_robots_primary_cat":"none","_seopress_titles_title":"Prostownica do w\u0142os\u00f3w z grzebieniem 2 w 1 i prostownica do brody - elektryczny grzebie\u0144 z funkcj\u0105 zapobiegania oparzeniom i szybkiego nagrzewania","_seopress_titles_desc":"Wielofunkcyjny grzebie\u0144 do w\u0142os\u00f3w i brody 2 w 1 - idealny w podr\u00f3\u017cy. Szybkie nagrzewanie, ochrona przed oparzeniami, podw\u00f3jne napi\u0119cie. Odpowiedni dla m\u0119\u017cczyzn i kobiet - odkryj teraz!  ","_seopress_robots_index":"","googlesitekit_rrm_CAowz76iDA:productID":""},"product_brand":[],"product_cat":[2360,2369],"product_tag":[],"class_list":{"0":"post-13220","1":"product","2":"type-product","3":"status-publish","4":"has-post-thumbnail","6":"product_cat-uroda-i-pielegnacja-pl","7":"product_cat-urzadzenia-do-stylizacji-wlosow","9":"first","10":"instock","11":"sale","12":"taxable","13":"shipping-taxable","14":"purchasable","15":"product-type-variable"},"_links":{"self":[{"href":"https:\/\/linkmarkt.eu\/pl\/wp-json\/wp\/v2\/product\/13220","targetHints":{"allow":["GET"]}}],"collection":[{"href":"https:\/\/linkmarkt.eu\/pl\/wp-json\/wp\/v2\/product"}],"about":[{"href":"https:\/\/linkmarkt.eu\/pl\/wp-json\/wp\/v2\/types\/product"}],"replies":[{"embeddable":true,"href":"https:\/\/linkmarkt.eu\/pl\/wp-json\/wp\/v2\/comments?post=13220"}],"version-history":[{"count":0,"href":"https:\/\/linkmarkt.eu\/pl\/wp-json\/wp\/v2\/product\/13220\/revisions"}],"wp:featuredmedia":[{"embeddable":true,"href":"https:\/\/linkmarkt.eu\/pl\/wp-json\/wp\/v2\/media\/12821"}],"wp:attachment":[{"href":"https:\/\/linkmarkt.eu\/pl\/wp-json\/wp\/v2\/media?parent=13220"}],"wp:term":[{"taxonomy":"product_brand","embeddable":true,"href":"https:\/\/linkmarkt.eu\/pl\/wp-json\/wp\/v2\/product_brand?post=13220"},{"taxonomy":"product_cat","embeddable":true,"href":"https:\/\/linkmarkt.eu\/pl\/wp-json\/wp\/v2\/product_cat?post=13220"},{"taxonomy":"product_tag","embeddable":true,"href":"https:\/\/linkmarkt.eu\/pl\/wp-json\/wp\/v2\/product_tag?post=13220"}],"curies":[{"name":"wp","href":"https:\/\/api.w.org\/{rel}","templated":true}]}}