{"id":13234,"date":"2025-05-25T09:03:36","date_gmt":"2025-05-25T07:03:36","guid":{"rendered":"https:\/\/linkmarkt.eu\/product\/roxelis-30ml-perfumy-meskie-spray-z-feromonami-dlugotrwaly-zapach-drzewno-kwiatowa-nuta-codzienna-swiezosc-idealny-na-randke\/"},"modified":"2025-05-25T09:03:36","modified_gmt":"2025-05-25T07:03:36","slug":"roxelis-30ml-perfumy-meskie-spray-z-feromonami-dlugotrwaly-zapach-drzewno-kwiatowa-nuta-codzienna-swiezosc-idealny-na-randke","status":"publish","type":"product","link":"https:\/\/linkmarkt.eu\/pl\/product\/roxelis-30ml-perfumy-meskie-spray-z-feromonami-dlugotrwaly-zapach-drzewno-kwiatowa-nuta-codzienna-swiezosc-idealny-na-randke\/","title":{"rendered":"Roxelis 30ml perfumy m\u0119skie spray z feromonami &#8211; d\u0142ugotrwa\u0142y zapach, drzewno-kwiatowa nuta, codzienna \u015bwie\u017co\u015b\u0107, idealny na randk\u0119."},"content":{"rendered":"<p data-start=\"257\" data-end=\"580\">Perfumy <strong data-start=\"282\" data-end=\"317\">w sprayu dla m\u0119\u017cczyzn Roxelis 30 ml<\/strong> to idealny towarzysz na ka\u017cdy dzie\u0144 &#8211; czy to podczas flirtowania, randek, czy po prostu dla pewnego siebie wygl\u0105du. Dzi\u0119ki <strong data-start=\"445\" data-end=\"486\">d\u0142ugotrwa\u0142emu, drzewno-kwiatowemu zapachowi<\/strong> i naturalnym sk\u0142adnikom ro\u015blinnym zapewnia <strong data-start=\"545\" data-end=\"579\">\u015bwie\u017cy, atrakcyjny<\/strong> wygl\u0105d. <\/p>\n<p data-start=\"582\" data-end=\"1010\">\ud83c\udf1f <strong data-start=\"585\" data-end=\"603\">Cechy:<\/strong><br data-start=\"603\" data-end=\"606\">\u2705 <strong data-start=\"608\" data-end=\"639\">Perfumy z feromonami dla m\u0119\u017cczyzn:<\/strong> uwodzicielski zapach, kt\u00f3ry podkre\u015bli Twoj\u0105 charyzm\u0119<br data-start=\"702\" data-end=\"705\">\u2705 <strong data-start=\"707\" data-end=\"738\">D\u0142ugotrwa\u0142y i intensywny:<\/strong> pozostaje wyczuwalny przez ca\u0142y dzie\u0144<br data-start=\"773\" data-end=\"776\">\u2705 <strong data-start=\"778\" data-end=\"806\">Drzewno-kwiatowy zapach:<\/strong> \u015bwie\u017cy, elegancki i nieodparty<br data-start=\"842\" data-end=\"845\">\u2705 <strong data-start=\"847\" data-end=\"876\">Naturalne sk\u0142adniki:<\/strong> na bazie ro\u015blin, delikatny dla sk\u00f3ry i przyjemny<br data-start=\"926\" data-end=\"929\" data-is-only-node=\"\">\u2705 <strong data-start=\"931\" data-end=\"957\">Wszechstronny:<\/strong> idealny na nadgarstki, szyj\u0119 i za uszami<\/p>\n<p data-start=\"1012\" data-end=\"1234\">\ud83d\udca1 <strong data-start=\"1015\" data-end=\"1029\">Aplikacja:<\/strong><br data-start=\"1029\" data-end=\"1032\">Wystarczy otworzy\u0107 butelk\u0119 i rozpyli\u0107 zapach na wybrane miejsca (np. nadgarstki, szyj\u0119, za uszami). Natychmiast ciesz si\u0119 zniewalaj\u0105cym zapachem i pewnym siebie wygl\u0105dem. <\/p>\n<p data-start=\"1236\" data-end=\"1340\">\ud83c\udf81 <strong data-start=\"1239\" data-end=\"1264\">Warianty opakowa\u0144:<\/strong><br data-start=\"1264\" data-end=\"1267\">\u2714\ufe0f Pojedyncze opakowanie 30 ml<br data-start=\"1289\" data-end=\"1292\">\u2714\ufe0f Zestaw 4 sztuk (po 30 ml)<br data-start=\"1313\" data-end=\"1316\">\u2714\ufe0f Zestaw 10 sztuk (po 30 ml)<\/p>\n<p data-start=\"1342\" data-end=\"1402\">\ud83d\udce6 <strong data-start=\"1345\" data-end=\"1362\">Zakres dostawy:<\/strong><br data-start=\"1362\" data-end=\"1365\">1\u00d7 \/ 4\u00d7 \/ 10\u00d7 flakon z perfumami 30 ml<\/p>\n<p data-start=\"1404\" data-end=\"1580\">\ud83d\udd14 <strong data-start=\"1407\" data-end=\"1420\">Uwagi:<\/strong><br data-start=\"1420\" data-end=\"1423\">&#8211; Przechowywa\u0107 w ch\u0142odnym, suchym miejscu<br data-start=\"1448\" data-end=\"1451\">&#8211; Mo\u017cliwe nieznaczne odchylenia koloru spowodowane r\u00f3\u017cnymi ustawieniami ekranu<br data-start=\"1532\" data-end=\"1535\">&#8211; Odchylenie 1-3 g spowodowane pomiarem r\u0119cznym<\/p>\n<p data-start=\"1582\" data-end=\"1666\">Dodaj swojemu wygl\u0105dowi tego czego\u015b &#8211; z <strong data-start=\"1635\" data-end=\"1665\">perfumami Roxelis w sprayu dla m\u0119\u017cczyzn<\/strong>!<\/p>\n<p><img decoding=\"async\" src=\"https:\/\/ae01.alicdn.com\/kf\/Afc749c474a414dfdaccce82a892e1f17z.jpg\"><img decoding=\"async\" src=\"https:\/\/ae01.alicdn.com\/kf\/Ab828001fe8e34139aeeff57cca835bb2q.jpg\"><img decoding=\"async\" src=\"https:\/\/ae01.alicdn.com\/kf\/Accd91ce790254b2c9a77e40260fa2400D.jpg\"><img decoding=\"async\" src=\"https:\/\/ae01.alicdn.com\/kf\/A8aa4b83ea067420e9a8dbe84cef4f763L.jpg\"><img decoding=\"async\" src=\"https:\/\/ae01.alicdn.com\/kf\/A2ec678552bc64e3086a69f934fa6570bM.jpg\"><img decoding=\"async\" src=\"https:\/\/ae01.alicdn.com\/kf\/Ab91a4e3273904d4bbc9ae4ef16d476e9R.jpg\"><img decoding=\"async\" src=\"https:\/\/ae01.alicdn.com\/kf\/A3c56ed47f9bd424fbb634ebf59e4f379S.jpg\"><img decoding=\"async\" src=\"https:\/\/ae01.alicdn.com\/kf\/Aa098e609d9204dd18c462cabce0a3711Z.jpg\"><img decoding=\"async\" src=\"https:\/\/ae01.alicdn.com\/kf\/A66385467c7324b5dac76d0e0aa81b4ccS.jpg\"><\/p>\n","protected":false},"excerpt":{"rendered":"<p>Perfumy w sprayu dla m\u0119\u017cczyzn Roxelis 30 ml to idealny towarzysz na ka\u017cdy dzie\u0144 &#8211; czy to podczas flirtowania, randek, czy po prostu dla pewnego siebie wygl\u0105du. Dzi\u0119ki d\u0142ugotrwa\u0142emu, drzewno-kwiatowemu zapachowi i naturalnym sk\u0142adnikom ro\u015blinnym zapewnia \u015bwie\u017cy, atrakcyjny wygl\u0105d. \ud83c\udf1f Cechy:\u2705 Perfumy z feromonami dla m\u0119\u017cczyzn: uwodzicielski zapach, kt\u00f3ry podkre\u015bli Twoj\u0105 charyzm\u0119\u2705 D\u0142ugotrwa\u0142y i intensywny: [&hellip;]<\/p>\n","protected":false},"featured_media":12781,"comment_status":"open","ping_status":"closed","template":"","meta":{"_seopress_robots_primary_cat":"none","_seopress_titles_title":"Perfumy m\u0119skie Roxelis w sprayu z feromonami - d\u0142ugotrwa\u0142y zapach","_seopress_titles_desc":"Odkryj perfumy m\u0119skie Roxelis 30ml w sprayu z feromonami - uwodzicielskie, d\u0142ugotrwa\u0142e i doskona\u0142e na ka\u017cdy dzie\u0144. Idealny na randki i pewny siebie wygl\u0105d. ","_seopress_robots_index":"","googlesitekit_rrm_CAowz76iDA:productID":""},"product_brand":[],"product_cat":[2377,2378,2379],"product_tag":[],"class_list":{"0":"post-13234","1":"product","2":"type-product","3":"status-publish","4":"has-post-thumbnail","6":"product_cat-drogeria-i-kosmetyki","7":"product_cat-perfumy-i-zapachy","8":"product_cat-perfumy-meskie","10":"first","11":"instock","12":"sale","13":"taxable","14":"shipping-taxable","15":"purchasable","16":"product-type-variable"},"_links":{"self":[{"href":"https:\/\/linkmarkt.eu\/pl\/wp-json\/wp\/v2\/product\/13234","targetHints":{"allow":["GET"]}}],"collection":[{"href":"https:\/\/linkmarkt.eu\/pl\/wp-json\/wp\/v2\/product"}],"about":[{"href":"https:\/\/linkmarkt.eu\/pl\/wp-json\/wp\/v2\/types\/product"}],"replies":[{"embeddable":true,"href":"https:\/\/linkmarkt.eu\/pl\/wp-json\/wp\/v2\/comments?post=13234"}],"version-history":[{"count":0,"href":"https:\/\/linkmarkt.eu\/pl\/wp-json\/wp\/v2\/product\/13234\/revisions"}],"wp:featuredmedia":[{"embeddable":true,"href":"https:\/\/linkmarkt.eu\/pl\/wp-json\/wp\/v2\/media\/12781"}],"wp:attachment":[{"href":"https:\/\/linkmarkt.eu\/pl\/wp-json\/wp\/v2\/media?parent=13234"}],"wp:term":[{"taxonomy":"product_brand","embeddable":true,"href":"https:\/\/linkmarkt.eu\/pl\/wp-json\/wp\/v2\/product_brand?post=13234"},{"taxonomy":"product_cat","embeddable":true,"href":"https:\/\/linkmarkt.eu\/pl\/wp-json\/wp\/v2\/product_cat?post=13234"},{"taxonomy":"product_tag","embeddable":true,"href":"https:\/\/linkmarkt.eu\/pl\/wp-json\/wp\/v2\/product_tag?post=13234"}],"curies":[{"name":"wp","href":"https:\/\/api.w.org\/{rel}","templated":true}]}}