{"id":13497,"date":"2025-06-30T15:43:02","date_gmt":"2025-06-30T13:43:02","guid":{"rendered":"https:\/\/linkmarkt.eu\/?post_type=product&#038;p=13497"},"modified":"2025-12-24T22:40:52","modified_gmt":"2025-12-24T21:40:52","slug":"sportliche-ghosts-cap","status":"publish","type":"product","link":"https:\/\/linkmarkt.eu\/pl\/product\/sportliche-ghosts-cap\/","title":{"rendered":"Sportliche Ghosts Cap"},"content":{"rendered":"<p><span style=\"color: #000000; font-family: poppins-extralight, poppins, sans-serif; font-size: 15px;\">Wir pr\u00e4sentieren die sportliche Ghost Cap, das perfekte Accessoire f\u00fcr all Ihre sportlichen Unternehmungen. Diese Kappe ist mit einem praktischen Klettverschluss in der Gr\u00f6\u00dfe verstellbar und sorgt so f\u00fcr einen sicheren und bequemen Sitz f\u00fcr alle Kopfgr\u00f6\u00dfen. Das schlanke Design und die robuste Konstruktion machen sie ideal f\u00fcr Outdoor-Sportarten, zum Laufen oder einfach, um Ihrem Alltagslook eine sportliche Note zu verleihen. Egal, ob Sie im Fitnessstudio oder auf der Stra\u00dfe unterwegs sind, die sportliche Ghost Cap ist die ultimative Wahl in Sachen Stil und Funktionalit\u00e4t. Diese Kappe ist in verschiedenen Farben erh\u00e4ltlich, um Ihren pers\u00f6nlichen Vorlieben gerecht zu werden, und ein Muss f\u00fcr jeden aktiven Menschen.<\/span><\/p>\n","protected":false},"excerpt":{"rendered":"<p>Wir pr\u00e4sentieren die sportliche Ghost Cap, das perfekte Accessoire f\u00fcr all Ihre sportlichen Unternehmungen. Diese Kappe ist mit einem praktischen Klettverschluss in der Gr\u00f6\u00dfe verstellbar und sorgt so f\u00fcr einen sicheren und bequemen Sitz f\u00fcr alle Kopfgr\u00f6\u00dfen. Das schlanke Design und die robuste Konstruktion machen sie ideal f\u00fcr Outdoor-Sportarten, zum Laufen oder einfach, um Ihrem Alltagslook eine sportliche Note zu verleihen. Egal, ob Sie im Fitnessstudio oder auf der Stra\u00dfe unterwegs sind, die sportliche Ghost Cap ist die ultimative Wahl in Sachen Stil und Funktionalit\u00e4t. Diese Kappe ist in verschiedenen Farben erh\u00e4ltlich, um Ihren pers\u00f6nlichen Vorlieben gerecht zu werden, und ein Muss f\u00fcr jeden aktiven Menschen.<\/p>\n","protected":false},"featured_media":13494,"comment_status":"open","ping_status":"closed","template":"","meta":{"_seopress_robots_primary_cat":"none","_seopress_titles_title":"","_seopress_titles_desc":"","_seopress_robots_index":"","googlesitekit_rrm_CAowz76iDA:productID":""},"product_brand":[],"product_cat":[618],"product_tag":[1941],"class_list":{"0":"post-13497","1":"product","2":"type-product","3":"status-publish","4":"has-post-thumbnail","6":"product_cat-fitness-equipment","7":"product_tag-bbq-tisch","9":"first","10":"instock","11":"taxable","12":"shipping-taxable","13":"purchasable","14":"product-type-simple"},"_links":{"self":[{"href":"https:\/\/linkmarkt.eu\/pl\/wp-json\/wp\/v2\/product\/13497","targetHints":{"allow":["GET"]}}],"collection":[{"href":"https:\/\/linkmarkt.eu\/pl\/wp-json\/wp\/v2\/product"}],"about":[{"href":"https:\/\/linkmarkt.eu\/pl\/wp-json\/wp\/v2\/types\/product"}],"replies":[{"embeddable":true,"href":"https:\/\/linkmarkt.eu\/pl\/wp-json\/wp\/v2\/comments?post=13497"}],"version-history":[{"count":3,"href":"https:\/\/linkmarkt.eu\/pl\/wp-json\/wp\/v2\/product\/13497\/revisions"}],"predecessor-version":[{"id":13559,"href":"https:\/\/linkmarkt.eu\/pl\/wp-json\/wp\/v2\/product\/13497\/revisions\/13559"}],"wp:featuredmedia":[{"embeddable":true,"href":"https:\/\/linkmarkt.eu\/pl\/wp-json\/wp\/v2\/media\/13494"}],"wp:attachment":[{"href":"https:\/\/linkmarkt.eu\/pl\/wp-json\/wp\/v2\/media?parent=13497"}],"wp:term":[{"taxonomy":"product_brand","embeddable":true,"href":"https:\/\/linkmarkt.eu\/pl\/wp-json\/wp\/v2\/product_brand?post=13497"},{"taxonomy":"product_cat","embeddable":true,"href":"https:\/\/linkmarkt.eu\/pl\/wp-json\/wp\/v2\/product_cat?post=13497"},{"taxonomy":"product_tag","embeddable":true,"href":"https:\/\/linkmarkt.eu\/pl\/wp-json\/wp\/v2\/product_tag?post=13497"}],"curies":[{"name":"wp","href":"https:\/\/api.w.org\/{rel}","templated":true}]}}