{"id":13764,"date":"2025-07-26T19:26:00","date_gmt":"2025-07-26T17:26:00","guid":{"rendered":"https:\/\/linkmarkt.eu\/product\/kampania-reklamowa-360-ruch-na-komputerach-stacjonarnych-i-urzadzeniach-mobilnych-z-retargetingiem\/"},"modified":"2025-07-26T19:26:00","modified_gmt":"2025-07-26T17:26:00","slug":"kampania-reklamowa-360-ruch-na-komputerach-stacjonarnych-i-urzadzeniach-mobilnych-z-retargetingiem","status":"publish","type":"product","link":"https:\/\/linkmarkt.eu\/pl\/product\/kampania-reklamowa-360-ruch-na-komputerach-stacjonarnych-i-urzadzeniach-mobilnych-z-retargetingiem\/","title":{"rendered":"Kampania reklamowa 360\u00b0 &#8211; ruch na komputerach stacjonarnych i urz\u0105dzeniach mobilnych z retargetingiem"},"content":{"rendered":"<p>Oferujemy w pe\u0142ni skonfigurowan\u0105 kampani\u0119 reklamow\u0105 online, dzi\u0119ki kt\u00f3rej Twoja marka b\u0119dzie widoczna na wiod\u0105cych portalach, w sieciach wyszukiwania i mediach spo\u0142eczno\u015bciowych. Nasza sie\u0107 reklamowa umo\u017cliwia wyb\u00f3r mi\u0119dzy r\u00f3\u017cnymi kana\u0142ami (portale informacyjne, blogi, media spo\u0142eczno\u015bciowe, wyszukiwarki) w celu wygenerowania odpowiedniego ruchu dla danej grupy docelowej. <\/p>\n<p data-start=\"713\" data-end=\"737\"><strong data-start=\"713\" data-end=\"735\">Co jest wliczone w cen\u0119?<\/strong><\/p>\n<ul data-start=\"738\" data-end=\"1515\">\n<li data-start=\"738\" data-end=\"804\">\n<p data-start=\"740\" data-end=\"804\"><strong data-start=\"740\" data-end=\"756\">Bud\u017cet dzienny:<\/strong> 50 \u20ac dziennie (31 dni = ca\u0142kowity bud\u017cet 1550 \u20ac).<\/p>\n<\/li>\n<li data-start=\"805\" data-end=\"943\">\n<p data-start=\"807\" data-end=\"943\"><strong data-start=\"807\" data-end=\"830\">Podzia\u0142 ruchu:<\/strong> 25 \u20ac\/dzie\u0144 dla u\u017cytkownik\u00f3w komputer\u00f3w stacjonarnych + 25 \u20ac\/dzie\u0144 dla u\u017cytkownik\u00f3w mobilnych (w celu optymalizacji wydajno\u015bci i obni\u017cenia koszt\u00f3w klikni\u0119\u0107).<\/p>\n<\/li>\n<li data-start=\"944\" data-end=\"1055\">\n<p data-start=\"946\" data-end=\"1055\"><strong data-start=\"946\" data-end=\"969\">Kana\u0142y i sieci:<\/strong> wyb\u00f3r portali premium, ruch z wyszukiwarek i integracja z mediami spo\u0142eczno\u015bciowymi.<\/p>\n<\/li>\n<li data-start=\"1056\" data-end=\"1149\">\n<p data-start=\"1058\" data-end=\"1149\"><strong data-start=\"1058\" data-end=\"1074\">Retargeting:<\/strong> Konfigurowanie kampanii retargetingowych w celu ponownego zwracania si\u0119 do odwiedzaj\u0105cych.<\/p>\n<\/li>\n<li data-start=\"1150\" data-end=\"1289\">\n<p data-start=\"1152\" data-end=\"1289\"><strong data-start=\"1152\" data-end=\"1174\">Integracja piksela:<\/strong> Konfigurujemy piksel \u015bledz\u0105cy w Mened\u017cerze tag\u00f3w Google, aby mierzy\u0107 konwersje i tworzy\u0107 grupy docelowe.<\/p>\n<\/li>\n<li data-start=\"1290\" data-end=\"1420\">\n<p data-start=\"1292\" data-end=\"1420\"><strong data-start=\"1292\" data-end=\"1316\">Kreatywne projektowanie:<\/strong> Tworzenie materia\u0142\u00f3w reklamowych (obraz\u00f3w, tekst\u00f3w i kr\u00f3tkich film\u00f3w), dostosowanych do format\u00f3w stacjonarnych i mobilnych.<\/p>\n<\/li>\n<li data-start=\"1421\" data-end=\"1515\">\n<p data-start=\"1423\" data-end=\"1515\"><strong data-start=\"1423\" data-end=\"1452\">Optymalizacja strategiczna:<\/strong> Bie\u017c\u0105ce korekty zapewniaj\u0105ce efektywne wykorzystanie bud\u017cetu.<\/p>\n<\/li>\n<\/ul>\n<hr data-start=\"1517\" data-end=\"1520\">\n<p data-start=\"1522\" data-end=\"1554\"><strong data-start=\"1522\" data-end=\"1552\">Zalety naszej kampanii:<\/strong><\/p>\n<ul data-start=\"1555\" data-end=\"1896\">\n<li data-start=\"1555\" data-end=\"1654\">\n<p data-start=\"1557\" data-end=\"1654\">Reklamy s\u0105 <strong data-start=\"1573\" data-end=\"1609\">naturalnie zintegrowane z tre\u015bci\u0105<\/strong>, nie b\u0119d\u0105c natr\u0119tnymi (reklamy natywne).<\/p>\n<\/li>\n<li data-start=\"1655\" data-end=\"1737\">\n<p data-start=\"1657\" data-end=\"1737\"><strong data-start=\"1657\" data-end=\"1680\">Ukierunkowany zasi\u0119g<\/strong> poprzez wyb\u00f3r odpowiednich platform i sieci.<\/p>\n<\/li>\n<li data-start=\"1738\" data-end=\"1822\">\n<p data-start=\"1740\" data-end=\"1822\"><strong data-start=\"1740\" data-end=\"1755\">Retargeting<\/strong> zapewnia, \u017ce potencjalni klienci s\u0105 ponownie adresowani.<\/p>\n<\/li>\n<li data-start=\"1823\" data-end=\"1896\">\n<p data-start=\"1825\" data-end=\"1896\"><strong data-start=\"1825\" data-end=\"1850\">Szczeg\u00f3\u0142owe raporty<\/strong> dotycz\u0105ce liczby klikni\u0119\u0107, zasi\u0119gu i konwersji.<\/p>\n<\/li>\n<\/ul>\n<hr data-start=\"1898\" data-end=\"1901\">\n<p data-start=\"1903\" data-end=\"1997\"><strong data-start=\"1903\" data-end=\"1913\">Cena:<\/strong><br data-start=\"1913\" data-end=\"1916\"><strong data-start=\"1916\" data-end=\"1939\">Cena ca\u0142kowita: 1800 \u20ac<\/strong> (1550 \u20ac bud\u017cet reklamowy + 250 \u20ac wyposa\u017cenie i materia\u0142y reklamowe).<\/p>\n<hr data-start=\"1999\" data-end=\"2002\">\n<p data-start=\"2004\" data-end=\"2254\"><strong data-start=\"2004\" data-end=\"2027\">Uruchomienie kampanii:<\/strong><br data-start=\"2027\" data-end=\"2030\">Po dokonaniu rezerwacji omawiamy grup\u0119 docelow\u0105 i przekaz reklamowy. Kampania zostanie uruchomiona w ci\u0105gu 48 godzin od dostarczenia materia\u0142\u00f3w. \u015aledzenie i piksele s\u0105 w pe\u0142ni skonfigurowane przez nas.  <\/p>\n","protected":false},"excerpt":{"rendered":"<p>Oferujemy w pe\u0142ni skonfigurowan\u0105 kampani\u0119 reklamow\u0105 online, dzi\u0119ki kt\u00f3rej Twoja marka b\u0119dzie widoczna na wiod\u0105cych portalach, w sieciach wyszukiwania i mediach spo\u0142eczno\u015bciowych. Nasza sie\u0107 reklamowa umo\u017cliwia wyb\u00f3r mi\u0119dzy r\u00f3\u017cnymi kana\u0142ami (portale informacyjne, blogi, media spo\u0142eczno\u015bciowe, wyszukiwarki) w celu wygenerowania odpowiedniego ruchu dla danej grupy docelowej. Co jest wliczone w cen\u0119? Bud\u017cet dzienny: 50 \u20ac dziennie [&hellip;]<\/p>\n","protected":false},"featured_media":13753,"comment_status":"open","ping_status":"closed","template":"","meta":{"_seopress_robots_primary_cat":"none","_seopress_titles_title":"Kampania reklamowa 360\u00b0 - zasi\u0119g na najlepszych portalach i w mediach spo\u0142eczno\u015bciowych","_seopress_titles_desc":"Zwi\u0119ksz swoj\u0105 widoczno\u015b\u0107 dzi\u0119ki profesjonalnej kampanii reklamowej online. Twoje reklamy pojawi\u0105 si\u0119 na wiod\u0105cych portalach, w sieciach wyszukiwania i mediach spo\u0142eczno\u015bciowych - ukierunkowane, skuteczne i z pe\u0142nym wsparciem. ","_seopress_robots_index":"","googlesitekit_rrm_CAowz76iDA:productID":""},"product_brand":[],"product_cat":[905],"product_tag":[],"class_list":{"0":"post-13764","1":"product","2":"type-product","3":"status-publish","4":"has-post-thumbnail","6":"product_cat-bez-kategorii","8":"first","9":"instock","10":"sale","11":"virtual","12":"taxable","13":"purchasable","14":"product-type-simple"},"_links":{"self":[{"href":"https:\/\/linkmarkt.eu\/pl\/wp-json\/wp\/v2\/product\/13764","targetHints":{"allow":["GET"]}}],"collection":[{"href":"https:\/\/linkmarkt.eu\/pl\/wp-json\/wp\/v2\/product"}],"about":[{"href":"https:\/\/linkmarkt.eu\/pl\/wp-json\/wp\/v2\/types\/product"}],"replies":[{"embeddable":true,"href":"https:\/\/linkmarkt.eu\/pl\/wp-json\/wp\/v2\/comments?post=13764"}],"version-history":[{"count":0,"href":"https:\/\/linkmarkt.eu\/pl\/wp-json\/wp\/v2\/product\/13764\/revisions"}],"wp:featuredmedia":[{"embeddable":true,"href":"https:\/\/linkmarkt.eu\/pl\/wp-json\/wp\/v2\/media\/13753"}],"wp:attachment":[{"href":"https:\/\/linkmarkt.eu\/pl\/wp-json\/wp\/v2\/media?parent=13764"}],"wp:term":[{"taxonomy":"product_brand","embeddable":true,"href":"https:\/\/linkmarkt.eu\/pl\/wp-json\/wp\/v2\/product_brand?post=13764"},{"taxonomy":"product_cat","embeddable":true,"href":"https:\/\/linkmarkt.eu\/pl\/wp-json\/wp\/v2\/product_cat?post=13764"},{"taxonomy":"product_tag","embeddable":true,"href":"https:\/\/linkmarkt.eu\/pl\/wp-json\/wp\/v2\/product_tag?post=13764"}],"curies":[{"name":"wp","href":"https:\/\/api.w.org\/{rel}","templated":true}]}}