{"id":14051,"date":"2025-10-03T11:34:12","date_gmt":"2025-10-03T09:34:12","guid":{"rendered":"https:\/\/linkmarkt.eu\/product\/endunad-energia-i-zdrowie-komorek-dzieki-suplementowi-nad\/"},"modified":"2025-10-03T11:34:12","modified_gmt":"2025-10-03T09:34:12","slug":"endunad-energia-i-zdrowie-komorek-dzieki-suplementowi-nad","status":"publish","type":"product","link":"https:\/\/linkmarkt.eu\/pl\/product\/endunad-energia-i-zdrowie-komorek-dzieki-suplementowi-nad\/","title":{"rendered":"EnduNAD &#8211; Energia i zdrowie kom\u00f3rek dzi\u0119ki suplementowi NAD"},"content":{"rendered":"<p>EnduNAD to zaawansowany suplement diety opracowany specjalnie dla os\u00f3b, kt\u00f3re chc\u0105 wspiera\u0107 sw\u00f3j poziom NAD+.<br \/>\n\u2714\ufe0f Wspomaga produkcj\u0119 energii w organizmie<br \/>\n\u2714\ufe0f Wspiera zdrowie i regeneracj\u0119 kom\u00f3rek<br \/>\n\u2714\ufe0f Dzi\u0119ki starannie dobranym sk\u0142adnikom zapewnia maksymalny efekt<br \/>\n\u2714\ufe0f Idealny dla os\u00f3b aktywnych, <a href=\"https:\/\/nplink.net\/lhfuru2e\">profesjonalist\u00f3w i ka\u017cdego, kto szuka wi\u0119kszej koncentracji i witalno\u015bci<\/a>.<\/p>\n<p>Idealny w przypadku zm\u0119czenia, wysokiego poziomu stresu lub wi\u0119kszej wydajno\u015bci w \u017cyciu codziennym.<\/p>\n<p>Dlaczego EnduNAD?<br \/>\nCoraz wi\u0119cej os\u00f3b odkrywa zalety suplement\u00f3w NAD+ dla energii, zdrowia i przeciwdzia\u0142ania starzeniu si\u0119. EnduNAD jest jednym z wiod\u0105cych produkt\u00f3w w tej kategorii! <\/p>\n<p>\ud83d\udce9 Kontakt: support@linkmarkt.eu<br \/>\n\ud83c\udf10 Wi\u0119cej informacji i zam\u00f3wienia: LinkMarkt.eu<\/p>\n","protected":false},"excerpt":{"rendered":"<p>EnduNAD to zaawansowany suplement diety opracowany specjalnie dla os\u00f3b, kt\u00f3re chc\u0105 wspiera\u0107 sw\u00f3j poziom NAD+. \u2714\ufe0f Wspomaga produkcj\u0119 energii w organizmie \u2714\ufe0f Wspiera zdrowie i regeneracj\u0119 kom\u00f3rek \u2714\ufe0f Dzi\u0119ki starannie dobranym sk\u0142adnikom zapewnia maksymalny efekt \u2714\ufe0f Idealny dla os\u00f3b aktywnych, profesjonalist\u00f3w i ka\u017cdego, kto szuka wi\u0119kszej koncentracji i witalno\u015bci. Idealny w przypadku zm\u0119czenia, wysokiego poziomu [&hellip;]<\/p>\n","protected":false},"featured_media":0,"comment_status":"open","ping_status":"closed","template":"","meta":{"_seopress_robots_primary_cat":"","_seopress_titles_title":"","_seopress_titles_desc":"","_seopress_robots_index":"","googlesitekit_rrm_CAowz76iDA:productID":""},"product_brand":[],"product_cat":[1076],"product_tag":[],"class_list":{"0":"post-14051","1":"product","2":"type-product","3":"status-publish","5":"product_cat-listeo-booking-pl","7":"first","8":"instock","9":"downloadable","10":"virtual","11":"sold-individually","12":"taxable","13":"purchasable","14":"product-type-listing_booking"},"_links":{"self":[{"href":"https:\/\/linkmarkt.eu\/pl\/wp-json\/wp\/v2\/product\/14051","targetHints":{"allow":["GET"]}}],"collection":[{"href":"https:\/\/linkmarkt.eu\/pl\/wp-json\/wp\/v2\/product"}],"about":[{"href":"https:\/\/linkmarkt.eu\/pl\/wp-json\/wp\/v2\/types\/product"}],"replies":[{"embeddable":true,"href":"https:\/\/linkmarkt.eu\/pl\/wp-json\/wp\/v2\/comments?post=14051"}],"version-history":[{"count":0,"href":"https:\/\/linkmarkt.eu\/pl\/wp-json\/wp\/v2\/product\/14051\/revisions"}],"wp:attachment":[{"href":"https:\/\/linkmarkt.eu\/pl\/wp-json\/wp\/v2\/media?parent=14051"}],"wp:term":[{"taxonomy":"product_brand","embeddable":true,"href":"https:\/\/linkmarkt.eu\/pl\/wp-json\/wp\/v2\/product_brand?post=14051"},{"taxonomy":"product_cat","embeddable":true,"href":"https:\/\/linkmarkt.eu\/pl\/wp-json\/wp\/v2\/product_cat?post=14051"},{"taxonomy":"product_tag","embeddable":true,"href":"https:\/\/linkmarkt.eu\/pl\/wp-json\/wp\/v2\/product_tag?post=14051"}],"curies":[{"name":"wp","href":"https:\/\/api.w.org\/{rel}","templated":true}]}}