{"id":14057,"date":"2025-10-03T10:40:40","date_gmt":"2025-10-03T08:40:40","guid":{"rendered":"https:\/\/linkmarkt.eu\/product\/optymalizacja-seo-i-tworzenie-tresci-wieksza-widocznosc-w-google\/"},"modified":"2025-10-03T10:40:40","modified_gmt":"2025-10-03T08:40:40","slug":"optymalizacja-seo-i-tworzenie-tresci-wieksza-widocznosc-w-google","status":"publish","type":"product","link":"https:\/\/linkmarkt.eu\/pl\/product\/optymalizacja-seo-i-tworzenie-tresci-wieksza-widocznosc-w-google\/","title":{"rendered":"Optymalizacja SEO i tworzenie tre\u015bci &#8211; wi\u0119ksza widoczno\u015b\u0107 w Google"},"content":{"rendered":"<p>Czy chcesz, aby Twoja strona by\u0142a na szczycie Google?<br \/>\nOferuj\u0119 profesjonalne us\u0142ugi SEO:<br \/>\n\u2714\ufe0f Analiza SEO i badanie s\u0142\u00f3w kluczowych<br \/>\n\u2714\ufe0f Zoptymalizowane teksty dla bloga, stron produkt\u00f3w i stron docelowych<br \/>\n\u2714\ufe0f Analiza konkurencji i planowanie strategii<br \/>\n\u2714\ufe0f Miesi\u0119czne wsparcie od 50 \u20ac<\/p>\n<p>\ud83d\udc49 Idealny dla firm, kt\u00f3re chc\u0105 przyci\u0105gn\u0105\u0107 wi\u0119cej odwiedzaj\u0105cych i klient\u00f3w online.<\/p>\n<p>\ud83d\udce9 support@linkmarkt.eu<br \/>\n\ud83c\udf10 LinkMarkt.eu<\/p>\n","protected":false},"excerpt":{"rendered":"<p>Czy chcesz, aby Twoja strona by\u0142a na szczycie Google? Oferuj\u0119 profesjonalne us\u0142ugi SEO: \u2714\ufe0f Analiza SEO i badanie s\u0142\u00f3w kluczowych \u2714\ufe0f Zoptymalizowane teksty dla bloga, stron produkt\u00f3w i stron docelowych \u2714\ufe0f Analiza konkurencji i planowanie strategii \u2714\ufe0f Miesi\u0119czne wsparcie od 50 \u20ac \ud83d\udc49 Idealny dla firm, kt\u00f3re chc\u0105 przyci\u0105gn\u0105\u0107 wi\u0119cej odwiedzaj\u0105cych i klient\u00f3w online. \ud83d\udce9 [&hellip;]<\/p>\n","protected":false},"featured_media":0,"comment_status":"open","ping_status":"closed","template":"","meta":{"_seopress_robots_primary_cat":"","_seopress_titles_title":"","_seopress_titles_desc":"","_seopress_robots_index":"","googlesitekit_rrm_CAowz76iDA:productID":""},"product_brand":[],"product_cat":[1076],"product_tag":[],"class_list":{"0":"post-14057","1":"product","2":"type-product","3":"status-publish","5":"product_cat-listeo-booking-pl","7":"first","8":"instock","9":"downloadable","10":"virtual","11":"sold-individually","12":"taxable","13":"purchasable","14":"product-type-listing_booking"},"_links":{"self":[{"href":"https:\/\/linkmarkt.eu\/pl\/wp-json\/wp\/v2\/product\/14057","targetHints":{"allow":["GET"]}}],"collection":[{"href":"https:\/\/linkmarkt.eu\/pl\/wp-json\/wp\/v2\/product"}],"about":[{"href":"https:\/\/linkmarkt.eu\/pl\/wp-json\/wp\/v2\/types\/product"}],"replies":[{"embeddable":true,"href":"https:\/\/linkmarkt.eu\/pl\/wp-json\/wp\/v2\/comments?post=14057"}],"version-history":[{"count":0,"href":"https:\/\/linkmarkt.eu\/pl\/wp-json\/wp\/v2\/product\/14057\/revisions"}],"wp:attachment":[{"href":"https:\/\/linkmarkt.eu\/pl\/wp-json\/wp\/v2\/media?parent=14057"}],"wp:term":[{"taxonomy":"product_brand","embeddable":true,"href":"https:\/\/linkmarkt.eu\/pl\/wp-json\/wp\/v2\/product_brand?post=14057"},{"taxonomy":"product_cat","embeddable":true,"href":"https:\/\/linkmarkt.eu\/pl\/wp-json\/wp\/v2\/product_cat?post=14057"},{"taxonomy":"product_tag","embeddable":true,"href":"https:\/\/linkmarkt.eu\/pl\/wp-json\/wp\/v2\/product_tag?post=14057"}],"curies":[{"name":"wp","href":"https:\/\/api.w.org\/{rel}","templated":true}]}}