{"id":14059,"date":"2025-10-03T10:27:39","date_gmt":"2025-10-03T08:27:39","guid":{"rendered":"https:\/\/linkmarkt.eu\/product\/tworzenie-stron-internetowych-z-seo-wieksza-widocznosc-w-google\/"},"modified":"2025-10-03T10:27:39","modified_gmt":"2025-10-03T08:27:39","slug":"tworzenie-stron-internetowych-z-seo-wieksza-widocznosc-w-google","status":"publish","type":"product","link":"https:\/\/linkmarkt.eu\/pl\/product\/tworzenie-stron-internetowych-z-seo-wieksza-widocznosc-w-google\/","title":{"rendered":"Tworzenie stron internetowych z SEO &#8211; wi\u0119ksza widoczno\u015b\u0107 w Google"},"content":{"rendered":"<p>Strona internetowa bez SEO nie przynosi klient\u00f3w!<br \/>\nPomagam osi\u0105gn\u0105\u0107 wi\u0119kszy zasi\u0119g dzi\u0119ki stronom internetowym zoptymalizowanym pod k\u0105tem SEO.<br \/>\n\u2714\ufe0f Analiza s\u0142\u00f3w kluczowych i tworzenie tre\u015bci<br \/>\n\u2714\ufe0f Szybkie czasy \u0142adowania i optymalizacja mobilna<br \/>\n\u2714\ufe0f Teksty SEO dla produkt\u00f3w i blog\u00f3w<br \/>\n\u2714\ufe0f Wi\u0119cej odwiedzaj\u0105cych, wi\u0119cej klient\u00f3w &#8211; gwarantowane!<\/p>\n<p>\ud83d\udce9 support@linkmarkt.eu<br \/>\n\ud83c\udf10 LinkMarkt.eu<\/p>\n","protected":false},"excerpt":{"rendered":"<p>Strona internetowa bez SEO nie przynosi klient\u00f3w! Pomagam osi\u0105gn\u0105\u0107 wi\u0119kszy zasi\u0119g dzi\u0119ki stronom internetowym zoptymalizowanym pod k\u0105tem SEO. \u2714\ufe0f Analiza s\u0142\u00f3w kluczowych i tworzenie tre\u015bci \u2714\ufe0f Szybkie czasy \u0142adowania i optymalizacja mobilna \u2714\ufe0f Teksty SEO dla produkt\u00f3w i blog\u00f3w \u2714\ufe0f Wi\u0119cej odwiedzaj\u0105cych, wi\u0119cej klient\u00f3w &#8211; gwarantowane! \ud83d\udce9 support@linkmarkt.eu \ud83c\udf10 LinkMarkt.eu<\/p>\n","protected":false},"featured_media":0,"comment_status":"open","ping_status":"closed","template":"","meta":{"_seopress_robots_primary_cat":"","_seopress_titles_title":"","_seopress_titles_desc":"","_seopress_robots_index":"","googlesitekit_rrm_CAowz76iDA:productID":""},"product_brand":[],"product_cat":[1076],"product_tag":[],"class_list":{"0":"post-14059","1":"product","2":"type-product","3":"status-publish","5":"product_cat-listeo-booking-pl","7":"first","8":"instock","9":"downloadable","10":"virtual","11":"sold-individually","12":"taxable","13":"purchasable","14":"product-type-listing_booking"},"_links":{"self":[{"href":"https:\/\/linkmarkt.eu\/pl\/wp-json\/wp\/v2\/product\/14059","targetHints":{"allow":["GET"]}}],"collection":[{"href":"https:\/\/linkmarkt.eu\/pl\/wp-json\/wp\/v2\/product"}],"about":[{"href":"https:\/\/linkmarkt.eu\/pl\/wp-json\/wp\/v2\/types\/product"}],"replies":[{"embeddable":true,"href":"https:\/\/linkmarkt.eu\/pl\/wp-json\/wp\/v2\/comments?post=14059"}],"version-history":[{"count":0,"href":"https:\/\/linkmarkt.eu\/pl\/wp-json\/wp\/v2\/product\/14059\/revisions"}],"wp:attachment":[{"href":"https:\/\/linkmarkt.eu\/pl\/wp-json\/wp\/v2\/media?parent=14059"}],"wp:term":[{"taxonomy":"product_brand","embeddable":true,"href":"https:\/\/linkmarkt.eu\/pl\/wp-json\/wp\/v2\/product_brand?post=14059"},{"taxonomy":"product_cat","embeddable":true,"href":"https:\/\/linkmarkt.eu\/pl\/wp-json\/wp\/v2\/product_cat?post=14059"},{"taxonomy":"product_tag","embeddable":true,"href":"https:\/\/linkmarkt.eu\/pl\/wp-json\/wp\/v2\/product_tag?post=14059"}],"curies":[{"name":"wp","href":"https:\/\/api.w.org\/{rel}","templated":true}]}}