{"id":14061,"date":"2025-10-03T10:17:21","date_gmt":"2025-10-03T08:17:21","guid":{"rendered":"https:\/\/linkmarkt.eu\/product\/profesjonalne-strony-internetowe-dla-malych-firm-projektowanie-stron-i-seo\/"},"modified":"2025-10-03T10:17:21","modified_gmt":"2025-10-03T08:17:21","slug":"profesjonalne-strony-internetowe-dla-malych-firm-projektowanie-stron-i-seo","status":"publish","type":"product","link":"https:\/\/linkmarkt.eu\/pl\/product\/profesjonalne-strony-internetowe-dla-malych-firm-projektowanie-stron-i-seo\/","title":{"rendered":"Profesjonalne strony internetowe dla ma\u0142ych firm &#8211; projektowanie stron i SEO"},"content":{"rendered":"<p>Spraw, aby Twoja firma by\u0142a widoczna w Internecie!<br \/>\nTworz\u0119 nowoczesne strony i sklepy internetowe, kt\u00f3re przekonaj\u0105 Twoich klient\u00f3w.<br \/>\n\u2714\ufe0f Zoptymalizowane pod k\u0105tem Google i smartfon\u00f3w<br \/>\n\u2714\ufe0f Indywidualny projekt dla Twojej bran\u017cy<br \/>\n\u2714\ufe0f Uczciwe ceny &#8211; idealne dla start-up\u00f3w i ma\u0142ych firm<br \/>\n\u2714\ufe0f Kompleksowa us\u0142uga: od pomys\u0142u do gotowej strony internetowej<\/p>\n<p>\ud83d\udce9 support@linkmarkt.eu<br \/>\n\ud83c\udf10 LinkMarkt.eu<\/p>\n","protected":false},"excerpt":{"rendered":"<p>Spraw, aby Twoja firma by\u0142a widoczna w Internecie! Tworz\u0119 nowoczesne strony i sklepy internetowe, kt\u00f3re przekonaj\u0105 Twoich klient\u00f3w. \u2714\ufe0f Zoptymalizowane pod k\u0105tem Google i smartfon\u00f3w \u2714\ufe0f Indywidualny projekt dla Twojej bran\u017cy \u2714\ufe0f Uczciwe ceny &#8211; idealne dla start-up\u00f3w i ma\u0142ych firm \u2714\ufe0f Kompleksowa us\u0142uga: od pomys\u0142u do gotowej strony internetowej \ud83d\udce9 support@linkmarkt.eu \ud83c\udf10 LinkMarkt.eu<\/p>\n","protected":false},"featured_media":0,"comment_status":"open","ping_status":"closed","template":"","meta":{"_seopress_robots_primary_cat":"","_seopress_titles_title":"","_seopress_titles_desc":"","_seopress_robots_index":"","googlesitekit_rrm_CAowz76iDA:productID":""},"product_brand":[],"product_cat":[1076],"product_tag":[],"class_list":{"0":"post-14061","1":"product","2":"type-product","3":"status-publish","5":"product_cat-listeo-booking-pl","7":"first","8":"instock","9":"downloadable","10":"virtual","11":"sold-individually","12":"taxable","13":"purchasable","14":"product-type-listing_booking"},"_links":{"self":[{"href":"https:\/\/linkmarkt.eu\/pl\/wp-json\/wp\/v2\/product\/14061","targetHints":{"allow":["GET"]}}],"collection":[{"href":"https:\/\/linkmarkt.eu\/pl\/wp-json\/wp\/v2\/product"}],"about":[{"href":"https:\/\/linkmarkt.eu\/pl\/wp-json\/wp\/v2\/types\/product"}],"replies":[{"embeddable":true,"href":"https:\/\/linkmarkt.eu\/pl\/wp-json\/wp\/v2\/comments?post=14061"}],"version-history":[{"count":0,"href":"https:\/\/linkmarkt.eu\/pl\/wp-json\/wp\/v2\/product\/14061\/revisions"}],"wp:attachment":[{"href":"https:\/\/linkmarkt.eu\/pl\/wp-json\/wp\/v2\/media?parent=14061"}],"wp:term":[{"taxonomy":"product_brand","embeddable":true,"href":"https:\/\/linkmarkt.eu\/pl\/wp-json\/wp\/v2\/product_brand?post=14061"},{"taxonomy":"product_cat","embeddable":true,"href":"https:\/\/linkmarkt.eu\/pl\/wp-json\/wp\/v2\/product_cat?post=14061"},{"taxonomy":"product_tag","embeddable":true,"href":"https:\/\/linkmarkt.eu\/pl\/wp-json\/wp\/v2\/product_tag?post=14061"}],"curies":[{"name":"wp","href":"https:\/\/api.w.org\/{rel}","templated":true}]}}