{"id":14067,"date":"2025-10-03T09:59:39","date_gmt":"2025-10-03T07:59:39","guid":{"rendered":"https:\/\/linkmarkt.eu\/product\/profesjonalne-tworzenie-stron-internetowych-nowoczesny-design-i-sklepy-internetowe\/"},"modified":"2025-10-03T09:59:39","modified_gmt":"2025-10-03T07:59:39","slug":"profesjonalne-tworzenie-stron-internetowych-nowoczesny-design-i-sklepy-internetowe","status":"publish","type":"product","link":"https:\/\/linkmarkt.eu\/pl\/product\/profesjonalne-tworzenie-stron-internetowych-nowoczesny-design-i-sklepy-internetowe\/","title":{"rendered":"Profesjonalne tworzenie stron internetowych &#8211; nowoczesny design i sklepy internetowe"},"content":{"rendered":"<p>Szukasz nowoczesnej strony internetowej, kt\u00f3ra nie tylko b\u0119dzie dobrze wygl\u0105da\u0107, ale r\u00f3wnie\u017c zostanie znaleziona w Google?<br \/>\nOferuj\u0119:<br \/>\n\u2714\ufe0f Indywidualne projektowanie stron internetowych dla firm i samozatrudnionych<br \/>\n\u2714\ufe0f Tworzenie sklep\u00f3w internetowych (WooCommerce, Shopify, WordPress)<br \/>\n\u2714\ufe0f Optymalizacja SEO dla lepszej widoczno\u015bci w wyszukiwarkach<br \/>\n\u2714\ufe0f Szybka realizacja i uczciwe ceny<\/p>\n<p>\ud83d\udc49 Idealny dla ma\u0142ych i \u015brednich firm, kt\u00f3re chc\u0105 zdoby\u0107 wi\u0119cej klient\u00f3w w Internecie.<\/p>\n<p>Kontakt: support@linkmarkt.eu<br \/>\n\ud83c\udf10 Wi\u0119cej informacji: LinkMarkt.eu<\/p>\n","protected":false},"excerpt":{"rendered":"<p>Szukasz nowoczesnej strony internetowej, kt\u00f3ra nie tylko b\u0119dzie dobrze wygl\u0105da\u0107, ale r\u00f3wnie\u017c zostanie znaleziona w Google? Oferuj\u0119: \u2714\ufe0f Indywidualne projektowanie stron internetowych dla firm i samozatrudnionych \u2714\ufe0f Tworzenie sklep\u00f3w internetowych (WooCommerce, Shopify, WordPress) \u2714\ufe0f Optymalizacja SEO dla lepszej widoczno\u015bci w wyszukiwarkach \u2714\ufe0f Szybka realizacja i uczciwe ceny \ud83d\udc49 Idealny dla ma\u0142ych i \u015brednich firm, kt\u00f3re [&hellip;]<\/p>\n","protected":false},"featured_media":0,"comment_status":"open","ping_status":"closed","template":"","meta":{"_seopress_robots_primary_cat":"","_seopress_titles_title":"","_seopress_titles_desc":"","_seopress_robots_index":"","googlesitekit_rrm_CAowz76iDA:productID":""},"product_brand":[],"product_cat":[1076],"product_tag":[],"class_list":{"0":"post-14067","1":"product","2":"type-product","3":"status-publish","5":"product_cat-listeo-booking-pl","7":"first","8":"instock","9":"downloadable","10":"virtual","11":"sold-individually","12":"taxable","13":"purchasable","14":"product-type-listing_booking"},"_links":{"self":[{"href":"https:\/\/linkmarkt.eu\/pl\/wp-json\/wp\/v2\/product\/14067","targetHints":{"allow":["GET"]}}],"collection":[{"href":"https:\/\/linkmarkt.eu\/pl\/wp-json\/wp\/v2\/product"}],"about":[{"href":"https:\/\/linkmarkt.eu\/pl\/wp-json\/wp\/v2\/types\/product"}],"replies":[{"embeddable":true,"href":"https:\/\/linkmarkt.eu\/pl\/wp-json\/wp\/v2\/comments?post=14067"}],"version-history":[{"count":0,"href":"https:\/\/linkmarkt.eu\/pl\/wp-json\/wp\/v2\/product\/14067\/revisions"}],"wp:attachment":[{"href":"https:\/\/linkmarkt.eu\/pl\/wp-json\/wp\/v2\/media?parent=14067"}],"wp:term":[{"taxonomy":"product_brand","embeddable":true,"href":"https:\/\/linkmarkt.eu\/pl\/wp-json\/wp\/v2\/product_brand?post=14067"},{"taxonomy":"product_cat","embeddable":true,"href":"https:\/\/linkmarkt.eu\/pl\/wp-json\/wp\/v2\/product_cat?post=14067"},{"taxonomy":"product_tag","embeddable":true,"href":"https:\/\/linkmarkt.eu\/pl\/wp-json\/wp\/v2\/product_tag?post=14067"}],"curies":[{"name":"wp","href":"https:\/\/api.w.org\/{rel}","templated":true}]}}