{"id":14075,"date":"2025-10-02T01:55:11","date_gmt":"2025-10-01T23:55:11","guid":{"rendered":"https:\/\/linkmarkt.eu\/product\/zdrowie-i-uroda-odkryj-moc-natury-w-warszawie\/"},"modified":"2025-10-02T01:55:11","modified_gmt":"2025-10-01T23:55:11","slug":"zdrowie-i-uroda-odkryj-moc-natury-w-warszawie","status":"publish","type":"product","link":"https:\/\/linkmarkt.eu\/pl\/product\/zdrowie-i-uroda-odkryj-moc-natury-w-warszawie\/","title":{"rendered":"Zdrowie i uroda &#8211; odkryj moc natury w Warszawie."},"content":{"rendered":"<p>Szukasz naturalnych produkt\u00f3w CBD, suplement\u00f3w diety i kosmetyk\u00f3w konopnych? Chcesz zadba\u0107 o swoje zdrowie i urod\u0119 w bezpieczny i skuteczny spos\u00f3b? Zapraszamy do zapoznania si\u0119 z ofert\u0105 Kannaway, sprawdzonej i wysokiej jako\u015bci linii produkt\u00f3w konopnych.  <\/p>\n<p>Olejki CBD<br \/>\nKosmetyki konopne do piel\u0119gnacji twarzy i cia\u0142a<br \/>\nSuplementy dla relaksu i dobrego samopoczucia<\/p>\n<p>Zobacz produkty tutaj:<br \/>\nantidote-cannaway-collection<\/p>\n<p>Serwis na terenie Warszawy i okolic<br \/>\nDostawa lub odbi\u00f3r<\/p>\n<p>Do\u0142\u0105cz do grupy ludzi, kt\u00f3rzy dbaj\u0105 o siebie w naturalny spos\u00f3b!<br \/>\nSkontaktuj si\u0119 ze mn\u0105, je\u015bli masz jakie\u015b pytania lub chcesz dowiedzie\u0107 si\u0119 wi\u0119cej.<\/p>\n","protected":false},"excerpt":{"rendered":"<p>Szukasz naturalnych produkt\u00f3w CBD, suplement\u00f3w diety i kosmetyk\u00f3w konopnych? Chcesz zadba\u0107 o swoje zdrowie i urod\u0119 w bezpieczny i skuteczny spos\u00f3b? Zapraszamy do zapoznania si\u0119 z ofert\u0105 Kannaway, sprawdzonej i wysokiej jako\u015bci linii produkt\u00f3w konopnych. Olejki CBD Kosmetyki konopne do piel\u0119gnacji twarzy i cia\u0142a Suplementy dla relaksu i dobrego samopoczucia Zobacz produkty tutaj: antidote-cannaway-collection Serwis [&hellip;]<\/p>\n","protected":false},"featured_media":0,"comment_status":"open","ping_status":"closed","template":"","meta":{"_seopress_robots_primary_cat":"none","_seopress_titles_title":"Naturalne produkty CBD: Jako\u015b\u0107 od Kannaway","_seopress_titles_desc":"Naturalna piel\u0119gnacja z CBD: kosmetyki, oleje i suplementy. Bezpo\u015brednio w Warszawie i okolicach. Bezpieczne i skuteczne dla zdrowia i urody!  ","_seopress_robots_index":"","googlesitekit_rrm_CAowz76iDA:productID":""},"product_brand":[],"product_cat":[292],"product_tag":[],"class_list":{"0":"post-14075","1":"product","2":"type-product","3":"status-publish","5":"product_cat-store-packages","7":"first","8":"instock","9":"virtual","10":"sold-individually","11":"taxable","12":"purchasable","13":"product-type-listing_booking"},"_links":{"self":[{"href":"https:\/\/linkmarkt.eu\/pl\/wp-json\/wp\/v2\/product\/14075","targetHints":{"allow":["GET"]}}],"collection":[{"href":"https:\/\/linkmarkt.eu\/pl\/wp-json\/wp\/v2\/product"}],"about":[{"href":"https:\/\/linkmarkt.eu\/pl\/wp-json\/wp\/v2\/types\/product"}],"replies":[{"embeddable":true,"href":"https:\/\/linkmarkt.eu\/pl\/wp-json\/wp\/v2\/comments?post=14075"}],"version-history":[{"count":0,"href":"https:\/\/linkmarkt.eu\/pl\/wp-json\/wp\/v2\/product\/14075\/revisions"}],"wp:attachment":[{"href":"https:\/\/linkmarkt.eu\/pl\/wp-json\/wp\/v2\/media?parent=14075"}],"wp:term":[{"taxonomy":"product_brand","embeddable":true,"href":"https:\/\/linkmarkt.eu\/pl\/wp-json\/wp\/v2\/product_brand?post=14075"},{"taxonomy":"product_cat","embeddable":true,"href":"https:\/\/linkmarkt.eu\/pl\/wp-json\/wp\/v2\/product_cat?post=14075"},{"taxonomy":"product_tag","embeddable":true,"href":"https:\/\/linkmarkt.eu\/pl\/wp-json\/wp\/v2\/product_tag?post=14075"}],"curies":[{"name":"wp","href":"https:\/\/api.w.org\/{rel}","templated":true}]}}